{"id":60030,"date":"2024-04-06T00:17:22","date_gmt":"2024-04-05T22:17:22","guid":{"rendered":"https:\/\/invest-in-albania.org\/?page_id=60030"},"modified":"2024-04-06T00:17:27","modified_gmt":"2024-04-05T22:17:27","slug":"chancen-fuer-bpos-in-albanien","status":"publish","type":"page","link":"https:\/\/invest-in-albania.org\/de\/chancen-fuer-bpos-in-albanien\/","title":{"rendered":"Chancen f\u00fcr BPOs in Albanien"},"content":{"rendered":"<div class=\"wp-block-image\">\n<figure class=\"aligncenter\"><img loading=\"lazy\" decoding=\"async\" width=\"1024\" height=\"768\" src=\"http:\/\/new.invest-in-albania.org\/wp-content\/uploads\/dice-1024x768.jpg\" alt=\"\" class=\"wp-image-41857\" srcset=\"https:\/\/invest-in-albania.org\/wp-content\/uploads\/dice-1024x768.jpg 1024w, https:\/\/invest-in-albania.org\/wp-content\/uploads\/dice-300x225.jpg 300w, https:\/\/invest-in-albania.org\/wp-content\/uploads\/dice-768x576.jpg 768w, https:\/\/invest-in-albania.org\/wp-content\/uploads\/dice-580x435.jpg 580w, https:\/\/invest-in-albania.org\/wp-content\/uploads\/dice-860x645.jpg 860w, https:\/\/invest-in-albania.org\/wp-content\/uploads\/dice-1160x870.jpg 1160w, https:\/\/invest-in-albania.org\/wp-content\/uploads\/dice.jpg 1280w\" sizes=\"(max-width: 1024px) 100vw, 1024px\" \/><\/figure><\/div>\n\n\n<p>Die BPO-Branche ist einer der gr\u00f6\u00dften Arbeitgeber f\u00fcr albanische Jugendliche, vor allem w\u00e4hrend ihres Studiums. In den verschiedenen Sektoren der Branche werden unterschiedliche Qualifikationen verlangt. Kurz gesagt, die Branche ist offen f\u00fcr unerfahrene Menschen mit Fremdsprachenkenntnissen und grundlegenden Computerkenntnissen, aber auch f\u00fcr technisch versierte Experten in den Bereichen IT, Recht, Finanzen und Buchhaltung.<br>Die Gr\u00fcnde, warum der Sektor einen gro\u00dfen Teil der jungen Arbeitskr\u00e4fte anzieht, sind die L\u00f6hne, die Flexibilit\u00e4t der Arbeitszeiten und die Karriereaussichten.<br>Die Kosten f\u00fcr den Betrieb eines Unternehmens in Albanien sind im Vergleich zu anderen europ\u00e4ischen L\u00e4ndern niedriger.<br>Der Sektor, der mit kleinen Call-Centern begann, entwickelt sich nun zu einer Branche, die sich mit dem Management komplexer Operationen besch\u00e4ftigt. Es gibt viele \u00fcberzeugende Gr\u00fcnde, warum Albanien der n\u00e4chste Ort ist, an dem Sie Ihr Lieferzentrum einrichten sollten.<br>Das Humankapital und die Ressourcen in Albanien bieten BPOs die M\u00f6glichkeit, sowohl Back- als auch Front-Office-Aktivit\u00e4ten f\u00fcr ihre Kunden durchzuf\u00fchren.<\/p>\n\n\n\n<h3 class=\"wp-block-heading\">Rechtsberatung<\/h3>\n\n\n\n<p>Outsourcing-Unternehmen in Albanien haben sich auf die folgenden Bereiche spezialisiert:<br>Gesellschaftsrecht:<br>Allgemeine Rechtsberatung<br>Beratung auf dem Gebiet des europ\u00e4ischen und internationalen Wirtschaftsrechts<br>Verwaltung der Buchhaltung<br>Gehaltsabrechnungen<br>Handelsrecht:<br>Steuerliche Beratung<br>Schutz von Know-how und gewerblichem oder geistigem Eigentum<br>Verhandlung und Ausarbeitung von Handelsvertr\u00e4gen<\/p>\n\n\n\n<h3 class=\"wp-block-heading\">Personalbeschaffung<\/h3>\n\n\n\n<p>Personalverwaltung, Gehaltsabrechnung, Einstellung, Vertr\u00e4ge, Gesundheitswesen, Sicherheit am Arbeitsplatz<br>Beendigung von Vertr\u00e4gen und Ausstieg aus dem Unternehmen<\/p>\n\n\n\n<h3 class=\"wp-block-heading\">Berufliche Bildung<\/h3>\n\n\n\n<p>Berufliche Weiterbildung f\u00fcr Einzelpersonen\/Berufst\u00e4tige<br>Berufsausbildung f\u00fcr das Personal von Unternehmen<\/p>\n\n\n\n<h3 class=\"wp-block-heading\">Front-\/Backoffice<\/h3>\n\n\n\n<p>Vertrieb und Marketing<br>Kundenbetreuung Multichannel<br>\u00dcbersetzung<br>Buchhaltung\/Finanzen<br>Personalverwaltung<br>Marktforschung und Umfragen<br>Gro\u00dfe Daten<br>B\u00f6rsenmakler<\/p>\n\n\n\n<h3 class=\"wp-block-heading\">IT-Outsourcing<\/h3>\n\n\n\n<p>Software-Entwicklungsprozesse<br>E-Mail-Verwaltung<br>Hosting<br>Outsourcing von Rechenzentren<br>In-Office-Unterst\u00fctzung<br>Benutzerschulung<\/p>\n","protected":false},"excerpt":{"rendered":"<p>Die BPO-Branche ist einer der gr\u00f6\u00dften Arbeitgeber f\u00fcr albanische Jugendliche, vor allem w\u00e4hrend ihres Studiums. In den verschiedenen Sektoren der Branche werden unterschiedliche Qualifikationen verlangt. Kurz gesagt, die Branche ist offen f\u00fcr unerfahrene Menschen mit Fremdsprachenkenntnissen und grundlegenden Computerkenntnissen, aber auch f\u00fcr technisch versierte Experten in den Bereichen IT, Recht, Finanzen und Buchhaltung.Die Gr\u00fcnde, warum [&hellip;]<\/p>\n","protected":false},"author":2,"featured_media":41859,"parent":0,"menu_order":16,"comment_status":"closed","ping_status":"closed","template":"","meta":{"_uag_custom_page_level_css":"","_genesis_hide_title":false,"_genesis_hide_breadcrumbs":false,"_genesis_hide_singular_image":false,"_genesis_hide_footer_widgets":false,"_genesis_custom_body_class":"","_genesis_custom_post_class":"","_genesis_layout":"","_themeisle_gutenberg_block_has_review":false,"footnotes":""},"featured_image_src":"https:\/\/invest-in-albania.org\/wp-content\/uploads\/dice.jpg","featured_image_src_square":"https:\/\/invest-in-albania.org\/wp-content\/uploads\/dice.jpg","uagb_featured_image_src":{"full":["https:\/\/invest-in-albania.org\/wp-content\/uploads\/dice.jpg",1280,960,false],"thumbnail":["https:\/\/invest-in-albania.org\/wp-content\/uploads\/dice-280x195.jpg",280,195,true],"medium":["https:\/\/invest-in-albania.org\/wp-content\/uploads\/dice-300x225.jpg",300,225,true],"medium_large":["https:\/\/invest-in-albania.org\/wp-content\/uploads\/dice-768x576.jpg",768,576,true],"large":["https:\/\/invest-in-albania.org\/wp-content\/uploads\/dice-1024x768.jpg",1024,768,true],"1536x1536":["https:\/\/invest-in-albania.org\/wp-content\/uploads\/dice.jpg",1280,960,false],"2048x2048":["https:\/\/invest-in-albania.org\/wp-content\/uploads\/dice.jpg",1280,960,false],"single-featured-image":["https:\/\/invest-in-albania.org\/wp-content\/uploads\/dice.jpg",513,385,false],"blog-featured-image":["https:\/\/invest-in-albania.org\/wp-content\/uploads\/dice.jpg",387,290,false],"home-featured":["https:\/\/invest-in-albania.org\/wp-content\/uploads\/dice.jpg",380,285,false],"gb-block-post-grid-landscape":["https:\/\/invest-in-albania.org\/wp-content\/uploads\/dice.jpg",533,400,false],"gb-block-post-grid-square":["https:\/\/invest-in-albania.org\/wp-content\/uploads\/dice.jpg",600,450,false]},"uagb_author_info":{"display_name":"Vjollca Shehu","author_link":"https:\/\/invest-in-albania.org\/de\/author\/iia\/"},"uagb_comment_info":0,"uagb_excerpt":"Die BPO-Branche ist einer der gr\u00f6\u00dften Arbeitgeber f\u00fcr albanische Jugendliche, vor allem w\u00e4hrend ihres Studiums. In den verschiedenen Sektoren der Branche werden unterschiedliche Qualifikationen verlangt. Kurz gesagt, die Branche ist offen f\u00fcr unerfahrene Menschen mit Fremdsprachenkenntnissen und grundlegenden Computerkenntnissen, aber auch f\u00fcr technisch versierte Experten in den Bereichen IT, Recht, Finanzen und Buchhaltung.Die Gr\u00fcnde, warum&hellip;","_links":{"self":[{"href":"https:\/\/invest-in-albania.org\/de\/wp-json\/wp\/v2\/pages\/60030"}],"collection":[{"href":"https:\/\/invest-in-albania.org\/de\/wp-json\/wp\/v2\/pages"}],"about":[{"href":"https:\/\/invest-in-albania.org\/de\/wp-json\/wp\/v2\/types\/page"}],"author":[{"embeddable":true,"href":"https:\/\/invest-in-albania.org\/de\/wp-json\/wp\/v2\/users\/2"}],"replies":[{"embeddable":true,"href":"https:\/\/invest-in-albania.org\/de\/wp-json\/wp\/v2\/comments?post=60030"}],"version-history":[{"count":1,"href":"https:\/\/invest-in-albania.org\/de\/wp-json\/wp\/v2\/pages\/60030\/revisions"}],"predecessor-version":[{"id":60031,"href":"https:\/\/invest-in-albania.org\/de\/wp-json\/wp\/v2\/pages\/60030\/revisions\/60031"}],"wp:featuredmedia":[{"embeddable":true,"href":"https:\/\/invest-in-albania.org\/de\/wp-json\/wp\/v2\/media\/41859"}],"wp:attachment":[{"href":"https:\/\/invest-in-albania.org\/de\/wp-json\/wp\/v2\/media?parent=60030"}],"curies":[{"name":"wp","href":"https:\/\/api.w.org\/{rel}","templated":true}]}}