{"id":60026,"date":"2024-04-06T00:03:59","date_gmt":"2024-04-05T22:03:59","guid":{"rendered":"https:\/\/invest-in-albania.org\/?page_id=60026"},"modified":"2024-04-06T00:04:06","modified_gmt":"2024-04-05T22:04:06","slug":"das-bildungssystem-deckt-den-bedarf-der-bpo-branche-in-albanien","status":"publish","type":"page","link":"https:\/\/invest-in-albania.org\/de\/das-bildungssystem-deckt-den-bedarf-der-bpo-branche-in-albanien\/","title":{"rendered":"Das Bildungssystem deckt den Bedarf der BPO-Branche in Albanien"},"content":{"rendered":"<div class=\"wp-block-image\">\n<figure class=\"aligncenter\"><img loading=\"lazy\" decoding=\"async\" width=\"1024\" height=\"382\" src=\"http:\/\/new.invest-in-albania.org\/wp-content\/uploads\/book-1-1024x382.jpg\" alt=\"\" class=\"wp-image-41864\" srcset=\"https:\/\/invest-in-albania.org\/wp-content\/uploads\/book-1-1024x382.jpg 1024w, https:\/\/invest-in-albania.org\/wp-content\/uploads\/book-1-300x112.jpg 300w, https:\/\/invest-in-albania.org\/wp-content\/uploads\/book-1-768x286.jpg 768w, https:\/\/invest-in-albania.org\/wp-content\/uploads\/book-1-580x216.jpg 580w, https:\/\/invest-in-albania.org\/wp-content\/uploads\/book-1-860x320.jpg 860w, https:\/\/invest-in-albania.org\/wp-content\/uploads\/book-1-1160x432.jpg 1160w, https:\/\/invest-in-albania.org\/wp-content\/uploads\/book-1.jpg 1280w\" sizes=\"(max-width: 1024px) 100vw, 1024px\" \/><\/figure><\/div>\n\n\n<p>Innovation, neue Technologien und die Bed\u00fcrfnisse von Unternehmen aus aller Welt haben das schnellste Wachstum der Business Process Outsourcing (BPO)-Branche weltweit gef\u00f6rdert. Unternehmen aus verschiedenen Branchen betrachten Outsourcing als eine Strategie, die dabei hilft, erschwingliche Arbeitsm\u00e4rkte und qualifizierte Arbeitskr\u00e4fte zu erschlie\u00dfen.<br>Obwohl die Branche w\u00e4chst, sieht sie sich mit verschiedenen Herausforderungen konfrontiert, wie z. B. den Kosten der Gesch\u00e4ftst\u00e4tigkeit, h\u00f6heren Kundenerwartungen, der Fluktuation von Mitarbeitern und gesundheitlichen Problemen.<br>Daher sind BPOs immer auf der Suche nach neuen Standorten, an denen sie ihre T\u00e4tigkeit ausweiten und die oben genannten Herausforderungen besser bew\u00e4ltigen k\u00f6nnen.<\/p>\n\n\n\n<p>Albanien geh\u00f6rt zu den L\u00e4ndern, die den BPOs die Vorteile bieten, nach denen die Branche sucht. Neben der geografischen Lage, der einfachen Gesch\u00e4ftsabwicklung und der sprachlichen Vielfalt bietet Albanien ein Bildungssystem, das den Bed\u00fcrfnissen des BPO-Sektors gerecht wird.<\/p>\n\n\n\n<p>Neben der Hauptstadt Tirana gibt es sieben weitere gro\u00dfe st\u00e4dtische Zentren, die \u00f6ffentliche Universit\u00e4ten beherbergen. Inzwischen gibt es in Tirana und anderen St\u00e4dten 19 private Hochschulen.<\/p>\n\n\n\n<p>F\u00fcnf der sieben \u00f6ffentlichen Hochschulen in Tirana bieten Studieng\u00e4nge an, die optimal auf die Bed\u00fcrfnisse der BPO-Branche zugeschnitten sind. Im Allgemeinen bietet der Sektor die besten Besch\u00e4ftigungsm\u00f6glichkeiten f\u00fcr Studenten, die noch nicht viel Berufserfahrung haben. Dennoch ist die betr\u00e4chtliche Zahl von Studenten, die jedes Jahr ihren Abschluss machen, ein wichtiger Faktor, der den BPOs zu mehr Besch\u00e4ftigungsm\u00f6glichkeiten verhilft.<\/p>\n\n\n\n<h3 class=\"wp-block-heading\">Die Universit\u00e4t von Tirana<\/h3>\n\n\n\n<p>Die Hauptstadt Tirana ist ein st\u00e4dtisches und universit\u00e4res Zentrum und zieht die meisten albanischen Jugendlichen an. Tirana ist 30 Autominuten vom internationalen Flughafen Mother Teresa und etwa 45 Autominuten vom Hafen Durresi entfernt.<\/p>\n\n\n\n<p>Die UT verf\u00fcgt \u00fcber sechs Fakult\u00e4ten, die Soft- und Hard Skills f\u00fcr BPOs und KPOs vermitteln.<\/p>\n\n\n\n<p>Die Fakult\u00e4t f\u00fcr Fremdsprachen bietet Studienprogramme f\u00fcr die Sprachen Englisch, Franz\u00f6sisch, Deutsch, Italienisch, Griechisch, T\u00fcrkisch, Russisch und Spanisch an. F\u00fcr das akademische Jahr 2018-2019 haben sich insgesamt \u00fcber 1.000 neue Studierende in den Bachelorstudieng\u00e4ngen f\u00fcr Fremdsprachen eingeschrieben.<\/p>\n\n\n\n<p>Die Fakult\u00e4t f\u00fcr Wirtschaft bietet Studieng\u00e4nge f\u00fcr die gefragtesten Berufe in Albanien an, wie Finanzen, Betriebswirtschaft, Volkswirtschaft und Informationswirtschaft. Die Gesamtzahl der eingeschriebenen Studierenden f\u00fcr das akademische Jahr 2018-2019 betr\u00e4gt 1.280.<\/p>\n\n\n\n<p>Die Juristische Fakult\u00e4t bietet Bachelor-Abschl\u00fcsse in Jura und Betriebswirtschaft an. Die Gesamtzahl der im laufenden Studienjahr neu eingeschriebenen Studierenden betr\u00e4gt 775.<\/p>\n\n\n\n<p>Die Naturwissenschaftliche Fakult\u00e4t bietet zehn verschiedene Studieng\u00e4nge an, darunter Informationstechnologie (IT), Informatik und Mathematik. F\u00fcr das akademische Jahr 2018-2019 wurden insgesamt 1.100 Studierende immatrikuliert.<\/p>\n\n\n\n<p>Die Fakult\u00e4t f\u00fcr Sozialwissenschaften bietet sechs verschiedene Studieng\u00e4nge an, f\u00fcr die im Studienjahr 2018-2019 insgesamt 600 Studierende eingeschrieben waren.<\/p>\n\n\n\n<h3 class=\"wp-block-heading\">Die Polytechnische Universit\u00e4t<\/h3>\n\n\n\n<p>Dar\u00fcber hinaus umfasst die Polytechnische Universit\u00e4t Tirana acht Fakult\u00e4ten, die verschiedene Bachelor-Abschl\u00fcsse anbieten, darunter:<\/p>\n\n\n\n<p>Technische Informatik<\/p>\n\n\n\n<p>Elektronik-Ingenieurwesen<\/p>\n\n\n\n<p>Telekommunikationstechnik<\/p>\n\n\n\n<h3 class=\"wp-block-heading\">Shkodra, Luigj-Gurakuqi-Universit\u00e4t<\/h3>\n\n\n\n<p>Die nordwestliche Stadt Shkodra ist das kulturelle und historische Zentrum. Sie ist das Tor zu den Albanischen Alpen, einem der wichtigsten touristischen Angebote Albaniens. Shkodra grenzt an Montenegro und hat sowohl Stra\u00dfen- als auch Eisenbahnverbindungen zwischen beiden L\u00e4ndern. Eine neue Wasserstra\u00dfenverbindung durch den Shkodra-See ist in Planung.<\/p>\n\n\n\n<p>Die Universit\u00e4t von Shkodra hat sechs Fakult\u00e4ten<\/p>\n\n\n\n<p>die Fakult\u00e4t f\u00fcr Naturwissenschaften<\/p>\n\n\n\n<p>Die Fakult\u00e4t f\u00fcr Fremdsprachen<\/p>\n\n\n\n<p>Juristische Fakult\u00e4t<\/p>\n\n\n\n<p>Wirtschaftswissenschaftliche Fakult\u00e4t<\/p>\n\n\n\n<p>Fakult\u00e4t f\u00fcr Erziehungswissenschaften<\/p>\n\n\n\n<p>Sozialwissenschaftliche Fakult\u00e4t<\/p>\n\n\n\n<h3 class=\"wp-block-heading\">Aleksander-Moisiu-Universit\u00e4t in Durres<\/h3>\n\n\n\n<p>Durresi ist eine der gr\u00f6\u00dften St\u00e4dte und gleichzeitig der gr\u00f6\u00dfte Seehafen Albaniens. Sie liegt an der K\u00fcste der Adria und ist ein beliebtes Reiseziel f\u00fcr die albanische Diaspora und Touristen aus Osteuropa und der Balkanregion. Durresi beherbergt eine Gemeinschaft von Auswanderern aus Europa und anderen Kontinenten.<\/p>\n\n\n\n<p>Die Universit\u00e4t von Durres umfasst sechs Fakult\u00e4ten<\/p>\n\n\n\n<p>Die Fakult\u00e4t f\u00fcr Informationstechnologie<\/p>\n\n\n\n<p>Die Fakult\u00e4t f\u00fcr Wirtschaft<\/p>\n\n\n\n<p>Die Fakult\u00e4t f\u00fcr Erziehungswissenschaften mit Studienprogrammen in englischer und deutscher Sprache<\/p>\n\n\n\n<p>Die Fakult\u00e4t f\u00fcr berufliche Studien<\/p>\n\n\n\n<p>Fakult\u00e4t f\u00fcr politische und juristische Wissenschaften<\/p>\n\n\n\n<p>Die Fakult\u00e4t f\u00fcr Integrierte Studien<\/p>\n\n\n\n<p>Hervorzuheben ist, dass die Fakult\u00e4t f\u00fcr Informationstechnologie einen englischsprachigen Informatikstudiengang umfasst. Die anderen Studieng\u00e4nge dieser Fakult\u00e4t sind:<\/p>\n\n\n\n<p>Computerwissenschaften<\/p>\n\n\n\n<p>Informationssysteme<\/p>\n\n\n\n<p>Informationstechnologie<\/p>\n\n\n\n<p>Mathematik-Informatik<\/p>\n\n\n\n<p>Multimedia und Digitales Fernsehen<\/p>\n\n\n\n<p>Die anderen \u00f6ffentlichen Universit\u00e4ten sind die Aleksander Xhuvani Universit\u00e4t in Elbasan, Eqerem Cabej in Gjirokastra und die Fan Noli Universit\u00e4t in Korca. Alle diese Bildungseinrichtungen bieten Studieng\u00e4nge und Quoten an, die den Anforderungen des BPO-Sektors gerecht werden k\u00f6nnen. In diesen und anderen gro\u00dfen St\u00e4dten wie Fier, Lushnja und Berat hat sich die Branche bereits ausgebreitet.<\/p>\n","protected":false},"excerpt":{"rendered":"<p>Innovation, neue Technologien und die Bed\u00fcrfnisse von Unternehmen aus aller Welt haben das schnellste Wachstum der Business Process Outsourcing (BPO)-Branche weltweit gef\u00f6rdert. Unternehmen aus verschiedenen Branchen betrachten Outsourcing als eine Strategie, die dabei hilft, erschwingliche Arbeitsm\u00e4rkte und qualifizierte Arbeitskr\u00e4fte zu erschlie\u00dfen.Obwohl die Branche w\u00e4chst, sieht sie sich mit verschiedenen Herausforderungen konfrontiert, wie z. B. den [&hellip;]<\/p>\n","protected":false},"author":2,"featured_media":41866,"parent":0,"menu_order":17,"comment_status":"closed","ping_status":"closed","template":"","meta":{"_uag_custom_page_level_css":"","_genesis_hide_title":false,"_genesis_hide_breadcrumbs":false,"_genesis_hide_singular_image":false,"_genesis_hide_footer_widgets":false,"_genesis_custom_body_class":"","_genesis_custom_post_class":"","_genesis_layout":"","_themeisle_gutenberg_block_has_review":false,"footnotes":""},"featured_image_src":"https:\/\/invest-in-albania.org\/wp-content\/uploads\/book-1.jpg","featured_image_src_square":"https:\/\/invest-in-albania.org\/wp-content\/uploads\/book-1.jpg","uagb_featured_image_src":{"full":["https:\/\/invest-in-albania.org\/wp-content\/uploads\/book-1.jpg",1280,477,false],"thumbnail":["https:\/\/invest-in-albania.org\/wp-content\/uploads\/book-1-280x195.jpg",280,195,true],"medium":["https:\/\/invest-in-albania.org\/wp-content\/uploads\/book-1-300x112.jpg",300,112,true],"medium_large":["https:\/\/invest-in-albania.org\/wp-content\/uploads\/book-1-768x286.jpg",768,286,true],"large":["https:\/\/invest-in-albania.org\/wp-content\/uploads\/book-1-1024x382.jpg",1024,382,true],"1536x1536":["https:\/\/invest-in-albania.org\/wp-content\/uploads\/book-1.jpg",1280,477,false],"2048x2048":["https:\/\/invest-in-albania.org\/wp-content\/uploads\/book-1.jpg",1280,477,false],"single-featured-image":["https:\/\/invest-in-albania.org\/wp-content\/uploads\/book-1.jpg",1033,385,false],"blog-featured-image":["https:\/\/invest-in-albania.org\/wp-content\/uploads\/book-1.jpg",680,253,false],"home-featured":["https:\/\/invest-in-albania.org\/wp-content\/uploads\/book-1.jpg",380,142,false],"gb-block-post-grid-landscape":["https:\/\/invest-in-albania.org\/wp-content\/uploads\/book-1.jpg",600,224,false],"gb-block-post-grid-square":["https:\/\/invest-in-albania.org\/wp-content\/uploads\/book-1.jpg",600,224,false]},"uagb_author_info":{"display_name":"Vjollca Shehu","author_link":"https:\/\/invest-in-albania.org\/de\/author\/iia\/"},"uagb_comment_info":0,"uagb_excerpt":"Innovation, neue Technologien und die Bed\u00fcrfnisse von Unternehmen aus aller Welt haben das schnellste Wachstum der Business Process Outsourcing (BPO)-Branche weltweit gef\u00f6rdert. Unternehmen aus verschiedenen Branchen betrachten Outsourcing als eine Strategie, die dabei hilft, erschwingliche Arbeitsm\u00e4rkte und qualifizierte Arbeitskr\u00e4fte zu erschlie\u00dfen.Obwohl die Branche w\u00e4chst, sieht sie sich mit verschiedenen Herausforderungen konfrontiert, wie z. B. den&hellip;","_links":{"self":[{"href":"https:\/\/invest-in-albania.org\/de\/wp-json\/wp\/v2\/pages\/60026"}],"collection":[{"href":"https:\/\/invest-in-albania.org\/de\/wp-json\/wp\/v2\/pages"}],"about":[{"href":"https:\/\/invest-in-albania.org\/de\/wp-json\/wp\/v2\/types\/page"}],"author":[{"embeddable":true,"href":"https:\/\/invest-in-albania.org\/de\/wp-json\/wp\/v2\/users\/2"}],"replies":[{"embeddable":true,"href":"https:\/\/invest-in-albania.org\/de\/wp-json\/wp\/v2\/comments?post=60026"}],"version-history":[{"count":1,"href":"https:\/\/invest-in-albania.org\/de\/wp-json\/wp\/v2\/pages\/60026\/revisions"}],"predecessor-version":[{"id":60027,"href":"https:\/\/invest-in-albania.org\/de\/wp-json\/wp\/v2\/pages\/60026\/revisions\/60027"}],"wp:featuredmedia":[{"embeddable":true,"href":"https:\/\/invest-in-albania.org\/de\/wp-json\/wp\/v2\/media\/41866"}],"wp:attachment":[{"href":"https:\/\/invest-in-albania.org\/de\/wp-json\/wp\/v2\/media?parent=60026"}],"curies":[{"name":"wp","href":"https:\/\/api.w.org\/{rel}","templated":true}]}}