{"id":60021,"date":"2024-04-05T23:56:09","date_gmt":"2024-04-05T21:56:09","guid":{"rendered":"https:\/\/invest-in-albania.org\/?page_id=60021"},"modified":"2024-04-05T23:56:17","modified_gmt":"2024-04-05T21:56:17","slug":"albaniens-geostrategischer-standort-fuer-die-bpo-industrie","status":"publish","type":"page","link":"https:\/\/invest-in-albania.org\/de\/albaniens-geostrategischer-standort-fuer-die-bpo-industrie\/","title":{"rendered":"Albaniens geostrategischer Standort f\u00fcr die BPO-Industrie"},"content":{"rendered":"\n<p>Albanien verf\u00fcgt \u00fcber eine strategische Lage, politische und wirtschaftliche Stabilit\u00e4t und niedrige Kosten f\u00fcr die Gesch\u00e4ftsabwicklung. Mit seiner Lage auf dem westlichen Balkan und seiner langen K\u00fcste an der Adria und dem Ionischen Meer garantiert Albanien ein logistisches Arrangement zwischen Arbeit und Lebensstil. Auf dem Balkan gelegen, grenzt Albanien im S\u00fcdosten an Griechenland, im Osten an Mazedonien, im Nordosten an den Kosovo und im Norden an Montenegro. Davor (am Adriatischen Meer) liegt Italien. Der Hauptflughafen hei\u00dft Mutter-Teresa-Flughafen und befindet sich in Rinas, zwischen den St\u00e4dten Tirana und Durresi.<br>Die geostrategische Lage Albaniens spielt eine wesentliche Rolle f\u00fcr die wirtschaftliche, politische und soziale Ann\u00e4herung des Landes an das westliche Modell. Albanien befand sich schon immer an der Schnittstelle zwischen Ost und West, w\u00e4hrend der Zugang zum Adriatischen und Ionischen Meer mehr M\u00f6glichkeiten f\u00fcr die wirtschaftliche Zusammenarbeit mit den L\u00e4ndern des Mittelmeerraums und dar\u00fcber hinaus bietet.<\/p>\n\n\n\n<p>Standort: Europa (S\u00fcdosteuropa)<br>Begrenzt durch Montenegro (Norden) &#8211; 186 km<br>Kosovo (im Nordosten) &#8211; 112 km<br>Mazedonien (Osten) &#8211; 181 km<br>Griechenland (S\u00fcdosten\/S\u00fcden) &#8211; 212 km<\/p>\n\n\n\n<p>Die Hauptstadt Tirana ist nur ein paar Flugstunden von den wichtigsten europ\u00e4ischen Hauptst\u00e4dten entfernt.<br>Vom internationalen Flughafen TIRANA nach<\/p>\n\n\n\n<p>Rom 1h 25 min<br>Wien 1h 35 min<br>Athen 1h 35 min<br>Frankfurt 2h 20 min<br>Amsterdam 3 Stunden<br>London 3 Stunden<br>Istanbul 1h 35 min<br>Skopje 4Stunden Fahrt<br>Korfu 4 Stunden<br>Ohrid 2h 45 min<\/p>\n\n\n\n<p>Albanien bietet Zugang zu den folgenden potenziellen M\u00e4rkten<br>Die albanischsprachige Region &#8211; \u00fcber f\u00fcnf Millionen Menschen auf dem gesamten Balkan<br>S\u00fcdosteuropa &#8211; ein Markt mit \u00fcber 122 Millionen Menschen<br>Die Europ\u00e4ische Union &#8211; Albanisch bietet internationalen Unternehmen mehrsprachige Arbeitskr\u00e4fte und einen kosteng\u00fcnstigen Zugang zum EU-Markt mit mehr als 500 Millionen Menschen.<\/p>\n\n\n\n<p>Einwohnerzahl: 2,876 Millionen<br>Hauptstadt: Tirana<br>Offizielle Sprache: Albanisch<br>W\u00e4hrung: Lek<br>Gr\u00f6\u00dfe: 28.748km2<br>L\u00e4nge der K\u00fcstenlinie: 427 km<br>Vorwahl: +355<br>Internet TLD: .al<br>Gini-Koeffizient 29,0<br>Lebenserwartung bei der Geburt, Jahre: 78<br>Arbeitslosenzahl: 13.9%<br>Inflationsrate September 2017: 1.6%<\/p>\n\n\n\n<p>Das Land bietet eine Kombination aus wirtschaftlicher und strategischer Stabilit\u00e4t<br>2013 erhielt es den Status eines EU-Kandidatenlandes.<br>Mitglied der Vereinten Nationen seit dem 14. Dezember 1955.<br>NATO seit dem 1. April 2009<br>OSZE seit 19. Juni 1991<br>Europarat (CoE) seit 13. Juli 1995<br>UNESCO seit 1958<br>Albanien ist Mitglied der WTO und der CEFTA<br>Albanien erh\u00e4lt finanzielle Unterst\u00fctzung von der EU im Rahmen von IPA II. Die Mittelzuweisung f\u00fcr 2014-2020 betr\u00e4gt 649,4 Millionen Euro.<\/p>\n\n\n\n<p>Albanien bietet ein einzigartiges Lifestyle-Erlebnis in unmittelbarer N\u00e4he von Tirana<\/p>\n\n\n\n<p>Albaniens Tourismusangebot bietet M\u00f6glichkeiten f\u00fcr Meerestourismus, Tauchen, H\u00f6hlenforschung, Wandern, Seetourismus, Skifahren, Rafting, Gleitschirmfliegen usw.<br>Butrint, Gjirokastra und Berat sowie Rrajca und Lumi i Gashit stehen auf der Liste des <a href=\"https:\/\/whc.unesco.org\/en\/statesparties\/al\" target=\"_blank\" rel=\"noopener\">UNESCO-Welterbes.<\/a><br><\/p>\n\n\n\n<p>In Albanien gibt es 384 gesch\u00fctzte Gebiete.<br>Albanien ist eines der wenigen L\u00e4nder der Welt, das zu 100 Prozent von erneuerbarer Energie aus Wasserkraft lebt.<\/p>\n\n\n\n<p>Bildung<br>Die Albaner legen mehr Wert auf eine Hochschulausbildung als auf eine Berufsausbildung.<br>Chancen f\u00fcr internationale Unternehmen in Albanien:<br>Fremdsprachenunterricht<br>Berufliche Bildung<br>Lebenslanges Lernen<br>Spezialisierte Kurse<br>Qualifizierung und Managementtraining im \u00f6ffentlichen Sektor<\/p>\n","protected":false},"excerpt":{"rendered":"<p>Albanien verf\u00fcgt \u00fcber eine strategische Lage, politische und wirtschaftliche Stabilit\u00e4t und niedrige Kosten f\u00fcr die Gesch\u00e4ftsabwicklung. Mit seiner Lage auf dem westlichen Balkan und seiner langen K\u00fcste an der Adria und dem Ionischen Meer garantiert Albanien ein logistisches Arrangement zwischen Arbeit und Lebensstil. Auf dem Balkan gelegen, grenzt Albanien im S\u00fcdosten an Griechenland, im Osten [&hellip;]<\/p>\n","protected":false},"author":2,"featured_media":36642,"parent":0,"menu_order":18,"comment_status":"closed","ping_status":"closed","template":"","meta":{"_uag_custom_page_level_css":"","_genesis_hide_title":false,"_genesis_hide_breadcrumbs":false,"_genesis_hide_singular_image":false,"_genesis_hide_footer_widgets":false,"_genesis_custom_body_class":"","_genesis_custom_post_class":"","_genesis_layout":"","_themeisle_gutenberg_block_has_review":false,"footnotes":""},"featured_image_src":"https:\/\/invest-in-albania.org\/wp-content\/uploads\/cruise-saranda.jpg","featured_image_src_square":"https:\/\/invest-in-albania.org\/wp-content\/uploads\/cruise-saranda.jpg","uagb_featured_image_src":{"full":["https:\/\/invest-in-albania.org\/wp-content\/uploads\/cruise-saranda.jpg",1920,1294,false],"thumbnail":["https:\/\/invest-in-albania.org\/wp-content\/uploads\/cruise-saranda-280x195.jpg",280,195,true],"medium":["https:\/\/invest-in-albania.org\/wp-content\/uploads\/cruise-saranda-300x202.jpg",300,202,true],"medium_large":["https:\/\/invest-in-albania.org\/wp-content\/uploads\/cruise-saranda-768x518.jpg",768,518,true],"large":["https:\/\/invest-in-albania.org\/wp-content\/uploads\/cruise-saranda-1024x690.jpg",1024,690,true],"1536x1536":["https:\/\/invest-in-albania.org\/wp-content\/uploads\/cruise-saranda-1536x1035.jpg",1536,1035,true],"2048x2048":["https:\/\/invest-in-albania.org\/wp-content\/uploads\/cruise-saranda.jpg",1920,1294,false],"single-featured-image":["https:\/\/invest-in-albania.org\/wp-content\/uploads\/cruise-saranda.jpg",571,385,false],"blog-featured-image":["https:\/\/invest-in-albania.org\/wp-content\/uploads\/cruise-saranda.jpg",430,290,false],"home-featured":["https:\/\/invest-in-albania.org\/wp-content\/uploads\/cruise-saranda.jpg",380,256,false],"gb-block-post-grid-landscape":["https:\/\/invest-in-albania.org\/wp-content\/uploads\/cruise-saranda.jpg",594,400,false],"gb-block-post-grid-square":["https:\/\/invest-in-albania.org\/wp-content\/uploads\/cruise-saranda.jpg",600,404,false]},"uagb_author_info":{"display_name":"Vjollca Shehu","author_link":"https:\/\/invest-in-albania.org\/de\/author\/iia\/"},"uagb_comment_info":0,"uagb_excerpt":"Albanien verf\u00fcgt \u00fcber eine strategische Lage, politische und wirtschaftliche Stabilit\u00e4t und niedrige Kosten f\u00fcr die Gesch\u00e4ftsabwicklung. Mit seiner Lage auf dem westlichen Balkan und seiner langen K\u00fcste an der Adria und dem Ionischen Meer garantiert Albanien ein logistisches Arrangement zwischen Arbeit und Lebensstil. Auf dem Balkan gelegen, grenzt Albanien im S\u00fcdosten an Griechenland, im Osten&hellip;","_links":{"self":[{"href":"https:\/\/invest-in-albania.org\/de\/wp-json\/wp\/v2\/pages\/60021"}],"collection":[{"href":"https:\/\/invest-in-albania.org\/de\/wp-json\/wp\/v2\/pages"}],"about":[{"href":"https:\/\/invest-in-albania.org\/de\/wp-json\/wp\/v2\/types\/page"}],"author":[{"embeddable":true,"href":"https:\/\/invest-in-albania.org\/de\/wp-json\/wp\/v2\/users\/2"}],"replies":[{"embeddable":true,"href":"https:\/\/invest-in-albania.org\/de\/wp-json\/wp\/v2\/comments?post=60021"}],"version-history":[{"count":1,"href":"https:\/\/invest-in-albania.org\/de\/wp-json\/wp\/v2\/pages\/60021\/revisions"}],"predecessor-version":[{"id":60023,"href":"https:\/\/invest-in-albania.org\/de\/wp-json\/wp\/v2\/pages\/60021\/revisions\/60023"}],"wp:featuredmedia":[{"embeddable":true,"href":"https:\/\/invest-in-albania.org\/de\/wp-json\/wp\/v2\/media\/36642"}],"wp:attachment":[{"href":"https:\/\/invest-in-albania.org\/de\/wp-json\/wp\/v2\/media?parent=60021"}],"curies":[{"name":"wp","href":"https:\/\/api.w.org\/{rel}","templated":true}]}}