{"id":60014,"date":"2024-04-05T23:45:33","date_gmt":"2024-04-05T21:45:33","guid":{"rendered":"https:\/\/invest-in-albania.org\/?page_id=60014"},"modified":"2024-04-05T23:45:38","modified_gmt":"2024-04-05T21:45:38","slug":"entdecken-sie-albanien-als-bpo-destination","status":"publish","type":"page","link":"https:\/\/invest-in-albania.org\/de\/entdecken-sie-albanien-als-bpo-destination\/","title":{"rendered":"Entdecken Sie Albanien als BPO-Destination"},"content":{"rendered":"<div class=\"wp-block-image\">\n<figure class=\"aligncenter\"><img loading=\"lazy\" decoding=\"async\" width=\"1024\" height=\"614\" src=\"http:\/\/new.invest-in-albania.org\/wp-content\/uploads\/arrow-1024x614.jpg\" alt=\"\" class=\"wp-image-41843\" srcset=\"https:\/\/invest-in-albania.org\/wp-content\/uploads\/arrow-1024x614.jpg 1024w, https:\/\/invest-in-albania.org\/wp-content\/uploads\/arrow-300x180.jpg 300w, https:\/\/invest-in-albania.org\/wp-content\/uploads\/arrow-768x461.jpg 768w, https:\/\/invest-in-albania.org\/wp-content\/uploads\/arrow-580x348.jpg 580w, https:\/\/invest-in-albania.org\/wp-content\/uploads\/arrow-860x516.jpg 860w, https:\/\/invest-in-albania.org\/wp-content\/uploads\/arrow-1160x696.jpg 1160w, https:\/\/invest-in-albania.org\/wp-content\/uploads\/arrow.jpg 1280w\" sizes=\"(max-width: 1024px) 100vw, 1024px\" \/><\/figure><\/div>\n\n\n<p>Was ist der \u00fcberzeugendste Faktor, der daf\u00fcr spricht, dass eine Outsourcing-Destination besser ist als alle anderen verf\u00fcgbaren Optionen? Das h\u00e4ngt von den Bed\u00fcrfnissen und Anforderungen des Verk\u00e4ufers ab. Es gibt jedoch viele Faktoren, die den Unterschied ausmachen, wenn es um Business Process Outsourcing (BPO) geht. Letzteres ist ein weltweiter Wirtschaftszweig mit einer globalen Marktgr\u00f6\u00dfe von 88,9 Milliarden Dollar laut statista.com. Auch wenn der Sektor weiter w\u00e4chst und sich entwickelt, haben nicht alle L\u00e4nder oder Regionen das Potenzial von BPOs zur gleichen Zeit erkannt. L\u00e4nder wie Indien, die Philippinen, China, Malaysia und eine lange Liste von L\u00e4ndern sind BPO-Drehscheiben. Unternehmen aus der ganzen Welt beschlie\u00dfen, ihre Aufgaben an ein oder mehrere Unternehmen in diesen Spitzenl\u00e4ndern auszulagern.<br>Dies ist jedoch nicht die Regel. Es gibt viele Faktoren, die bestimmen, welches das beste Outsourcing-Ziel f\u00fcr ein Unternehmen ist. Etwa 60 Prozent der Unternehmen, die auslagern, tun dies in Europa. Viele Unternehmen entscheiden sich f\u00fcr neue, aufstrebende Ziell\u00e4nder, vor allem in S\u00fcdosteuropa. Estland, Polen und Bulgarien bieten erschwingliche und qualifizierte Arbeitskr\u00e4fte. In der Zwischenzeit gibt es andere L\u00e4nder, die nicht Mitglied der Europ\u00e4ischen Union sind, wie die Ukraine und Albanien, die viele Vorteile und geringere Kosten bieten. Trotz der vielen Vorteile hat die Ukraine Konflikte und Unsicherheiten erlebt. Andererseits hat Albanien in den letzten 15 Jahren einen Boom bei den BPOs erlebt.<br>Albanien liegt auf dem westlichen Balkan und hat eine strategische Position an den K\u00fcsten des Adriatischen und des Ionischen Meeres.<\/p>\n\n\n\n<h3 class=\"wp-block-heading\">Vorteile des Outsourcing nach Albanien<\/h3>\n\n\n\n<p>Nearshore-N\u00e4he f\u00fcr europ\u00e4ische Unternehmen<br>Junge und gut ausgebildete Arbeitskr\u00e4fte<br>Kulturelle Affinit\u00e4t<br>Qualifizierter Talentpool<br>Mehrsprachige Arbeitskr\u00e4fte<br>Wachsender Arbeitsmarkt<br>Niedrige Einkommens- und Mehrwertsteuers\u00e4tze<br>Anreize f\u00fcr Software- und ICT-Dienstleister<br>Wettbewerbsf\u00e4hige Arbeitskosten<\/p>\n\n\n\n<p>Das Universit\u00e4tssystem wird derzeit reformiert, nachdem Studenten, die eine bessere Ausbildung und mehr Besch\u00e4ftigungsm\u00f6glichkeiten anstreben, gro\u00dfe Proteste organisiert haben. Daher wird die Ausbildung erschwinglicher werden und sich auf Dienstleistungen und F\u00e4higkeiten wie Wissenschaft, Informationstechnologie und Ingenieurwesen spezialisieren. Italienisch und Englisch sind in Albanien weit verbreitet. Die englische Sprache ist Teil der Lehrpl\u00e4ne und der obligatorischen Abiturpr\u00fcfung. Frauen erhalten die gleiche Behandlung und die gleichen Bildungschancen wie ihre m\u00e4nnlichen Altersgenossen.<br>W\u00e4hrend internationale Unternehmen viele Jahre lang gering qualifizierte Talente unter Vertrag genommen haben, erkennen andere Unternehmen das Potenzial der noch verf\u00fcgbaren Spitzentalente. Daher ist jetzt der beste Zeitpunkt, Albanien als Outsourcing-Ziel in Betracht zu ziehen. Wirtschaftsprognosen besagen, dass die Arbeitslosenquote in den n\u00e4chsten zwei Jahren deutlich sinken wird. In der Zwischenzeit hat das Land gro\u00dfe Hoffnungen, in naher Zukunft EU-Mitglied zu werden. Je l\u00e4nger ein Unternehmen seine Outsourcing-Pl\u00e4ne nach Albanien hinausz\u00f6gert, desto h\u00f6her sind die Kosten, da die besten Talente bereits abgeworben sind. Viel Gl\u00fcck!<\/p>\n","protected":false},"excerpt":{"rendered":"<p>Was ist der \u00fcberzeugendste Faktor, der daf\u00fcr spricht, dass eine Outsourcing-Destination besser ist als alle anderen verf\u00fcgbaren Optionen? Das h\u00e4ngt von den Bed\u00fcrfnissen und Anforderungen des Verk\u00e4ufers ab. Es gibt jedoch viele Faktoren, die den Unterschied ausmachen, wenn es um Business Process Outsourcing (BPO) geht. Letzteres ist ein weltweiter Wirtschaftszweig mit einer globalen Marktgr\u00f6\u00dfe von [&hellip;]<\/p>\n","protected":false},"author":2,"featured_media":41845,"parent":0,"menu_order":20,"comment_status":"closed","ping_status":"closed","template":"","meta":{"_uag_custom_page_level_css":"","_genesis_hide_title":false,"_genesis_hide_breadcrumbs":false,"_genesis_hide_singular_image":false,"_genesis_hide_footer_widgets":false,"_genesis_custom_body_class":"","_genesis_custom_post_class":"","_genesis_layout":"","_themeisle_gutenberg_block_has_review":false,"footnotes":""},"featured_image_src":"https:\/\/invest-in-albania.org\/wp-content\/uploads\/arrow.jpg","featured_image_src_square":"https:\/\/invest-in-albania.org\/wp-content\/uploads\/arrow.jpg","uagb_featured_image_src":{"full":["https:\/\/invest-in-albania.org\/wp-content\/uploads\/arrow.jpg",1280,768,false],"thumbnail":["https:\/\/invest-in-albania.org\/wp-content\/uploads\/arrow-280x195.jpg",280,195,true],"medium":["https:\/\/invest-in-albania.org\/wp-content\/uploads\/arrow-300x180.jpg",300,180,true],"medium_large":["https:\/\/invest-in-albania.org\/wp-content\/uploads\/arrow-768x461.jpg",768,461,true],"large":["https:\/\/invest-in-albania.org\/wp-content\/uploads\/arrow-1024x614.jpg",1024,614,true],"1536x1536":["https:\/\/invest-in-albania.org\/wp-content\/uploads\/arrow.jpg",1280,768,false],"2048x2048":["https:\/\/invest-in-albania.org\/wp-content\/uploads\/arrow.jpg",1280,768,false],"single-featured-image":["https:\/\/invest-in-albania.org\/wp-content\/uploads\/arrow.jpg",642,385,false],"blog-featured-image":["https:\/\/invest-in-albania.org\/wp-content\/uploads\/arrow.jpg",483,290,false],"home-featured":["https:\/\/invest-in-albania.org\/wp-content\/uploads\/arrow.jpg",380,228,false],"gb-block-post-grid-landscape":["https:\/\/invest-in-albania.org\/wp-content\/uploads\/arrow.jpg",600,360,false],"gb-block-post-grid-square":["https:\/\/invest-in-albania.org\/wp-content\/uploads\/arrow.jpg",600,360,false]},"uagb_author_info":{"display_name":"Vjollca Shehu","author_link":"https:\/\/invest-in-albania.org\/de\/author\/iia\/"},"uagb_comment_info":0,"uagb_excerpt":"Was ist der \u00fcberzeugendste Faktor, der daf\u00fcr spricht, dass eine Outsourcing-Destination besser ist als alle anderen verf\u00fcgbaren Optionen? Das h\u00e4ngt von den Bed\u00fcrfnissen und Anforderungen des Verk\u00e4ufers ab. Es gibt jedoch viele Faktoren, die den Unterschied ausmachen, wenn es um Business Process Outsourcing (BPO) geht. Letzteres ist ein weltweiter Wirtschaftszweig mit einer globalen Marktgr\u00f6\u00dfe von&hellip;","_links":{"self":[{"href":"https:\/\/invest-in-albania.org\/de\/wp-json\/wp\/v2\/pages\/60014"}],"collection":[{"href":"https:\/\/invest-in-albania.org\/de\/wp-json\/wp\/v2\/pages"}],"about":[{"href":"https:\/\/invest-in-albania.org\/de\/wp-json\/wp\/v2\/types\/page"}],"author":[{"embeddable":true,"href":"https:\/\/invest-in-albania.org\/de\/wp-json\/wp\/v2\/users\/2"}],"replies":[{"embeddable":true,"href":"https:\/\/invest-in-albania.org\/de\/wp-json\/wp\/v2\/comments?post=60014"}],"version-history":[{"count":1,"href":"https:\/\/invest-in-albania.org\/de\/wp-json\/wp\/v2\/pages\/60014\/revisions"}],"predecessor-version":[{"id":60016,"href":"https:\/\/invest-in-albania.org\/de\/wp-json\/wp\/v2\/pages\/60014\/revisions\/60016"}],"wp:featuredmedia":[{"embeddable":true,"href":"https:\/\/invest-in-albania.org\/de\/wp-json\/wp\/v2\/media\/41845"}],"wp:attachment":[{"href":"https:\/\/invest-in-albania.org\/de\/wp-json\/wp\/v2\/media?parent=60014"}],"curies":[{"name":"wp","href":"https:\/\/api.w.org\/{rel}","templated":true}]}}