{"id":60009,"date":"2024-04-05T23:40:35","date_gmt":"2024-04-05T21:40:35","guid":{"rendered":"https:\/\/invest-in-albania.org\/?page_id=60009"},"modified":"2024-04-05T23:40:42","modified_gmt":"2024-04-05T21:40:42","slug":"welches-sind-die-wichtigsten-outsourcing-destinationen","status":"publish","type":"page","link":"https:\/\/invest-in-albania.org\/de\/welches-sind-die-wichtigsten-outsourcing-destinationen\/","title":{"rendered":"Welches sind die wichtigsten Outsourcing-Destinationen?"},"content":{"rendered":"\n<p>Auf eine allgemeine Frage wie diese brauchen Sie eine konkrete Antwort. Wie alles andere auch, h\u00e4ngt es vom Kontext ab, von Ihrem Kontext. Im Falle von Outsourcing-Zielen liegt der Nutzen im Auge des Betrachters. Er h\u00e4ngt von vielen Faktoren ab, aber der wichtigste ist die Art der Branche oder Dienstleistung, in der Ihr Unternehmen t\u00e4tig ist.<\/p>\n\n\n\n<p>Die globalen Markttrends best\u00e4tigen, dass China das beste Ziel f\u00fcr die verarbeitende Industrie ist. In der Zwischenzeit ist Indien f\u00fchrend als Outsourcing-Ziel f\u00fcr IT-Dienstleistungen.<\/p>\n\n\n\n<p>Diese L\u00e4nder geh\u00f6ren zu den weltweit gr\u00f6\u00dften und gleichzeitig zu den seit langem etablierten M\u00e4rkten f\u00fcr die Auslagerung von Gesch\u00e4ftsprozessen. Andererseits h\u00e4ngt einer der Gr\u00fcnde, warum bestimmte L\u00e4nder als Outsourcing-Ziele wachsen, mit der allgemeinen Wahrnehmung zusammen. F\u00fcr viele amerikanische Unternehmen ist Outsourcing etwas, das in Indien stattfindet.<\/p>\n\n\n\n<p>Es gibt jedoch auch andere Outsourcing-Ziele als Indien, China, die Philippinen oder Vietnam. In letzter Zeit sind einige L\u00e4nder als Outsourcing-Ziele und auch als Konkurrenz f\u00fcr Indien, Brasilien oder die Philippinen auf dem Vormarsch. Obwohl die Preise der Outsourcing-Unternehmen in Osteuropa und auf dem Balkan h\u00f6her sind als in Indien, sind erstere f\u00fcr ihre hohe Arbeitsqualit\u00e4t bekannt.<\/p>\n\n\n\n<p>In den letzten Jahren haben sich Osteuropa und der Balkan als Top-Outsourcing-Destinationen etabliert und scheinen eine vielversprechende Zukunft f\u00fcr IT-, Automobil-, Callcenter-, Dateneingabe-, Finanz- und Buchhaltungsdienstleistungen zu bieten.<\/p>\n\n\n\n<p>Polen und die Ukraine geh\u00f6ren zu den weltweit f\u00fchrenden IT-Outsourcing-Standorten. Auch in Bulgarien w\u00e4chst die Branche. Rum\u00e4nien hat als Zielland f\u00fcr die Software- und Automobilherstellung Aufmerksamkeit erregt, w\u00e4hrend Albanien als Zielland f\u00fcr Callcenter bekannt ist.<\/p>\n\n\n\n<p><strong>Vorteile der s\u00fcdosteurop\u00e4ischen L\u00e4nder<\/strong><\/p>\n\n\n\n<p>Sprachkenntnisse<br>Kein kulturelles Gef\u00e4lle<br>Standort<br>Eine gro\u00dfe Anzahl qualifizierter Entwickler<br>Wenig bis kein Zeitzonenunterschied<br>Zugang zu Talenten<br>Erschwingliche Preise<br>Starker Bildungshintergrund<br>Schutz der Daten<\/p>\n","protected":false},"excerpt":{"rendered":"<p>Auf eine allgemeine Frage wie diese brauchen Sie eine konkrete Antwort. Wie alles andere auch, h\u00e4ngt es vom Kontext ab, von Ihrem Kontext. Im Falle von Outsourcing-Zielen liegt der Nutzen im Auge des Betrachters. Er h\u00e4ngt von vielen Faktoren ab, aber der wichtigste ist die Art der Branche oder Dienstleistung, in der Ihr Unternehmen t\u00e4tig [&hellip;]<\/p>\n","protected":false},"author":2,"featured_media":0,"parent":0,"menu_order":21,"comment_status":"closed","ping_status":"closed","template":"","meta":{"_uag_custom_page_level_css":"","_genesis_hide_title":false,"_genesis_hide_breadcrumbs":false,"_genesis_hide_singular_image":false,"_genesis_hide_footer_widgets":false,"_genesis_custom_body_class":"","_genesis_custom_post_class":"","_genesis_layout":"","_themeisle_gutenberg_block_has_review":false,"footnotes":""},"featured_image_src":null,"featured_image_src_square":null,"uagb_featured_image_src":{"full":false,"thumbnail":false,"medium":false,"medium_large":false,"large":false,"1536x1536":false,"2048x2048":false,"single-featured-image":false,"blog-featured-image":false,"home-featured":false,"gb-block-post-grid-landscape":false,"gb-block-post-grid-square":false},"uagb_author_info":{"display_name":"Vjollca Shehu","author_link":"https:\/\/invest-in-albania.org\/de\/author\/iia\/"},"uagb_comment_info":0,"uagb_excerpt":"Auf eine allgemeine Frage wie diese brauchen Sie eine konkrete Antwort. Wie alles andere auch, h\u00e4ngt es vom Kontext ab, von Ihrem Kontext. Im Falle von Outsourcing-Zielen liegt der Nutzen im Auge des Betrachters. Er h\u00e4ngt von vielen Faktoren ab, aber der wichtigste ist die Art der Branche oder Dienstleistung, in der Ihr Unternehmen t\u00e4tig&hellip;","_links":{"self":[{"href":"https:\/\/invest-in-albania.org\/de\/wp-json\/wp\/v2\/pages\/60009"}],"collection":[{"href":"https:\/\/invest-in-albania.org\/de\/wp-json\/wp\/v2\/pages"}],"about":[{"href":"https:\/\/invest-in-albania.org\/de\/wp-json\/wp\/v2\/types\/page"}],"author":[{"embeddable":true,"href":"https:\/\/invest-in-albania.org\/de\/wp-json\/wp\/v2\/users\/2"}],"replies":[{"embeddable":true,"href":"https:\/\/invest-in-albania.org\/de\/wp-json\/wp\/v2\/comments?post=60009"}],"version-history":[{"count":1,"href":"https:\/\/invest-in-albania.org\/de\/wp-json\/wp\/v2\/pages\/60009\/revisions"}],"predecessor-version":[{"id":60012,"href":"https:\/\/invest-in-albania.org\/de\/wp-json\/wp\/v2\/pages\/60009\/revisions\/60012"}],"wp:attachment":[{"href":"https:\/\/invest-in-albania.org\/de\/wp-json\/wp\/v2\/media?parent=60009"}],"curies":[{"name":"wp","href":"https:\/\/api.w.org\/{rel}","templated":true}]}}