{"id":60004,"date":"2024-04-05T23:37:34","date_gmt":"2024-04-05T21:37:34","guid":{"rendered":"https:\/\/invest-in-albania.org\/?page_id=60004"},"modified":"2024-04-05T23:37:39","modified_gmt":"2024-04-05T21:37:39","slug":"was-ist-bei-einem-outsourcing-partner-zu-beachten","status":"publish","type":"page","link":"https:\/\/invest-in-albania.org\/de\/was-ist-bei-einem-outsourcing-partner-zu-beachten\/","title":{"rendered":"Was ist bei einem Outsourcing-Partner zu beachten?"},"content":{"rendered":"\n<p>Eine der effektivsten M\u00f6glichkeiten, einen Partner zu finden, der Ihnen hilft, Ihre Idee in ein Projekt zu verwandeln, ist das Outsourcing. Ganz gleich, ob Sie ein Start-up mit kleinem Budget oder ein etabliertes Unternehmen sind, eine kosteng\u00fcnstige Methode zur Erledigung von Aufgaben wird von jedem begr\u00fc\u00dft. Outsourcing hilft dabei, eine Reihe von Aufgaben zu erledigen, die im eigenen Unternehmen zu h\u00f6heren Kosten durchgef\u00fchrt werden m\u00fcssten. Derzeit besteht eine gro\u00dfe Nachfrage nach Outsourcing-Partnern, aber woher wissen Sie, wer der Beste f\u00fcr Sie ist?<\/p>\n\n\n\n<p><strong>Was macht ein Outsourcing-Unternehmen zu einem geeigneten Partner f\u00fcr Ihre Bed\u00fcrfnisse?<\/strong><br>Wenn Sie neu auf diesem Gebiet sind, m\u00fcssen Sie sich einige Fragen stellen, um die Suche zu vereinfachen.<br>Sie k\u00f6nnen damit beginnen, die wichtigsten Faktoren wie Budget und Zeitzone zu definieren. M\u00f6chten Sie die gleichen Arbeitszeiten wie das andere Unternehmen haben, oder w\u00e4re es besser, die festgelegten Aufgaben am n\u00e4chsten Morgen erledigt zu finden.<\/p>\n\n\n\n<p>Wenn der Standort ein Faktor ist, k\u00f6nnen Sie zwischen Onshore- und Offshore-Unternehmen w\u00e4hlen. Onshore-Outsourcing kann im Vergleich zum Offshore-Outsourcing ein h\u00f6heres Budget erfordern. Achten Sie auf den menschlichen Ansatz. Wenn es m\u00f6glich ist, k\u00f6nnen Sie sich pers\u00f6nlich mit dem Unternehmen treffen, um besser zu verstehen, was es tut und wie sich Ihre Zusammenarbeit in Zukunft entwickeln wird.<\/p>\n\n\n\n<p><strong>Vergewissern Sie sich, dass die Sch\u00e4tzungen und Fristen eingehalten werden.<br><\/strong>Das Unternehmen muss \u00fcber einen Projektleiter verf\u00fcgen, der sich um jede Phase des Projekts k\u00fcmmert und sicherstellt, dass das Team Ihre Vorgaben richtig versteht. An dieser Stelle ist die Sprache ein wichtiger Faktor. Achten Sie darauf, ein Unternehmen mit einem englischsprachigen Team zu w\u00e4hlen. In jedem Fall w\u00e4re ein mehrsprachiges Team die beste Wahl.<\/p>\n\n\n\n<p>Achten Sie auf die Vertraulichkeit. Schlie\u00dfen Sie eine Vertraulichkeitsvereinbarung ab. Ganz gleich, welche Art von Gesch\u00e4ftsprozessen Sie auslagern, es wird immer pers\u00f6nliche Daten, Gesch\u00e4ftsgeheimnisse oder sensible Daten geben, die \u00f6ffentlich werden oder missbraucht werden k\u00f6nnten.<\/p>\n","protected":false},"excerpt":{"rendered":"<p>Eine der effektivsten M\u00f6glichkeiten, einen Partner zu finden, der Ihnen hilft, Ihre Idee in ein Projekt zu verwandeln, ist das Outsourcing. Ganz gleich, ob Sie ein Start-up mit kleinem Budget oder ein etabliertes Unternehmen sind, eine kosteng\u00fcnstige Methode zur Erledigung von Aufgaben wird von jedem begr\u00fc\u00dft. Outsourcing hilft dabei, eine Reihe von Aufgaben zu erledigen, [&hellip;]<\/p>\n","protected":false},"author":2,"featured_media":0,"parent":0,"menu_order":22,"comment_status":"closed","ping_status":"closed","template":"","meta":{"_uag_custom_page_level_css":"","_genesis_hide_title":false,"_genesis_hide_breadcrumbs":false,"_genesis_hide_singular_image":false,"_genesis_hide_footer_widgets":false,"_genesis_custom_body_class":"","_genesis_custom_post_class":"","_genesis_layout":"","_themeisle_gutenberg_block_has_review":false,"footnotes":""},"featured_image_src":null,"featured_image_src_square":null,"uagb_featured_image_src":{"full":false,"thumbnail":false,"medium":false,"medium_large":false,"large":false,"1536x1536":false,"2048x2048":false,"single-featured-image":false,"blog-featured-image":false,"home-featured":false,"gb-block-post-grid-landscape":false,"gb-block-post-grid-square":false},"uagb_author_info":{"display_name":"Vjollca Shehu","author_link":"https:\/\/invest-in-albania.org\/de\/author\/iia\/"},"uagb_comment_info":0,"uagb_excerpt":"Eine der effektivsten M\u00f6glichkeiten, einen Partner zu finden, der Ihnen hilft, Ihre Idee in ein Projekt zu verwandeln, ist das Outsourcing. Ganz gleich, ob Sie ein Start-up mit kleinem Budget oder ein etabliertes Unternehmen sind, eine kosteng\u00fcnstige Methode zur Erledigung von Aufgaben wird von jedem begr\u00fc\u00dft. Outsourcing hilft dabei, eine Reihe von Aufgaben zu erledigen,&hellip;","_links":{"self":[{"href":"https:\/\/invest-in-albania.org\/de\/wp-json\/wp\/v2\/pages\/60004"}],"collection":[{"href":"https:\/\/invest-in-albania.org\/de\/wp-json\/wp\/v2\/pages"}],"about":[{"href":"https:\/\/invest-in-albania.org\/de\/wp-json\/wp\/v2\/types\/page"}],"author":[{"embeddable":true,"href":"https:\/\/invest-in-albania.org\/de\/wp-json\/wp\/v2\/users\/2"}],"replies":[{"embeddable":true,"href":"https:\/\/invest-in-albania.org\/de\/wp-json\/wp\/v2\/comments?post=60004"}],"version-history":[{"count":1,"href":"https:\/\/invest-in-albania.org\/de\/wp-json\/wp\/v2\/pages\/60004\/revisions"}],"predecessor-version":[{"id":60006,"href":"https:\/\/invest-in-albania.org\/de\/wp-json\/wp\/v2\/pages\/60004\/revisions\/60006"}],"wp:attachment":[{"href":"https:\/\/invest-in-albania.org\/de\/wp-json\/wp\/v2\/media?parent=60004"}],"curies":[{"name":"wp","href":"https:\/\/api.w.org\/{rel}","templated":true}]}}