{"id":59999,"date":"2024-04-05T23:33:28","date_gmt":"2024-04-05T21:33:28","guid":{"rendered":"https:\/\/invest-in-albania.org\/?page_id=59999"},"modified":"2024-04-05T23:33:33","modified_gmt":"2024-04-05T21:33:33","slug":"outsourcing-pro-und-kontra","status":"publish","type":"page","link":"https:\/\/invest-in-albania.org\/de\/outsourcing-pro-und-kontra\/","title":{"rendered":"Outsourcing: Pro und Kontra"},"content":{"rendered":"\n<p>Unternehmen in aller Welt lagern seit vielen Jahren ihre Gesch\u00e4ftsprozesse aus. Der Outsourcing-Trend hat erheblich zugenommen, und sogar nordkoreanische Unternehmen werden von Organisationen in verschiedenen Teilen der Welt beauftragt.<\/p>\n\n\n\n<p>Dabei handelt es sich um Unternehmen, die auf eine Reihe von technischen Prozessen spezialisiert sind und ihren Kunden Dienstleistungen anbieten, die sie im eigenen Haus zu teuer zu stehen k\u00e4men. Dies ist f\u00fcr beide Seiten eine gewinnbringende Option, die in diesem Prozess zum Tragen kommt. Outsourcing wird in den kommenden Jahren weiter zunehmen, und dies k\u00f6nnte der richtige Zeitpunkt sein, um mehr \u00fcber die Vor- und Nachteile dieser Branche zu erfahren.<\/p>\n\n\n\n<p><strong>Vorteile des Outsourcings<\/strong><\/p>\n\n\n\n<p><strong>Kontrollierte Kosten.<\/strong> Hier geht es um Gesch\u00e4ftsprozesse, die Sie nicht vermeiden k\u00f6nnen und die weniger kosten, wenn sie von einem erfahrenen Auftragnehmer ausgef\u00fchrt werden. Wenn Sie ein anderes Unternehmen damit beauftragen, einen oder mehrere Gesch\u00e4ftsprozesse f\u00fcr Ihr Unternehmen zu erledigen, entfallen Kosten und Zeitaufwand f\u00fcr Personalbeschaffung, Schulung, Sozialleistungen f\u00fcr Mitarbeiter, B\u00fcror\u00e4ume f\u00fcr ein gr\u00f6\u00dferes Team, Infrastruktur und Technologie.<\/p>\n\n\n\n<p>Au\u00dferdem wird die Arbeitsbelastung verringert. Gleichzeitig kann dieses Kapital in andere Abteilungen des Unternehmens investiert werden.<\/p>\n\n\n\n<p><strong>Mehr Talente verf\u00fcgbar. <\/strong>Wenn Sie bestimmte Gesch\u00e4ftsprozesse intern abwickeln, sind Sie auf den lokalen Talentpool angewiesen. Wenn Sie beschlie\u00dfen, diese Prozesse an ein anderes Unternehmen zu delegieren, profitieren Sie in zweifacher Hinsicht.<\/p>\n\n\n\n<p>Erstens verf\u00fcgen die beauftragten Unternehmen \u00fcber erfahrene Mitarbeiter, die auf die jeweiligen Dienstleistungen spezialisiert sind. Sie wissen, was sie tun. Zweitens wechseln Sie vom lokalen Talentpool, der von jedem anderen Unternehmen in der Gegend umworben wird, zu globalen Talentoptionen.<\/p>\n\n\n\n<p><strong>Schneller Start.<\/strong> Wenn Sie die neue Abteilung intern aufbauen, braucht das neue Team seine Zeit, um sich an den Arbeitsplatz und aneinander zu gew\u00f6hnen. In der Zwischenzeit braucht ein Outsourcing-Partner das nicht. Das Team ist sofort einsatzbereit und kann ein neues Projekt in ein Produkt oder eine Dienstleistung umsetzen.<\/p>\n\n\n\n<p><strong>Zeitzone.<\/strong> Dieses Element ist relativ. Es gibt viele Menschen, die dies als Nachteil betrachten. Es bietet nicht den gleichen Output f\u00fcr verschiedene Unternehmen. Je nach Region k\u00f6nnen Sie die Arbeit nach Gesch\u00e4ftsschluss erledigen und sie am n\u00e4chsten Morgen fertig vorfinden.<\/p>\n\n\n\n<p><strong>Zus\u00e4tzlicher Vorteil:<\/strong> Ihr Partner kann Ihre Arbeitsweise in Frage stellen und stattdessen eine effizientere L\u00f6sung vorschlagen.<\/p>\n\n\n\n<p><strong>Nachteile des Outsourcing<\/strong><\/p>\n\n\n\n<p><strong>Die Sprache geht in der \u00dcbersetzung verloren.<\/strong> Die Sprache kann zu einer Barriere und Ursache f\u00fcr Fehlinterpretationen werden. Achten Sie darauf, einen Partner mit ausgezeichneten Sprachkenntnissen zu finden und einen Kanal, der Fragen und Klarstellungen erm\u00f6glicht.<\/p>\n\n\n\n<p><strong>Vertrauliche Daten werden missbraucht.<\/strong> In einigen F\u00e4llen besteht das Risiko, dass vertrauliche Daten preisgegeben werden. Achten Sie darauf, dass Sie einen zuverl\u00e4ssigen und professionellen Partner finden.<\/p>\n\n\n\n<p><strong>Geringere Zufriedenheit mit der Kundenbetreuung.<\/strong> Wenn Sie Callcenter oder Kontaktzentren in ein anderes Land auslagern, kann es passieren, dass Sie einen R\u00fcckgang der Kundenzufriedenheit feststellen. Deshalb sollten Sie immer den richtigen Partner oder das richtige Outsourcing-Ziel ausw\u00e4hlen. Im Falle von Call Centern sind Sprachkenntnisse entscheidend.<\/p>\n\n\n\n<p>In Indien sind Callcenter aufgrund der englischen Sprachkenntnisse stark gewachsen. In der Zwischenzeit haben L\u00e4nder wie Italien ihre Callcenter nach Albanien ausgelagert, wo die Menschen Italienisch wie Muttersprachler sprechen und f\u00fcr ihre ausgezeichneten mehrsprachigen F\u00e4higkeiten bekannt sind.<\/p>\n","protected":false},"excerpt":{"rendered":"<p>Unternehmen in aller Welt lagern seit vielen Jahren ihre Gesch\u00e4ftsprozesse aus. Der Outsourcing-Trend hat erheblich zugenommen, und sogar nordkoreanische Unternehmen werden von Organisationen in verschiedenen Teilen der Welt beauftragt. Dabei handelt es sich um Unternehmen, die auf eine Reihe von technischen Prozessen spezialisiert sind und ihren Kunden Dienstleistungen anbieten, die sie im eigenen Haus zu [&hellip;]<\/p>\n","protected":false},"author":2,"featured_media":0,"parent":0,"menu_order":23,"comment_status":"closed","ping_status":"closed","template":"","meta":{"_uag_custom_page_level_css":"","_genesis_hide_title":false,"_genesis_hide_breadcrumbs":false,"_genesis_hide_singular_image":false,"_genesis_hide_footer_widgets":false,"_genesis_custom_body_class":"","_genesis_custom_post_class":"","_genesis_layout":"","_themeisle_gutenberg_block_has_review":false,"footnotes":""},"featured_image_src":null,"featured_image_src_square":null,"uagb_featured_image_src":{"full":false,"thumbnail":false,"medium":false,"medium_large":false,"large":false,"1536x1536":false,"2048x2048":false,"single-featured-image":false,"blog-featured-image":false,"home-featured":false,"gb-block-post-grid-landscape":false,"gb-block-post-grid-square":false},"uagb_author_info":{"display_name":"Vjollca Shehu","author_link":"https:\/\/invest-in-albania.org\/de\/author\/iia\/"},"uagb_comment_info":0,"uagb_excerpt":"Unternehmen in aller Welt lagern seit vielen Jahren ihre Gesch\u00e4ftsprozesse aus. Der Outsourcing-Trend hat erheblich zugenommen, und sogar nordkoreanische Unternehmen werden von Organisationen in verschiedenen Teilen der Welt beauftragt. Dabei handelt es sich um Unternehmen, die auf eine Reihe von technischen Prozessen spezialisiert sind und ihren Kunden Dienstleistungen anbieten, die sie im eigenen Haus zu&hellip;","_links":{"self":[{"href":"https:\/\/invest-in-albania.org\/de\/wp-json\/wp\/v2\/pages\/59999"}],"collection":[{"href":"https:\/\/invest-in-albania.org\/de\/wp-json\/wp\/v2\/pages"}],"about":[{"href":"https:\/\/invest-in-albania.org\/de\/wp-json\/wp\/v2\/types\/page"}],"author":[{"embeddable":true,"href":"https:\/\/invest-in-albania.org\/de\/wp-json\/wp\/v2\/users\/2"}],"replies":[{"embeddable":true,"href":"https:\/\/invest-in-albania.org\/de\/wp-json\/wp\/v2\/comments?post=59999"}],"version-history":[{"count":1,"href":"https:\/\/invest-in-albania.org\/de\/wp-json\/wp\/v2\/pages\/59999\/revisions"}],"predecessor-version":[{"id":60001,"href":"https:\/\/invest-in-albania.org\/de\/wp-json\/wp\/v2\/pages\/59999\/revisions\/60001"}],"wp:attachment":[{"href":"https:\/\/invest-in-albania.org\/de\/wp-json\/wp\/v2\/media?parent=59999"}],"curies":[{"name":"wp","href":"https:\/\/api.w.org\/{rel}","templated":true}]}}