{"id":59989,"date":"2024-04-05T23:24:47","date_gmt":"2024-04-05T21:24:47","guid":{"rendered":"https:\/\/invest-in-albania.org\/?page_id=59989"},"modified":"2024-04-05T23:24:52","modified_gmt":"2024-04-05T21:24:52","slug":"wie-faengt-man-mit-outsourcing-an","status":"publish","type":"page","link":"https:\/\/invest-in-albania.org\/de\/wie-faengt-man-mit-outsourcing-an\/","title":{"rendered":"Wie f\u00e4ngt man mit Outsourcing an?"},"content":{"rendered":"\n<p>Tausendsassa, Meister in nichts<\/p>\n\n\n\n<p>Oft reichen zwei H\u00e4nde nicht aus, um eine Menge Arbeit zu erledigen, aber auch acht H\u00e4nde w\u00e4ren keine gro\u00dfe Hilfe, denn der Geist kann sich nicht auf acht verschiedene Prozesse gleichzeitig konzentrieren. Sie w\u00e4ren also nutzlos.<\/p>\n\n\n\n<p>Stellen Sie sich ein Unternehmen wie einen vielh\u00e4ndigen Menschen vor, der teure Zweige und Abteilungen bildet, die sich mit der Zeit zu kostspieligen Entscheidungen entwickeln k\u00f6nnen. Jedes Unternehmen kann in ein verwirrendes Durcheinander geraten, obwohl es eigentlich nur die Hilfe eines anderen braucht.<\/p>\n\n\n\n<p>Ganz gleich, ob Sie Solopreneur oder Leiter einer wachsenden Organisation sind, wenn Sie darauf bestehen, alles selbst zu machen, werden Sie nicht weiterkommen und sogar Ihren unternehmerischen Elan verlieren.<br>Denken Sie daran, dass ein Tausendsassa zu sein, Ihrem Unternehmen wirklich schaden kann. Suchen Sie sich jemanden, der langweilige Prozesse delegiert, w\u00e4hrend Sie sich auf das gro\u00dfe Ganze konzentrieren.<\/p>\n\n\n\n<p>Wenn Sie jetzt diesen Artikel lesen, bedeutet das, dass Sie \u00fcber die Auslagerung einiger Prozesse nachdenken. Es h\u00f6rt sich einfach an, jeder spricht \u00fcber Outsourcing, als w\u00e4re es ein Kinderspiel. Aber wenn Sie es kompliziert finden, brauchen Sie vielleicht Hilfe, um anzufangen.<\/p>\n\n\n\n<p>Sie fragen, was Sie auslagern sollen, und sind verwirrt. Warum fragen Sie nicht das Gegenteil? Was man nicht auslagern sollte.<\/p>\n\n\n\n<p>Machen Sie eine Liste der Gesch\u00e4ftsprozesse, die Sie im Haus behalten m\u00f6chten. Es ist interessant, dass die Gr\u00fcnde f\u00fcr eine Auslagerung und die Gr\u00fcnde gegen eine Auslagerung fast dieselben sind, wie z. B. Kosten und Zeit.<br>Definieren Sie die wichtigsten Gesch\u00e4ftsprozesse, die Sie intern verwalten und entwickeln m\u00f6chten. Der n\u00e4chste Schritt besteht darin, einen Prozess auszuw\u00e4hlen, den Sie an einen Experten delegieren m\u00f6chten, um Qualit\u00e4t und Effizienz zu gew\u00e4hrleisten.<\/p>\n\n\n\n<p>Suchen Sie sich einen Partner, der verschiedene Perspektiven f\u00fcr die Optimierung des Prozesses bietet und sogar Ihre bisherige Arbeitsweise in Frage stellt. Das ist eine gute Sache. Outsourcing-Firmen machen das st\u00e4ndig, und sie haben die n\u00f6tige Erfahrung, um verschiedene Perspektiven zu bieten, die die richtige L\u00f6sung garantieren. Wie oft hat einer Ihrer Mitarbeiter schon gesagt: Ihr macht das falsch!<\/p>\n\n\n\n<p>Beginnen Sie mit einem einfachen Gesch\u00e4ftsprozess, f\u00fcr den Sie einen Experten ben\u00f6tigen. Die am h\u00e4ufigsten ausgelagerten Prozesse sind technischer Natur. W\u00e4hlen Sie einen aus, wenn Sie zufrieden sind, und delegieren Sie einen anderen Prozess. Denken Sie daran, dass Sie nicht alles auslagern k\u00f6nnen!<\/p>\n","protected":false},"excerpt":{"rendered":"<p>Tausendsassa, Meister in nichts Oft reichen zwei H\u00e4nde nicht aus, um eine Menge Arbeit zu erledigen, aber auch acht H\u00e4nde w\u00e4ren keine gro\u00dfe Hilfe, denn der Geist kann sich nicht auf acht verschiedene Prozesse gleichzeitig konzentrieren. Sie w\u00e4ren also nutzlos. Stellen Sie sich ein Unternehmen wie einen vielh\u00e4ndigen Menschen vor, der teure Zweige und Abteilungen [&hellip;]<\/p>\n","protected":false},"author":2,"featured_media":0,"parent":0,"menu_order":25,"comment_status":"closed","ping_status":"closed","template":"","meta":{"_uag_custom_page_level_css":"","_genesis_hide_title":false,"_genesis_hide_breadcrumbs":false,"_genesis_hide_singular_image":false,"_genesis_hide_footer_widgets":false,"_genesis_custom_body_class":"","_genesis_custom_post_class":"","_genesis_layout":"","_themeisle_gutenberg_block_has_review":false,"footnotes":""},"featured_image_src":null,"featured_image_src_square":null,"uagb_featured_image_src":{"full":false,"thumbnail":false,"medium":false,"medium_large":false,"large":false,"1536x1536":false,"2048x2048":false,"single-featured-image":false,"blog-featured-image":false,"home-featured":false,"gb-block-post-grid-landscape":false,"gb-block-post-grid-square":false},"uagb_author_info":{"display_name":"Vjollca Shehu","author_link":"https:\/\/invest-in-albania.org\/de\/author\/iia\/"},"uagb_comment_info":0,"uagb_excerpt":"Tausendsassa, Meister in nichts Oft reichen zwei H\u00e4nde nicht aus, um eine Menge Arbeit zu erledigen, aber auch acht H\u00e4nde w\u00e4ren keine gro\u00dfe Hilfe, denn der Geist kann sich nicht auf acht verschiedene Prozesse gleichzeitig konzentrieren. Sie w\u00e4ren also nutzlos. Stellen Sie sich ein Unternehmen wie einen vielh\u00e4ndigen Menschen vor, der teure Zweige und Abteilungen&hellip;","_links":{"self":[{"href":"https:\/\/invest-in-albania.org\/de\/wp-json\/wp\/v2\/pages\/59989"}],"collection":[{"href":"https:\/\/invest-in-albania.org\/de\/wp-json\/wp\/v2\/pages"}],"about":[{"href":"https:\/\/invest-in-albania.org\/de\/wp-json\/wp\/v2\/types\/page"}],"author":[{"embeddable":true,"href":"https:\/\/invest-in-albania.org\/de\/wp-json\/wp\/v2\/users\/2"}],"replies":[{"embeddable":true,"href":"https:\/\/invest-in-albania.org\/de\/wp-json\/wp\/v2\/comments?post=59989"}],"version-history":[{"count":1,"href":"https:\/\/invest-in-albania.org\/de\/wp-json\/wp\/v2\/pages\/59989\/revisions"}],"predecessor-version":[{"id":59991,"href":"https:\/\/invest-in-albania.org\/de\/wp-json\/wp\/v2\/pages\/59989\/revisions\/59991"}],"wp:attachment":[{"href":"https:\/\/invest-in-albania.org\/de\/wp-json\/wp\/v2\/media?parent=59989"}],"curies":[{"name":"wp","href":"https:\/\/api.w.org\/{rel}","templated":true}]}}