{"id":59984,"date":"2024-04-05T23:22:18","date_gmt":"2024-04-05T21:22:18","guid":{"rendered":"https:\/\/invest-in-albania.org\/?page_id=59984"},"modified":"2024-04-05T23:22:23","modified_gmt":"2024-04-05T21:22:23","slug":"welche-geschaeftsprozesse-kann-ihr-unternehmen-auslagern","status":"publish","type":"page","link":"https:\/\/invest-in-albania.org\/de\/welche-geschaeftsprozesse-kann-ihr-unternehmen-auslagern\/","title":{"rendered":"Welche Gesch\u00e4ftsprozesse kann Ihr Unternehmen auslagern?"},"content":{"rendered":"<div class=\"wp-block-image\">\n<figure class=\"alignright\"><img loading=\"lazy\" decoding=\"async\" width=\"1024\" height=\"682\" src=\"http:\/\/new.invest-in-albania.org\/wp-content\/uploads\/shopping-1024x682.jpg\" alt=\"\" class=\"wp-image-40882\" srcset=\"https:\/\/invest-in-albania.org\/wp-content\/uploads\/shopping-1024x682.jpg 1024w, https:\/\/invest-in-albania.org\/wp-content\/uploads\/shopping-300x200.jpg 300w, https:\/\/invest-in-albania.org\/wp-content\/uploads\/shopping-768x512.jpg 768w, https:\/\/invest-in-albania.org\/wp-content\/uploads\/shopping-580x387.jpg 580w, https:\/\/invest-in-albania.org\/wp-content\/uploads\/shopping-860x573.jpg 860w, https:\/\/invest-in-albania.org\/wp-content\/uploads\/shopping-1160x773.jpg 1160w, https:\/\/invest-in-albania.org\/wp-content\/uploads\/shopping.jpg 1280w\" sizes=\"(max-width: 1024px) 100vw, 1024px\" \/><\/figure><\/div>\n\n\n<p>Als Unternehmen wie Uber und Airbnb ihre Dienste auf den Markt brachten, besa\u00dfen sie weder Immobilien noch Fahrzeuge, aber sie boten Millionen von Menschen auf der ganzen Welt Unterkunfts- und Transportl\u00f6sungen an. Diese Gr\u00fcnder haben nicht nur eine Win-Win-Situation f\u00fcr alle Beteiligten geschaffen, sondern auch traditionelle, oft \u00fcberholte Gesch\u00e4ftsmodelle ver\u00e4ndert. W\u00e4hrend sie gleichzeitig Dienstleistungen und Arbeit auslagern, lagern Hunderttausende innovativer Unternehmen auf der ganzen Welt ihre Gesch\u00e4ftsprozesse aus.<\/p>\n\n\n\n<p>Es ist kl\u00fcger, sein Unternehmen zu skalieren und wachsen zu lassen, indem man langwierige Gesch\u00e4ftsprozesse an erfahrene Unternehmen delegiert, als zu versuchen, im eigenen Haus Spitzenleistungen in verschiedenen Bereichen zu erbringen. Outsourcing bietet die M\u00f6glichkeit, mit einem Fingerschnippen auf Talente zuzugreifen. Es reduziert den Zeit- und Arbeitsaufwand f\u00fcr die st\u00e4ndige Rekrutierung und Schulung von Mitarbeitern und den Verlust von Spitzenkr\u00e4ften an Wettbewerber. Das schadet den Finanzen eines Unternehmens und dem Teamgeist.<br>Um all diese Kosten zu sparen und Ihr Unternehmen zu vergr\u00f6\u00dfern, m\u00fcssen Sie wissen, welche Gesch\u00e4ftsprozesse ausgelagert werden k\u00f6nnen.<\/p>\n\n\n\n<p><strong>Dateneingabe-Dienste<br><\/strong>Diese Kategorie umfasst alle folgenden Daten und noch mehr:<\/p>\n\n\n\n<p>Buchhaltung<br>Handel Produkt<br>Bild<br>Rechtliches<br>Logistik<br>Versicherungsanspr\u00fcche<br>Fakturierung und Rechnungsstellung<br>Website-Erstellung<br>eBook-Transkription<br>E-Mail-Mining und individuelle Listenerstellung<br>GelbeSeiten und Wei\u00dfeSeiten<br>Verkaufskontakte und -interessenten<br>QuickBooks<br>Bild-Anmerkung<br>Immobilien<br>Gesch\u00e4ftstransaktion<br>Verk\u00e4ufe<br>Gehaltsabrechnung<br>Microsoft Office Daten- und Inhaltseingabe (PowerPoint, Excel, Word, Visio &amp; Pdf)<br>Software und Anwendungen<br>Inhalt<br>Online und Offline<\/p>\n\n\n\n<p><strong>IT-Dienstleistungen<\/strong><\/p>\n\n\n\n<p>Web-Entwicklung, Hosting<br>Web-Design<br>Mobile Apps\/Softwarel\u00f6sungen<br>Telekommunikation<br>Digitale Vermarktung\/SEO<br>Datenbankmanagement\/Helpdesk<\/p>\n\n\n\n<p><strong>HR-Prozesse<\/strong><\/p>\n\n\n\n<p>Talentakquise<br>Leistungsverwaltung und Verg\u00fctung<br>Verwaltung von Talenten<br>Gehaltsabrechnungen<br>Mitarbeiterbeziehungen<br>Betreuung<br>Auswertungen<\/p>\n\n\n\n<p><strong>Rechtliche Prozesse<\/strong><\/p>\n\n\n\n<p>Juristische Recherche<br>Vertragsmanagement<br>Entwurf, Erstellung und \u00dcberpr\u00fcfung von Dokumenten<br>Risiko- und Compliance-Dienstleistungen<br>Juristische Buchhaltung<br>Unterst\u00fctzung bei Rechtsstreitigkeiten<br>Dienstleistungen im Bereich geistiges Eigentum<\/p>\n\n\n\n<p><strong>Finanz- und Buchhaltungsfunktionen<\/strong><\/p>\n\n\n\n<p>Buchhaltung<br>Steuerliche Vorbereitung<br>Finanzielle Berichterstattung<br>Verbindlichkeiten\/Forderungen.<br>Bearbeitung von Gehaltsabrechnungen<br>Bankabstimmung<\/p>\n","protected":false},"excerpt":{"rendered":"<p>Als Unternehmen wie Uber und Airbnb ihre Dienste auf den Markt brachten, besa\u00dfen sie weder Immobilien noch Fahrzeuge, aber sie boten Millionen von Menschen auf der ganzen Welt Unterkunfts- und Transportl\u00f6sungen an. Diese Gr\u00fcnder haben nicht nur eine Win-Win-Situation f\u00fcr alle Beteiligten geschaffen, sondern auch traditionelle, oft \u00fcberholte Gesch\u00e4ftsmodelle ver\u00e4ndert. W\u00e4hrend sie gleichzeitig Dienstleistungen und [&hellip;]<\/p>\n","protected":false},"author":2,"featured_media":40884,"parent":0,"menu_order":26,"comment_status":"closed","ping_status":"closed","template":"","meta":{"_uag_custom_page_level_css":"","_genesis_hide_title":false,"_genesis_hide_breadcrumbs":false,"_genesis_hide_singular_image":false,"_genesis_hide_footer_widgets":false,"_genesis_custom_body_class":"","_genesis_custom_post_class":"","_genesis_layout":"","_themeisle_gutenberg_block_has_review":false,"footnotes":""},"featured_image_src":"https:\/\/invest-in-albania.org\/wp-content\/uploads\/shopping.jpg","featured_image_src_square":"https:\/\/invest-in-albania.org\/wp-content\/uploads\/shopping.jpg","uagb_featured_image_src":{"full":["https:\/\/invest-in-albania.org\/wp-content\/uploads\/shopping.jpg",1280,853,false],"thumbnail":["https:\/\/invest-in-albania.org\/wp-content\/uploads\/shopping-280x195.jpg",280,195,true],"medium":["https:\/\/invest-in-albania.org\/wp-content\/uploads\/shopping-300x200.jpg",300,200,true],"medium_large":["https:\/\/invest-in-albania.org\/wp-content\/uploads\/shopping-768x512.jpg",768,512,true],"large":["https:\/\/invest-in-albania.org\/wp-content\/uploads\/shopping-1024x682.jpg",1024,682,true],"1536x1536":["https:\/\/invest-in-albania.org\/wp-content\/uploads\/shopping.jpg",1280,853,false],"2048x2048":["https:\/\/invest-in-albania.org\/wp-content\/uploads\/shopping.jpg",1280,853,false],"single-featured-image":["https:\/\/invest-in-albania.org\/wp-content\/uploads\/shopping.jpg",578,385,false],"blog-featured-image":["https:\/\/invest-in-albania.org\/wp-content\/uploads\/shopping.jpg",435,290,false],"home-featured":["https:\/\/invest-in-albania.org\/wp-content\/uploads\/shopping.jpg",380,253,false],"gb-block-post-grid-landscape":["https:\/\/invest-in-albania.org\/wp-content\/uploads\/shopping.jpg",600,400,false],"gb-block-post-grid-square":["https:\/\/invest-in-albania.org\/wp-content\/uploads\/shopping.jpg",600,400,false]},"uagb_author_info":{"display_name":"Vjollca Shehu","author_link":"https:\/\/invest-in-albania.org\/de\/author\/iia\/"},"uagb_comment_info":0,"uagb_excerpt":"Als Unternehmen wie Uber und Airbnb ihre Dienste auf den Markt brachten, besa\u00dfen sie weder Immobilien noch Fahrzeuge, aber sie boten Millionen von Menschen auf der ganzen Welt Unterkunfts- und Transportl\u00f6sungen an. Diese Gr\u00fcnder haben nicht nur eine Win-Win-Situation f\u00fcr alle Beteiligten geschaffen, sondern auch traditionelle, oft \u00fcberholte Gesch\u00e4ftsmodelle ver\u00e4ndert. W\u00e4hrend sie gleichzeitig Dienstleistungen und&hellip;","_links":{"self":[{"href":"https:\/\/invest-in-albania.org\/de\/wp-json\/wp\/v2\/pages\/59984"}],"collection":[{"href":"https:\/\/invest-in-albania.org\/de\/wp-json\/wp\/v2\/pages"}],"about":[{"href":"https:\/\/invest-in-albania.org\/de\/wp-json\/wp\/v2\/types\/page"}],"author":[{"embeddable":true,"href":"https:\/\/invest-in-albania.org\/de\/wp-json\/wp\/v2\/users\/2"}],"replies":[{"embeddable":true,"href":"https:\/\/invest-in-albania.org\/de\/wp-json\/wp\/v2\/comments?post=59984"}],"version-history":[{"count":1,"href":"https:\/\/invest-in-albania.org\/de\/wp-json\/wp\/v2\/pages\/59984\/revisions"}],"predecessor-version":[{"id":59988,"href":"https:\/\/invest-in-albania.org\/de\/wp-json\/wp\/v2\/pages\/59984\/revisions\/59988"}],"wp:featuredmedia":[{"embeddable":true,"href":"https:\/\/invest-in-albania.org\/de\/wp-json\/wp\/v2\/media\/40884"}],"wp:attachment":[{"href":"https:\/\/invest-in-albania.org\/de\/wp-json\/wp\/v2\/media?parent=59984"}],"curies":[{"name":"wp","href":"https:\/\/api.w.org\/{rel}","templated":true}]}}