{"id":59980,"date":"2024-04-05T21:36:01","date_gmt":"2024-04-05T19:36:01","guid":{"rendered":"https:\/\/invest-in-albania.org\/?page_id=59980"},"modified":"2024-04-05T21:36:08","modified_gmt":"2024-04-05T19:36:08","slug":"was-macht-ein-land-gut-fuer-outsourcing","status":"publish","type":"page","link":"https:\/\/invest-in-albania.org\/de\/was-macht-ein-land-gut-fuer-outsourcing\/","title":{"rendered":"Was macht ein Land gut f\u00fcr Outsourcing?"},"content":{"rendered":"\n<p>Die Gesch\u00e4ftswelt ver\u00e4ndert sich rasend schnell und Outsourcing ist eine der Strategien, die Unternehmen und Organisationen unterschiedlicher Gr\u00f6\u00dfe helfen, mit dem agilen Markt Schritt zu halten. Gleichzeitig zwingt die rasche Digitalisierung von Gesch\u00e4ftsprozessen die Unternehmen dazu, komplexe Kooperationen mit externen Personen und Unternehmen einzugehen.<\/p>\n\n\n\n<p>Dank Outsourcing haben diese Unternehmen unbegrenzten Zugang zu Spitzenkr\u00e4ften aus aller Welt und neuen Technologien, w\u00e4hrend sie sich gleichzeitig auf Wachstum, \u00dcbernahmen und Fusionen konzentrieren k\u00f6nnen.<\/p>\n\n\n\n<p>Andererseits gibt es zahllose Optionen, die agilen Unternehmen dabei helfen, ihre unmittelbare Reaktionsf\u00e4higkeit auf Ver\u00e4nderungen zu erhalten. Es gibt sie im Inland oder im Ausland, d. h. Sie haben die Wahl zwischen Unternehmen, die in Ihrem Land ans\u00e4ssig sind, und anderen, die au\u00dferhalb der Grenzen oder sogar auf einem anderen Kontinent ans\u00e4ssig sind. Obwohl jede Option ihre eigenen Vorteile hat, werden Offshore-Destinationen immer mehr zu Outsourcing-Zentren.<\/p>\n\n\n\n<p>Der gr\u00f6\u00dfte Vorteil liegt in der Kostenreduzierung. Allerdings hat sich das Lohngef\u00e4lle f\u00fcr bestimmte Qualifikationen wie die Programmierung verringert. Kostensenkungen sind also nicht wichtiger als der Zugang zu Talenten und die Wertsch\u00f6pfung auf beiden Seiten.<\/p>\n\n\n\n<p>Die Fragen in solchen F\u00e4llen lauten: Was macht ein Land zu einem Top-Outsourcing-Ziel?<br>Polen, Brasilien, Indien und China sind regional f\u00fchrend, wenn es um Outsourcing geht. Was macht sie in den Augen zahlreicher Unternehmen so gut?<br>Englische Sprachkenntnisse. Gutes Englisch war der Schl\u00fcsselfaktor, warum Indien zu einem f\u00fchrenden Outsourcing-Ziel wurde. Indien ist das gr\u00f6\u00dfte englischsprachige Land der Welt, und das ebnete vielen Unternehmen den Weg zum Zugang zu seinem Talentpool.<\/p>\n\n\n\n<p>Fremdsprachen. Englisch ist wichtig, aber je mehr Sprachen jemand spricht, desto besser ist er f\u00fcr Unternehmen, die auslagern wollen. Je nach den Bed\u00fcrfnissen des Unternehmens und des Marktes sind einige der wichtigsten Sprachen in der Gesch\u00e4ftswelt Chinesisch, Deutsch, Spanisch, Portugiesisch, Russisch, Franz\u00f6sisch und Arabisch.<\/p>\n\n\n\n<p>Junge Bev\u00f6lkerung. Ein Land mit einer jungen Bev\u00f6lkerung kann leicht die Aufmerksamkeit vieler Unternehmen auf sich ziehen. Junge Menschen bringen neue Perspektiven, Begeisterung und Energie mit. Sie k\u00f6nnen Technologie leichter verstehen.<\/p>\n\n\n\n<p>Junge Arbeitskr\u00e4fte sind lern- und erfolgshungrig, und mehr Wettbewerb sorgt f\u00fcr mehr Qualit\u00e4t. Eine junge Belegschaft ist die beste Option, wenn ein Unternehmen junge Kunden gewinnen will. In L\u00e4ndern wie Albanien gibt es relativ junge und gut ausgebildete Arbeitskr\u00e4fte.<\/p>\n\n\n\n<p>Kulturelle N\u00e4he zu den Werten und der Ethik Ihres Unternehmens. Dieser Faktor wird durch spezifische Umst\u00e4nde und Kontexte bestimmt. Die meisten Unternehmen konzentrieren sich jedoch auf die Arbeitskultur eines Landes, d. h. darauf, wie engagiert und hart die Menschen arbeiten, um die Erwartungen zu erf\u00fcllen oder sogar zu \u00fcbertreffen.<\/p>\n\n\n\n<p>Geografischer Standort. Zeitzonen, das soziale Umfeld, Zukunftsaussichten der wirtschaftlichen und politischen Entwicklung.<\/p>\n\n\n\n<p>Weitere wichtige Faktoren, die bei der Suche nach Outsourcing zu ber\u00fccksichtigen sind, sind die Landesw\u00e4hrung, Sicherheit, Privatsph\u00e4re und Datenschutz, Vertraulichkeit und politische Stabilit\u00e4t.<\/p>\n","protected":false},"excerpt":{"rendered":"<p>Die Gesch\u00e4ftswelt ver\u00e4ndert sich rasend schnell und Outsourcing ist eine der Strategien, die Unternehmen und Organisationen unterschiedlicher Gr\u00f6\u00dfe helfen, mit dem agilen Markt Schritt zu halten. Gleichzeitig zwingt die rasche Digitalisierung von Gesch\u00e4ftsprozessen die Unternehmen dazu, komplexe Kooperationen mit externen Personen und Unternehmen einzugehen. Dank Outsourcing haben diese Unternehmen unbegrenzten Zugang zu Spitzenkr\u00e4ften aus aller [&hellip;]<\/p>\n","protected":false},"author":2,"featured_media":0,"parent":0,"menu_order":27,"comment_status":"closed","ping_status":"closed","template":"","meta":{"_uag_custom_page_level_css":"","_genesis_hide_title":false,"_genesis_hide_breadcrumbs":false,"_genesis_hide_singular_image":false,"_genesis_hide_footer_widgets":false,"_genesis_custom_body_class":"","_genesis_custom_post_class":"","_genesis_layout":"","_themeisle_gutenberg_block_has_review":false,"footnotes":""},"featured_image_src":null,"featured_image_src_square":null,"uagb_featured_image_src":{"full":false,"thumbnail":false,"medium":false,"medium_large":false,"large":false,"1536x1536":false,"2048x2048":false,"single-featured-image":false,"blog-featured-image":false,"home-featured":false,"gb-block-post-grid-landscape":false,"gb-block-post-grid-square":false},"uagb_author_info":{"display_name":"Vjollca Shehu","author_link":"https:\/\/invest-in-albania.org\/de\/author\/iia\/"},"uagb_comment_info":0,"uagb_excerpt":"Die Gesch\u00e4ftswelt ver\u00e4ndert sich rasend schnell und Outsourcing ist eine der Strategien, die Unternehmen und Organisationen unterschiedlicher Gr\u00f6\u00dfe helfen, mit dem agilen Markt Schritt zu halten. Gleichzeitig zwingt die rasche Digitalisierung von Gesch\u00e4ftsprozessen die Unternehmen dazu, komplexe Kooperationen mit externen Personen und Unternehmen einzugehen. Dank Outsourcing haben diese Unternehmen unbegrenzten Zugang zu Spitzenkr\u00e4ften aus aller&hellip;","_links":{"self":[{"href":"https:\/\/invest-in-albania.org\/de\/wp-json\/wp\/v2\/pages\/59980"}],"collection":[{"href":"https:\/\/invest-in-albania.org\/de\/wp-json\/wp\/v2\/pages"}],"about":[{"href":"https:\/\/invest-in-albania.org\/de\/wp-json\/wp\/v2\/types\/page"}],"author":[{"embeddable":true,"href":"https:\/\/invest-in-albania.org\/de\/wp-json\/wp\/v2\/users\/2"}],"replies":[{"embeddable":true,"href":"https:\/\/invest-in-albania.org\/de\/wp-json\/wp\/v2\/comments?post=59980"}],"version-history":[{"count":1,"href":"https:\/\/invest-in-albania.org\/de\/wp-json\/wp\/v2\/pages\/59980\/revisions"}],"predecessor-version":[{"id":59981,"href":"https:\/\/invest-in-albania.org\/de\/wp-json\/wp\/v2\/pages\/59980\/revisions\/59981"}],"wp:attachment":[{"href":"https:\/\/invest-in-albania.org\/de\/wp-json\/wp\/v2\/media?parent=59980"}],"curies":[{"name":"wp","href":"https:\/\/api.w.org\/{rel}","templated":true}]}}