{"id":59976,"date":"2024-04-05T21:25:44","date_gmt":"2024-04-05T19:25:44","guid":{"rendered":"https:\/\/invest-in-albania.org\/?page_id=59976"},"modified":"2024-04-05T21:25:49","modified_gmt":"2024-04-05T19:25:49","slug":"vorteile-des-outsourcings-ihrer-hr-dienstleistungen","status":"publish","type":"page","link":"https:\/\/invest-in-albania.org\/de\/vorteile-des-outsourcings-ihrer-hr-dienstleistungen\/","title":{"rendered":"Vorteile des Outsourcings Ihrer HR-Dienstleistungen?"},"content":{"rendered":"\n<p>Was ist die wertvollste Ressource f\u00fcr Ihr Unternehmen? Nennen Sie es Arbeitskr\u00e4fte, Personal, Team, die Menschen, die f\u00fcr Sie arbeiten, sind das Herz und der Geist Ihres Unternehmens. Unabh\u00e4ngig davon, ob Sie ein kleines, mittleres oder gro\u00dfes Unternehmen leiten, gibt es Kernfunktionen im Zusammenhang mit der Personalabteilung, die bei unsachgem\u00e4\u00dfer Handhabung echte Kopfschmerzen bereiten k\u00f6nnen. Der Umgang mit Personalbeschaffung, Sozialleistungen und Entlohnung, Einhaltung des Arbeitsrechts, Schulung und Entwicklung erfordert Zeit und Fachwissen, das Ihnen fehlt oder das Sie sich intern nicht leisten k\u00f6nnen.<\/p>\n\n\n\n<p>Zahlreiche Unternehmen entscheiden sich f\u00fcr die Auslagerung von HR-Funktionen, und diese Option bringt viele Vorteile mit sich.<\/p>\n\n\n\n<h2 class=\"wp-block-heading\">Gr\u00fcnde f\u00fcr die Auslagerung von HR-Funktionen<\/h2>\n\n\n\n<p>Sie sind zu komplex, um sie intern zu verwalten<br>Es geht um Kosten- und Zeiteffizienz<br>Das interne Team konzentriert sich auf die Unternehmensentwicklung<br>Keine Gemeinkosten<\/p>\n\n\n\n<h2 class=\"wp-block-heading\">Vorteile des HR-Outsourcings<\/h2>\n\n\n\n<p><strong>Kostenersparnis<br><\/strong>Kostenersparnis ist der Hauptvorteil, wenn es um Outsourcing geht. Die Personalabteilung ist mit hohen Kosten verbunden. Sie ben\u00f6tigt zus\u00e4tzliche B\u00fcror\u00e4ume, Ausr\u00fcstung und qualifizierte Mitarbeiter, die mit zus\u00e4tzlichen Kosten verbunden sind. Durch die Verringerung des Risikos in Bezug auf Arbeitsplatzvorschriften und Arbeitsrecht. Personalspezialisten bleiben auf dem Laufenden, was Aktualisierungen von Steuern oder anderen Vorschriften angeht, und vermeiden teure Rechtsstreitigkeiten.<\/p>\n\n\n\n<p><strong>Agile Mitarbeiterorientierung und -entwicklung<br><\/strong>Viele Unternehmen verf\u00fcgen nicht \u00fcber unternehmensinterne Instrumente, Ausbilder oder Schulungsprogramme, die die Entwicklung der Mitarbeiter f\u00f6rdern und sie schneller in eine neue Organisationskultur einbinden. F\u00fcr neue Mitarbeiter sowie f\u00fcr andere Teammitglieder, die nach Aufstiegsm\u00f6glichkeiten suchen, sind oft spezielle Schulungen erforderlich.<\/p>\n\n\n\n<p>Zugang zu neuen Talenten, F\u00e4higkeiten, Technologien und Software<\/p>\n\n\n\n<p>Die Gehaltsabrechnungen werden korrekt und p\u00fcnktlich durchgef\u00fchrt<\/p>\n\n\n\n<p><strong>Bonusvorteil<\/strong><br>Ihre HR-Spezialisten werden nicht k\u00fcndigen<\/p>\n\n\n\n<h2 class=\"wp-block-heading\">Top ausgelagerte HR-Funktionen<\/h2>\n\n\n\n<ul>\n<li>Personalbeschaffung<\/li>\n\n\n\n<li>Gehaltsabrechnung<\/li>\n\n\n\n<li>Risikomanagement<\/li>\n\n\n\n<li>Management der Mitarbeiterbeziehungen<\/li>\n\n\n\n<li>Leistungen und Verg\u00fctung<\/li>\n\n\n\n<li>Ruhestandsplanung<\/li>\n\n\n\n<li>Ausbildung und Entwicklung<\/li>\n\n\n\n<li>Einhaltung von Gesetzen<\/li>\n<\/ul>\n","protected":false},"excerpt":{"rendered":"<p>Was ist die wertvollste Ressource f\u00fcr Ihr Unternehmen? Nennen Sie es Arbeitskr\u00e4fte, Personal, Team, die Menschen, die f\u00fcr Sie arbeiten, sind das Herz und der Geist Ihres Unternehmens. Unabh\u00e4ngig davon, ob Sie ein kleines, mittleres oder gro\u00dfes Unternehmen leiten, gibt es Kernfunktionen im Zusammenhang mit der Personalabteilung, die bei unsachgem\u00e4\u00dfer Handhabung echte Kopfschmerzen bereiten k\u00f6nnen. [&hellip;]<\/p>\n","protected":false},"author":2,"featured_media":0,"parent":0,"menu_order":28,"comment_status":"closed","ping_status":"closed","template":"","meta":{"_uag_custom_page_level_css":"","_genesis_hide_title":false,"_genesis_hide_breadcrumbs":false,"_genesis_hide_singular_image":false,"_genesis_hide_footer_widgets":false,"_genesis_custom_body_class":"","_genesis_custom_post_class":"","_genesis_layout":"","_themeisle_gutenberg_block_has_review":false,"footnotes":""},"featured_image_src":null,"featured_image_src_square":null,"uagb_featured_image_src":{"full":false,"thumbnail":false,"medium":false,"medium_large":false,"large":false,"1536x1536":false,"2048x2048":false,"single-featured-image":false,"blog-featured-image":false,"home-featured":false,"gb-block-post-grid-landscape":false,"gb-block-post-grid-square":false},"uagb_author_info":{"display_name":"Vjollca Shehu","author_link":"https:\/\/invest-in-albania.org\/de\/author\/iia\/"},"uagb_comment_info":0,"uagb_excerpt":"Was ist die wertvollste Ressource f\u00fcr Ihr Unternehmen? Nennen Sie es Arbeitskr\u00e4fte, Personal, Team, die Menschen, die f\u00fcr Sie arbeiten, sind das Herz und der Geist Ihres Unternehmens. Unabh\u00e4ngig davon, ob Sie ein kleines, mittleres oder gro\u00dfes Unternehmen leiten, gibt es Kernfunktionen im Zusammenhang mit der Personalabteilung, die bei unsachgem\u00e4\u00dfer Handhabung echte Kopfschmerzen bereiten k\u00f6nnen.&hellip;","_links":{"self":[{"href":"https:\/\/invest-in-albania.org\/de\/wp-json\/wp\/v2\/pages\/59976"}],"collection":[{"href":"https:\/\/invest-in-albania.org\/de\/wp-json\/wp\/v2\/pages"}],"about":[{"href":"https:\/\/invest-in-albania.org\/de\/wp-json\/wp\/v2\/types\/page"}],"author":[{"embeddable":true,"href":"https:\/\/invest-in-albania.org\/de\/wp-json\/wp\/v2\/users\/2"}],"replies":[{"embeddable":true,"href":"https:\/\/invest-in-albania.org\/de\/wp-json\/wp\/v2\/comments?post=59976"}],"version-history":[{"count":1,"href":"https:\/\/invest-in-albania.org\/de\/wp-json\/wp\/v2\/pages\/59976\/revisions"}],"predecessor-version":[{"id":59977,"href":"https:\/\/invest-in-albania.org\/de\/wp-json\/wp\/v2\/pages\/59976\/revisions\/59977"}],"wp:attachment":[{"href":"https:\/\/invest-in-albania.org\/de\/wp-json\/wp\/v2\/media?parent=59976"}],"curies":[{"name":"wp","href":"https:\/\/api.w.org\/{rel}","templated":true}]}}