{"id":59972,"date":"2024-04-05T20:58:04","date_gmt":"2024-04-05T18:58:04","guid":{"rendered":"https:\/\/invest-in-albania.org\/?page_id=59972"},"modified":"2024-04-05T20:58:11","modified_gmt":"2024-04-05T18:58:11","slug":"warum-brauchen-sie-outsourcing","status":"publish","type":"page","link":"https:\/\/invest-in-albania.org\/de\/warum-brauchen-sie-outsourcing\/","title":{"rendered":"Warum brauchen Sie Outsourcing?"},"content":{"rendered":"<div class=\"wp-block-image\">\n<figure class=\"alignright\"><img loading=\"lazy\" decoding=\"async\" width=\"1024\" height=\"490\" src=\"http:\/\/new.invest-in-albania.org\/wp-content\/uploads\/why-outsource-1024x490.jpg\" alt=\"\" class=\"wp-image-40896\" srcset=\"https:\/\/invest-in-albania.org\/wp-content\/uploads\/why-outsource-1024x490.jpg 1024w, https:\/\/invest-in-albania.org\/wp-content\/uploads\/why-outsource-300x143.jpg 300w, https:\/\/invest-in-albania.org\/wp-content\/uploads\/why-outsource-768x367.jpg 768w, https:\/\/invest-in-albania.org\/wp-content\/uploads\/why-outsource-580x277.jpg 580w, https:\/\/invest-in-albania.org\/wp-content\/uploads\/why-outsource-860x411.jpg 860w, https:\/\/invest-in-albania.org\/wp-content\/uploads\/why-outsource-1160x555.jpg 1160w, https:\/\/invest-in-albania.org\/wp-content\/uploads\/why-outsource.jpg 1280w\" sizes=\"(max-width: 1024px) 100vw, 1024px\" \/><\/figure><\/div>\n\n\n<p>Es gibt Hunderttausende von Menschen, die erkl\u00e4ren, warum und wie Unternehmen vom Outsourcing profitieren. Um es in einfachen Worten auszudr\u00fccken, sagen sie, dass eine Organisation, ein Unternehmen oder ein Start-up in dem Moment, in dem es eine dritte Partei findet, die bestimmte Aufgaben delegiert, mehr Zeit hat, sich auf das zu konzentrieren, was wirklich wichtig ist. Das ist gut, aber reicht das aus, um jemanden zum Outsourcing zu bewegen?<\/p>\n\n\n\n<p>Was sie vergessen zu sagen ist, dass die F\u00fchrungskr\u00e4fte, die f\u00fcr jede von ihnen oder einem ihrer Teammitglieder getroffene Entscheidung verantwortlich sind, nicht die Zeit oder die richtigen Antworten f\u00fcr alles haben.<\/p>\n\n\n\n<p>Es ist m\u00f6glich, sich in verschiedenen Sektoren auszukennen, ohne ein Experte zu sein, aber es ist schwierig f\u00fcr eine F\u00fchrungskraft, sich um alles zu k\u00fcmmern und sicher zu sein, dass alle Entscheidungen zu einem guten Ergebnis f\u00fchren werden. Ganz gleich, ob Sie ein Start-up oder ein etabliertes Unternehmen sind. Wenn Sie die F\u00fchrungskraft sind, erwarten Ihre Teammitglieder, dass Sie sie anleiten, w\u00e4hrend die Mitarbeiter der oberen Ebenen auf Ergebnisse warten, und zwar auf positive Ergebnisse.<\/p>\n\n\n\n<p>Denken Sie daran, dass alle Unternehmen das gleiche Ziel verfolgen: Wachstum und Expansion.<br>Denken Sie an kleine und mittelst\u00e4ndische Unternehmen. Sie konzentrieren sich auf Wachstumsstrategien, die kosteneffizient sein m\u00fcssen und gleichzeitig gew\u00e4hrleisten, dass das Unternehmen mit der Marktentwicklung Schritt h\u00e4lt.<br>Wenn Wachstum mit dem Aufbau eines gro\u00dfen Teams und verschiedener Abteilungen gleichgesetzt wird, besteht die Gefahr, dass sich dies in Zukunft negativ auf die Finanzlage des Unternehmens auswirkt.<br>Denken Sie an diese F\u00e4lle:<\/p>\n\n\n\n<p><strong>Auf der Suche nach talentierten Mitarbeitern<br><\/strong>Sie brauchen talentierte Leute in Ihrem Team. Sind Sie der Einzige?<br>Wenn Sie hoch qualifizierte Mitarbeiter suchen, sind Sie nicht der Einzige, der versucht, sie f\u00fcr sich zu gewinnen. Wenn ein hochqualifizierter Mitarbeiter Teil Ihres Teams wird, bedeutet das nicht, dass andere Personalvermittler ihre Suche nach Talenten einstellen. Auf der anderen Seite ist ein Mitarbeiter, der Sie verl\u00e4sst, weder der erste noch der letzte. Jeder Mitarbeiter, der sich zur K\u00fcndigung entschlie\u00dft, verursacht Kosten f\u00fcr das Unternehmen, und eine hohe Fluktuationsrate schadet der Produktivit\u00e4t, dem Management und den allgemeinen Zielen.<\/p>\n\n\n\n<p>Outsourcing ist eine L\u00f6sung f\u00fcr eine hohe Fluktuationsrate, da es hilft, hoch qualifizierte Mitarbeiter zu finden, wenn Sie sie brauchen und so lange Sie ihre Dienste ben\u00f6tigen. Dies ist eine kosteneffiziente Alternative, da die Arbeit erledigt werden kann, ohne dass Zeit f\u00fcr die Einstellung und Schulung neuer Teammitglieder verloren geht. Am wichtigsten ist, dass Sie nicht die Konsequenzen tragen m\u00fcssen, wenn Mitarbeiter mitten in einem wichtigen Projekt ausfallen.<br>Ihr Unternehmen wird sich zu einem gr\u00f6\u00dferen Netzwerk entwickeln, ohne dass Sie ein gr\u00f6\u00dferes Team ben\u00f6tigen.<\/p>\n\n\n\n<p><strong>Reibungslose Abl\u00e4ufe \u2026 reibungslose Abl\u00e4ufe<br><\/strong>Viele Unternehmen entscheiden sich f\u00fcr die Auslagerung von Gesch\u00e4ftsprozessen und Abl\u00e4ufen, die als langweilig oder wenig aufregend gelten oder f\u00fcr die eine neue Abteilung und die Suche nach den richtigen Mitarbeitern f\u00fcr diese Aufgaben erforderlich sind. Stattdessen delegieren diese Unternehmen oder Start-ups Prozesse wie Buchhaltung, Personalwesen, Kundensupport oder Steuervorbereitungen an Dritte, die diese Aufgaben reibungslos erledigen.<\/p>\n\n\n\n<p><strong>F\u00fcllen Sie die Kommunikationsl\u00fccke<br><\/strong>Eine gute Kommunikation ist f\u00fcr den Arbeitsplatz unerl\u00e4sslich, da sie sich auf die Gesamtleistung eines Unternehmens auswirken kann. Es gibt verschiedene Probleme im Zusammenhang mit der Kommunikation, z. B. in Bezug auf die Beziehungen zwischen dem Team und den Managern oder leitenden Angestellten oder zwischen letzteren und Vorstandsmitgliedern. Die Mitarbeiter z\u00f6gern im Allgemeinen, ihre Meinung zu bestimmten Problemen oder Situationen zu \u00e4u\u00dfern. Andererseits kann ein von seinem Ego getriebener Manager oder CEO, der jede Entscheidung f\u00fcr die beste h\u00e4lt und die Kommunikation mit den oberen Ebenen einstellt, zu einem Chaos f\u00fchren.<\/p>\n\n\n\n<p>Der Vorteil des Outsourcings ist, dass das ausgelagerte Team nicht z\u00f6gern wird, auf ein Problem hinzuweisen, das ihm aufgefallen ist. Dar\u00fcber hinaus wird aufgrund des Profils erwartet, dass das Unternehmen \u00fcber viel Erfahrung verf\u00fcgt und eine L\u00f6sung f\u00fcr ein Problem bieten kann, das niemand aus dem internen Team l\u00f6sen k\u00f6nnte.<\/p>\n\n\n\n<p>Kurz gesagt, Sie gewinnen ein stabiles Team, sparen Kosten, schaffen Werte und erhalten L\u00f6sungen, w\u00e4hrend Sie sich auf das Wesentliche konzentrieren. Wo sollte man nach einem Outsourcing-Unternehmen suchen? Das h\u00e4ngt von den Gesch\u00e4ftsprozessen ab, die Sie auslagern m\u00f6chten, und von den F\u00e4higkeiten, die f\u00fcr deren Ausf\u00fchrung erforderlich sind. Sie k\u00f6nnen verschiedene Optionen erkunden, von etablierten bis zu aufstrebenden Outsourcing-L\u00e4ndern wie Albanien.<\/p>\n","protected":false},"excerpt":{"rendered":"<p>Es gibt Hunderttausende von Menschen, die erkl\u00e4ren, warum und wie Unternehmen vom Outsourcing profitieren. Um es in einfachen Worten auszudr\u00fccken, sagen sie, dass eine Organisation, ein Unternehmen oder ein Start-up in dem Moment, in dem es eine dritte Partei findet, die bestimmte Aufgaben delegiert, mehr Zeit hat, sich auf das zu konzentrieren, was wirklich wichtig [&hellip;]<\/p>\n","protected":false},"author":2,"featured_media":40898,"parent":0,"menu_order":29,"comment_status":"closed","ping_status":"closed","template":"","meta":{"_uag_custom_page_level_css":"","_genesis_hide_title":false,"_genesis_hide_breadcrumbs":false,"_genesis_hide_singular_image":false,"_genesis_hide_footer_widgets":false,"_genesis_custom_body_class":"","_genesis_custom_post_class":"","_genesis_layout":"","_themeisle_gutenberg_block_has_review":false,"footnotes":""},"featured_image_src":"https:\/\/invest-in-albania.org\/wp-content\/uploads\/why-outsource.jpg","featured_image_src_square":"https:\/\/invest-in-albania.org\/wp-content\/uploads\/why-outsource.jpg","uagb_featured_image_src":{"full":["https:\/\/invest-in-albania.org\/wp-content\/uploads\/why-outsource.jpg",1280,612,false],"thumbnail":["https:\/\/invest-in-albania.org\/wp-content\/uploads\/why-outsource-280x195.jpg",280,195,true],"medium":["https:\/\/invest-in-albania.org\/wp-content\/uploads\/why-outsource-300x143.jpg",300,143,true],"medium_large":["https:\/\/invest-in-albania.org\/wp-content\/uploads\/why-outsource-768x367.jpg",768,367,true],"large":["https:\/\/invest-in-albania.org\/wp-content\/uploads\/why-outsource-1024x490.jpg",1024,490,true],"1536x1536":["https:\/\/invest-in-albania.org\/wp-content\/uploads\/why-outsource.jpg",1280,612,false],"2048x2048":["https:\/\/invest-in-albania.org\/wp-content\/uploads\/why-outsource.jpg",1280,612,false],"single-featured-image":["https:\/\/invest-in-albania.org\/wp-content\/uploads\/why-outsource.jpg",805,385,false],"blog-featured-image":["https:\/\/invest-in-albania.org\/wp-content\/uploads\/why-outsource.jpg",607,290,false],"home-featured":["https:\/\/invest-in-albania.org\/wp-content\/uploads\/why-outsource.jpg",380,182,false],"gb-block-post-grid-landscape":["https:\/\/invest-in-albania.org\/wp-content\/uploads\/why-outsource.jpg",600,287,false],"gb-block-post-grid-square":["https:\/\/invest-in-albania.org\/wp-content\/uploads\/why-outsource.jpg",600,287,false]},"uagb_author_info":{"display_name":"Vjollca Shehu","author_link":"https:\/\/invest-in-albania.org\/de\/author\/iia\/"},"uagb_comment_info":0,"uagb_excerpt":"Es gibt Hunderttausende von Menschen, die erkl\u00e4ren, warum und wie Unternehmen vom Outsourcing profitieren. Um es in einfachen Worten auszudr\u00fccken, sagen sie, dass eine Organisation, ein Unternehmen oder ein Start-up in dem Moment, in dem es eine dritte Partei findet, die bestimmte Aufgaben delegiert, mehr Zeit hat, sich auf das zu konzentrieren, was wirklich wichtig&hellip;","_links":{"self":[{"href":"https:\/\/invest-in-albania.org\/de\/wp-json\/wp\/v2\/pages\/59972"}],"collection":[{"href":"https:\/\/invest-in-albania.org\/de\/wp-json\/wp\/v2\/pages"}],"about":[{"href":"https:\/\/invest-in-albania.org\/de\/wp-json\/wp\/v2\/types\/page"}],"author":[{"embeddable":true,"href":"https:\/\/invest-in-albania.org\/de\/wp-json\/wp\/v2\/users\/2"}],"replies":[{"embeddable":true,"href":"https:\/\/invest-in-albania.org\/de\/wp-json\/wp\/v2\/comments?post=59972"}],"version-history":[{"count":1,"href":"https:\/\/invest-in-albania.org\/de\/wp-json\/wp\/v2\/pages\/59972\/revisions"}],"predecessor-version":[{"id":59973,"href":"https:\/\/invest-in-albania.org\/de\/wp-json\/wp\/v2\/pages\/59972\/revisions\/59973"}],"wp:featuredmedia":[{"embeddable":true,"href":"https:\/\/invest-in-albania.org\/de\/wp-json\/wp\/v2\/media\/40898"}],"wp:attachment":[{"href":"https:\/\/invest-in-albania.org\/de\/wp-json\/wp\/v2\/media?parent=59972"}],"curies":[{"name":"wp","href":"https:\/\/api.w.org\/{rel}","templated":true}]}}