{"id":59964,"date":"2024-04-04T00:02:33","date_gmt":"2024-04-03T22:02:33","guid":{"rendered":"https:\/\/invest-in-albania.org\/?page_id=59964"},"modified":"2024-04-04T00:02:38","modified_gmt":"2024-04-03T22:02:38","slug":"globale-bpo-industrie-fakten-in-zahlen","status":"publish","type":"page","link":"https:\/\/invest-in-albania.org\/de\/globale-bpo-industrie-fakten-in-zahlen\/","title":{"rendered":"Globale BPO-Industrie Fakten in Zahlen"},"content":{"rendered":"<div class=\"wp-block-image\">\n<figure class=\"aligncenter\"><img loading=\"lazy\" decoding=\"async\" width=\"1024\" height=\"682\" src=\"http:\/\/new.invest-in-albania.org\/wp-content\/uploads\/network-1024x682.jpg\" alt=\"\" class=\"wp-image-41899\" srcset=\"https:\/\/invest-in-albania.org\/wp-content\/uploads\/network-1024x682.jpg 1024w, https:\/\/invest-in-albania.org\/wp-content\/uploads\/network-300x200.jpg 300w, https:\/\/invest-in-albania.org\/wp-content\/uploads\/network-768x512.jpg 768w, https:\/\/invest-in-albania.org\/wp-content\/uploads\/network-580x387.jpg 580w, https:\/\/invest-in-albania.org\/wp-content\/uploads\/network-860x573.jpg 860w, https:\/\/invest-in-albania.org\/wp-content\/uploads\/network-1160x773.jpg 1160w, https:\/\/invest-in-albania.org\/wp-content\/uploads\/network.jpg 1280w\" sizes=\"(max-width: 1024px) 100vw, 1024px\" \/><\/figure><\/div>\n\n\n<p>Die globale Marktgr\u00f6\u00dfe von BPOs stieg von 45,6 Milliarden Dollar im Jahr 2000 auf 88,9 Milliarden Dollar im Jahr 2017<\/p>\n\n\n\n<p>Der im Jahr 2017 erzielte Umsatz nach Art der ausgelagerten Dienstleistung wurde aufgeteilt in:<br>64,3 Mrd. USD durch Informationstechnologie-Outsourcing (ITO)<br>24,6 Mrd. $ durch Business Process Outsourcing (BPO)<\/p>\n\n\n\n<p>Laut den Statistiken f\u00fcr das vierte Quartal 2017 waren die BPO-Segmente mit der h\u00f6chsten Marktgr\u00f6\u00dfe:<br>Outsourcing-Dienstleistungen f\u00fcr Humanressourcen: 3.981 Millionen Dollar<br>Finanz- und Buchhaltungsdienstleistungen: 1.517 Mio. USD<br>Sonstige BPO-Dienstleistungen: 956 Mio. US-Dollar<br>Dienstleistungen im Bereich Lieferkettenmanagement: 384 Millionen Dollar<br>Geb\u00fcndelte BPO-Dienste: 280 Millionen Dollar<br>KPO: 41 Millionen Dollar<br>L\u00f6sungen f\u00fcr das Kundenbeziehungsmanagement: 28 Millionen Dollar<br>Inhaltsverwaltung: 10 Millionen Dollar<\/p>\n\n\n\n<p>Laut der Statistik f\u00fcr das vierte Quartal 2017 waren die ITO-Segmente mit der h\u00f6chsten Marktgr\u00f6\u00dfe:<br>IT geb\u00fcndelt: 21,1 Mrd. $<br>Informations- und Kommunikationstechnologie-Dienstleistungen (ICT): 6,1 Milliarden Dollar<br>Systemintegration: 1,6 Mrd. US-Dollar<br>App-Entwicklung und -Wartung: 1 Milliarde US-Dollar<br>Soziale, mobile, analytische und Cloud-Dienste: 0,7 Milliarden Dollar<br>IT-Infrastruktur: 0,2 Mrd. US-Dollar<br>Implementierung von Unternehmensressourcenplanung und Unterst\u00fctzungsdienste: 0,1 Mrd. USD<\/p>\n\n\n\n<p>Die Region mit dem h\u00f6chsten Umsatz der Outsourcing-Branche im Jahr 2017 war EMEA (Europa, Naher Osten, Afrika) mit 55,6 Milliarden US-Dollar.<\/p>\n\n\n\n<p>Die f\u00fchrenden L\u00e4nder im Bereich der Offshore-Unternehmensdienstleistungen im Jahr 2017 wurden anhand von drei Hauptfaktoren ermittelt:<br>Finanzielle Attraktivit\u00e4t<br>Qualifikation und Verf\u00fcgbarkeit der Mitarbeiter<br>Gesch\u00e4ftsumfeld<br>Die f\u00fcnf f\u00fchrenden L\u00e4nder bei Offshore-Unternehmensdienstleistungen waren:<br>Indien<br>China<br>Malaysia<br>Brasilien<br>Indonesien<\/p>\n\n\n\n<p>Die f\u00fcnf finanziell attraktivsten L\u00e4nder f\u00fcr Offshore-Unternehmensdienstleistungen im Jahr 2017<br>Sri Lanka<br>\u00c4gypten<br>Pakistan<br>Bangladesch<br>Vietnam<\/p>\n\n\n\n<p>BPO-Marktanteile nach Anbietern f\u00fcr 2016<\/p>\n\n\n\n<p>Automatische Datenverarbeitung 7%<br>FIS 5%<br>First Data 4%<br>Xerox 4%<br>Capita 3%<br>Accenture 3%<br>TSYS 3%<br>Teleleistung 2%<br>Broadridge Finanzl\u00f6sungen: 2%<br>Paychex: 2%<br>Andere: 65%<\/p>\n\n\n\n<p>Die f\u00fcnf f\u00fchrenden Unternehmen auf dem Markt f\u00fcr ausgelagerte Dienstleistungen im Jahr 2017<br>Teleperformance: 4 Milliarden Dollar<br>Convergys: 2,8 Mrd. $<br>Alorica: 2,47 Mrd. $<br>Concentrix: $1,98 Mrd.<br>Acticall Sitel: 1,66 Mrd. US-Dollar<\/p>\n\n\n\n<p>Wachstum der Outsourcing-Trends f\u00fcr Unternehmensfunktionen von 2017 bis 2018<br>IT von 74% auf 78%<br>Steuern von 56% auf 92%<br>HR von 52% auf 88%<br>Beschaffung von 43% auf 92%<br>Finanzen von 39 auf 89%<\/p>\n","protected":false},"excerpt":{"rendered":"<p>Die globale Marktgr\u00f6\u00dfe von BPOs stieg von 45,6 Milliarden Dollar im Jahr 2000 auf 88,9 Milliarden Dollar im Jahr 2017 Der im Jahr 2017 erzielte Umsatz nach Art der ausgelagerten Dienstleistung wurde aufgeteilt in:64,3 Mrd. USD durch Informationstechnologie-Outsourcing (ITO)24,6 Mrd. $ durch Business Process Outsourcing (BPO) Laut den Statistiken f\u00fcr das vierte Quartal 2017 waren [&hellip;]<\/p>\n","protected":false},"author":2,"featured_media":41901,"parent":0,"menu_order":15,"comment_status":"closed","ping_status":"closed","template":"","meta":{"_uag_custom_page_level_css":"","_genesis_hide_title":false,"_genesis_hide_breadcrumbs":false,"_genesis_hide_singular_image":false,"_genesis_hide_footer_widgets":false,"_genesis_custom_body_class":"","_genesis_custom_post_class":"","_genesis_layout":"","_themeisle_gutenberg_block_has_review":false,"footnotes":""},"featured_image_src":"https:\/\/invest-in-albania.org\/wp-content\/uploads\/network.jpg","featured_image_src_square":"https:\/\/invest-in-albania.org\/wp-content\/uploads\/network.jpg","uagb_featured_image_src":{"full":["https:\/\/invest-in-albania.org\/wp-content\/uploads\/network.jpg",1280,853,false],"thumbnail":["https:\/\/invest-in-albania.org\/wp-content\/uploads\/network-280x195.jpg",280,195,true],"medium":["https:\/\/invest-in-albania.org\/wp-content\/uploads\/network-300x200.jpg",300,200,true],"medium_large":["https:\/\/invest-in-albania.org\/wp-content\/uploads\/network-768x512.jpg",768,512,true],"large":["https:\/\/invest-in-albania.org\/wp-content\/uploads\/network-1024x682.jpg",1024,682,true],"1536x1536":["https:\/\/invest-in-albania.org\/wp-content\/uploads\/network.jpg",1280,853,false],"2048x2048":["https:\/\/invest-in-albania.org\/wp-content\/uploads\/network.jpg",1280,853,false],"single-featured-image":["https:\/\/invest-in-albania.org\/wp-content\/uploads\/network.jpg",578,385,false],"blog-featured-image":["https:\/\/invest-in-albania.org\/wp-content\/uploads\/network.jpg",435,290,false],"home-featured":["https:\/\/invest-in-albania.org\/wp-content\/uploads\/network.jpg",380,253,false],"gb-block-post-grid-landscape":["https:\/\/invest-in-albania.org\/wp-content\/uploads\/network.jpg",600,400,false],"gb-block-post-grid-square":["https:\/\/invest-in-albania.org\/wp-content\/uploads\/network.jpg",600,400,false]},"uagb_author_info":{"display_name":"Vjollca Shehu","author_link":"https:\/\/invest-in-albania.org\/de\/author\/iia\/"},"uagb_comment_info":0,"uagb_excerpt":"Die globale Marktgr\u00f6\u00dfe von BPOs stieg von 45,6 Milliarden Dollar im Jahr 2000 auf 88,9 Milliarden Dollar im Jahr 2017 Der im Jahr 2017 erzielte Umsatz nach Art der ausgelagerten Dienstleistung wurde aufgeteilt in:64,3 Mrd. USD durch Informationstechnologie-Outsourcing (ITO)24,6 Mrd. $ durch Business Process Outsourcing (BPO) Laut den Statistiken f\u00fcr das vierte Quartal 2017 waren&hellip;","_links":{"self":[{"href":"https:\/\/invest-in-albania.org\/de\/wp-json\/wp\/v2\/pages\/59964"}],"collection":[{"href":"https:\/\/invest-in-albania.org\/de\/wp-json\/wp\/v2\/pages"}],"about":[{"href":"https:\/\/invest-in-albania.org\/de\/wp-json\/wp\/v2\/types\/page"}],"author":[{"embeddable":true,"href":"https:\/\/invest-in-albania.org\/de\/wp-json\/wp\/v2\/users\/2"}],"replies":[{"embeddable":true,"href":"https:\/\/invest-in-albania.org\/de\/wp-json\/wp\/v2\/comments?post=59964"}],"version-history":[{"count":1,"href":"https:\/\/invest-in-albania.org\/de\/wp-json\/wp\/v2\/pages\/59964\/revisions"}],"predecessor-version":[{"id":59965,"href":"https:\/\/invest-in-albania.org\/de\/wp-json\/wp\/v2\/pages\/59964\/revisions\/59965"}],"wp:featuredmedia":[{"embeddable":true,"href":"https:\/\/invest-in-albania.org\/de\/wp-json\/wp\/v2\/media\/41901"}],"wp:attachment":[{"href":"https:\/\/invest-in-albania.org\/de\/wp-json\/wp\/v2\/media?parent=59964"}],"curies":[{"name":"wp","href":"https:\/\/api.w.org\/{rel}","templated":true}]}}