{"id":59960,"date":"2024-04-03T23:57:29","date_gmt":"2024-04-03T21:57:29","guid":{"rendered":"https:\/\/invest-in-albania.org\/?page_id=59960"},"modified":"2024-04-03T23:57:34","modified_gmt":"2024-04-03T21:57:34","slug":"wohin-soll-man-in-osteuropa-auslagern","status":"publish","type":"page","link":"https:\/\/invest-in-albania.org\/de\/warum-softwareentwicklung-nach-osteuropa-auslagern\/wohin-soll-man-in-osteuropa-auslagern\/","title":{"rendered":"Wohin soll man in Osteuropa auslagern?"},"content":{"rendered":"\n<figure class=\"wp-block-image\"><img loading=\"lazy\" decoding=\"async\" width=\"1024\" height=\"768\" src=\"http:\/\/new.invest-in-albania.org\/wp-content\/uploads\/sarnda-albania-1024x768.jpg\" alt=\"\" class=\"wp-image-41836\" srcset=\"https:\/\/invest-in-albania.org\/wp-content\/uploads\/sarnda-albania-1024x768.jpg 1024w, https:\/\/invest-in-albania.org\/wp-content\/uploads\/sarnda-albania-300x225.jpg 300w, https:\/\/invest-in-albania.org\/wp-content\/uploads\/sarnda-albania-768x576.jpg 768w, https:\/\/invest-in-albania.org\/wp-content\/uploads\/sarnda-albania-580x435.jpg 580w, https:\/\/invest-in-albania.org\/wp-content\/uploads\/sarnda-albania-860x645.jpg 860w, https:\/\/invest-in-albania.org\/wp-content\/uploads\/sarnda-albania-1160x870.jpg 1160w, https:\/\/invest-in-albania.org\/wp-content\/uploads\/sarnda-albania.jpg 1280w\" sizes=\"(max-width: 1024px) 100vw, 1024px\" \/><\/figure>\n\n\n\n<p>S\u00fcdosteuropa bietet als Outsourcing-Ziel gro\u00dfe Vorteile f\u00fcr Unternehmen, die sich f\u00fcr diese Branche interessieren. Vielleicht wissen Sie nicht viel \u00fcber Albanien, Bulgarien, Ungarn, Polen oder Rum\u00e4nien, aber diese L\u00e4nder entwickeln sich zu den Top-Outsourcing-Zielen in Osteuropa. Im Allgemeinen haben sie einige Vorteile gemeinsam, wie z. B. Kostensenkungen aufgrund der billigen Arbeitskosten, hochqualifizierte Arbeitskr\u00e4fte, kulturelle Affinit\u00e4t, einen starken Bildungshintergrund, eine mehrsprachige Bev\u00f6lkerung, keine Zeitzonenumstellung f\u00fcr europ\u00e4ische Verk\u00e4ufer und vieles mehr.<br>Unternehmen lagern ihre Funktionen und Dienstleistungen an andere Unternehmen und nicht an L\u00e4nder aus. Es gibt jedoch viele Faktoren, die ein Land im Vergleich zu seinen Nachbarn zu einer besseren Option f\u00fcr das Outsourcing machen.<br>Einige dieser L\u00e4nder bieten jedoch im Vergleich zu anderen L\u00e4ndern gr\u00f6\u00dfere Vorteile f\u00fcr bestimmte ausgelagerte Funktionen. Viele Unternehmen achten auf den A.T. Kearney Global Services Location Index, um mehr \u00fcber die Rangfolge der L\u00e4nder zu erfahren. Darin ist Albanien jedoch nicht enthalten, obwohl das Land \u00fcber eine erfahrene und seit langem etablierte BPO-Industrie verf\u00fcgt. Hier finden Sie das fehlende Puzzlest\u00fcck.<\/p>\n\n\n\n<p>Faktoren, die beim Outsourcing nach Osteuropa zu beachten sind<br>Die osteurop\u00e4ische Region und insbesondere die Balkanl\u00e4nder weisen trotz ihrer Gr\u00f6\u00dfe und Bev\u00f6lkerungszahl gemeinsame Merkmale in Bezug auf die historische, soziale und wirtschaftliche Entwicklung auf. Dennoch weist jedes dieser L\u00e4nder spezifische Merkmale auf, die in den Augen internationaler Unternehmen einen Unterschied machen.<br>Bev\u00f6lkerung<br>Unternehmen, die auf der Suche nach einem Outsourcing-Partner sind, achten besonders auf die F\u00e4higkeiten der Menschen und deren Verf\u00fcgbarkeit. Im Allgemeinen sind es die Hauptst\u00e4dte, die die talentiertesten und qualifiziertesten Menschen und gleichzeitig auch ausl\u00e4ndische Investoren anziehen. In den meisten F\u00e4llen ist das Durchschnittsalter der Bev\u00f6lkerung wichtiger als die Gesamtzahl der in einem Land lebenden Menschen.<\/p>\n\n\n\n<p>Das Medianalter im Jahr 2018 in:<br>Bulgarien: 42,7<br>Ungarn: 42,3<br>Rum\u00e4nien: 41,1<br>Polen: 40.7<br>Ukraine: 40,6<br>Slowakei: 40,5<br>Mazedonien: 37,9<br>Albanien: 32,9<\/p>\n\n\n\n<p>Unternehmen und Investoren achten auf solche Merkmale, wenn sie nach Expansionsm\u00f6glichkeiten zu geringeren Kosten suchen. Sie ber\u00fccksichtigen auch Faktoren wie:<br>Fremdsprachenkenntnisse, insbesondere Englisch und andere Sprachen, die in Westeuropa gesprochen werden, die Zahl der Studenten und j\u00e4hrlichen Absolventen in Informatik und Informationstechnologie, die Zahl der zertifizierten IT-Spezialisten,<br>Steuern<br>Nettol\u00f6hne und -geb\u00fchren<br>Immobilienkosten<br>Konnektivit\u00e4t<br>Standort<br>Expansive Aussichten<br>Auf der Grundlage all dieser Faktoren sind Bulgarien, Rum\u00e4nien und Albanien bisher die drei f\u00fchrenden L\u00e4nder in Osteuropa f\u00fcr Business Process Outsourcing (BPO). Die beiden erstgenannten L\u00e4nder sind Mitglieder der Europ\u00e4ischen Union, w\u00e4hrend Albanien als Beitrittskandidat dabei ist, seinen Rechtsrahmen an das EU-Recht anzupassen.<\/p>\n","protected":false},"excerpt":{"rendered":"<p>S\u00fcdosteuropa bietet als Outsourcing-Ziel gro\u00dfe Vorteile f\u00fcr Unternehmen, die sich f\u00fcr diese Branche interessieren. Vielleicht wissen Sie nicht viel \u00fcber Albanien, Bulgarien, Ungarn, Polen oder Rum\u00e4nien, aber diese L\u00e4nder entwickeln sich zu den Top-Outsourcing-Zielen in Osteuropa. Im Allgemeinen haben sie einige Vorteile gemeinsam, wie z. B. Kostensenkungen aufgrund der billigen Arbeitskosten, hochqualifizierte Arbeitskr\u00e4fte, kulturelle Affinit\u00e4t, [&hellip;]<\/p>\n","protected":false},"author":2,"featured_media":41838,"parent":59955,"menu_order":0,"comment_status":"closed","ping_status":"closed","template":"","meta":{"_uag_custom_page_level_css":"","_genesis_hide_title":false,"_genesis_hide_breadcrumbs":false,"_genesis_hide_singular_image":false,"_genesis_hide_footer_widgets":false,"_genesis_custom_body_class":"","_genesis_custom_post_class":"","_genesis_layout":"","_themeisle_gutenberg_block_has_review":false,"footnotes":""},"featured_image_src":"https:\/\/invest-in-albania.org\/wp-content\/uploads\/sarnda-albania.jpg","featured_image_src_square":"https:\/\/invest-in-albania.org\/wp-content\/uploads\/sarnda-albania.jpg","uagb_featured_image_src":{"full":["https:\/\/invest-in-albania.org\/wp-content\/uploads\/sarnda-albania.jpg",1280,960,false],"thumbnail":["https:\/\/invest-in-albania.org\/wp-content\/uploads\/sarnda-albania-280x195.jpg",280,195,true],"medium":["https:\/\/invest-in-albania.org\/wp-content\/uploads\/sarnda-albania-300x225.jpg",300,225,true],"medium_large":["https:\/\/invest-in-albania.org\/wp-content\/uploads\/sarnda-albania-768x576.jpg",768,576,true],"large":["https:\/\/invest-in-albania.org\/wp-content\/uploads\/sarnda-albania-1024x768.jpg",1024,768,true],"1536x1536":["https:\/\/invest-in-albania.org\/wp-content\/uploads\/sarnda-albania.jpg",1280,960,false],"2048x2048":["https:\/\/invest-in-albania.org\/wp-content\/uploads\/sarnda-albania.jpg",1280,960,false],"single-featured-image":["https:\/\/invest-in-albania.org\/wp-content\/uploads\/sarnda-albania.jpg",513,385,false],"blog-featured-image":["https:\/\/invest-in-albania.org\/wp-content\/uploads\/sarnda-albania.jpg",387,290,false],"home-featured":["https:\/\/invest-in-albania.org\/wp-content\/uploads\/sarnda-albania.jpg",380,285,false],"gb-block-post-grid-landscape":["https:\/\/invest-in-albania.org\/wp-content\/uploads\/sarnda-albania.jpg",533,400,false],"gb-block-post-grid-square":["https:\/\/invest-in-albania.org\/wp-content\/uploads\/sarnda-albania.jpg",600,450,false]},"uagb_author_info":{"display_name":"Vjollca Shehu","author_link":"https:\/\/invest-in-albania.org\/de\/author\/iia\/"},"uagb_comment_info":0,"uagb_excerpt":"S\u00fcdosteuropa bietet als Outsourcing-Ziel gro\u00dfe Vorteile f\u00fcr Unternehmen, die sich f\u00fcr diese Branche interessieren. Vielleicht wissen Sie nicht viel \u00fcber Albanien, Bulgarien, Ungarn, Polen oder Rum\u00e4nien, aber diese L\u00e4nder entwickeln sich zu den Top-Outsourcing-Zielen in Osteuropa. Im Allgemeinen haben sie einige Vorteile gemeinsam, wie z. B. Kostensenkungen aufgrund der billigen Arbeitskosten, hochqualifizierte Arbeitskr\u00e4fte, kulturelle Affinit\u00e4t,&hellip;","_links":{"self":[{"href":"https:\/\/invest-in-albania.org\/de\/wp-json\/wp\/v2\/pages\/59960"}],"collection":[{"href":"https:\/\/invest-in-albania.org\/de\/wp-json\/wp\/v2\/pages"}],"about":[{"href":"https:\/\/invest-in-albania.org\/de\/wp-json\/wp\/v2\/types\/page"}],"author":[{"embeddable":true,"href":"https:\/\/invest-in-albania.org\/de\/wp-json\/wp\/v2\/users\/2"}],"replies":[{"embeddable":true,"href":"https:\/\/invest-in-albania.org\/de\/wp-json\/wp\/v2\/comments?post=59960"}],"version-history":[{"count":1,"href":"https:\/\/invest-in-albania.org\/de\/wp-json\/wp\/v2\/pages\/59960\/revisions"}],"predecessor-version":[{"id":59961,"href":"https:\/\/invest-in-albania.org\/de\/wp-json\/wp\/v2\/pages\/59960\/revisions\/59961"}],"up":[{"embeddable":true,"href":"https:\/\/invest-in-albania.org\/de\/wp-json\/wp\/v2\/pages\/59955"}],"wp:featuredmedia":[{"embeddable":true,"href":"https:\/\/invest-in-albania.org\/de\/wp-json\/wp\/v2\/media\/41838"}],"wp:attachment":[{"href":"https:\/\/invest-in-albania.org\/de\/wp-json\/wp\/v2\/media?parent=59960"}],"curies":[{"name":"wp","href":"https:\/\/api.w.org\/{rel}","templated":true}]}}