{"id":59955,"date":"2024-04-03T23:53:31","date_gmt":"2024-04-03T21:53:31","guid":{"rendered":"https:\/\/invest-in-albania.org\/?page_id=59955"},"modified":"2024-04-03T23:53:36","modified_gmt":"2024-04-03T21:53:36","slug":"warum-softwareentwicklung-nach-osteuropa-auslagern","status":"publish","type":"page","link":"https:\/\/invest-in-albania.org\/de\/warum-softwareentwicklung-nach-osteuropa-auslagern\/","title":{"rendered":"Warum Softwareentwicklung nach Osteuropa auslagern?"},"content":{"rendered":"<div class=\"wp-block-image\">\n<figure class=\"alignright\"><img loading=\"lazy\" decoding=\"async\" width=\"1024\" height=\"435\" src=\"http:\/\/new.invest-in-albania.org\/wp-content\/uploads\/background-1024x435.jpg\" alt=\"\" class=\"wp-image-40868\" srcset=\"https:\/\/invest-in-albania.org\/wp-content\/uploads\/background-1024x435.jpg 1024w, https:\/\/invest-in-albania.org\/wp-content\/uploads\/background-300x128.jpg 300w, https:\/\/invest-in-albania.org\/wp-content\/uploads\/background-768x326.jpg 768w, https:\/\/invest-in-albania.org\/wp-content\/uploads\/background-580x247.jpg 580w, https:\/\/invest-in-albania.org\/wp-content\/uploads\/background-860x366.jpg 860w, https:\/\/invest-in-albania.org\/wp-content\/uploads\/background-1160x493.jpg 1160w, https:\/\/invest-in-albania.org\/wp-content\/uploads\/background.jpg 1280w\" sizes=\"(max-width: 1024px) 100vw, 1024px\" \/><\/figure><\/div>\n\n\n<p>Es gibt L\u00e4nder, die die Idee der reduzierten Wochenarbeitszeit oder Arbeitstage unterst\u00fctzen, um die Lebensqualit\u00e4t ihrer Besch\u00e4ftigten zu verbessern. Man kann sich fragen, wie es ihnen gelingt, bei reduziertem Input die gleiche Menge an Output zu erzielen. Outsourcing kann eine Antwort sein.<\/p>\n\n\n\n<p>Viele Unternehmen unterschiedlicher Gr\u00f6\u00dfe m\u00fcssen mehr Mitarbeiter einstellen, wenn sie wachsen. Doch ein wachsendes Unternehmen braucht nicht unbedingt eine gro\u00dfe Zahl von Mitarbeitern. Dies f\u00fchrt zu hohen Kosten f\u00fcr interne Ausgaben wie Sozialleistungen, B\u00fcror\u00e4ume, Versorgungsleistungen, Ausr\u00fcstung und vieles mehr.<br>Outsourcing ist eine kluge Strategie, die es Unternehmen erm\u00f6glicht, zu wachsen und gleichzeitig einige interne Kosten und Aufgaben einzusparen, die das Budget und die Kultur des Unternehmens belasten w\u00fcrden.<\/p>\n\n\n\n<p>Seit vielen Jahren lagern gro\u00dfe und kleine Unternehmen aufgrund der niedrigen Arbeitskosten verschiedene Aufgaben an Nearshore- und Offshore-Standorte wie Indien, die Philippinen, China und Mexiko aus.<\/p>\n\n\n\n<p>Viele Jahre lang war die Kostensenkung der Hauptgrund, warum sich Unternehmen f\u00fcr die Auslagerung entschieden haben. Doch Faktoren wie die Talentl\u00fccke treiben die Unternehmen jetzt weltweit in neue Outsourcing-M\u00e4rkte.<br>Die oben erw\u00e4hnten L\u00e4nder beginnen, sich dem Wettbewerb zu stellen. Osteuropa entwickelt sich zu einem alternativen Markt, insbesondere f\u00fcr die Softwareentwicklung. Es gibt mehrere Gr\u00fcnde, warum osteurop\u00e4ische L\u00e4nder ein gutes Ziel f\u00fcr die Auslagerung von Softwareentwicklung und anderen T\u00e4tigkeiten sind.<\/p>\n\n\n\n<p><strong>Kosten<br><\/strong>Da niedrigere Kosten f\u00fcr Unternehmen interessant sind, die nach neuen M\u00e4rkten f\u00fcr die Auslagerung ihrer Softwareentwicklung suchen, sollten wir mit den Kosten beginnen. Es ist ein allgemeiner Trend, dass Unternehmen, die sich f\u00fcr die Auslagerung von Software oder IT-bezogenen Dienstleistungen entscheiden, sich nicht vollst\u00e4ndig auf die IT verlassen. Deshalb suchen sie nach Unternehmen, die ihnen helfen k\u00f6nnen, Dienstleistungen zu erschwinglichen Kosten zu erbringen. Softwareentwicklungsunternehmen in osteurop\u00e4ischen L\u00e4ndern haben fast die gleichen Kosten wie Unternehmen in Indien und sind dreimal g\u00fcnstiger als in den USA oder im Vereinigten K\u00f6nigreich.<\/p>\n\n\n\n<p><strong>Niedrigere Kosten, bessere Qualit\u00e4t<br><\/strong>Die osteurop\u00e4ischen L\u00e4nder geh\u00f6ren zu den 20 L\u00e4ndern mit den besten Entwicklern der Welt. In der Region Mittelosteuropa arbeiten \u00fcber eine Million Menschen in der Softwareentwicklung. Dieser Markt ist vor allem f\u00fcr Unternehmen aus dem Vereinigten K\u00f6nigreich, den Niederlanden, den USA, Frankreich, \u00d6sterreich und vielen anderen L\u00e4ndern attraktiv.<\/p>\n\n\n\n<p><strong>Hochwertige Bildung<br><\/strong>In Osteuropa gibt es eine gro\u00dfe Anzahl von Studenten, die Informatik und Computerwissenschaften studieren. Au\u00dferdem studieren viele junge Leute im Ausland. Ein weiterer Vorteil der Bildungssysteme in Osteuropa liegt im Bereich der Fremdsprachen. Es gibt viele Universit\u00e4ten, an denen Informatik und Computerwissenschaften in englischer Sprache angeboten werden. Die Tatsache, dass das Business Process Outsourcing (BPO) in diesem Teil Europas floriert, ist ein Beweis f\u00fcr die mehrsprachigen Arbeitskr\u00e4fte.<\/p>\n\n\n\n<p><strong>Rechtsstaatlichkeit und Sicherheit<br><\/strong>Die meisten MOE-L\u00e4nder sind Teil der Europ\u00e4ischen Union (EU). L\u00e4nder wie Albanien haben inzwischen den Status eines EU-Beitrittskandidaten erlangt und seitdem ihren Rechtsrahmen mit der EU harmonisiert. Daher sind Unternehmen, die in diesen L\u00e4ndern t\u00e4tig sind, an die Gesetze der BU oder andere Standards f\u00fcr Datensicherheit und -schutz gebunden.<br>In der Zwischenzeit ist die Ukraine ein gro\u00dfartiges Ziel f\u00fcr die Softwareentwicklung, aber die fehlende politische Stabilit\u00e4t wirkt sich auf die Entscheidung vieler Unternehmen f\u00fcr ein Outsourcing dorthin aus.<\/p>\n\n\n\n<p><strong>Kulturelle Affinit\u00e4t, Standort und Zeitzone<br><\/strong>Wenn es einen Fehler im Code gibt, kann es eine gro\u00dfe Sache sein, wenn der Verk\u00e4ufer und der Anbieter in unterschiedlichen Zeitzonen angesiedelt sind. Die MOE-L\u00e4nder sind etwa zwei Flugstunden von den anderen gro\u00dfen EU-Hauptst\u00e4dten entfernt. Daher muss man sich bei wichtigen Treffen keine Gedanken \u00fcber lange Anfahrtswege machen. Der Standort ist auch f\u00fcr Unternehmen wichtig, die in neue M\u00e4rkte expandieren wollen. Gleichzeitig ist er entscheidend f\u00fcr eine gute Vereinbarkeit von Beruf und Privatleben. Zufriedene Mitarbeiter sind der Schl\u00fcssel zu einer hohen Qualit\u00e4t der Arbeitsergebnisse.<\/p>\n\n\n\n<p>Die westlichen Balkanl\u00e4nder sind aufgrund ihres mediterranen Klimas und ihres Zugangs zur Adria und zum Ionischen Meer die besten Standorte. Au\u00dferdem vermeidet die kulturelle Affinit\u00e4t Kommunikationsprobleme und Missverst\u00e4ndnisse. Die Menschen in Osteuropa sind aufgeschlossen.<\/p>\n","protected":false},"excerpt":{"rendered":"<p>Es gibt L\u00e4nder, die die Idee der reduzierten Wochenarbeitszeit oder Arbeitstage unterst\u00fctzen, um die Lebensqualit\u00e4t ihrer Besch\u00e4ftigten zu verbessern. Man kann sich fragen, wie es ihnen gelingt, bei reduziertem Input die gleiche Menge an Output zu erzielen. Outsourcing kann eine Antwort sein. Viele Unternehmen unterschiedlicher Gr\u00f6\u00dfe m\u00fcssen mehr Mitarbeiter einstellen, wenn sie wachsen. Doch ein [&hellip;]<\/p>\n","protected":false},"author":2,"featured_media":40870,"parent":0,"menu_order":1,"comment_status":"closed","ping_status":"closed","template":"","meta":{"_uag_custom_page_level_css":"","_genesis_hide_title":false,"_genesis_hide_breadcrumbs":false,"_genesis_hide_singular_image":false,"_genesis_hide_footer_widgets":false,"_genesis_custom_body_class":"","_genesis_custom_post_class":"","_genesis_layout":"","_themeisle_gutenberg_block_has_review":false,"footnotes":""},"featured_image_src":"https:\/\/invest-in-albania.org\/wp-content\/uploads\/background.jpg","featured_image_src_square":"https:\/\/invest-in-albania.org\/wp-content\/uploads\/background.jpg","uagb_featured_image_src":{"full":["https:\/\/invest-in-albania.org\/wp-content\/uploads\/background.jpg",1280,544,false],"thumbnail":["https:\/\/invest-in-albania.org\/wp-content\/uploads\/background-280x195.jpg",280,195,true],"medium":["https:\/\/invest-in-albania.org\/wp-content\/uploads\/background-300x128.jpg",300,128,true],"medium_large":["https:\/\/invest-in-albania.org\/wp-content\/uploads\/background-768x326.jpg",768,326,true],"large":["https:\/\/invest-in-albania.org\/wp-content\/uploads\/background-1024x435.jpg",1024,435,true],"1536x1536":["https:\/\/invest-in-albania.org\/wp-content\/uploads\/background.jpg",1280,544,false],"2048x2048":["https:\/\/invest-in-albania.org\/wp-content\/uploads\/background.jpg",1280,544,false],"single-featured-image":["https:\/\/invest-in-albania.org\/wp-content\/uploads\/background.jpg",906,385,false],"blog-featured-image":["https:\/\/invest-in-albania.org\/wp-content\/uploads\/background.jpg",680,290,false],"home-featured":["https:\/\/invest-in-albania.org\/wp-content\/uploads\/background.jpg",380,162,false],"gb-block-post-grid-landscape":["https:\/\/invest-in-albania.org\/wp-content\/uploads\/background.jpg",600,255,false],"gb-block-post-grid-square":["https:\/\/invest-in-albania.org\/wp-content\/uploads\/background.jpg",600,255,false]},"uagb_author_info":{"display_name":"Vjollca Shehu","author_link":"https:\/\/invest-in-albania.org\/de\/author\/iia\/"},"uagb_comment_info":0,"uagb_excerpt":"Es gibt L\u00e4nder, die die Idee der reduzierten Wochenarbeitszeit oder Arbeitstage unterst\u00fctzen, um die Lebensqualit\u00e4t ihrer Besch\u00e4ftigten zu verbessern. Man kann sich fragen, wie es ihnen gelingt, bei reduziertem Input die gleiche Menge an Output zu erzielen. Outsourcing kann eine Antwort sein. Viele Unternehmen unterschiedlicher Gr\u00f6\u00dfe m\u00fcssen mehr Mitarbeiter einstellen, wenn sie wachsen. Doch ein&hellip;","_links":{"self":[{"href":"https:\/\/invest-in-albania.org\/de\/wp-json\/wp\/v2\/pages\/59955"}],"collection":[{"href":"https:\/\/invest-in-albania.org\/de\/wp-json\/wp\/v2\/pages"}],"about":[{"href":"https:\/\/invest-in-albania.org\/de\/wp-json\/wp\/v2\/types\/page"}],"author":[{"embeddable":true,"href":"https:\/\/invest-in-albania.org\/de\/wp-json\/wp\/v2\/users\/2"}],"replies":[{"embeddable":true,"href":"https:\/\/invest-in-albania.org\/de\/wp-json\/wp\/v2\/comments?post=59955"}],"version-history":[{"count":1,"href":"https:\/\/invest-in-albania.org\/de\/wp-json\/wp\/v2\/pages\/59955\/revisions"}],"predecessor-version":[{"id":59957,"href":"https:\/\/invest-in-albania.org\/de\/wp-json\/wp\/v2\/pages\/59955\/revisions\/59957"}],"wp:featuredmedia":[{"embeddable":true,"href":"https:\/\/invest-in-albania.org\/de\/wp-json\/wp\/v2\/media\/40870"}],"wp:attachment":[{"href":"https:\/\/invest-in-albania.org\/de\/wp-json\/wp\/v2\/media?parent=59955"}],"curies":[{"name":"wp","href":"https:\/\/api.w.org\/{rel}","templated":true}]}}