{"id":59950,"date":"2024-04-03T23:26:31","date_gmt":"2024-04-03T21:26:31","guid":{"rendered":"https:\/\/invest-in-albania.org\/?page_id=59950"},"modified":"2024-04-03T23:26:37","modified_gmt":"2024-04-03T21:26:37","slug":"die-wichtigsten-aufgaben-die-an-einen-virtuellen-assistenten-ausgelagert-werden-sollten","status":"publish","type":"page","link":"https:\/\/invest-in-albania.org\/de\/die-wichtigsten-aufgaben-die-an-einen-virtuellen-assistenten-ausgelagert-werden-sollten\/","title":{"rendered":"Die wichtigsten Aufgaben, die an einen virtuellen Assistenten ausgelagert werden sollten"},"content":{"rendered":"\n<figure class=\"wp-block-image\"><img loading=\"lazy\" decoding=\"async\" width=\"860\" height=\"541\" src=\"http:\/\/new.invest-in-albania.org\/wp-content\/uploads\/assistant-860x541.png\" alt=\"\" class=\"wp-image-40753\" srcset=\"https:\/\/invest-in-albania.org\/wp-content\/uploads\/assistant-860x541.png 860w, https:\/\/invest-in-albania.org\/wp-content\/uploads\/assistant-300x189.png 300w, https:\/\/invest-in-albania.org\/wp-content\/uploads\/assistant-1024x644.png 1024w, https:\/\/invest-in-albania.org\/wp-content\/uploads\/assistant-768x483.png 768w, https:\/\/invest-in-albania.org\/wp-content\/uploads\/assistant-580x365.png 580w, https:\/\/invest-in-albania.org\/wp-content\/uploads\/assistant-1160x730.png 1160w, https:\/\/invest-in-albania.org\/wp-content\/uploads\/assistant.png 1280w\" sizes=\"(max-width: 860px) 100vw, 860px\" \/><\/figure>\n\n\n\n<p>2020 ist das Jahr, das die Ordnung von allem ver\u00e4ndert hat, entweder vor\u00fcbergehend oder dauerhaft. Menschen und Institutionen kamen zu der Erkenntnis, dass starre Arbeits- oder Bildungsb\u00fcrokratien, die als obligatorisch galten, in flexible Praktiken umdefiniert werden k\u00f6nnen und dennoch effektiv sind. Selbst die skeptischsten Vorstandsvorsitzenden, Manager und Lehrer akzeptierten, dass Fernarbeit oder Online-Bildung sinnvolle Optionen sein k\u00f6nnen. Kurz gesagt, die COVID-19 hat L\u00f6sungen aufgezeigt, die es schon seit Jahren gibt, die aber aufgrund von Skepsis oder mangelnder Bereitschaft nicht genutzt werden.<\/p>\n\n\n\n<p>Etwas von jemandem erledigen zu lassen, der in einem anderen Land oder einer anderen Zeitzone lebt, ist heute normal. Bitten die Menschen nicht normalerweise um die Hilfe von Siri oder Alexa, um das Leben einfacher und gleichzeitig produktiver zu gestalten?<br>Wenn solche Apps schon bis zu einem gewissen Grad bei der Erstellung einer To-Do-Liste helfen k\u00f6nnen, w\u00e4re ein menschlicher virtueller Assistent noch hilfreicher. <a href=\"https:\/\/www.infognana.com\/why-virtual-assistant-services-are-getting-popular-amid-covid-19\/\" target=\"_blank\" rel=\"noopener noreferrer\">Virtuelle Assistenten haben w\u00e4hrend der Pandemie<\/a> definitiv zugenommen, und es scheint, dass sie auch auf dem Arbeitsmarkt nach der Pandemie weiter bestehen werden.<\/p>\n\n\n\n<h3 class=\"wp-block-heading\">Warum einen virtuellen Assistenten einstellen? Lehren aus COVID-19<\/h3>\n\n\n\n<p>Schon vor der Pandemie wurden VA-Strategien eingesetzt, um die internen Ressourcen optimal zu nutzen, vor allem in den ersten Gesch\u00e4ftsphasen. M\u00fchsame und zeitaufw\u00e4ndige Aufgaben wurden an VA oder Anbieter von VA-Diensten delegiert. So konnten sich Existenzgr\u00fcnder und kleine Unternehmen darauf konzentrieren, produktiv und effizient zu arbeiten und gleichzeitig Zeit und Geld zu sparen. VA-Dienste erwiesen sich im Jahr 2020 als sehr n\u00fctzlich, als viele Unternehmen gezwungen waren, 2020 Mitarbeiter zu entlassen, w\u00e4hrend sie ihren Betrieb in kleineren Teams weiterf\u00fchrten.<\/p>\n\n\n\n<p>Ein weiterer Vorteil von virtuellen Assistenten ist ihre Flexibilit\u00e4t. Das bedeutet, dass Unternehmen ihre Mitarbeiterzahl je nach den spezifischen Aufgaben oder Projekten erh\u00f6hen oder verringern k\u00f6nnen. Dies senkt die Kosten f\u00fcr die Personalbeschaffung, die Schulung und Einarbeitung von Mitarbeitern sowie das Risiko, dass Mitarbeiter mitten im Projekt ausscheiden.<br>Flexibilit\u00e4t bedeutet auch Zugang zu einem globalen statt einem lokalen Talentpool.<br>VA kann dazu beitragen, die Arbeitsbelastung im Allgemeinen und in Krisenzeiten im Besonderen zu verringern.<\/p>\n\n\n\n<h3 class=\"wp-block-heading\">Die wichtigsten Aufgaben, die an einen virtuellen Assistenten ausgelagert werden sollten<\/h3>\n\n\n\n<p>Die Antwort h\u00e4ngt davon ab, wer der Verk\u00e4ufer ist und worin seine T\u00e4tigkeit besteht. Die Verk\u00e4ufer reichen von Einzelpersonen \u00fcber Start-ups bis hin zu gr\u00f6\u00dferen Unternehmen. Die Aufgaben haben jedoch eines gemeinsam. Sie sind l\u00e4stig oder unaufregend, suchen Sie sich das Adjektiv Ihrer Wahl aus.<br>Es gibt jedoch eine Liste der wichtigsten Aufgaben, die an einen VA delegiert werden sollten<\/p>\n\n\n\n<ol>\n<li>E-Mail-Verwaltung<\/li>\n\n\n\n<li>Erstellung grundlegender Berichte<\/li>\n\n\n\n<li>Einrichtung von Autorespondern<\/li>\n\n\n\n<li>Texttranskription<\/li>\n\n\n\n<li>\u00dcbersetzungsdienste<\/li>\n\n\n\n<li>Einrichten von Konten in sozialen Medien<\/li>\n\n\n\n<li>Verwaltung sozialer Medien<\/li>\n\n\n\n<li>Telefonanrufe<\/li>\n\n\n\n<li>Pers\u00f6nliche Aufgaben<\/li>\n\n\n\n<li>Prompte Antworten auf Kunden-\/Mitarbeiteranfragen<\/li>\n\n\n\n<li>Verwalten von Live-Chats<\/li>\n\n\n\n<li>Verwaltung von Terminen<\/li>\n\n\n\n<li>Hotel- und Flugbuchungen<\/li>\n\n\n\n<li>Verwalten von Marktplatzkonten<\/li>\n\n\n\n<li>Verwaltung von Daten<\/li>\n\n\n\n<li>Retouren, Erstattungen und Stornierungen bearbeiten<\/li>\n\n\n\n<li>Online-Recherche und Lead-Generierung<\/li>\n\n\n\n<li>Buchhaltung und Rechnungswesen<\/li>\n\n\n\n<li><a href=\"https:\/\/invest-in-albania.org\/outsourcing\/services\/data-entry\/\" target=\"_blank\" rel=\"noopener noreferrer\">Dateneingabe<\/a><\/li>\n\n\n\n<li>Erstellung von Inhalten<\/li>\n\n\n\n<li>Excel-Arbeiten<\/li>\n\n\n\n<li>Protokollierung von Besprechungen<\/li>\n\n\n\n<li>Steuern einreichen<\/li>\n\n\n\n<li>SEO-Aufgaben<\/li>\n\n\n\n<li>Optimieren von Inhalten f\u00fcr SEO<\/li>\n<\/ol>\n\n\n\n<p>der Weltbank durchgef\u00fchrte Untersuchung hat best\u00e4tigt, dass der Anteil albanischer Freiberufler auf Websites wie upworks.com pro Kopf bereits h\u00f6her ist als in vielen fortgeschrittenen Volkswirtschaften.<\/p>\n\n\n\n<p>Wenn Sie eine Anfrage \u00fcber den albanischen BPO-Markt haben, f\u00fcllen Sie bitte das folgende Formular aus<\/p>\n","protected":false},"excerpt":{"rendered":"<p>2020 ist das Jahr, das die Ordnung von allem ver\u00e4ndert hat, entweder vor\u00fcbergehend oder dauerhaft. Menschen und Institutionen kamen zu der Erkenntnis, dass starre Arbeits- oder Bildungsb\u00fcrokratien, die als obligatorisch galten, in flexible Praktiken umdefiniert werden k\u00f6nnen und dennoch effektiv sind. Selbst die skeptischsten Vorstandsvorsitzenden, Manager und Lehrer akzeptierten, dass Fernarbeit oder Online-Bildung sinnvolle Optionen [&hellip;]<\/p>\n","protected":false},"author":2,"featured_media":40755,"parent":0,"menu_order":2,"comment_status":"closed","ping_status":"closed","template":"","meta":{"_uag_custom_page_level_css":"","_genesis_hide_title":false,"_genesis_hide_breadcrumbs":false,"_genesis_hide_singular_image":false,"_genesis_hide_footer_widgets":false,"_genesis_custom_body_class":"","_genesis_custom_post_class":"","_genesis_layout":"","_themeisle_gutenberg_block_has_review":false,"footnotes":""},"featured_image_src":"https:\/\/invest-in-albania.org\/wp-content\/uploads\/assistant.png","featured_image_src_square":"https:\/\/invest-in-albania.org\/wp-content\/uploads\/assistant.png","uagb_featured_image_src":{"full":["https:\/\/invest-in-albania.org\/wp-content\/uploads\/assistant.png",1280,805,false],"thumbnail":["https:\/\/invest-in-albania.org\/wp-content\/uploads\/assistant-280x195.png",280,195,true],"medium":["https:\/\/invest-in-albania.org\/wp-content\/uploads\/assistant-300x189.png",300,189,true],"medium_large":["https:\/\/invest-in-albania.org\/wp-content\/uploads\/assistant-768x483.png",768,483,true],"large":["https:\/\/invest-in-albania.org\/wp-content\/uploads\/assistant-1024x644.png",1024,644,true],"1536x1536":["https:\/\/invest-in-albania.org\/wp-content\/uploads\/assistant.png",1280,805,false],"2048x2048":["https:\/\/invest-in-albania.org\/wp-content\/uploads\/assistant.png",1280,805,false],"single-featured-image":["https:\/\/invest-in-albania.org\/wp-content\/uploads\/assistant.png",612,385,false],"blog-featured-image":["https:\/\/invest-in-albania.org\/wp-content\/uploads\/assistant.png",461,290,false],"home-featured":["https:\/\/invest-in-albania.org\/wp-content\/uploads\/assistant.png",380,239,false],"gb-block-post-grid-landscape":["https:\/\/invest-in-albania.org\/wp-content\/uploads\/assistant.png",600,377,false],"gb-block-post-grid-square":["https:\/\/invest-in-albania.org\/wp-content\/uploads\/assistant.png",600,377,false]},"uagb_author_info":{"display_name":"Vjollca Shehu","author_link":"https:\/\/invest-in-albania.org\/de\/author\/iia\/"},"uagb_comment_info":0,"uagb_excerpt":"2020 ist das Jahr, das die Ordnung von allem ver\u00e4ndert hat, entweder vor\u00fcbergehend oder dauerhaft. Menschen und Institutionen kamen zu der Erkenntnis, dass starre Arbeits- oder Bildungsb\u00fcrokratien, die als obligatorisch galten, in flexible Praktiken umdefiniert werden k\u00f6nnen und dennoch effektiv sind. Selbst die skeptischsten Vorstandsvorsitzenden, Manager und Lehrer akzeptierten, dass Fernarbeit oder Online-Bildung sinnvolle Optionen&hellip;","_links":{"self":[{"href":"https:\/\/invest-in-albania.org\/de\/wp-json\/wp\/v2\/pages\/59950"}],"collection":[{"href":"https:\/\/invest-in-albania.org\/de\/wp-json\/wp\/v2\/pages"}],"about":[{"href":"https:\/\/invest-in-albania.org\/de\/wp-json\/wp\/v2\/types\/page"}],"author":[{"embeddable":true,"href":"https:\/\/invest-in-albania.org\/de\/wp-json\/wp\/v2\/users\/2"}],"replies":[{"embeddable":true,"href":"https:\/\/invest-in-albania.org\/de\/wp-json\/wp\/v2\/comments?post=59950"}],"version-history":[{"count":1,"href":"https:\/\/invest-in-albania.org\/de\/wp-json\/wp\/v2\/pages\/59950\/revisions"}],"predecessor-version":[{"id":59951,"href":"https:\/\/invest-in-albania.org\/de\/wp-json\/wp\/v2\/pages\/59950\/revisions\/59951"}],"wp:featuredmedia":[{"embeddable":true,"href":"https:\/\/invest-in-albania.org\/de\/wp-json\/wp\/v2\/media\/40755"}],"wp:attachment":[{"href":"https:\/\/invest-in-albania.org\/de\/wp-json\/wp\/v2\/media?parent=59950"}],"curies":[{"name":"wp","href":"https:\/\/api.w.org\/{rel}","templated":true}]}}