{"id":59946,"date":"2024-04-03T23:10:30","date_gmt":"2024-04-03T21:10:30","guid":{"rendered":"https:\/\/invest-in-albania.org\/?page_id=59946"},"modified":"2024-04-03T23:10:35","modified_gmt":"2024-04-03T21:10:35","slug":"wohin-soll-die-softwareentwicklung-ausgelagert-werden","status":"publish","type":"page","link":"https:\/\/invest-in-albania.org\/de\/wohin-soll-die-softwareentwicklung-ausgelagert-werden\/","title":{"rendered":"Wohin soll die Softwareentwicklung ausgelagert werden?"},"content":{"rendered":"<div class=\"wp-block-image\">\n<figure class=\"aligncenter\"><img loading=\"lazy\" decoding=\"async\" width=\"1024\" height=\"682\" src=\"http:\/\/new.invest-in-albania.org\/wp-content\/uploads\/programmer-1-1024x682.jpg\" alt=\"\" class=\"wp-image-41925\" srcset=\"https:\/\/invest-in-albania.org\/wp-content\/uploads\/programmer-1-1024x682.jpg 1024w, https:\/\/invest-in-albania.org\/wp-content\/uploads\/programmer-1-300x200.jpg 300w, https:\/\/invest-in-albania.org\/wp-content\/uploads\/programmer-1-768x512.jpg 768w, https:\/\/invest-in-albania.org\/wp-content\/uploads\/programmer-1-580x387.jpg 580w, https:\/\/invest-in-albania.org\/wp-content\/uploads\/programmer-1-860x573.jpg 860w, https:\/\/invest-in-albania.org\/wp-content\/uploads\/programmer-1-1160x773.jpg 1160w, https:\/\/invest-in-albania.org\/wp-content\/uploads\/programmer-1.jpg 1280w\" sizes=\"(max-width: 1024px) 100vw, 1024px\" \/><\/figure><\/div>\n\n\n<p>Unternehmer haben stets ein Auge auf die weltweiten Technologie- und Innovationstrends. Letztere best\u00e4tigen die Erwartungen der Gr\u00fcnder, die vor mehr als 50 Jahren das Potenzial der Technologie erkannten. Sie waren sich dar\u00fcber im Klaren, dass innovative Technologien kleinen und gro\u00dfen Unternehmen im Laufe der Zeit zu einem schnelleren Wachstum bei geringeren Kosten verhelfen w\u00fcrden. Kosteneffizienz war der Faktor, der der Outsourcing-Branche einen gro\u00dfen Auftrieb gab. Andererseits half Outsourcing als Methode nicht nur bei der Senkung der finanziellen Kosten, sondern auch beim organisatorischen Wachstum und der Wertsch\u00f6pfung.<br>Daher ist das Budget nicht mehr der Hauptgrund f\u00fcr die Auslagerung von Gesch\u00e4ftsprozessen, insbesondere von solchen, die technologiebezogenes Talent erfordern.<\/p>\n\n\n\n<p>Die Outsourcing-Branche sucht nicht mehr nach Arbeitskr\u00e4ften mit grundlegenden Computerkenntnissen oder flie\u00dfenden Sprachkenntnissen. Komplexere Gesch\u00e4ftsfunktionen erfordern gute Talente. Daher versuchen die Unternehmen, ihre Outsourcing-M\u00e4rkte zu diversifizieren. Viele Unternehmen geben an, dass der Talentpool im eigenen Unternehmen oder in alteingesessenen Outsourcing-Destinationen schrumpft oder ihren Anforderungen an die Softwareentwicklung nicht gerecht wird. Wenn Sie bisher die besten Softwareingenieure in Ihrer Stadt oder Ihrem Land gesucht haben, erm\u00f6glicht Ihnen das Outsourcing die Suche nach den besten Talenten auf globaler Ebene.<br>Start-ups und namhafte Unternehmen \u00fcbertragen ihre IT-gest\u00fctzten Dienstleistungen sowohl an Nearshore- als auch an Offshore-Partner oder -Anbieter. Wie w\u00e4hlen sie ihr Outsourcing-Unternehmen aus? Das h\u00e4ngt von den spezifischen Bed\u00fcrfnissen des jeweiligen Unternehmens ab.<br>Verschiedene L\u00e4nder bieten klassische Vorteile, die ihre Attraktivit\u00e4t f\u00fcr ausl\u00e4ndische Unternehmen erh\u00f6hen. Solche Vorteile helfen ihnen, sich von anderen Wettbewerbern abzuheben.<\/p>\n\n\n\n<p>In den USA ans\u00e4ssige Unternehmen achten bei der Entscheidung, wohin sie ihre Gesch\u00e4ftsprozesse und insbesondere die Softwareentwicklung auslagern, auf die folgenden Faktoren<br>Kosten des Betriebs<br>Talentpool<br>N\u00e4he zu den USA<br>Zeitzone<br>Innovationen<br>Einfachheit der Regulierung<br>Durchlaufzeit<\/p>\n\n\n\n<p>Auf der anderen Seite suchen europ\u00e4ische Unternehmen nach<br>Qualifizierte Arbeitskr\u00e4fte und Verf\u00fcgbarkeit<br>Steuerliche Anreize<br>Einhaltung des EU-Rechtsrahmens<br>Geografische Lage oder Nearshoring<br>Zeitzonen<br>Das wirtschaftliche Umfeld<br>Kulturelle Affinit\u00e4t und europ\u00e4ische Identit\u00e4t<\/p>\n\n\n\n<p>Aufstrebende Ziell\u00e4nder in Europa bieten Unternehmen mit Sitz in der EU, die ihre allgemeinen und IT-gest\u00fctzten Dienstleistungen ins Ausland verlagern m\u00f6chten, mehrere Optionen. EU-L\u00e4nder wie Polen, Ungarn, die Tschechische Republik, Rum\u00e4nien und Bulgarien sind beliebte Standorte. In der Zwischenzeit ist Albanien, ein EU-Beitrittskandidat, ein etablierter Nearshore-Standort f\u00fcr Business Process Outsourcing und ein aufstrebendes Ziel f\u00fcr Softwareentwicklung. Es gibt viele Faktoren, die Albanien zu einem interessanten Outsourcing-Standort machen. Das Land verf\u00fcgt \u00fcber eine stabile Wirtschaft und bietet Softwareentwicklungsunternehmen steuerliche Anreize sowie kulturelle Affinit\u00e4t zu den EU-L\u00e4ndern. Der rechtliche Rahmen wird derzeit an die EU-Gesetze und -Standards angepasst. Das Land erfreut sich an ausl\u00e4ndischem Kapital, das in die BPO-Industrie investiert wird. Das Bildungssystem richtet die Jugend auf Berufsausbildung, Ingenieurwesen und IT-Kenntnisse aus. Albanien ist ein kosteng\u00fcnstiger Nearshore-Standort mit IT-Infrastruktur und gut ausgebildeten und qualifizierten Arbeitskr\u00e4ften.<\/p>\n","protected":false},"excerpt":{"rendered":"<p>Unternehmer haben stets ein Auge auf die weltweiten Technologie- und Innovationstrends. Letztere best\u00e4tigen die Erwartungen der Gr\u00fcnder, die vor mehr als 50 Jahren das Potenzial der Technologie erkannten. Sie waren sich dar\u00fcber im Klaren, dass innovative Technologien kleinen und gro\u00dfen Unternehmen im Laufe der Zeit zu einem schnelleren Wachstum bei geringeren Kosten verhelfen w\u00fcrden. Kosteneffizienz [&hellip;]<\/p>\n","protected":false},"author":2,"featured_media":41922,"parent":0,"menu_order":3,"comment_status":"closed","ping_status":"closed","template":"","meta":{"_uag_custom_page_level_css":"","_genesis_hide_title":false,"_genesis_hide_breadcrumbs":false,"_genesis_hide_singular_image":false,"_genesis_hide_footer_widgets":false,"_genesis_custom_body_class":"","_genesis_custom_post_class":"","_genesis_layout":"","_themeisle_gutenberg_block_has_review":false,"footnotes":""},"featured_image_src":"https:\/\/invest-in-albania.org\/wp-content\/uploads\/programmer.jpg","featured_image_src_square":"https:\/\/invest-in-albania.org\/wp-content\/uploads\/programmer.jpg","uagb_featured_image_src":{"full":["https:\/\/invest-in-albania.org\/wp-content\/uploads\/programmer.jpg",1280,853,false],"thumbnail":["https:\/\/invest-in-albania.org\/wp-content\/uploads\/programmer-280x195.jpg",280,195,true],"medium":["https:\/\/invest-in-albania.org\/wp-content\/uploads\/programmer-300x200.jpg",300,200,true],"medium_large":["https:\/\/invest-in-albania.org\/wp-content\/uploads\/programmer-768x512.jpg",768,512,true],"large":["https:\/\/invest-in-albania.org\/wp-content\/uploads\/programmer-1024x682.jpg",1024,682,true],"1536x1536":["https:\/\/invest-in-albania.org\/wp-content\/uploads\/programmer.jpg",1280,853,false],"2048x2048":["https:\/\/invest-in-albania.org\/wp-content\/uploads\/programmer.jpg",1280,853,false],"single-featured-image":["https:\/\/invest-in-albania.org\/wp-content\/uploads\/programmer.jpg",578,385,false],"blog-featured-image":["https:\/\/invest-in-albania.org\/wp-content\/uploads\/programmer.jpg",435,290,false],"home-featured":["https:\/\/invest-in-albania.org\/wp-content\/uploads\/programmer.jpg",380,253,false],"gb-block-post-grid-landscape":["https:\/\/invest-in-albania.org\/wp-content\/uploads\/programmer.jpg",600,400,false],"gb-block-post-grid-square":["https:\/\/invest-in-albania.org\/wp-content\/uploads\/programmer.jpg",600,400,false]},"uagb_author_info":{"display_name":"Vjollca Shehu","author_link":"https:\/\/invest-in-albania.org\/de\/author\/iia\/"},"uagb_comment_info":0,"uagb_excerpt":"Unternehmer haben stets ein Auge auf die weltweiten Technologie- und Innovationstrends. Letztere best\u00e4tigen die Erwartungen der Gr\u00fcnder, die vor mehr als 50 Jahren das Potenzial der Technologie erkannten. Sie waren sich dar\u00fcber im Klaren, dass innovative Technologien kleinen und gro\u00dfen Unternehmen im Laufe der Zeit zu einem schnelleren Wachstum bei geringeren Kosten verhelfen w\u00fcrden. Kosteneffizienz&hellip;","_links":{"self":[{"href":"https:\/\/invest-in-albania.org\/de\/wp-json\/wp\/v2\/pages\/59946"}],"collection":[{"href":"https:\/\/invest-in-albania.org\/de\/wp-json\/wp\/v2\/pages"}],"about":[{"href":"https:\/\/invest-in-albania.org\/de\/wp-json\/wp\/v2\/types\/page"}],"author":[{"embeddable":true,"href":"https:\/\/invest-in-albania.org\/de\/wp-json\/wp\/v2\/users\/2"}],"replies":[{"embeddable":true,"href":"https:\/\/invest-in-albania.org\/de\/wp-json\/wp\/v2\/comments?post=59946"}],"version-history":[{"count":1,"href":"https:\/\/invest-in-albania.org\/de\/wp-json\/wp\/v2\/pages\/59946\/revisions"}],"predecessor-version":[{"id":59947,"href":"https:\/\/invest-in-albania.org\/de\/wp-json\/wp\/v2\/pages\/59946\/revisions\/59947"}],"wp:featuredmedia":[{"embeddable":true,"href":"https:\/\/invest-in-albania.org\/de\/wp-json\/wp\/v2\/media\/41922"}],"wp:attachment":[{"href":"https:\/\/invest-in-albania.org\/de\/wp-json\/wp\/v2\/media?parent=59946"}],"curies":[{"name":"wp","href":"https:\/\/api.w.org\/{rel}","templated":true}]}}