{"id":59942,"date":"2024-04-03T00:03:21","date_gmt":"2024-04-02T22:03:21","guid":{"rendered":"https:\/\/invest-in-albania.org\/?page_id=59942"},"modified":"2024-04-03T00:03:26","modified_gmt":"2024-04-02T22:03:26","slug":"der-grund-fuer-das-outsourcing-der-web-und-softwareentwicklung-sowie-des-digitalen-marketings-in-albanien","status":"publish","type":"page","link":"https:\/\/invest-in-albania.org\/de\/der-grund-fuer-das-outsourcing-der-web-und-softwareentwicklung-sowie-des-digitalen-marketings-in-albanien\/","title":{"rendered":"Der Grund f\u00fcr das Outsourcing der Web- und Softwareentwicklung sowie des digitalen Marketings in Albanien"},"content":{"rendered":"<div class=\"wp-block-image\">\n<figure class=\"aligncenter\"><img loading=\"lazy\" decoding=\"async\" width=\"1024\" height=\"683\" src=\"http:\/\/new.invest-in-albania.org\/wp-content\/uploads\/developer-1024x683.jpg\" alt=\"\" class=\"wp-image-43243\" srcset=\"https:\/\/invest-in-albania.org\/wp-content\/uploads\/developer-1024x683.jpg 1024w, https:\/\/invest-in-albania.org\/wp-content\/uploads\/developer-300x200.jpg 300w, https:\/\/invest-in-albania.org\/wp-content\/uploads\/developer-768x512.jpg 768w, https:\/\/invest-in-albania.org\/wp-content\/uploads\/developer-1536x1024.jpg 1536w, https:\/\/invest-in-albania.org\/wp-content\/uploads\/developer-580x387.jpg 580w, https:\/\/invest-in-albania.org\/wp-content\/uploads\/developer-860x573.jpg 860w, https:\/\/invest-in-albania.org\/wp-content\/uploads\/developer-1160x773.jpg 1160w, https:\/\/invest-in-albania.org\/wp-content\/uploads\/developer.jpg 1920w\" sizes=\"(max-width: 1024px) 100vw, 1024px\" \/><\/figure><\/div>\n\n\n<p><a href=\"https:\/\/webin.al\/\" target=\"_blank\" rel=\"noopener\">web:in Entwicklungshaus<\/a> \u2013 Google Partner<br><\/p>\n\n\n\n<p>Warum ist es eine gute Idee, den Karosserieverleih in Albanien auszulagern?<br>web:in mit seinem Team aus Fachleuten bietet Body Rental in einer sehr effizienten Weise, sie garantieren Fortschritt und Stabilit\u00e4t in allen Dienstleistungen, die sie anbieten.<br>Unsere Kunden stehen unter der Obhut von spezialisiertem technischem Personal, das in der Web- und Softwareentwicklung erfahren ist.<\/p>\n\n\n\n<h3 class=\"wp-block-heading\">1. Was bedeutet Body Rental?<\/h3>\n\n\n\n<p>Body rental is an outsourcing method for hiring specialists, particularly in the IT sector. Essentially, it involves the development of web and software projects and the development of IT systems.<br>Our Body Rental team ensures that professional technical staff provide services that are delivered for a specific time or even on an ongoing basis. We offer various services and engage in various ventures and projects with Body Rental in Albania.<\/p>\n\n\n\n<h3 class=\"wp-block-heading\">2. Wann ist es wichtig, auf die Body Rental Formel zur\u00fcckzugreifen?<\/h3>\n\n\n\n<p>Es gibt viele F\u00e4lle, aber versuchen wir, einen Blick auf die h\u00e4ufigsten zu werfen:<br>Es gibt verschiedene Situationen, in denen dies getan werden muss, aber wir haben im Folgenden einige der h\u00e4ufigsten aufgef\u00fchrt:<\/p>\n\n\n\n<p><strong>Instabilit\u00e4t der Nachfrage<br><\/strong>In der IKT-Branche gibt es mehrere Situationen, in denen es an Kontinuit\u00e4t in der Nachfrage mangelt, was f\u00fcr die Unternehmen in diesem Sektor eine gro\u00dfe Herausforderung darstellt.<\/p>\n\n\n\n<p><strong>Schwierigkeiten bei der Rekrutierung<br><\/strong>Es ist ein h\u00e4ufiges Problem f\u00fcr unsere Kunden, spezialisiertes technisches Personal zu finden und auszuw\u00e4hlen, und in den meisten F\u00e4llen besteht unter Ber\u00fccksichtigung der erforderlichen Technologie die M\u00f6glichkeit eines Mangels an Humanressourcen in einem bestimmten Bereich.<\/p>\n\n\n\n<p><strong>Verwaltung von Arbeitsspitzen<br><\/strong>Es gibt bestimmte Situationen, in denen die Arbeitsabl\u00e4ufe \u00fcber dem Durchschnitt liegen. Body Rental kann in solchen Situationen eine L\u00f6sung bieten, indem es den Kunden die M\u00f6glichkeit gibt, ihre Arbeit mit deutlich geringeren Verwaltungskosten zu erledigen. Auf diese Weise k\u00f6nnen die Kunden schnell Ergebnisse sehen, ohne hohe Kosten zu haben.<\/p>\n\n\n\n<p><strong>Entwicklung von Web- und Mobilanwendungen im Outsourcing<br><\/strong>Der Aufbau eines Entwicklungsteams ist mit vielen Komplikationen und hohen Kosten verbunden.<br>Es macht keinen Sinn, die Entscheidung f\u00fcr die Digitalisierung Ihres Unternehmens zu verschlafen, da es sich um eine fruchtbare Methode handelt, und deshalb entwickelt unser Team leistungsstarke Web- und Mobile-Apps.<br>Wir bauen webbasierte Software-Apps, die darauf abzielen, Verk\u00e4ufe in &#8222;White Label&#8220; zu verwalten, so dass Sie das Eigentum an dem Code haben.<\/p>\n\n\n\n<h3 class=\"wp-block-heading\">3. Die Vorteile von Body Rental<\/h3>\n\n\n\n<p>Bei einem Remote-Team im Karosserieverleih handelt es sich gewisserma\u00dfen um eine Erg\u00e4nzung Ihres Teams. Die Verf\u00fcgbarkeit der Ressourcen ist acht Stunden am Tag, f\u00fcnf Tage die Woche, Montag bis Freitag, also im Grunde ist es das gleiche, als ob sie im B\u00fcro waren.<br>Die Preise sind festgelegt, und zwar werden 160 Arbeitsstunden pro Monat und Ressource ge\u00e4ndert. Und trotzdem k\u00f6nnen Sie von verschiedenen Rabatten profitieren.<br>Die Mitarbeiter sind in unserer Einrichtung angestellt und k\u00f6nnen in k\u00fcrzester Zeit Teil des Teams des Kunden werden. Diese Formel bietet Sicherheit bei der Weiterf\u00fchrung der Arbeit und garantiert Seriosit\u00e4t und Professionalit\u00e4t.<\/p>\n\n\n\n<h3 class=\"wp-block-heading\">4. Warum ist unser Body Rental innovativ?<\/h3>\n\n\n\n<p>Wir sind Experten in der Entwicklung von Web- und Mobilanwendungen. Wir bilden ein professionelles Outsourcing-Entwicklungsteam. Obwohl wir aus der Ferne arbeiten, verf\u00fcgen wir \u00fcber sehr fortschrittliche Kommunikationsmittel und agile Entwicklungstechnologie.<\/p>\n\n\n\n<h3 class=\"wp-block-heading\">5. Welche technischen Zahlen decken wir ab?<\/h3>\n\n\n\n<p>Wir bieten IT-Personal Body Rental als:<\/p>\n\n\n\n<ol>\n<li>WEB DESIGNER<\/li>\n\n\n\n<li>BACKEND-WEBENTWICKLER<\/li>\n\n\n\n<li>CMS WORDPRESS ENTWICKLER<\/li>\n\n\n\n<li>MAGENTO ECOMMERCE ENTWICKLER<\/li>\n\n\n\n<li>E-COMMERCE PRESTASHOP ENTWICKLER<\/li>\n\n\n\n<li>MOBILE-ENTWICKLER<\/li>\n\n\n\n<li>GRAFIKDESIGNER<\/li>\n\n\n\n<li>ONLINE-MARKETING-SPEZIALIST<\/li>\n<\/ol>\n\n\n\n<h3 class=\"wp-block-heading\">6. Technologien<\/h3>\n\n\n\n<p><strong>Frontend-Web-Entwicklung<br><\/strong>Wir bieten Front-End-Entwicklung unter Verwendung der neuesten Technologien wie: React, Angular, HTML, Blade von Laravel, Twig von Symfony, Ionic und Flutter f\u00fcr Mobile Apps und die g\u00e4ngigsten Bibliotheken wie Bootstrap, Tailwind, Ant Design und mehr.<br>Das Front-End f\u00fcr die von uns erstellten Apps und Websites hat sich als qualitativ hochwertig erwiesen. Wir k\u00f6nnen Grafiken in dynamischen Code umwandeln, mit einer perfekten Organisation und immer im Einklang mit den besten Praktiken f\u00fcr UI und UX.<br>Wir erstellen Apps mit Erfahrung mit verschiedenen Arten von APIs.<\/p>\n\n\n\n<p><strong>Backend-Webentwicklung<br><\/strong>Wir bieten Front-End-Entwicklung mit den neuesten Technologien wie Core PHP, Laravel, Symfony, Code Igniter, NodeJS, Typescript, Express JS, .NET, Django Python&#8217;s Framework und mehr.<br>Wir haben Erfahrung mit Webanwendungen in verschiedenen Projekten und Bereichen, erweiterten Datenbanken und Beziehungen zu anderen Plattformen. Erfolgreiche Begegnungen mit Backend-Entwicklung, die mobile Anwendungen unterst\u00fctzen.<\/p>\n\n\n\n<p><strong>WordPress CMS Entwicklung<br><\/strong>Wir befassen uns mit WordPress-Seiten und Grafiken verschiedener Art. Wir k\u00f6nnen Grafiken in pixelgenauen Front-End-Code umwandeln, den wir in dynamischen WordPress-Themen anpassen k\u00f6nnen. Unsere Codierung auf Basis von Word-Press entspricht hohen Standards.<\/p>\n\n\n\n<p><strong>Magento Ecommerce Entwicklung<br><\/strong>Unser Team kann E-Commerce-Sites auf Magento 1 und 2, Front-End und Back-End erstellen.<br>Kundenspezifische Module, F\u00e4higkeiten und Themenentwicklung. Benutzerdefinierte APIs und Webhooks.<\/p>\n\n\n\n<p><strong>E-Commerce-Entwicklung in Shopify<br><\/strong>Unser Team kann E-Commerce-Websites ohne vorherige Arbeit oder Unterst\u00fctzung auf Shopify, Front-End und Back-End erstellen. Benutzerdefinierte Module, F\u00e4higkeiten und Themenentwicklung.<\/p>\n\n\n\n<p><strong>Mobile Entwicklung<br><\/strong>Technologien, die wir verwenden: Native Entwicklung (Android und IOS) in Kotlin, Java, Swift, Hybrid-Entwicklung in Flutter, React, Ionic und NodeJS typescript. Wir k\u00f6nnen native und hybride mobile Anwendungen erstellen. Wir k\u00f6nnen alles erstellen, angefangen bei der Planung, Grafik und API.<\/p>\n\n\n\n<p><strong>Digitales Marketing<br><\/strong>Wenn es um Online-Marketing geht, sind wir auf dem Gebiet unserer Expertise. Wir k\u00f6nnen die perfekte SEO-optimierte Website erstellen und uns mit Copywriting, On-Page- und Off-Page-SEO, Social Media Management, Pay-per-Click und Lead Generation besch\u00e4ftigen.<\/p>\n\n\n\n<h3 class=\"wp-block-heading\">7. Mehr \u00fcber unsere &#8222;Body Rental&#8220;-Formel?<\/h3>\n\n\n\n<p>Die Arbeitsgruppe, die wir zur Erbringung aller genannten Dienstleistungen bilden, steht im Dienste des Kunden. Die Arbeitsgruppe besteht aus zwei Entwicklern, die an 5 Tagen in der Woche 8 Stunden pro Tag arbeiten und sich um die Projekte des Kunden k\u00fcmmern. Die monatliche Standard-Mindestarbeitszeit betr\u00e4gt insgesamt 320 Stunden.<br>Wir \u00fcbernehmen die Verantwortung f\u00fcr die Einstellung der Ressourcen, die dem Team des Kunden als Angestellte gewidmet sind. Steuerzahlungen, Beitr\u00e4ge, Sozial- und Krankenversicherung werden von web:in development house \u00fcbernommen, ebenso wie die zu erwartenden Steuern nach albanischem Recht.<br>Die Arbeitszeiten betragen 40 Stunden pro Woche. T\u00e4glich gibt es 8 Arbeitsstunden. Das engagierte Personal hat das Recht auf eine Stunde Pause von 13:00 bis 14:00 Uhr.<br>Je nach den Erfordernissen der Situation kann der Kunde eine Arbeit \u00fcber die festgelegten Stunden hinaus beantragen. Dieser Vorgang muss vom Kunden offiziell durch eine Mitteilung der Projektleiter beantragt werden, die zuvor die Auswirkungen auf das Gehalt best\u00e4tigen m\u00fcssen.<br>Am Ende der \u00dcberstunden wird die Anzahl der geleisteten Stunden mitgeteilt.<\/p>\n\n\n\n<h3 class=\"wp-block-heading\">8. Forschung und Kriterien f\u00fcr technisches Fachpersonal<\/h3>\n\n\n\n<p>Wir arbeiten st\u00e4ndig an der Suche und den Kriterien des technischen Fachpersonals, das Teil des Teams werden soll: Die Lebensl\u00e4ufe der Kandidaten werden dem Kunden anonym \u00fcbermittelt und es besteht die M\u00f6glichkeit von Vorstellungsgespr\u00e4chen \u00fcber Videokonferenzen.<\/p>\n\n\n\n<h3 class=\"wp-block-heading\">Schlussfolgerungen:<\/h3>\n\n\n\n<p>Falls Sie nach M\u00f6glichkeiten gesucht haben, einen Webentwickler in Albanien einzustellen, hat Ihre Suche ein Ende.<br>Nehmen Sie jetzt Kontakt mit uns auf, damit wir Ihnen den Schub geben k\u00f6nnen, den Ihr Unternehmen braucht.<\/p>\n\n\n\n<p>Photo by <a href=\"https:\/\/unsplash.com\/@lukepeters?utm_source=unsplash&amp;utm_medium=referral&amp;utm_content=creditCopyText\" rel=\"noopener\">Luke Peters<\/a> on <a href=\"https:\/\/unsplash.com\/s\/photos\/web-development?utm_source=unsplash&amp;utm_medium=referral&amp;utm_content=creditCopyText\" rel=\"noopener\">Unsplash<\/a><\/p>\n","protected":false},"excerpt":{"rendered":"<p>web:in Entwicklungshaus \u2013 Google Partner Warum ist es eine gute Idee, den Karosserieverleih in Albanien auszulagern?web:in mit seinem Team aus Fachleuten bietet Body Rental in einer sehr effizienten Weise, sie garantieren Fortschritt und Stabilit\u00e4t in allen Dienstleistungen, die sie anbieten.Unsere Kunden stehen unter der Obhut von spezialisiertem technischem Personal, das in der Web- und Softwareentwicklung [&hellip;]<\/p>\n","protected":false},"author":2,"featured_media":43245,"parent":0,"menu_order":4,"comment_status":"closed","ping_status":"closed","template":"","meta":{"_uag_custom_page_level_css":"","_genesis_hide_title":false,"_genesis_hide_breadcrumbs":false,"_genesis_hide_singular_image":false,"_genesis_hide_footer_widgets":false,"_genesis_custom_body_class":"","_genesis_custom_post_class":"","_genesis_layout":"","_themeisle_gutenberg_block_has_review":false,"footnotes":""},"featured_image_src":"https:\/\/invest-in-albania.org\/wp-content\/uploads\/developer.jpg","featured_image_src_square":"https:\/\/invest-in-albania.org\/wp-content\/uploads\/developer.jpg","uagb_featured_image_src":{"full":["https:\/\/invest-in-albania.org\/wp-content\/uploads\/developer.jpg",1920,1280,false],"thumbnail":["https:\/\/invest-in-albania.org\/wp-content\/uploads\/developer-280x195.jpg",280,195,true],"medium":["https:\/\/invest-in-albania.org\/wp-content\/uploads\/developer-300x200.jpg",300,200,true],"medium_large":["https:\/\/invest-in-albania.org\/wp-content\/uploads\/developer-768x512.jpg",768,512,true],"large":["https:\/\/invest-in-albania.org\/wp-content\/uploads\/developer-1024x683.jpg",1024,683,true],"1536x1536":["https:\/\/invest-in-albania.org\/wp-content\/uploads\/developer-1536x1024.jpg",1536,1024,true],"2048x2048":["https:\/\/invest-in-albania.org\/wp-content\/uploads\/developer.jpg",1920,1280,false],"single-featured-image":["https:\/\/invest-in-albania.org\/wp-content\/uploads\/developer.jpg",578,385,false],"blog-featured-image":["https:\/\/invest-in-albania.org\/wp-content\/uploads\/developer.jpg",435,290,false],"home-featured":["https:\/\/invest-in-albania.org\/wp-content\/uploads\/developer.jpg",380,253,false],"gb-block-post-grid-landscape":["https:\/\/invest-in-albania.org\/wp-content\/uploads\/developer.jpg",600,400,false],"gb-block-post-grid-square":["https:\/\/invest-in-albania.org\/wp-content\/uploads\/developer.jpg",600,400,false]},"uagb_author_info":{"display_name":"Vjollca Shehu","author_link":"https:\/\/invest-in-albania.org\/de\/author\/iia\/"},"uagb_comment_info":0,"uagb_excerpt":"web:in Entwicklungshaus \u2013 Google Partner Warum ist es eine gute Idee, den Karosserieverleih in Albanien auszulagern?web:in mit seinem Team aus Fachleuten bietet Body Rental in einer sehr effizienten Weise, sie garantieren Fortschritt und Stabilit\u00e4t in allen Dienstleistungen, die sie anbieten.Unsere Kunden stehen unter der Obhut von spezialisiertem technischem Personal, das in der Web- und Softwareentwicklung&hellip;","_links":{"self":[{"href":"https:\/\/invest-in-albania.org\/de\/wp-json\/wp\/v2\/pages\/59942"}],"collection":[{"href":"https:\/\/invest-in-albania.org\/de\/wp-json\/wp\/v2\/pages"}],"about":[{"href":"https:\/\/invest-in-albania.org\/de\/wp-json\/wp\/v2\/types\/page"}],"author":[{"embeddable":true,"href":"https:\/\/invest-in-albania.org\/de\/wp-json\/wp\/v2\/users\/2"}],"replies":[{"embeddable":true,"href":"https:\/\/invest-in-albania.org\/de\/wp-json\/wp\/v2\/comments?post=59942"}],"version-history":[{"count":1,"href":"https:\/\/invest-in-albania.org\/de\/wp-json\/wp\/v2\/pages\/59942\/revisions"}],"predecessor-version":[{"id":59943,"href":"https:\/\/invest-in-albania.org\/de\/wp-json\/wp\/v2\/pages\/59942\/revisions\/59943"}],"wp:featuredmedia":[{"embeddable":true,"href":"https:\/\/invest-in-albania.org\/de\/wp-json\/wp\/v2\/media\/43245"}],"wp:attachment":[{"href":"https:\/\/invest-in-albania.org\/de\/wp-json\/wp\/v2\/media?parent=59942"}],"curies":[{"name":"wp","href":"https:\/\/api.w.org\/{rel}","templated":true}]}}