{"id":59938,"date":"2024-04-02T23:43:12","date_gmt":"2024-04-02T21:43:12","guid":{"rendered":"https:\/\/invest-in-albania.org\/?page_id=59938"},"modified":"2024-04-02T23:43:18","modified_gmt":"2024-04-02T21:43:18","slug":"das-potenzial-albaniens-als-outsourcing-destination-fuer-kpo","status":"publish","type":"page","link":"https:\/\/invest-in-albania.org\/de\/das-potenzial-albaniens-als-outsourcing-destination-fuer-kpo\/","title":{"rendered":"Das Potenzial Albaniens als Outsourcing-Destination f\u00fcr KPO"},"content":{"rendered":"<div class=\"wp-block-image\">\n<figure class=\"aligncenter\"><img loading=\"lazy\" decoding=\"async\" width=\"1024\" height=\"682\" src=\"http:\/\/new.invest-in-albania.org\/wp-content\/uploads\/seo-outsource-1024x682.jpg\" alt=\"\" class=\"wp-image-40816\" srcset=\"https:\/\/invest-in-albania.org\/wp-content\/uploads\/seo-outsource-1024x682.jpg 1024w, https:\/\/invest-in-albania.org\/wp-content\/uploads\/seo-outsource-300x200.jpg 300w, https:\/\/invest-in-albania.org\/wp-content\/uploads\/seo-outsource-768x512.jpg 768w, https:\/\/invest-in-albania.org\/wp-content\/uploads\/seo-outsource-580x387.jpg 580w, https:\/\/invest-in-albania.org\/wp-content\/uploads\/seo-outsource-860x573.jpg 860w, https:\/\/invest-in-albania.org\/wp-content\/uploads\/seo-outsource-1160x773.jpg 1160w, https:\/\/invest-in-albania.org\/wp-content\/uploads\/seo-outsource.jpg 1280w\" sizes=\"(max-width: 1024px) 100vw, 1024px\" \/><\/figure><\/div>\n\n\n<p>Albanien verf\u00fcgt \u00fcber einen gro\u00dfen Bestand an spezialisierten Fachkr\u00e4ften wie Juristen, Ingenieure, Wirtschaftswissenschaftler, Buchhalter, IT-Experten und Statistiker. Inzwischen gibt es eine wachsende Zahl junger Fachkr\u00e4fte mit Ausbildungshintergrund in den Bereichen Informationstechnologie, Wirtschaft, Recht, Verwaltung und Management, Gesundheitswesen, Pharmazie, Journalismus und Kommunikation, Informatik und Telekommunikationstechnik usw.<br>Daten des Albanischen Instituts f\u00fcr Statistik (INSTAT) und der UNESCO best\u00e4tigen, dass Albanien im Vergleich zur Balkanregion, zu Mittel- und Osteuropa und zu Westeuropa die h\u00f6chste Zahl von Studenten aufweist, die im Ausland studieren. Im Jahr 2017 lag die Zahl der Hochschulstudenten bei 139.607.<br>Bisher waren die BPOs in Albanien eine Quelle der wirtschaftlichen Unterst\u00fctzung f\u00fcr die albanische Jugend. Der Sektor bietet gute L\u00f6hne und Arbeitsbedingungen, flexible Arbeitszeiten und in einigen F\u00e4llen sogar Aufstiegsm\u00f6glichkeiten. Unabh\u00e4ngig von ihrem Studienfach betrachten Jugendliche BPOs als eine M\u00f6glichkeit, ihre finanzielle Belastung zu verringern. Die im BPO-Sektor angebotenen L\u00f6hne liegen \u00fcber dem Durchschnittsgehalt, und positive monatliche Leistungen werden stets belohnt.<br>Diejenigen, die im Sektor Knowledge Process Outsourcing (KPO) arbeiten, erhalten inzwischen hohe Geh\u00e4lter, manchmal \u00fcber 1000 EUR. Der Sektor ist f\u00fcr junge Menschen sehr attraktiv, da er auch kontinuierliche Schulungen zum Erwerb von F\u00e4higkeiten, hohe L\u00f6hne und eine leistungsbezogene Verg\u00fctung bietet.<\/p>\n\n\n\n<p>Sind all die oben genannten Faktoren nicht entscheidend f\u00fcr ausl\u00e4ndische Unternehmen, die KPOs an Offshore- oder Nearshore-Partner auslagern wollen? Neben der jungen und qualifizierten Bev\u00f6lkerung bietet Albanien viele weitere Vorteile, wie z. B. eine gro\u00dfartige Lage in der Mittelmeerregion mit gro\u00dfem Potenzial f\u00fcr die wirtschaftliche Entwicklung. Gutes Klima f\u00fcr zufriedene Mitarbeiter. EU-Beitrittskandidat, was die Chancen f\u00fcr BPO und KPO erh\u00f6ht, die nach dem EU-Beitritt des Landes boomen werden. Hohe Sicherheit, die im Vergleich zur Region nicht zu beanstanden ist.<br>Es ist jetzt an der Zeit, Ihr KPO-<a href=\"https:\/\/invest-in-albania.org\/why-outsourcing-to-albania\/\" target=\"_blank\" rel=\"noopener\">Outsourcing<\/a> nach Albanien zu beginnen.<\/p>\n","protected":false},"excerpt":{"rendered":"<p>Albanien verf\u00fcgt \u00fcber einen gro\u00dfen Bestand an spezialisierten Fachkr\u00e4ften wie Juristen, Ingenieure, Wirtschaftswissenschaftler, Buchhalter, IT-Experten und Statistiker. Inzwischen gibt es eine wachsende Zahl junger Fachkr\u00e4fte mit Ausbildungshintergrund in den Bereichen Informationstechnologie, Wirtschaft, Recht, Verwaltung und Management, Gesundheitswesen, Pharmazie, Journalismus und Kommunikation, Informatik und Telekommunikationstechnik usw.Daten des Albanischen Instituts f\u00fcr Statistik (INSTAT) und der UNESCO best\u00e4tigen, [&hellip;]<\/p>\n","protected":false},"author":2,"featured_media":40818,"parent":0,"menu_order":5,"comment_status":"closed","ping_status":"closed","template":"","meta":{"_uag_custom_page_level_css":"","_genesis_hide_title":false,"_genesis_hide_breadcrumbs":false,"_genesis_hide_singular_image":false,"_genesis_hide_footer_widgets":false,"_genesis_custom_body_class":"","_genesis_custom_post_class":"","_genesis_layout":"","_themeisle_gutenberg_block_has_review":false,"footnotes":""},"featured_image_src":"https:\/\/invest-in-albania.org\/wp-content\/uploads\/seo-outsource.jpg","featured_image_src_square":"https:\/\/invest-in-albania.org\/wp-content\/uploads\/seo-outsource.jpg","uagb_featured_image_src":{"full":["https:\/\/invest-in-albania.org\/wp-content\/uploads\/seo-outsource.jpg",1280,853,false],"thumbnail":["https:\/\/invest-in-albania.org\/wp-content\/uploads\/seo-outsource-280x195.jpg",280,195,true],"medium":["https:\/\/invest-in-albania.org\/wp-content\/uploads\/seo-outsource-300x200.jpg",300,200,true],"medium_large":["https:\/\/invest-in-albania.org\/wp-content\/uploads\/seo-outsource-768x512.jpg",768,512,true],"large":["https:\/\/invest-in-albania.org\/wp-content\/uploads\/seo-outsource-1024x682.jpg",1024,682,true],"1536x1536":["https:\/\/invest-in-albania.org\/wp-content\/uploads\/seo-outsource.jpg",1280,853,false],"2048x2048":["https:\/\/invest-in-albania.org\/wp-content\/uploads\/seo-outsource.jpg",1280,853,false],"single-featured-image":["https:\/\/invest-in-albania.org\/wp-content\/uploads\/seo-outsource.jpg",578,385,false],"blog-featured-image":["https:\/\/invest-in-albania.org\/wp-content\/uploads\/seo-outsource.jpg",435,290,false],"home-featured":["https:\/\/invest-in-albania.org\/wp-content\/uploads\/seo-outsource.jpg",380,253,false],"gb-block-post-grid-landscape":["https:\/\/invest-in-albania.org\/wp-content\/uploads\/seo-outsource.jpg",600,400,false],"gb-block-post-grid-square":["https:\/\/invest-in-albania.org\/wp-content\/uploads\/seo-outsource.jpg",600,400,false]},"uagb_author_info":{"display_name":"Vjollca Shehu","author_link":"https:\/\/invest-in-albania.org\/de\/author\/iia\/"},"uagb_comment_info":0,"uagb_excerpt":"Albanien verf\u00fcgt \u00fcber einen gro\u00dfen Bestand an spezialisierten Fachkr\u00e4ften wie Juristen, Ingenieure, Wirtschaftswissenschaftler, Buchhalter, IT-Experten und Statistiker. Inzwischen gibt es eine wachsende Zahl junger Fachkr\u00e4fte mit Ausbildungshintergrund in den Bereichen Informationstechnologie, Wirtschaft, Recht, Verwaltung und Management, Gesundheitswesen, Pharmazie, Journalismus und Kommunikation, Informatik und Telekommunikationstechnik usw.Daten des Albanischen Instituts f\u00fcr Statistik (INSTAT) und der UNESCO best\u00e4tigen,&hellip;","_links":{"self":[{"href":"https:\/\/invest-in-albania.org\/de\/wp-json\/wp\/v2\/pages\/59938"}],"collection":[{"href":"https:\/\/invest-in-albania.org\/de\/wp-json\/wp\/v2\/pages"}],"about":[{"href":"https:\/\/invest-in-albania.org\/de\/wp-json\/wp\/v2\/types\/page"}],"author":[{"embeddable":true,"href":"https:\/\/invest-in-albania.org\/de\/wp-json\/wp\/v2\/users\/2"}],"replies":[{"embeddable":true,"href":"https:\/\/invest-in-albania.org\/de\/wp-json\/wp\/v2\/comments?post=59938"}],"version-history":[{"count":1,"href":"https:\/\/invest-in-albania.org\/de\/wp-json\/wp\/v2\/pages\/59938\/revisions"}],"predecessor-version":[{"id":59939,"href":"https:\/\/invest-in-albania.org\/de\/wp-json\/wp\/v2\/pages\/59938\/revisions\/59939"}],"wp:featuredmedia":[{"embeddable":true,"href":"https:\/\/invest-in-albania.org\/de\/wp-json\/wp\/v2\/media\/40818"}],"wp:attachment":[{"href":"https:\/\/invest-in-albania.org\/de\/wp-json\/wp\/v2\/media?parent=59938"}],"curies":[{"name":"wp","href":"https:\/\/api.w.org\/{rel}","templated":true}]}}