{"id":59933,"date":"2024-04-02T23:26:32","date_gmt":"2024-04-02T21:26:32","guid":{"rendered":"https:\/\/invest-in-albania.org\/?page_id=59933"},"modified":"2024-04-02T23:26:37","modified_gmt":"2024-04-02T21:26:37","slug":"was-ist-wissensprozess-outsourcing-kpo","status":"publish","type":"page","link":"https:\/\/invest-in-albania.org\/de\/was-ist-wissensprozess-outsourcing-kpo\/","title":{"rendered":"Was ist Wissensprozess-Outsourcing (KPO)?"},"content":{"rendered":"<div class=\"wp-block-image\">\n<figure class=\"aligncenter\"><img loading=\"lazy\" decoding=\"async\" width=\"1024\" height=\"680\" src=\"http:\/\/new.invest-in-albania.org\/wp-content\/uploads\/ux-1024x680.jpg\" alt=\"\" class=\"wp-image-41885\" srcset=\"https:\/\/invest-in-albania.org\/wp-content\/uploads\/ux-1024x680.jpg 1024w, https:\/\/invest-in-albania.org\/wp-content\/uploads\/ux-300x199.jpg 300w, https:\/\/invest-in-albania.org\/wp-content\/uploads\/ux-768x510.jpg 768w, https:\/\/invest-in-albania.org\/wp-content\/uploads\/ux-580x385.jpg 580w, https:\/\/invest-in-albania.org\/wp-content\/uploads\/ux-860x571.jpg 860w, https:\/\/invest-in-albania.org\/wp-content\/uploads\/ux-1160x770.jpg 1160w, https:\/\/invest-in-albania.org\/wp-content\/uploads\/ux.jpg 1280w\" sizes=\"(max-width: 1024px) 100vw, 1024px\" \/><\/figure><\/div>\n\n\n<p>Ein bekanntes Sprichwort lautet: &#8222;Eine Investition in Wissen bringt die besten Zinsen&#8220;. Mit diesem Grundsatz im Hinterkopf erw\u00e4gen zahlreiche Unternehmen auf der ganzen Welt Knowledge Process Outsourcing als eine M\u00f6glichkeit, Gewinne zu erzielen und die Kosten zu senken. KPO ist eine Untergruppe der BPOs, die die Outsourcing-Branche in jedem potenziellen Zielland nutzen w\u00fcrde. Da die Aufgaben, die an KPO delegiert werden, ein hohes Ma\u00df an Wissen erfordern, w\u00fcrde sich ein gut entwickelter Sektor in vielen L\u00e4ndern positiv auf die Besch\u00e4ftigung und sogar auf die Bildungs- und Berufsorientierung auswirken. Ein KPO w\u00fcrde mit qualifizierten Arbeitskr\u00e4ften beginnen, w\u00e4hrend laufende Schulungen und zunehmende Erfahrung Chancen f\u00fcr die berufliche Entwicklung bieten w\u00fcrden.<\/p>\n\n\n\n<p>Wissensprozess-Outsourcing erfordert:<br>Wettbewerbsf\u00e4higes Wissen<br>H\u00f6here Fachkenntnisse<br>Analytische und technische F\u00e4higkeiten<br>Fachwissen<\/p>\n\n\n\n<p>Der gesamte KPO-Sektor konzentriert sich auf Fachwissen. Daher sollte jeder Mitarbeiter, der an der Basis anf\u00e4ngt, in bestimmten Bereichen, wie den unten aufgef\u00fchrten, professionell qualifiziert sein:<br>Fortgeschrittene Webanwendungen<br>Rechtliche und medizinische Dienstleistungen<br>Forschung und Entwicklung<br>Animation und Design<br>Gesch\u00e4ftliche und technische Analysen<br>Datenanalytik<br>Pharmazeutika und Biotechnologie<br>Forschung im Bereich geistiges Eigentum<br>Netzwerk-Management<br>Finanzberatung und -dienstleistungen<br>Ausbildung und Beratung<\/p>\n\n\n\n<h3 class=\"wp-block-heading\">KPO in Albanien<\/h3>\n\n\n\n<p>F\u00fcr europ\u00e4ische und internationale Unternehmen, die nach einem Ziel f\u00fcr die Auslagerung ihrer hochwertigen Dienstleistungen suchen, ist Albanien ein aufstrebendes Ziel mit wachsenden Aussichten. Verschiedene Unternehmen aus den Mitgliedsl\u00e4ndern der Europ\u00e4ischen Union (EU) lagern hochqualifizierte Prozesse nach Albanien aus. Albanien hat erfolgreiche Erfahrungen mit der BPO-Branche gemacht und ist derzeit ein wichtiger Akteur auf dem Arbeitsmarkt. Viele Unternehmen, die mit BPOs begonnen haben, haben beschlossen, weiter zu expandieren und ihre Aktivit\u00e4ten durch die Verlagerung von High-Level-Prozessen an albanische Unternehmen zu verst\u00e4rken. Einerseits haben in den USA ans\u00e4ssige Unternehmen, Anw\u00e4lte und Anwaltskanzleien gezeigt, dass indische BPOs ihre juristischen Prozesse erfolgreich abgewickelt haben. Letztere werden seit jeher als langwierige, zeitaufw\u00e4ndige und kostenintensive Funktionen angesehen. Durch die Auslagerung solcher Funktionen an Offshore-Unternehmen konnten diese Unternehmen ihre Mitarbeiter von langweiligen Aufgaben befreien und gleichzeitig ihren Kunden zufriedenstellende Ergebnisse liefern.<\/p>\n\n\n\n<p>European companies are applying the same method. They need quality work and on-time delivery while cutting costs and providing operational efficiency. L\u00e4nder wie Albanien beweisen, dass lokale Unternehmen und qualifizierte Arbeitskr\u00e4fte nicht nur f\u00fcr BPOs gut sind. <a href=\"https:\/\/invest-in-albania.org\/outsourcing\/what-skills-are-needed-to-work-in-bpo-kpos\/albanias-potential-as-an-outsourcing-destination-for-kpo\/\" target=\"_blank\" rel=\"noopener\">Albanische KPOs sind spezialisiert<\/a> auf Marktforschung und Umfragen, juristische Dienstleistungen, B\u00f6rse und Wertpapiere sowie Personalbeschaffung.<\/p>\n\n\n\n<p>BPO bietet Win-Win-L\u00f6sungen, w\u00e4hrend KPO das n\u00e4chste gro\u00dfe Ding in der Outsourcing-Branche zu sein scheint. Wenn Sie auf der Suche nach einem Nearshore- oder Offshore-Standort sind, an dem Sie KPO-Partner finden k\u00f6nnen, sollten Sie das Potenzial Albaniens nicht untersch\u00e4tzen.<\/p>\n","protected":false},"excerpt":{"rendered":"<p>Ein bekanntes Sprichwort lautet: &#8222;Eine Investition in Wissen bringt die besten Zinsen&#8220;. Mit diesem Grundsatz im Hinterkopf erw\u00e4gen zahlreiche Unternehmen auf der ganzen Welt Knowledge Process Outsourcing als eine M\u00f6glichkeit, Gewinne zu erzielen und die Kosten zu senken. KPO ist eine Untergruppe der BPOs, die die Outsourcing-Branche in jedem potenziellen Zielland nutzen w\u00fcrde. Da die [&hellip;]<\/p>\n","protected":false},"author":2,"featured_media":41887,"parent":0,"menu_order":6,"comment_status":"closed","ping_status":"closed","template":"","meta":{"_uag_custom_page_level_css":"","_genesis_hide_title":false,"_genesis_hide_breadcrumbs":false,"_genesis_hide_singular_image":false,"_genesis_hide_footer_widgets":false,"_genesis_custom_body_class":"","_genesis_custom_post_class":"","_genesis_layout":"","_themeisle_gutenberg_block_has_review":false,"footnotes":""},"featured_image_src":"https:\/\/invest-in-albania.org\/wp-content\/uploads\/ux.jpg","featured_image_src_square":"https:\/\/invest-in-albania.org\/wp-content\/uploads\/ux.jpg","uagb_featured_image_src":{"full":["https:\/\/invest-in-albania.org\/wp-content\/uploads\/ux.jpg",1280,850,false],"thumbnail":["https:\/\/invest-in-albania.org\/wp-content\/uploads\/ux-280x195.jpg",280,195,true],"medium":["https:\/\/invest-in-albania.org\/wp-content\/uploads\/ux-300x199.jpg",300,199,true],"medium_large":["https:\/\/invest-in-albania.org\/wp-content\/uploads\/ux-768x510.jpg",768,510,true],"large":["https:\/\/invest-in-albania.org\/wp-content\/uploads\/ux-1024x680.jpg",1024,680,true],"1536x1536":["https:\/\/invest-in-albania.org\/wp-content\/uploads\/ux.jpg",1280,850,false],"2048x2048":["https:\/\/invest-in-albania.org\/wp-content\/uploads\/ux.jpg",1280,850,false],"single-featured-image":["https:\/\/invest-in-albania.org\/wp-content\/uploads\/ux.jpg",580,385,false],"blog-featured-image":["https:\/\/invest-in-albania.org\/wp-content\/uploads\/ux.jpg",437,290,false],"home-featured":["https:\/\/invest-in-albania.org\/wp-content\/uploads\/ux.jpg",380,252,false],"gb-block-post-grid-landscape":["https:\/\/invest-in-albania.org\/wp-content\/uploads\/ux.jpg",600,398,false],"gb-block-post-grid-square":["https:\/\/invest-in-albania.org\/wp-content\/uploads\/ux.jpg",600,398,false]},"uagb_author_info":{"display_name":"Vjollca Shehu","author_link":"https:\/\/invest-in-albania.org\/de\/author\/iia\/"},"uagb_comment_info":0,"uagb_excerpt":"Ein bekanntes Sprichwort lautet: &#8222;Eine Investition in Wissen bringt die besten Zinsen&#8220;. Mit diesem Grundsatz im Hinterkopf erw\u00e4gen zahlreiche Unternehmen auf der ganzen Welt Knowledge Process Outsourcing als eine M\u00f6glichkeit, Gewinne zu erzielen und die Kosten zu senken. KPO ist eine Untergruppe der BPOs, die die Outsourcing-Branche in jedem potenziellen Zielland nutzen w\u00fcrde. Da die&hellip;","_links":{"self":[{"href":"https:\/\/invest-in-albania.org\/de\/wp-json\/wp\/v2\/pages\/59933"}],"collection":[{"href":"https:\/\/invest-in-albania.org\/de\/wp-json\/wp\/v2\/pages"}],"about":[{"href":"https:\/\/invest-in-albania.org\/de\/wp-json\/wp\/v2\/types\/page"}],"author":[{"embeddable":true,"href":"https:\/\/invest-in-albania.org\/de\/wp-json\/wp\/v2\/users\/2"}],"replies":[{"embeddable":true,"href":"https:\/\/invest-in-albania.org\/de\/wp-json\/wp\/v2\/comments?post=59933"}],"version-history":[{"count":1,"href":"https:\/\/invest-in-albania.org\/de\/wp-json\/wp\/v2\/pages\/59933\/revisions"}],"predecessor-version":[{"id":59934,"href":"https:\/\/invest-in-albania.org\/de\/wp-json\/wp\/v2\/pages\/59933\/revisions\/59934"}],"wp:featuredmedia":[{"embeddable":true,"href":"https:\/\/invest-in-albania.org\/de\/wp-json\/wp\/v2\/media\/41887"}],"wp:attachment":[{"href":"https:\/\/invest-in-albania.org\/de\/wp-json\/wp\/v2\/media?parent=59933"}],"curies":[{"name":"wp","href":"https:\/\/api.w.org\/{rel}","templated":true}]}}