{"id":59928,"date":"2024-04-02T23:15:37","date_gmt":"2024-04-02T21:15:37","guid":{"rendered":"https:\/\/invest-in-albania.org\/?page_id=59928"},"modified":"2024-04-02T23:15:43","modified_gmt":"2024-04-02T21:15:43","slug":"welche-qualifikationen-sind-fuer-die-arbeit-in-bpo-kpos-erforderlich","status":"publish","type":"page","link":"https:\/\/invest-in-albania.org\/de\/welche-qualifikationen-sind-fuer-die-arbeit-in-bpo-kpos-erforderlich\/","title":{"rendered":"Welche Qualifikationen sind f\u00fcr die Arbeit in BPO\/KPOs erforderlich?"},"content":{"rendered":"<div class=\"wp-block-image\">\n<figure class=\"aligncenter\"><img loading=\"lazy\" decoding=\"async\" width=\"860\" height=\"655\" src=\"http:\/\/new.invest-in-albania.org\/wp-content\/uploads\/BPO-skills-860x655.jpg\" alt=\"\" class=\"wp-image-39659\"\/><\/figure><\/div>\n\n\n<p>Business Process Outsourcing (BPO) und Knowledge Process Outsourcing (KPO) sind beides Teilbereiche der Outsourcing-Branche, von denen beide Seiten des Vertragsprozesses profitieren.<br>Sowohl BPOs als auch KPOs florieren in L\u00e4ndern mit einer jungen, gut ausgebildeten und mehrsprachigen Bev\u00f6lkerung. Auch wenn das erforderliche Fachwissen in beiden F\u00e4llen von grundlegenden Computerkenntnissen bis hin zu fortgeschrittenen technischen und analytischen F\u00e4higkeiten reicht. KPO-Dienstleistungen erm\u00f6glichen es jedem Unternehmen, fortschrittliche Technologie in seine Praktiken einzubeziehen. Daher entscheiden sich Unternehmen f\u00fcr KPO, wenn sie keine qualifizierten Fachleute im eigenen Haus finden k\u00f6nnen oder wollen. Sie tun es auch, wenn diese Experten geringere Kosten mit sich bringen. Wissen ist Besitz, also entscheiden wir uns f\u00fcr KPO.<\/p>\n\n\n\n<p><strong>KPO-Dienstleistungen<\/strong><br>Datenanalyse<br>Marktforschung<br>Forschung im Gesundheitswesen<br>Finanz- und Rechnungswesen<br>Informationstechnologie<br>Unterst\u00fctzung bei der Rechnungspr\u00fcfung<br>Personalwesen<br>IT-Personalbeschaffung<br>Digitales Marketing<\/p>\n\n\n\n<p><strong>Erforderliche Qualifikationen<\/strong><br>Um eine zufriedenstellende Leistung bei den Aufgaben im Zusammenhang mit den oben genannten Dienstleistungen zu erbringen, wird von den Mitarbeitern von KPO erwartet, dass sie \u00fcber eine Reihe von spezifischen F\u00e4higkeiten verf\u00fcgen.<br>Qualit\u00e4tsmetriken und -instrumente<br>Gute Kommunikation<br>Projektleitung<br>Erfahrung in der Prozessberatung<br>Erfahrung in der Verwaltung<br>Schulungserfahrung oder HR-Abschluss<br>Statistisches Fachwissen<br>Analyse und Verarbeitung von Rohdaten<\/p>\n\n\n\n<p><strong>Qualifikationen<\/strong><br>Lehrkr\u00e4fte<br>Fachkr\u00e4fte im Gesundheitswesen und in der Gesundheitsverwaltung<br>Wirtschaftswissenschaftler<br>Juristen<br>Statistiker<br>Personen mit einer Ausbildung in den Bereichen Marketing, IT, Finanzen, HR, Technik, Kommunikation usw.<\/p>\n\n\n\n<p><strong>KPO-Rollen<\/strong><br>Lean-Berater<br>Kaizen-Beauftragter<br>Qualit\u00e4tsbeauftragter<br>Experte f\u00fcr Six Sigma und Prozessumstrukturierung<br>Experte f\u00fcr Verwaltung<br>Spezialisten f\u00fcr kontinuierliche Verbesserung<br>VBA-Excel-Makro-Entwickler<br>Technischer Personalvermittler<br>Lektor<br>Finanzcontroller<br>Manager f\u00fcr Kostenentwicklung<br>QA\/QC-Experte\/-Manager<br>Medizinische Abrechnung<br>Medikamenten-Marketing<\/p>\n\n\n\n<p>KPO ist ein globaler Trend, der eine bestehende L\u00fccke zwischen dem traditionellen BPO und au\u00dfergew\u00f6hnlichen Besch\u00e4ftigungsm\u00f6glichkeiten f\u00fcr Experten schlie\u00dft. Wie die Kundenbetreuung wird auch KPO bald zu einem wesentlichen Element f\u00fcr das Wachstum und die Skalierung von Unternehmen werden. Es vereint fortschrittliche Technologie und F\u00e4higkeiten f\u00fcr ein schnell wachsendes Unternehmen auf wettbewerbsorientierten M\u00e4rkten. Auf der anderen Seite schafft es befriedigende Besch\u00e4ftigungsm\u00f6glichkeiten und gro\u00dfe Netze f\u00fcr die Versorgung mit Talenten, sei es im Inland oder im Ausland. Wenn Sie auf der Suche nach einem KPO-Partner oder einem Zielort irgendwo auf dem europ\u00e4ischen Markt sind, sollten Sie einen Blick auf Albanien werfen. Vielleicht haben Sie das kleine Land am Mittelmeer mit seinen sch\u00f6nen Str\u00e4nden schon einmal besucht, vielleicht h\u00f6ren Sie aber auch zum ersten Mal von diesem Land. Albanien ist ein gut eingef\u00fchrtes BPO-Ziel f\u00fcr italienische, franz\u00f6sische und deutsche Unternehmen. Die lokalen KPOs sind auf Dienstleistungen in den Bereichen Recht, Finanzen und Buchhaltung, Personalwesen und IT spezialisiert.<\/p>\n","protected":false},"excerpt":{"rendered":"<p>Business Process Outsourcing (BPO) und Knowledge Process Outsourcing (KPO) sind beides Teilbereiche der Outsourcing-Branche, von denen beide Seiten des Vertragsprozesses profitieren.Sowohl BPOs als auch KPOs florieren in L\u00e4ndern mit einer jungen, gut ausgebildeten und mehrsprachigen Bev\u00f6lkerung. Auch wenn das erforderliche Fachwissen in beiden F\u00e4llen von grundlegenden Computerkenntnissen bis hin zu fortgeschrittenen technischen und analytischen F\u00e4higkeiten [&hellip;]<\/p>\n","protected":false},"author":2,"featured_media":39661,"parent":0,"menu_order":7,"comment_status":"closed","ping_status":"closed","template":"","meta":{"_uag_custom_page_level_css":"","_genesis_hide_title":false,"_genesis_hide_breadcrumbs":false,"_genesis_hide_singular_image":false,"_genesis_hide_footer_widgets":false,"_genesis_custom_body_class":"","_genesis_custom_post_class":"","_genesis_layout":"","_themeisle_gutenberg_block_has_review":false,"footnotes":""},"featured_image_src":"https:\/\/invest-in-albania.org\/wp-content\/uploads\/BPO-skills.jpg","featured_image_src_square":"https:\/\/invest-in-albania.org\/wp-content\/uploads\/BPO-skills.jpg","uagb_featured_image_src":{"full":["https:\/\/invest-in-albania.org\/wp-content\/uploads\/BPO-skills.jpg",1920,1391,false],"thumbnail":["https:\/\/invest-in-albania.org\/wp-content\/uploads\/BPO-skills-280x195.jpg",280,195,true],"medium":["https:\/\/invest-in-albania.org\/wp-content\/uploads\/BPO-skills-300x217.jpg",300,217,true],"medium_large":["https:\/\/invest-in-albania.org\/wp-content\/uploads\/BPO-skills-768x556.jpg",768,556,true],"large":["https:\/\/invest-in-albania.org\/wp-content\/uploads\/BPO-skills-1024x742.jpg",1024,742,true],"1536x1536":["https:\/\/invest-in-albania.org\/wp-content\/uploads\/BPO-skills-1536x1113.jpg",1536,1113,true],"2048x2048":["https:\/\/invest-in-albania.org\/wp-content\/uploads\/BPO-skills.jpg",1920,1391,false],"single-featured-image":["https:\/\/invest-in-albania.org\/wp-content\/uploads\/BPO-skills.jpg",531,385,false],"blog-featured-image":["https:\/\/invest-in-albania.org\/wp-content\/uploads\/BPO-skills.jpg",400,290,false],"home-featured":["https:\/\/invest-in-albania.org\/wp-content\/uploads\/BPO-skills.jpg",380,275,false],"gb-block-post-grid-landscape":["https:\/\/invest-in-albania.org\/wp-content\/uploads\/BPO-skills.jpg",552,400,false],"gb-block-post-grid-square":["https:\/\/invest-in-albania.org\/wp-content\/uploads\/BPO-skills.jpg",600,435,false]},"uagb_author_info":{"display_name":"Vjollca Shehu","author_link":"https:\/\/invest-in-albania.org\/de\/author\/iia\/"},"uagb_comment_info":0,"uagb_excerpt":"Business Process Outsourcing (BPO) und Knowledge Process Outsourcing (KPO) sind beides Teilbereiche der Outsourcing-Branche, von denen beide Seiten des Vertragsprozesses profitieren.Sowohl BPOs als auch KPOs florieren in L\u00e4ndern mit einer jungen, gut ausgebildeten und mehrsprachigen Bev\u00f6lkerung. Auch wenn das erforderliche Fachwissen in beiden F\u00e4llen von grundlegenden Computerkenntnissen bis hin zu fortgeschrittenen technischen und analytischen F\u00e4higkeiten&hellip;","_links":{"self":[{"href":"https:\/\/invest-in-albania.org\/de\/wp-json\/wp\/v2\/pages\/59928"}],"collection":[{"href":"https:\/\/invest-in-albania.org\/de\/wp-json\/wp\/v2\/pages"}],"about":[{"href":"https:\/\/invest-in-albania.org\/de\/wp-json\/wp\/v2\/types\/page"}],"author":[{"embeddable":true,"href":"https:\/\/invest-in-albania.org\/de\/wp-json\/wp\/v2\/users\/2"}],"replies":[{"embeddable":true,"href":"https:\/\/invest-in-albania.org\/de\/wp-json\/wp\/v2\/comments?post=59928"}],"version-history":[{"count":1,"href":"https:\/\/invest-in-albania.org\/de\/wp-json\/wp\/v2\/pages\/59928\/revisions"}],"predecessor-version":[{"id":59930,"href":"https:\/\/invest-in-albania.org\/de\/wp-json\/wp\/v2\/pages\/59928\/revisions\/59930"}],"wp:featuredmedia":[{"embeddable":true,"href":"https:\/\/invest-in-albania.org\/de\/wp-json\/wp\/v2\/media\/39661"}],"wp:attachment":[{"href":"https:\/\/invest-in-albania.org\/de\/wp-json\/wp\/v2\/media?parent=59928"}],"curies":[{"name":"wp","href":"https:\/\/api.w.org\/{rel}","templated":true}]}}