{"id":59924,"date":"2024-04-02T22:38:49","date_gmt":"2024-04-02T20:38:49","guid":{"rendered":"https:\/\/invest-in-albania.org\/?page_id=59924"},"modified":"2024-04-02T22:38:54","modified_gmt":"2024-04-02T20:38:54","slug":"die-geschichte-des-business-process-outsourcing-bpo","status":"publish","type":"page","link":"https:\/\/invest-in-albania.org\/de\/die-geschichte-des-business-process-outsourcing-bpo\/","title":{"rendered":"Die Geschichte des Business Process Outsourcing (BPO)"},"content":{"rendered":"<div class=\"wp-block-image\">\n<figure class=\"aligncenter\"><img loading=\"lazy\" decoding=\"async\" width=\"1024\" height=\"576\" src=\"http:\/\/new.invest-in-albania.org\/wp-content\/uploads\/network-2-1024x576.jpg\" alt=\"\" class=\"wp-image-41932\" srcset=\"https:\/\/invest-in-albania.org\/wp-content\/uploads\/network-2-1024x576.jpg 1024w, https:\/\/invest-in-albania.org\/wp-content\/uploads\/network-2-300x169.jpg 300w, https:\/\/invest-in-albania.org\/wp-content\/uploads\/network-2-768x432.jpg 768w, https:\/\/invest-in-albania.org\/wp-content\/uploads\/network-2-580x326.jpg 580w, https:\/\/invest-in-albania.org\/wp-content\/uploads\/network-2-860x484.jpg 860w, https:\/\/invest-in-albania.org\/wp-content\/uploads\/network-2-1160x653.jpg 1160w, https:\/\/invest-in-albania.org\/wp-content\/uploads\/network-2.jpg 1280w\" sizes=\"(max-width: 1024px) 100vw, 1024px\" \/><\/figure><\/div>\n\n\n<h3 class=\"wp-block-heading\">Was ist BPO?<\/h3>\n\n\n\n<p>Business Process Outsourcing (BPO) ist die Auslagerung von Gesch\u00e4ftsprozessen an externe Partner oder Anbieter. BPO bezieht sich in der Regel auf die Auslagerung von Front- und Back-Office-Funktionen wie Personalwesen, Kundenbetreuung, Finanz- und Rechnungswesen, Dateneingabe, Gesundheitswesen, IT-Dienste, Vertrieb und Marketing, Gesundheitsf\u00fcrsorge, Versicherungen und vieles mehr. W\u00e4hrend sich die Unternehmen, die von Start-ups bis hin zu Gro\u00dfunternehmen reichen, auf die Kernfunktionen konzentrieren, k\u00fcmmert sich der Vertragspartner, der \u00fcber alle erforderlichen Ressourcen und Technologien verf\u00fcgt, um die Ausf\u00fchrung der ausgelagerten Funktionen. Obwohl BPO-bezogene Prozesse oft als zeitaufw\u00e4ndig und sogar langweilig angesehen werden, sind sie f\u00fcr das Unternehmen unerl\u00e4sslich. Daher sollte der Anbieter einen Mehrwert bieten und dem Verk\u00e4ufer helfen, zu wachsen und der Konkurrenz voraus zu sein<\/p>\n\n\n\n<h3 class=\"wp-block-heading\">Wie hat es angefangen?<\/h3>\n\n\n\n<p>Angesichts der Art der Branche, die es den Unternehmen erm\u00f6glicht, dank des Einsatzes von Technologie Entfernungen zu verk\u00fcrzen und L\u00fccken zu schlie\u00dfen, spielt letztere in dieser florierenden Branche eine wesentliche Rolle. Die Anf\u00e4nge von BPO reichen jedoch in eine Zeit zur\u00fcck, als Internet und Computer noch keine gro\u00dfe Rolle f\u00fcr die wirtschaftliche Entwicklung spielten.<\/p>\n\n\n\n<p>In seinen Anf\u00e4ngen war das BPO eng mit dem verarbeitenden Gewerbe verbunden. Tats\u00e4chlich hat das, was wir heute als eine der am schnellsten wachsenden Branchen erleben, seine Wurzeln im verarbeitenden Gewerbe. Hersteller von Erfrischungsgetr\u00e4nken wie Coca-Cola beauftragten andere Unternehmen auf den Philippinen (einem der gr\u00f6\u00dften Outsourcing-Standorte der Welt), die einige Prozesse ihrer Lieferketten \u00fcbernehmen konnten, die nicht zu den Kernfunktionen geh\u00f6rten. Die Lektion, die andere aus diesem Fall, der auf die wilden 20er Jahre zur\u00fcckgeht, gelernt haben, ist, dass Outsourcing dazu beitr\u00e4gt, die Kosten zu senken und die Pr\u00e4senz auf den internationalen M\u00e4rkten zu erh\u00f6hen.<\/p>\n\n\n\n<h3 class=\"wp-block-heading\">Von den Callcentern zur Cloud<\/h3>\n\n\n\n<p>Viele Unternehmen begannen, diese Gesch\u00e4ftsstrategie anzuwenden, w\u00e4hrend die wachsende Rolle der Technologie einen gro\u00dfen Einfluss auf dieses Segment hatte. Die Entwicklung der IKT-Teilsektoren, der Internetanbindung und der Infrastruktur haben die BPO-Branche so geformt, wie wir sie heute sehen. BPO hat sich von Callcentern, die vom Telefon abh\u00e4ngig waren, zu fortschrittlichen Gesch\u00e4ftsl\u00f6sungen entwickelt, die von modernen technischen L\u00f6sungen wie der Cloud und der Virtualisierung abh\u00e4ngen. Unternehmen und Firmen jeder Gr\u00f6\u00dfe sind immer auf der Suche nach der neuesten Software, die ihnen helfen kann, die Leistung ihrer Mitarbeiter zu verbessern und die Kundenbetreuung zu optimieren.<\/p>\n\n\n\n<p>Andererseits kann die IT nicht nur eine Erg\u00e4nzung der BPO-Branche sein, sondern auch zur Optimierung der Branche beitragen. So wird sich die BPO-Branche vom traditionellen Callcenter, in dem ein kleiner Teil der Bev\u00f6lkerung mit grundlegenden Computerkenntnissen und Fremdsprachenkenntnissen besch\u00e4ftigt ist, zu einem technikaffinen Sektor entwickeln, der sich auf Analysen und Big Data konzentriert. Dank der neuen Technologietrends wird die BPO-Branche zusammen mit der Kosteneffizienz einen zus\u00e4tzlichen Wert schaffen und Gesch\u00e4ftsmodelle umgestalten.<\/p>\n","protected":false},"excerpt":{"rendered":"<p>Was ist BPO? Business Process Outsourcing (BPO) ist die Auslagerung von Gesch\u00e4ftsprozessen an externe Partner oder Anbieter. BPO bezieht sich in der Regel auf die Auslagerung von Front- und Back-Office-Funktionen wie Personalwesen, Kundenbetreuung, Finanz- und Rechnungswesen, Dateneingabe, Gesundheitswesen, IT-Dienste, Vertrieb und Marketing, Gesundheitsf\u00fcrsorge, Versicherungen und vieles mehr. W\u00e4hrend sich die Unternehmen, die von Start-ups bis [&hellip;]<\/p>\n","protected":false},"author":2,"featured_media":41934,"parent":0,"menu_order":8,"comment_status":"closed","ping_status":"closed","template":"","meta":{"_uag_custom_page_level_css":"","_genesis_hide_title":false,"_genesis_hide_breadcrumbs":false,"_genesis_hide_singular_image":false,"_genesis_hide_footer_widgets":false,"_genesis_custom_body_class":"","_genesis_custom_post_class":"","_genesis_layout":"","_themeisle_gutenberg_block_has_review":false,"footnotes":""},"featured_image_src":"https:\/\/invest-in-albania.org\/wp-content\/uploads\/network-2.jpg","featured_image_src_square":"https:\/\/invest-in-albania.org\/wp-content\/uploads\/network-2.jpg","uagb_featured_image_src":{"full":["https:\/\/invest-in-albania.org\/wp-content\/uploads\/network-2.jpg",1280,720,false],"thumbnail":["https:\/\/invest-in-albania.org\/wp-content\/uploads\/network-2-280x195.jpg",280,195,true],"medium":["https:\/\/invest-in-albania.org\/wp-content\/uploads\/network-2-300x169.jpg",300,169,true],"medium_large":["https:\/\/invest-in-albania.org\/wp-content\/uploads\/network-2-768x432.jpg",768,432,true],"large":["https:\/\/invest-in-albania.org\/wp-content\/uploads\/network-2-1024x576.jpg",1024,576,true],"1536x1536":["https:\/\/invest-in-albania.org\/wp-content\/uploads\/network-2.jpg",1280,720,false],"2048x2048":["https:\/\/invest-in-albania.org\/wp-content\/uploads\/network-2.jpg",1280,720,false],"single-featured-image":["https:\/\/invest-in-albania.org\/wp-content\/uploads\/network-2.jpg",684,385,false],"blog-featured-image":["https:\/\/invest-in-albania.org\/wp-content\/uploads\/network-2.jpg",516,290,false],"home-featured":["https:\/\/invest-in-albania.org\/wp-content\/uploads\/network-2.jpg",380,214,false],"gb-block-post-grid-landscape":["https:\/\/invest-in-albania.org\/wp-content\/uploads\/network-2.jpg",600,338,false],"gb-block-post-grid-square":["https:\/\/invest-in-albania.org\/wp-content\/uploads\/network-2.jpg",600,338,false]},"uagb_author_info":{"display_name":"Vjollca Shehu","author_link":"https:\/\/invest-in-albania.org\/de\/author\/iia\/"},"uagb_comment_info":0,"uagb_excerpt":"Was ist BPO? Business Process Outsourcing (BPO) ist die Auslagerung von Gesch\u00e4ftsprozessen an externe Partner oder Anbieter. BPO bezieht sich in der Regel auf die Auslagerung von Front- und Back-Office-Funktionen wie Personalwesen, Kundenbetreuung, Finanz- und Rechnungswesen, Dateneingabe, Gesundheitswesen, IT-Dienste, Vertrieb und Marketing, Gesundheitsf\u00fcrsorge, Versicherungen und vieles mehr. W\u00e4hrend sich die Unternehmen, die von Start-ups bis&hellip;","_links":{"self":[{"href":"https:\/\/invest-in-albania.org\/de\/wp-json\/wp\/v2\/pages\/59924"}],"collection":[{"href":"https:\/\/invest-in-albania.org\/de\/wp-json\/wp\/v2\/pages"}],"about":[{"href":"https:\/\/invest-in-albania.org\/de\/wp-json\/wp\/v2\/types\/page"}],"author":[{"embeddable":true,"href":"https:\/\/invest-in-albania.org\/de\/wp-json\/wp\/v2\/users\/2"}],"replies":[{"embeddable":true,"href":"https:\/\/invest-in-albania.org\/de\/wp-json\/wp\/v2\/comments?post=59924"}],"version-history":[{"count":1,"href":"https:\/\/invest-in-albania.org\/de\/wp-json\/wp\/v2\/pages\/59924\/revisions"}],"predecessor-version":[{"id":59925,"href":"https:\/\/invest-in-albania.org\/de\/wp-json\/wp\/v2\/pages\/59924\/revisions\/59925"}],"wp:featuredmedia":[{"embeddable":true,"href":"https:\/\/invest-in-albania.org\/de\/wp-json\/wp\/v2\/media\/41934"}],"wp:attachment":[{"href":"https:\/\/invest-in-albania.org\/de\/wp-json\/wp\/v2\/media?parent=59924"}],"curies":[{"name":"wp","href":"https:\/\/api.w.org\/{rel}","templated":true}]}}