{"id":59920,"date":"2024-04-02T22:32:47","date_gmt":"2024-04-02T20:32:47","guid":{"rendered":"https:\/\/invest-in-albania.org\/?page_id=59920"},"modified":"2024-04-02T22:32:52","modified_gmt":"2024-04-02T20:32:52","slug":"was-sind-die-vorteile-des-outsourcing","status":"publish","type":"page","link":"https:\/\/invest-in-albania.org\/de\/was-sind-die-vorteile-des-outsourcing\/","title":{"rendered":"Was sind die Vorteile des Outsourcing?"},"content":{"rendered":"\n<p>Es scheint, als h\u00e4tte Peter Drucker f\u00fcr alles ein Sprichwort, aber dieses dr\u00fcckt die Bedeutung des Outsourcings als Strategie f\u00fcr das Unternehmenswachstum wirklich aus. Im Allgemeinen bedeutet es, Kosten zu sparen und gleichzeitig Ihre Mitarbeiter von zeitraubenden Aufgaben zu entlasten. Auch wenn viele denken, dass es um Kostenvorteile geht, sagen Unternehmer, dass es auch um Wertsch\u00f6pfung und Kernwachstum geht. Wenn Sie mit dem Outsourcing von Gesch\u00e4ftsprozessen beginnen wollen, m\u00fcssen Sie die Vorteile einer solchen Strategie verstehen. Denken Sie jedoch daran, dass es keine allgemeine Regel gibt. Alles h\u00e4ngt von den Zielen und Umst\u00e4nden Ihres Unternehmens ab.<\/p>\n\n\n\n<p>Was sind die St\u00e4rken des Outsourcings, die kleinen Unternehmen und Start-ups auf der ganzen Welt helfen, ihre Effizienz zu steigern und den Gewinn ihrer Organisation zu unterst\u00fctzen? Was sind andererseits die Schw\u00e4chen dieser Strategie, die sich auf Ihr Unternehmen gegenteilig auswirken k\u00f6nnten? Es liegt an Ihnen, die richtigen Schritte zu unternehmen, damit es eine erfolgreiche Erfahrung wird.<\/p>\n\n\n\n<p><strong>St\u00e4rken des Outsourcing<\/strong><\/p>\n\n\n\n<p>Kostenbezogene Vorteile. Outsourcing ist immer billiger, als es selbst zu tun. Sie sparen Zeit und Geld, die Sie f\u00fcr die Einstellung, Schulung und Verwaltung von Mitarbeitern aufwenden m\u00fcssen, insbesondere wenn Sie wissen, dass der Arbeitsmarkt nicht die Experten bietet, die Sie ben\u00f6tigen. Sie haben einen Experten, der so lange f\u00fcr Sie arbeitet, bis ein Projekt abgeschlossen ist oder ein Produkt geliefert wird. Weitere Kosten, die durch Outsourcing vermieden werden, sind Verwaltungskosten, Miete, B\u00fcroraum und Ausr\u00fcstung.<\/p>\n\n\n\n<p>Es hilft Ihnen, sich auf das Wesentliche zu konzentrieren. Zeitraubende und oft langweilige Gesch\u00e4ftsprozesse geben Ihnen das Gef\u00fchl, dass Sie diese Aufgaben nicht &#8222;z\u00e4hmen&#8220; und sich nicht auf die wirklich wichtigen Dinge konzentrieren k\u00f6nnen. Befreien Sie sich auf intelligente Weise davon und helfen Sie sich und Ihren Mitarbeitern, sich mit Aufgaben zu besch\u00e4ftigen, die sie wirklich inspirieren. In der Zwischenzeit k\u00f6nnen Sie Ihre internen Mitarbeiter f\u00f6rdern und ihnen die Karriereperspektiven bieten, die sie vielleicht anstreben.<\/p>\n\n\n\n<p><strong>Zeitzonenvorteile<br><\/strong>F\u00fcr viele Unternehmen gelten Zeitzonenunterschiede als Vorteil, weil ihre Arbeit nicht durch Arbeitszeiten oder Feiertage eingeschr\u00e4nkt wird.<\/p>\n\n\n\n<p>Mehr Talente. Dies ist einer der gr\u00f6\u00dften Vorteile des Outsourcings. Sie haben die M\u00f6glichkeit, aus einem breiten Spektrum von Fachleuten auszuw\u00e4hlen, und das zu niedrigeren Kosten als auf dem eigenen Arbeitsmarkt. Ein weiterer Vorteil ist, dass diese Experten Ihre Gesch\u00e4ftsstrategien hinterfragen k\u00f6nnen. Wenn Sie Ihre Mitarbeiter fragen, ob sie einen Vorschlag haben, werden Sie meist Schweigen als Antwort erhalten.<\/p>\n\n\n\n<p>Unterm Strich bietet Ihnen das Outsourcing, wenn es richtig umgesetzt wird, die oben genannten und viele weitere Vorteile. Es h\u00e4ngt alles davon ab, was Sie von einem Partner erwarten, von der Art Ihres Unternehmens und von anderen Faktoren wie Standort und Qualifikation des Partners.<\/p>\n","protected":false},"excerpt":{"rendered":"<p>Es scheint, als h\u00e4tte Peter Drucker f\u00fcr alles ein Sprichwort, aber dieses dr\u00fcckt die Bedeutung des Outsourcings als Strategie f\u00fcr das Unternehmenswachstum wirklich aus. Im Allgemeinen bedeutet es, Kosten zu sparen und gleichzeitig Ihre Mitarbeiter von zeitraubenden Aufgaben zu entlasten. Auch wenn viele denken, dass es um Kostenvorteile geht, sagen Unternehmer, dass es auch um [&hellip;]<\/p>\n","protected":false},"author":2,"featured_media":0,"parent":0,"menu_order":9,"comment_status":"closed","ping_status":"closed","template":"","meta":{"_uag_custom_page_level_css":"","_genesis_hide_title":false,"_genesis_hide_breadcrumbs":false,"_genesis_hide_singular_image":false,"_genesis_hide_footer_widgets":false,"_genesis_custom_body_class":"","_genesis_custom_post_class":"","_genesis_layout":"","_themeisle_gutenberg_block_has_review":false,"footnotes":""},"featured_image_src":null,"featured_image_src_square":null,"uagb_featured_image_src":{"full":false,"thumbnail":false,"medium":false,"medium_large":false,"large":false,"1536x1536":false,"2048x2048":false,"single-featured-image":false,"blog-featured-image":false,"home-featured":false,"gb-block-post-grid-landscape":false,"gb-block-post-grid-square":false},"uagb_author_info":{"display_name":"Vjollca Shehu","author_link":"https:\/\/invest-in-albania.org\/de\/author\/iia\/"},"uagb_comment_info":0,"uagb_excerpt":"Es scheint, als h\u00e4tte Peter Drucker f\u00fcr alles ein Sprichwort, aber dieses dr\u00fcckt die Bedeutung des Outsourcings als Strategie f\u00fcr das Unternehmenswachstum wirklich aus. Im Allgemeinen bedeutet es, Kosten zu sparen und gleichzeitig Ihre Mitarbeiter von zeitraubenden Aufgaben zu entlasten. Auch wenn viele denken, dass es um Kostenvorteile geht, sagen Unternehmer, dass es auch um&hellip;","_links":{"self":[{"href":"https:\/\/invest-in-albania.org\/de\/wp-json\/wp\/v2\/pages\/59920"}],"collection":[{"href":"https:\/\/invest-in-albania.org\/de\/wp-json\/wp\/v2\/pages"}],"about":[{"href":"https:\/\/invest-in-albania.org\/de\/wp-json\/wp\/v2\/types\/page"}],"author":[{"embeddable":true,"href":"https:\/\/invest-in-albania.org\/de\/wp-json\/wp\/v2\/users\/2"}],"replies":[{"embeddable":true,"href":"https:\/\/invest-in-albania.org\/de\/wp-json\/wp\/v2\/comments?post=59920"}],"version-history":[{"count":1,"href":"https:\/\/invest-in-albania.org\/de\/wp-json\/wp\/v2\/pages\/59920\/revisions"}],"predecessor-version":[{"id":59921,"href":"https:\/\/invest-in-albania.org\/de\/wp-json\/wp\/v2\/pages\/59920\/revisions\/59921"}],"wp:attachment":[{"href":"https:\/\/invest-in-albania.org\/de\/wp-json\/wp\/v2\/media?parent=59920"}],"curies":[{"name":"wp","href":"https:\/\/api.w.org\/{rel}","templated":true}]}}