{"id":59915,"date":"2024-04-02T22:17:04","date_gmt":"2024-04-02T20:17:04","guid":{"rendered":"https:\/\/invest-in-albania.org\/?page_id=59915"},"modified":"2024-04-02T22:17:13","modified_gmt":"2024-04-02T20:17:13","slug":"faktoren-die-fuer-ein-erfolgreiches-outsourcing-entscheidend-sind","status":"publish","type":"page","link":"https:\/\/invest-in-albania.org\/de\/faktoren-die-fuer-ein-erfolgreiches-outsourcing-entscheidend-sind\/","title":{"rendered":"Faktoren, die f\u00fcr ein erfolgreiches Outsourcing entscheidend sind"},"content":{"rendered":"\n<p>Der Outsourcing-Markt hatte 2017 ein Volumen von mehr als 88,9 Milliarden US-Dollar. Die offiziellen Daten von statista.com best\u00e4tigen, dass der gr\u00f6\u00dfte Anteil der Einnahmen aus dieser Branche aus Europa stammt. Die gleichen Daten belegen, dass das Business Process Outsourcing BPO und das Information Technology Outsourcing ITO die meisten Einnahmen generierten.<\/p>\n\n\n\n<p>Die Daten helfen, die Bedeutung dieser Branche auf dem globalen Markt zu verstehen. Gegenw\u00e4rtig gibt es zahlreiche Unternehmen, die ihre Dienstleistungen an Partner oder Anbieter vergeben. Gleichzeitig gibt es bestimmte L\u00e4nder, die als etablierte Outsourcing-Destinationen bekannt sind. Da die Branche weiter w\u00e4chst, werden sich auch die globalen Trends in diesem Bereich \u00e4ndern, aber nicht alle, die auslagern, sind erfolgreich.<\/p>\n\n\n\n<p>Dennoch gibt es einige Elemente, die nach wie vor Bestand haben und dazu beitragen, den Erfolg von Outsourcing zu definieren, unabh\u00e4ngig von der Gr\u00f6\u00dfe Ihres Unternehmens oder der Branche, in der Sie t\u00e4tig sind.<\/p>\n\n\n\n<p>Verschiedene Unternehmen w\u00e4hlen ihre Partner oder Anbieter auf der Grundlage der spezifischen Bed\u00fcrfnisse ihrer Unternehmen aus. Wenn es jedoch um die Faktoren geht, die den Erfolg bestimmen, nennen sie die folgenden.<\/p>\n\n\n\n<p><strong>Kommunikation<br><\/strong>Wenn Sie einen Anbieter beauftragen, bestimmte Prozesse auszulagern, gehen Sie eine Beziehung wie jede andere Gesch\u00e4ftsbeziehung ein. Daher wissen Sie vielleicht, wie wichtig eine effektive Kommunikation ist und welche Rolle sie f\u00fcr den Erfolg spielt. Sie m\u00fcssen Ihre Ziele kommunizieren und daf\u00fcr sorgen, dass keine Missverst\u00e4ndnisse aufkommen. Sie legen die Erwartungen f\u00fcr jede Seite fest und w\u00e4hlen die richtigen Kommunikationskan\u00e4le, um den \u00dcberblick zu behalten und sicherzustellen, dass diese Erwartungen mit den Ergebnissen \u00fcbereinstimmen.<\/p>\n\n\n\n<p>Au\u00dferdem ist eine gute Kommunikation entscheidend f\u00fcr die Integration beider Teams. Sie k\u00f6nnen die Leistung und Verbesserungsm\u00f6glichkeiten besprechen. Sie k\u00f6nnen auch auf die Zeitzone achten. Wenn Ihr Projekt eine st\u00e4ndige Kommunikation erfordert, sollten Sie ein Unternehmen suchen, das an einem Ort mit denselben Arbeitszeiten ans\u00e4ssig ist. Am besten ist es, wenn das Team des anderen Unternehmens Ihre Sprache spricht. Wenn nicht, k\u00f6nnen Sie eine andere gemeinsame Sprache sprechen, in der Regel Englisch. Mehrsprachigkeit ist eine sehr wertvolle F\u00e4higkeit. Wenn Sie in der Callcenter-Branche t\u00e4tig sind, ist Albanien ein Land mit einer mehrsprachigen Bev\u00f6lkerung und einem westlichen Kulturmodell.<br>Denken Sie daran, dass eine gute Kommunikation das Herzst\u00fcck eines jeden erfolgreichen Unternehmens ist.<\/p>\n\n\n\n<p><strong>Die Erfahrung des Anbieters<\/strong><\/p>\n\n\n\n<p>Die Auswahl des richtigen Anbieters kann eine \u00fcberw\u00e4ltigende Aufgabe sein. Wenn Sie einen Prozess auslagern wollen, m\u00fcssen Sie auch wissen, welches Ergebnis Sie von dem Anbieter erwarten und welchen Nutzen Sie aus Ihrer Wahl ziehen. Finden Sie ein Unternehmen oder einen Partner, der die Aufgaben auf der Grundlage seiner Erfahrung \u00fcbernimmt. Wie k\u00f6nnen Sie das messen? Beginnen Sie mit allgemeinen Informationen wie der Anzahl der Projekte, die der Anbieter durchgef\u00fchrt hat, und den Kunden, die \u00e4hnliche Dienstleistungen erhalten haben wie die, die Sie auslagern m\u00f6chten. Sie k\u00f6nnen auch nach der Qualifikation und Erfahrung der Personen fragen, die f\u00fcr die zu \u00fcbertragenden Aufgaben zust\u00e4ndig sein werden.<br>Andererseits k\u00f6nnen Sie auch die Meinung der Kunden des Anbieters einholen, wenn diese nicht der Vertraulichkeit unterliegen.<\/p>\n\n\n\n<p><strong>Vertraulichkeit<br><\/strong>Unabh\u00e4ngig davon, wie zuverl\u00e4ssig ein Anbieter auch sein mag, m\u00fcssen Sie Vertraulichkeitsvereinbarungen unterzeichnen, wenn Daten \u00fcber Ihre Mitarbeiter, Kunden oder sogar Gesch\u00e4ftsideen an Ihren Partner weitergegeben werden. Es gibt verschiedene Arten von Vertraulichkeitsvereinbarungen, je nachdem, wie viele Seiten beteiligt sind. Wenn es um heikle Informationen geht, m\u00fcssen Sie Personen ausw\u00e4hlen, denen Sie vertrauen k\u00f6nnen.<\/p>\n","protected":false},"excerpt":{"rendered":"<p>Der Outsourcing-Markt hatte 2017 ein Volumen von mehr als 88,9 Milliarden US-Dollar. Die offiziellen Daten von statista.com best\u00e4tigen, dass der gr\u00f6\u00dfte Anteil der Einnahmen aus dieser Branche aus Europa stammt. Die gleichen Daten belegen, dass das Business Process Outsourcing BPO und das Information Technology Outsourcing ITO die meisten Einnahmen generierten. Die Daten helfen, die Bedeutung [&hellip;]<\/p>\n","protected":false},"author":2,"featured_media":0,"parent":0,"menu_order":10,"comment_status":"closed","ping_status":"closed","template":"","meta":{"_uag_custom_page_level_css":"","_genesis_hide_title":false,"_genesis_hide_breadcrumbs":false,"_genesis_hide_singular_image":false,"_genesis_hide_footer_widgets":false,"_genesis_custom_body_class":"","_genesis_custom_post_class":"","_genesis_layout":"","_themeisle_gutenberg_block_has_review":false,"footnotes":""},"featured_image_src":null,"featured_image_src_square":null,"uagb_featured_image_src":{"full":false,"thumbnail":false,"medium":false,"medium_large":false,"large":false,"1536x1536":false,"2048x2048":false,"single-featured-image":false,"blog-featured-image":false,"home-featured":false,"gb-block-post-grid-landscape":false,"gb-block-post-grid-square":false},"uagb_author_info":{"display_name":"Vjollca Shehu","author_link":"https:\/\/invest-in-albania.org\/de\/author\/iia\/"},"uagb_comment_info":0,"uagb_excerpt":"Der Outsourcing-Markt hatte 2017 ein Volumen von mehr als 88,9 Milliarden US-Dollar. Die offiziellen Daten von statista.com best\u00e4tigen, dass der gr\u00f6\u00dfte Anteil der Einnahmen aus dieser Branche aus Europa stammt. Die gleichen Daten belegen, dass das Business Process Outsourcing BPO und das Information Technology Outsourcing ITO die meisten Einnahmen generierten. Die Daten helfen, die Bedeutung&hellip;","_links":{"self":[{"href":"https:\/\/invest-in-albania.org\/de\/wp-json\/wp\/v2\/pages\/59915"}],"collection":[{"href":"https:\/\/invest-in-albania.org\/de\/wp-json\/wp\/v2\/pages"}],"about":[{"href":"https:\/\/invest-in-albania.org\/de\/wp-json\/wp\/v2\/types\/page"}],"author":[{"embeddable":true,"href":"https:\/\/invest-in-albania.org\/de\/wp-json\/wp\/v2\/users\/2"}],"replies":[{"embeddable":true,"href":"https:\/\/invest-in-albania.org\/de\/wp-json\/wp\/v2\/comments?post=59915"}],"version-history":[{"count":1,"href":"https:\/\/invest-in-albania.org\/de\/wp-json\/wp\/v2\/pages\/59915\/revisions"}],"predecessor-version":[{"id":59917,"href":"https:\/\/invest-in-albania.org\/de\/wp-json\/wp\/v2\/pages\/59915\/revisions\/59917"}],"wp:attachment":[{"href":"https:\/\/invest-in-albania.org\/de\/wp-json\/wp\/v2\/media?parent=59915"}],"curies":[{"name":"wp","href":"https:\/\/api.w.org\/{rel}","templated":true}]}}