{"id":59910,"date":"2024-04-02T22:10:57","date_gmt":"2024-04-02T20:10:57","guid":{"rendered":"https:\/\/invest-in-albania.org\/?page_id=59910"},"modified":"2024-04-02T22:11:04","modified_gmt":"2024-04-02T20:11:04","slug":"wie-outsourcing-ihrem-unternehmen-nuetzt","status":"publish","type":"page","link":"https:\/\/invest-in-albania.org\/de\/wie-outsourcing-ihrem-unternehmen-nuetzt\/","title":{"rendered":"Wie Outsourcing Ihrem Unternehmen n\u00fctzt"},"content":{"rendered":"\n<p>Heutzutage ist Outsourcing eine der wichtigsten S\u00e4ulen einer Wachstumsstrategie nicht nur f\u00fcr Start-ups, sondern auch f\u00fcr kleine, mittlere und gro\u00dfe Unternehmen. Daher muss jeder Gr\u00fcnder mit einer zielgerichteten Vision Outsourcing als die Strategie in Betracht ziehen, die ihm helfen w\u00fcrde, seine Erwartungen zu erf\u00fcllen und in der sich schnell ver\u00e4ndernden Gesch\u00e4ftswelt dynamisch zu bleiben.<\/p>\n\n\n\n<p>Es besteht die M\u00f6glichkeit, dass Sie davon geh\u00f6rt haben und wissen, was es bedeutet. Wenn Sie es jedoch noch nicht in Betracht gezogen haben, bedeutet dies, dass Sie sich der vielen Vorteile nicht bewusst sind, die es Ihrem Unternehmen bietet, um auf kosteneffiziente Weise zu wachsen. Das ist es, wonach jeder Unternehmensgr\u00fcnder oder Gesch\u00e4ftsinhaber sucht.<br>Machen Sie sich mit den Vorteilen des Outsourcings vertraut und \u00fcberlegen Sie, welche Prozesse f\u00fcr Sie von Vorteil w\u00e4ren, wenn sie von einem Partner oder Anbieter erledigt w\u00fcrden.<\/p>\n\n\n\n<p><strong>Sie schaffen Werte<\/strong><br>Ist dies nicht eine Ihrer Hauptpriorit\u00e4ten? Er bezieht sich auf Ihr Produkt oder Ihre Dienstleistung, Ihre Kunden und vor allem auf Ihre Mitarbeiter. Anfangs wurde das Outsourcing f\u00fcr seine kostensenkenden Vorteile gelobt, aber im Laufe der Jahre wurde der Wertsch\u00f6pfung mehr Aufmerksamkeit gewidmet.<\/p>\n\n\n\n<p>Derzeit gibt es zahlreiche Outsourcing-Ziele auf der ganzen Welt. Die Tatsache, dass ein Ort billiger ist als ein anderer, bedeutet jedoch nicht, dass er f\u00fcr jeden die erste Wahl ist. Sie variieren von billig bis billig. Um diese Branche besser zu verstehen, m\u00fcssen Sie sich diese Regel merken. Wenn Sie eine Aufgabe auslagern k\u00f6nnen, bedeutet das, dass sie Sie weniger kostet, als wenn Sie sie selbst erledigen.<\/p>\n\n\n\n<p>Sie k\u00f6nnen also nach einer billigen M\u00f6glichkeit suchen, die Arbeit f\u00fcr Sie erledigen zu lassen, aber nicht nach einem Produkt oder einer Dienstleistung von minderer Qualit\u00e4t. Wenn Sie den richtigen Partner f\u00fcr einen bestimmten Prozess finden, k\u00f6nnen Sie sicher sein, dass er zur Wertsch\u00f6pfung Ihrer Marke beitr\u00e4gt, dass Ihre Kunden zufrieden sind, wenn die Fristen eingehalten werden und das Ergebnis eine hochwertige Dienstleistung ist. Auf der anderen Seite k\u00f6nnen sich Ihre Mitarbeiter auf Aufgaben konzentrieren, die ihnen helfen, sich weiterzuentwickeln und neue F\u00e4higkeiten zu erwerben.<\/p>\n\n\n\n<p><strong>Sie reduzieren die Kosten<\/strong><br>Denken Sie an die oben erw\u00e4hnte Regel. Ganz gleich, welchen Gesch\u00e4ftsprozess Sie auslagern, er wird Sie weniger kosten. Outsourcing hilft auf unterschiedliche Weise, die Kosten zu senken. Nehmen wir an, Sie beginnen ein neues Projekt, aber Ihrem Team fehlt ein Mitglied mit einer bestimmten Qualifikation. Wenn Sie sich entscheiden, jemanden einzustellen, m\u00fcssen Sie in Folgendes investieren: Zeit f\u00fcr die Einstellung und Schulung, mehr B\u00fcror\u00e4ume und Ausr\u00fcstung, Verwaltung der Sozialleistungen usw.<\/p>\n\n\n\n<p><strong>Flexibilit\u00e4t<\/strong><br>Sie m\u00fcssen nicht in ein kleineres oder gr\u00f6\u00dferes B\u00fcro wechseln, wenn sich die Zahl der Mitarbeiter \u00e4ndert.<br>Wenn Sie ein neues Projekt beginnen und niemand in Ihrem Team \u00fcber die erforderlichen F\u00e4higkeiten verf\u00fcgt, brauchen Sie jemand Neues.<br>In jedem Fall m\u00fcssen Sie zwei Pl\u00e4ne haben.<br>Erstens: Ihr talentierter Mitarbeiter k\u00fcndigt mitten im Projekt.<br>Zweitens, das Projekt ist abgeschlossen und bestimmte F\u00e4higkeiten werden nicht mehr ben\u00f6tigt.<br>Jedes neue Teammitglied wird seine Zeit brauchen, um sich an den neuen Arbeitsplatz, die Menschen und die Projektanforderungen zu gew\u00f6hnen.<br>In der Zwischenzeit lassen sich all diese Probleme durch Outsourcing vermeiden.<\/p>\n\n\n\n<p><strong>Zugang zu besserer Technologie und mehr Talenten<\/strong><br>Wenn Sie jemanden einstellen, versuchen Sie, die besten Talente in Ihrer Stadt oder Region zu gewinnen. Wenn Sie jemanden auslagern, haben Sie Zugang zu besseren M\u00f6glichkeiten als die, die vor Ort verf\u00fcgbar sind.<br>Gleichzeitig haben Sie die M\u00f6glichkeit, nach der richtigen Technologie zu suchen, die Ihren Anforderungen besser entspricht.<\/p>\n","protected":false},"excerpt":{"rendered":"<p>Heutzutage ist Outsourcing eine der wichtigsten S\u00e4ulen einer Wachstumsstrategie nicht nur f\u00fcr Start-ups, sondern auch f\u00fcr kleine, mittlere und gro\u00dfe Unternehmen. Daher muss jeder Gr\u00fcnder mit einer zielgerichteten Vision Outsourcing als die Strategie in Betracht ziehen, die ihm helfen w\u00fcrde, seine Erwartungen zu erf\u00fcllen und in der sich schnell ver\u00e4ndernden Gesch\u00e4ftswelt dynamisch zu bleiben. Es [&hellip;]<\/p>\n","protected":false},"author":2,"featured_media":0,"parent":0,"menu_order":11,"comment_status":"closed","ping_status":"closed","template":"","meta":{"_uag_custom_page_level_css":"","_genesis_hide_title":false,"_genesis_hide_breadcrumbs":false,"_genesis_hide_singular_image":false,"_genesis_hide_footer_widgets":false,"_genesis_custom_body_class":"","_genesis_custom_post_class":"","_genesis_layout":"","_themeisle_gutenberg_block_has_review":false,"footnotes":""},"featured_image_src":null,"featured_image_src_square":null,"uagb_featured_image_src":{"full":false,"thumbnail":false,"medium":false,"medium_large":false,"large":false,"1536x1536":false,"2048x2048":false,"single-featured-image":false,"blog-featured-image":false,"home-featured":false,"gb-block-post-grid-landscape":false,"gb-block-post-grid-square":false},"uagb_author_info":{"display_name":"Vjollca Shehu","author_link":"https:\/\/invest-in-albania.org\/de\/author\/iia\/"},"uagb_comment_info":0,"uagb_excerpt":"Heutzutage ist Outsourcing eine der wichtigsten S\u00e4ulen einer Wachstumsstrategie nicht nur f\u00fcr Start-ups, sondern auch f\u00fcr kleine, mittlere und gro\u00dfe Unternehmen. Daher muss jeder Gr\u00fcnder mit einer zielgerichteten Vision Outsourcing als die Strategie in Betracht ziehen, die ihm helfen w\u00fcrde, seine Erwartungen zu erf\u00fcllen und in der sich schnell ver\u00e4ndernden Gesch\u00e4ftswelt dynamisch zu bleiben. Es&hellip;","_links":{"self":[{"href":"https:\/\/invest-in-albania.org\/de\/wp-json\/wp\/v2\/pages\/59910"}],"collection":[{"href":"https:\/\/invest-in-albania.org\/de\/wp-json\/wp\/v2\/pages"}],"about":[{"href":"https:\/\/invest-in-albania.org\/de\/wp-json\/wp\/v2\/types\/page"}],"author":[{"embeddable":true,"href":"https:\/\/invest-in-albania.org\/de\/wp-json\/wp\/v2\/users\/2"}],"replies":[{"embeddable":true,"href":"https:\/\/invest-in-albania.org\/de\/wp-json\/wp\/v2\/comments?post=59910"}],"version-history":[{"count":1,"href":"https:\/\/invest-in-albania.org\/de\/wp-json\/wp\/v2\/pages\/59910\/revisions"}],"predecessor-version":[{"id":59911,"href":"https:\/\/invest-in-albania.org\/de\/wp-json\/wp\/v2\/pages\/59910\/revisions\/59911"}],"wp:attachment":[{"href":"https:\/\/invest-in-albania.org\/de\/wp-json\/wp\/v2\/media?parent=59910"}],"curies":[{"name":"wp","href":"https:\/\/api.w.org\/{rel}","templated":true}]}}