{"id":59906,"date":"2024-04-02T22:06:52","date_gmt":"2024-04-02T20:06:52","guid":{"rendered":"https:\/\/invest-in-albania.org\/?page_id=59906"},"modified":"2024-04-02T22:06:58","modified_gmt":"2024-04-02T20:06:58","slug":"was-ist-die-geschichte-des-outsourcing","status":"publish","type":"page","link":"https:\/\/invest-in-albania.org\/de\/was-ist-die-geschichte-des-outsourcing\/","title":{"rendered":"Was ist die Geschichte des Outsourcing?"},"content":{"rendered":"<div class=\"wp-block-image\">\n<figure class=\"alignleft\"><img loading=\"lazy\" decoding=\"async\" width=\"580\" height=\"420\" src=\"http:\/\/new.invest-in-albania.org\/wp-content\/uploads\/recruitment-580x420.jpg\" alt=\"\" class=\"wp-image-40809\"\/><\/figure><\/div>\n\n\n<p>Es gibt L\u00e4nder wie Albanien, in denen das Outsourcing in den letzten Jahrzehnten durch Callcenter eingef\u00fchrt wurde. Es gibt L\u00e4nder, die schon in der Antike damit begonnen haben, wichtige Prozesse an andere L\u00e4nder zu delegieren. Zun\u00e4chst beschlossen die R\u00f6mer, das Land um Rom f\u00fcr die Stadtentwicklung und \u00f6ffentliche Arbeiten zu nutzen, anstatt es f\u00fcr die Landwirtschaft und insbesondere f\u00fcr den Getreideanbau zu verwenden.<\/p>\n\n\n\n<p>Es musste jedoch eine L\u00f6sung gefunden werden, um die erforderliche Menge an Getreide bereitzustellen, die als entscheidender Faktor f\u00fcr die Friedenssicherung angesehen wurde. Jeder Erwachsene in Rom hatte Anspruch auf eine bestimmte Menge Getreide, die von Sardinien, Sizilien und vor allem von Nordafrika geliefert wurde.<br>Die r\u00f6mischen Herrscher konzentrierten sich auf das, was sie besser konnten, n\u00e4mlich den Anbau und die Erhaltung des Friedens, w\u00e4hrend sie die Aufgabe der Getreideversorgung an andere Teile des Reiches delegierten, wo dies einfacher und billiger war.<br>Dies kann als eines der ersten Beispiele f\u00fcr Outsourcing gelten.<\/p>\n\n\n\n<p>Im Laufe der Jahrhunderte f\u00fchrten das Zeitalter der Entdeckungen und die Kolonisierung Amerikas und anderer Regionen der Welt zu einer Zunahme des Handels und der Gesch\u00e4fte zwischen den Kontinenten. In dieser Zeit gab es L\u00e4nder, die sich durch die Herstellung von Produkten auszeichneten, die in verschiedenen Teilen der Welt sehr gefragt waren.<\/p>\n\n\n\n<p>So produzierte Schottland Klipperschiffe f\u00fcr die Kolonien. Zur gleichen Zeit war Indien wie viele andere L\u00e4nder, die an den Seidenhandelsstra\u00dfen beteiligt waren, ein Hauptlieferant von Stoffen, Farbstoffen, Wolle und zahlreichen anderen Produkten.<\/p>\n\n\n\n<p>Die wirtschaftliche und industrielle Entwicklung f\u00fchrte dazu, dass vor allem in Gro\u00dfbritannien immer mehr Arbeitspl\u00e4tze in den Bereichen Recht und Buchhaltung ausgelagert wurden. William Deloitte er\u00f6ffnete 1845 sein B\u00fcro in London und war die erste Person, die zum Wirtschaftspr\u00fcfer eines Privatunternehmens ernannt wurde. In den folgenden Jahren er\u00f6ffnete er B\u00fcros in New York und an vielen anderen Orten.<\/p>\n\n\n\n<p>Viele andere Unternehmen taten es ihm gleich. Coopers and Lybrand (Pricewaterhouse Cooper pwc), Harding &amp; Pullein (Ernst &amp; Young), Klynveld Peat Marwick Goerdeler (KPMG), das urspr\u00fcnglich 1818 gegr\u00fcndet wurde, und Deloitte geh\u00f6rten zu den ersten privaten Unternehmen, die Dienstleistungen wie Buchhaltung, Finanzpr\u00fcfung, Steuern und Beratung anboten. Sie sind auch als die &#8222;Big Four&#8220; bekannt.<\/p>\n\n\n\n<p>Das war die Geschichte des Outsourcing vor dem Internet. Letzteres spielt eine wichtige Rolle in der Outsourcing-Branche. In der Anfangsphase des IT-Outsourcings waren Kodak und Electronic Data Systems die ersten Pioniere, die Vertr\u00e4ge mit IBM unterzeichneten und damit begannen, ihre Aufgaben auszulagern.<br>Das IT-Outsourcing begann in den 90er Jahren zu wachsen, als die Computer immer ausgereifter und verf\u00fcgbarer wurden.<\/p>\n\n\n\n<p>Die technologische Entwicklung erm\u00f6glichte es verschiedenen Unternehmen, verschiedene Arten von Prozessen wie Softwareentwicklung, Datenspeicherung, Infrastrukturwartung usw. auszulagern.<\/p>\n","protected":false},"excerpt":{"rendered":"<p>Es gibt L\u00e4nder wie Albanien, in denen das Outsourcing in den letzten Jahrzehnten durch Callcenter eingef\u00fchrt wurde. Es gibt L\u00e4nder, die schon in der Antike damit begonnen haben, wichtige Prozesse an andere L\u00e4nder zu delegieren. Zun\u00e4chst beschlossen die R\u00f6mer, das Land um Rom f\u00fcr die Stadtentwicklung und \u00f6ffentliche Arbeiten zu nutzen, anstatt es f\u00fcr die [&hellip;]<\/p>\n","protected":false},"author":2,"featured_media":40811,"parent":0,"menu_order":12,"comment_status":"closed","ping_status":"closed","template":"","meta":{"_uag_custom_page_level_css":"","_genesis_hide_title":false,"_genesis_hide_breadcrumbs":false,"_genesis_hide_singular_image":false,"_genesis_hide_footer_widgets":false,"_genesis_custom_body_class":"","_genesis_custom_post_class":"","_genesis_layout":"","_themeisle_gutenberg_block_has_review":false,"footnotes":""},"featured_image_src":"https:\/\/invest-in-albania.org\/wp-content\/uploads\/recruitment.jpg","featured_image_src_square":"https:\/\/invest-in-albania.org\/wp-content\/uploads\/recruitment.jpg","uagb_featured_image_src":{"full":["https:\/\/invest-in-albania.org\/wp-content\/uploads\/recruitment.jpg",1280,972,false],"thumbnail":["https:\/\/invest-in-albania.org\/wp-content\/uploads\/recruitment-280x195.jpg",280,195,true],"medium":["https:\/\/invest-in-albania.org\/wp-content\/uploads\/recruitment-300x228.jpg",300,228,true],"medium_large":["https:\/\/invest-in-albania.org\/wp-content\/uploads\/recruitment-768x583.jpg",768,583,true],"large":["https:\/\/invest-in-albania.org\/wp-content\/uploads\/recruitment-1024x778.jpg",1024,778,true],"1536x1536":["https:\/\/invest-in-albania.org\/wp-content\/uploads\/recruitment.jpg",1280,972,false],"2048x2048":["https:\/\/invest-in-albania.org\/wp-content\/uploads\/recruitment.jpg",1280,972,false],"single-featured-image":["https:\/\/invest-in-albania.org\/wp-content\/uploads\/recruitment.jpg",507,385,false],"blog-featured-image":["https:\/\/invest-in-albania.org\/wp-content\/uploads\/recruitment.jpg",382,290,false],"home-featured":["https:\/\/invest-in-albania.org\/wp-content\/uploads\/recruitment.jpg",380,289,false],"gb-block-post-grid-landscape":["https:\/\/invest-in-albania.org\/wp-content\/uploads\/recruitment.jpg",527,400,false],"gb-block-post-grid-square":["https:\/\/invest-in-albania.org\/wp-content\/uploads\/recruitment.jpg",600,456,false]},"uagb_author_info":{"display_name":"Vjollca Shehu","author_link":"https:\/\/invest-in-albania.org\/de\/author\/iia\/"},"uagb_comment_info":0,"uagb_excerpt":"Es gibt L\u00e4nder wie Albanien, in denen das Outsourcing in den letzten Jahrzehnten durch Callcenter eingef\u00fchrt wurde. Es gibt L\u00e4nder, die schon in der Antike damit begonnen haben, wichtige Prozesse an andere L\u00e4nder zu delegieren. Zun\u00e4chst beschlossen die R\u00f6mer, das Land um Rom f\u00fcr die Stadtentwicklung und \u00f6ffentliche Arbeiten zu nutzen, anstatt es f\u00fcr die&hellip;","_links":{"self":[{"href":"https:\/\/invest-in-albania.org\/de\/wp-json\/wp\/v2\/pages\/59906"}],"collection":[{"href":"https:\/\/invest-in-albania.org\/de\/wp-json\/wp\/v2\/pages"}],"about":[{"href":"https:\/\/invest-in-albania.org\/de\/wp-json\/wp\/v2\/types\/page"}],"author":[{"embeddable":true,"href":"https:\/\/invest-in-albania.org\/de\/wp-json\/wp\/v2\/users\/2"}],"replies":[{"embeddable":true,"href":"https:\/\/invest-in-albania.org\/de\/wp-json\/wp\/v2\/comments?post=59906"}],"version-history":[{"count":1,"href":"https:\/\/invest-in-albania.org\/de\/wp-json\/wp\/v2\/pages\/59906\/revisions"}],"predecessor-version":[{"id":59907,"href":"https:\/\/invest-in-albania.org\/de\/wp-json\/wp\/v2\/pages\/59906\/revisions\/59907"}],"wp:featuredmedia":[{"embeddable":true,"href":"https:\/\/invest-in-albania.org\/de\/wp-json\/wp\/v2\/media\/40811"}],"wp:attachment":[{"href":"https:\/\/invest-in-albania.org\/de\/wp-json\/wp\/v2\/media?parent=59906"}],"curies":[{"name":"wp","href":"https:\/\/api.w.org\/{rel}","templated":true}]}}