{"id":59893,"date":"2024-04-02T12:02:40","date_gmt":"2024-04-02T10:02:40","guid":{"rendered":"https:\/\/invest-in-albania.org\/?page_id=59893"},"modified":"2024-04-02T12:02:46","modified_gmt":"2024-04-02T10:02:46","slug":"outsourcing-der-auftragsabwicklung","status":"publish","type":"page","link":"https:\/\/invest-in-albania.org\/de\/bpo-uitbestedingsdiensten\/outsourcing-der-auftragsabwicklung\/","title":{"rendered":"Outsourcing der Auftragsabwicklung"},"content":{"rendered":"\n<figure class=\"wp-block-image size-full is-resized\"><img loading=\"lazy\" decoding=\"async\" width=\"800\" height=\"800\" src=\"https:\/\/invest-in-albania.org\/wp-content\/uploads\/order-fulfillment-1.png\" alt=\"Order Fulfillment Graph\" class=\"wp-image-44783\" style=\"width:680px;height:680px\" srcset=\"https:\/\/invest-in-albania.org\/wp-content\/uploads\/order-fulfillment-1.png 800w, https:\/\/invest-in-albania.org\/wp-content\/uploads\/order-fulfillment-1-300x300.png 300w, https:\/\/invest-in-albania.org\/wp-content\/uploads\/order-fulfillment-1-768x768.png 768w, https:\/\/invest-in-albania.org\/wp-content\/uploads\/order-fulfillment-1-600x600.png 600w\" sizes=\"(max-width: 800px) 100vw, 800px\" \/><\/figure>\n\n\n\n<h2 class=\"wp-block-heading\"><strong>Was ist Auftragsabwicklung?<\/strong><\/h2>\n\n\n\n<p>Die Auftragsabwicklung ist der Prozess der Entgegennahme von Bestellungen, der Bearbeitung und der Lieferung von Produkten an Kunden. Sie kann auch die Bearbeitung von R\u00fccksendungen und die erneute Anpassung der Datens\u00e4tze umfassen, was auch als Auftragsabwicklung bezeichnet wird.<\/p>\n\n\n\n<p>Im weitesten Sinne ist die Auftragsabwicklung alles, was passiert, nachdem ein Kunde eine Bestellung aufgegeben hat, bis zu dem Moment, in dem er diese Bestellung erh\u00e4lt. Unternehmen k\u00f6nnen die Auftragsabwicklung intern abwickeln, an Dritte auslagern, per Streckengesch\u00e4ft versenden oder verschiedene Methoden kombinieren.<\/p>\n\n\n\n<h2 class=\"wp-block-heading\"><strong>Dienstleistungen zur Auftragsannahme<\/strong><\/h2>\n\n\n\n<p>Heutzutage m\u00f6chte sich ein Kunde gr\u00fcndlich erkundigen, bevor er eine Bestellung aufgibt, daher wurden Auftragsannahmedienste eingef\u00fchrt, um die Kundenzufriedenheit zu gew\u00e4hrleisten. Die Auftragsannahme ist eine gro\u00dfe Hilfe f\u00fcr Unternehmen, vor allem wenn ihre Produkte und Dienstleistungen typisch und kompliziert sind.<\/p>\n\n\n\n<p>Meistens beauftragen Unternehmen einen BPO-Back-Office-Service, der sich besser um die Auftragsannahme k\u00fcmmert. Dies ist vor allem dann hilfreich, wenn das Produkt etwas kompliziert ist oder einige der Komponenten erkl\u00e4rt werden m\u00fcssen. Einige der Dienstleistungen, die diese ausgelagerten Unternehmen in Bezug auf die Auftragsannahme anbieten, werden \u00fcber Telefon (geb\u00fchrenfreie Leitungen), Online, Fax, E-Mail, Pager usw. erbracht. Einige der Dienstleistungen, die diese Unternehmen bei der Auftragsannahme anbieten, sind:<\/p>\n\n\n\n<ul>\n<li>Personalisierte Anrufberichte<\/li>\n\n\n\n<li>24\/7 Dienst<\/li>\n\n\n\n<li>Gesicherte Verbindung<\/li>\n\n\n\n<li>Hervorragende Funktionen zur Weiterleitung eingehender Anrufe, einschlie\u00dflich Anruf\u00fcberlauf und automatischer Men\u00fcauswahl<\/li>\n\n\n\n<li>Sicherstellung von Qualit\u00e4tsdienstleistungen und effizientem Verkaufsabschluss<\/li>\n\n\n\n<li>Kosteng\u00fcnstige Abwicklung gro\u00dfer Anrufvolumina<\/li>\n\n\n\n<li>Bearbeitung eines hohen Anrufvolumens und verschiedener Produktkataloge<\/li>\n\n\n\n<li>Schnelle Abwicklung<\/li>\n\n\n\n<li>\u00dcberwindung der automatischen Bestellsysteme, Hinzuf\u00fcgen einer pers\u00f6nlichen Note und Vertrauen der Kunden<\/li>\n\n\n\n<li>Beantwortung von Anrufen im Namen des Kundenunternehmens<\/li>\n<\/ul>\n\n\n\n<h2 class=\"wp-block-heading\"><strong>Was ist ein Anbieter von Auftragsabwicklungsdiensten?<\/strong><\/h2>\n\n\n\n<p>Anbieter von Auftragsabwicklungsdiensten lagern im Wesentlichen Ihre Waren (d. h. Ihre Produkte) und f\u00fchren in Ihrem Namen Bestellungen aus (diese k\u00f6nnen von K\u00e4ufern in Gesch\u00e4ften oder von Online-Kunden stammen). Zu diesem Zweck integrieren die Fulfillment-Dienstleister ihre Software in der Regel in Ihren E-Commerce-Shop, um den gesamten Fulfillment-Prozess zu optimieren.<\/p>\n\n\n\n<p>Sobald eine Bestellung eingeht, wird das Produkt ausgew\u00e4hlt, verpackt und f\u00fcr den Versand vorbereitet. Fulfillment-Anbieter koordinieren und planen auch die Abholung von Sendungen mit Spediteuren wie FedEx, UPS und USPS. Fulfillment-Anbieter berechnen in der Regel eine pauschale monatliche Lagergeb\u00fchr. Sobald eine Bestellung versandt wird, fallen weitere Geb\u00fchren an.<\/p>\n\n\n\n<h2 class=\"wp-block-heading\"><strong>Vorteile des Outsourcing der Auftragsabwicklung<\/strong><\/h2>\n\n\n\n<p>Neue und wachsende Unternehmen entscheiden sich oft f\u00fcr die Auslagerung der Auftragsabwicklung. Etablierte Unternehmen hingegen sind der Meinung, dass eine interne Auftragsabwicklung mehr Kontrolle bietet und ihnen helfen kann, Kosten bei der Auftragsabwicklung zu sparen.<\/p>\n\n\n\n<p><strong>Mehr Zeit f\u00fcr Sie<\/strong><\/p>\n\n\n\n<p>Wenn Sie die Auftragsabwicklung in die H\u00e4nde eines anderen Unternehmens legen, gewinnen Sie enorm viel Zeit, die Sie f\u00fcr andere Aspekte Ihres Gesch\u00e4fts nutzen k\u00f6nnen.<\/p>\n\n\n\n<p><strong>Niedrigere Versandkosten<\/strong><\/p>\n\n\n\n<p>Die meisten Auftragsabwicklungsdienste bieten erm\u00e4\u00dfigte Versandtarife f\u00fcr gro\u00dfe Mengen an, die sie an Sie weitergeben.<\/p>\n\n\n\n<p><strong>Schnelle Lieferung<\/strong><\/p>\n\n\n\n<p>Viele Fulfillment-Unternehmen verf\u00fcgen \u00fcber mehrere Lager, um eine schnelle Lieferung und niedrige Preise zu gew\u00e4hrleisten.<\/p>\n\n\n\n<p><strong>Flexibles Wachstum<\/strong><\/p>\n\n\n\n<p>Die Zusammenarbeit mit einem Fulfillment-Partner macht es einfacher, Umsatzspitzen oder -r\u00fcckg\u00e4nge auf kosteneffiziente Weise zu bew\u00e4ltigen.<\/p>\n\n\n\n<p><strong>Verbessern Sie Ihren Kundenservice<\/strong><\/p>\n\n\n\n<p>Viele Anbieter von Auftragsabwicklungen bieten 24\/7-Support per E-Mail oder Telefon. Dazu geh\u00f6rt auch die einfache Abwicklung von R\u00fccksendungen, Umtausch und R\u00fcckerstattung.<\/p>\n\n\n\n<p><strong>Erweitern Sie Ihre Reichweite<\/strong><\/p>\n\n\n\n<p>Viele Unternehmen, die die Auftragsabwicklung auslagern, sind in der Lage, Bestellungen in alle Teile der Welt zu versenden und zu liefern. Sie k\u00f6nnen deren globale Plattform nutzen, um Ihre Reichweite zu vergr\u00f6\u00dfern und neue und gr\u00f6\u00dfere M\u00e4rkte zu erschlie\u00dfen.<\/p>\n","protected":false},"excerpt":{"rendered":"<p>Was ist Auftragsabwicklung? Die Auftragsabwicklung ist der Prozess der Entgegennahme von Bestellungen, der Bearbeitung und der Lieferung von Produkten an Kunden. Sie kann auch die Bearbeitung von R\u00fccksendungen und die erneute Anpassung der Datens\u00e4tze umfassen, was auch als Auftragsabwicklung bezeichnet wird. Im weitesten Sinne ist die Auftragsabwicklung alles, was passiert, nachdem ein Kunde eine Bestellung [&hellip;]<\/p>\n","protected":false},"author":2,"featured_media":44785,"parent":59669,"menu_order":18,"comment_status":"closed","ping_status":"closed","template":"","meta":{"_uag_custom_page_level_css":"","_genesis_hide_title":false,"_genesis_hide_breadcrumbs":false,"_genesis_hide_singular_image":false,"_genesis_hide_footer_widgets":false,"_genesis_custom_body_class":"","_genesis_custom_post_class":"","_genesis_layout":"","_themeisle_gutenberg_block_has_review":false,"footnotes":""},"featured_image_src":"https:\/\/invest-in-albania.org\/wp-content\/uploads\/order-fulfillment-1-600x400.png","featured_image_src_square":"https:\/\/invest-in-albania.org\/wp-content\/uploads\/order-fulfillment-1-600x600.png","uagb_featured_image_src":{"full":["https:\/\/invest-in-albania.org\/wp-content\/uploads\/order-fulfillment-1.png",800,800,false],"thumbnail":["https:\/\/invest-in-albania.org\/wp-content\/uploads\/order-fulfillment-1-280x195.png",280,195,true],"medium":["https:\/\/invest-in-albania.org\/wp-content\/uploads\/order-fulfillment-1-300x300.png",300,300,true],"medium_large":["https:\/\/invest-in-albania.org\/wp-content\/uploads\/order-fulfillment-1-768x768.png",768,768,true],"large":["https:\/\/invest-in-albania.org\/wp-content\/uploads\/order-fulfillment-1.png",800,800,false],"1536x1536":["https:\/\/invest-in-albania.org\/wp-content\/uploads\/order-fulfillment-1.png",800,800,false],"2048x2048":["https:\/\/invest-in-albania.org\/wp-content\/uploads\/order-fulfillment-1.png",800,800,false],"single-featured-image":["https:\/\/invest-in-albania.org\/wp-content\/uploads\/order-fulfillment-1-800x385.png",800,385,true],"blog-featured-image":["https:\/\/invest-in-albania.org\/wp-content\/uploads\/order-fulfillment-1-680x290.png",680,290,true],"home-featured":["https:\/\/invest-in-albania.org\/wp-content\/uploads\/order-fulfillment-1-380x570.png",380,570,true],"gb-block-post-grid-landscape":["https:\/\/invest-in-albania.org\/wp-content\/uploads\/order-fulfillment-1-600x400.png",600,400,true],"gb-block-post-grid-square":["https:\/\/invest-in-albania.org\/wp-content\/uploads\/order-fulfillment-1-600x600.png",600,600,true]},"uagb_author_info":{"display_name":"Vjollca Shehu","author_link":"https:\/\/invest-in-albania.org\/de\/author\/iia\/"},"uagb_comment_info":0,"uagb_excerpt":"Was ist Auftragsabwicklung? Die Auftragsabwicklung ist der Prozess der Entgegennahme von Bestellungen, der Bearbeitung und der Lieferung von Produkten an Kunden. Sie kann auch die Bearbeitung von R\u00fccksendungen und die erneute Anpassung der Datens\u00e4tze umfassen, was auch als Auftragsabwicklung bezeichnet wird. Im weitesten Sinne ist die Auftragsabwicklung alles, was passiert, nachdem ein Kunde eine Bestellung&hellip;","_links":{"self":[{"href":"https:\/\/invest-in-albania.org\/de\/wp-json\/wp\/v2\/pages\/59893"}],"collection":[{"href":"https:\/\/invest-in-albania.org\/de\/wp-json\/wp\/v2\/pages"}],"about":[{"href":"https:\/\/invest-in-albania.org\/de\/wp-json\/wp\/v2\/types\/page"}],"author":[{"embeddable":true,"href":"https:\/\/invest-in-albania.org\/de\/wp-json\/wp\/v2\/users\/2"}],"replies":[{"embeddable":true,"href":"https:\/\/invest-in-albania.org\/de\/wp-json\/wp\/v2\/comments?post=59893"}],"version-history":[{"count":1,"href":"https:\/\/invest-in-albania.org\/de\/wp-json\/wp\/v2\/pages\/59893\/revisions"}],"predecessor-version":[{"id":59894,"href":"https:\/\/invest-in-albania.org\/de\/wp-json\/wp\/v2\/pages\/59893\/revisions\/59894"}],"up":[{"embeddable":true,"href":"https:\/\/invest-in-albania.org\/de\/wp-json\/wp\/v2\/pages\/59669"}],"wp:featuredmedia":[{"embeddable":true,"href":"https:\/\/invest-in-albania.org\/de\/wp-json\/wp\/v2\/media\/44785"}],"wp:attachment":[{"href":"https:\/\/invest-in-albania.org\/de\/wp-json\/wp\/v2\/media?parent=59893"}],"curies":[{"name":"wp","href":"https:\/\/api.w.org\/{rel}","templated":true}]}}