{"id":59884,"date":"2024-04-02T11:37:22","date_gmt":"2024-04-02T09:37:22","guid":{"rendered":"https:\/\/invest-in-albania.org\/?page_id=59884"},"modified":"2024-04-02T11:37:27","modified_gmt":"2024-04-02T09:37:27","slug":"live-chat-support-services","status":"publish","type":"page","link":"https:\/\/invest-in-albania.org\/de\/bpo-uitbestedingsdiensten\/live-chat-support-services\/","title":{"rendered":"Live Chat Support Services"},"content":{"rendered":"\n<figure class=\"wp-block-image size-full\"><img loading=\"lazy\" decoding=\"async\" width=\"800\" height=\"800\" src=\"https:\/\/invest-in-albania.org\/wp-content\/uploads\/live-chat-support.png\" alt=\"Live Chat Support Services\" class=\"wp-image-44715\" srcset=\"https:\/\/invest-in-albania.org\/wp-content\/uploads\/live-chat-support.png 800w, https:\/\/invest-in-albania.org\/wp-content\/uploads\/live-chat-support-300x300.png 300w, https:\/\/invest-in-albania.org\/wp-content\/uploads\/live-chat-support-768x768.png 768w, https:\/\/invest-in-albania.org\/wp-content\/uploads\/live-chat-support-600x600.png 600w\" sizes=\"(max-width: 800px) 100vw, 800px\" \/><\/figure>\n\n\n\n<h2 class=\"wp-block-heading\"><b>Live-Chat-Unterst\u00fctzungsdienste<\/b><\/h2>\n\n\n\n<p>Wenn Sie ein E-Commerce-Unternehmen betreiben, das Produkte oder Dienstleistungen online zum Verkauf anbietet, ist der Live-Chat-Support die Unterst\u00fctzung durch eine installierte Software, die das Unternehmen den Kunden bei Fragen oder Anliegen zu diesen Produkten oder Dienstleistungen anbietet. Der Live-Chat-Support ist Teil des Kundendienstes, um die Kommunikation zwischen der Website und den Kunden und den Prozess des Online-Kaufs zu erleichtern.<\/p>\n\n\n\n<p>Der Live-Chat-Support ist eine der am schnellsten wachsenden Technologien der heutigen Zeit, da er dem E-Commerce-Gesch\u00e4ft zu mehr Effizienz und Rentabilit\u00e4t verhilft. Alles, was Sie tun m\u00fcssen, ist, die Live-Chat-Plattform auf Ihrer Website zu installieren und sich daf\u00fcr anzumelden, und schon kann die Kommunikation zwischen den Live-Chat-Agenten und den Kunden beginnen.<\/p>\n\n\n\n<p>Der Vorteil des Live-Chat-Supports im Vergleich zum Telefon- oder E-Mail-Support ist, dass Sie beim Live-Chat immer wissen, wie viele Personen sich auf Ihrer Website befinden, wie viele Personen online sind, ob sie schon einmal mit Ihnen Gesch\u00e4fte gemacht haben, Sie kennen ihre Namen, wissen, was sie zuvor gekauft haben usw.<\/p>\n\n\n\n<p>Laut einer Umfrage von e-Digital Customer Service Benchmark sind 73 % der Nutzer mit dem von Online-Unternehmen angebotenen Live-Chat-Support im Vergleich zu anderen Kommunikationskan\u00e4len wie Telefon oder E-Mail zufrieden, so dass der Live-Chat in den meisten F\u00e4llen eine Win-Win-Plattform ist.<\/p>\n\n\n\n<h2 class=\"wp-block-heading\"><b>Vorteile der Auslagerung des Live-Chat-Supports an technische Experten<\/b><\/h2>\n\n\n\n<p><strong>Sie bauen starke Beziehungen zu Ihren Kunden auf<\/strong><\/p>\n\n\n\n<p>Wir alle wissen, dass jeder dem Motto &#8222;Kunden sind K\u00f6nige&#8220; folgen muss, um in seinem Gesch\u00e4ft erfolgreich zu sein. Daher wird der Aufbau einer starken Beziehung zu Ihren Kunden die Zahl der wiederkehrenden Besucher erh\u00f6hen und die Popularit\u00e4t durch Mundpropaganda steigern.<\/p>\n\n\n\n<p><strong>Sie k\u00f6nnen kleinere Probleme l\u00f6sen<\/strong><\/p>\n\n\n\n<p>Ein Chat-Agent mit minimalen technischen Kenntnissen wird sich positiv auf Ihr Unternehmen auswirken, da er\/sie in der Lage ist, kleinere Probleme per Chat zu l\u00f6sen. Bevor Sie Ihren Live-Chat-Support auslagern, sollten Sie sich daher vergewissern, dass die Agenten, die Sie einstellen, in der Lage sind, kleinere Probleme zu l\u00f6sen, die immer wieder auftreten, und dass sie ihre F\u00e4higkeiten verbessern, um das Problem schneller zu l\u00f6sen.<\/p>\n\n\n\n<p><strong>Schnelle Antwort<\/strong><\/p>\n\n\n\n<p>Sie m\u00f6chten Ihren Kunden schnelle und pr\u00e4zise Antworten geben und sie nicht warten lassen. Die ausgelagerten Live-Chat-Support-Agenten sollten in der Lage sein, die Chats so zu handhaben, dass sie den Gro\u00dfteil der Anfragen mit pr\u00e4zisen Antworten beantworten k\u00f6nnen. Dies kann nur erreicht werden, wenn die Agenten gut genug durch die Unternehmensrichtlinien geschult sind und die von Ihrem Unternehmen angebotenen Produkte und Dienstleistungen genau kennen.<\/p>\n\n\n\n<p><strong>Die F\u00e4higkeit, Kunden zu konvertieren<\/strong><\/p>\n\n\n\n<p>Nur eine geschulte Person kann die Bed\u00fcrfnisse der verschiedenen Kundentypen verstehen und sie in Ihre Kunden verwandeln. Er muss in der Lage sein, den Kunden \u00fcber einen Live-Chat durch den Kauf zu f\u00fchren, seine Fragen zu beantworten und ihm Vorschl\u00e4ge zu machen, die auf seinen Bed\u00fcrfnissen basieren.<\/p>\n\n\n\n<p><strong>Transparente Chat-Protokolle<\/strong><\/p>\n\n\n\n<p>Ein transparentes Chat-Protokoll erm\u00f6glicht es, die F\u00e4higkeiten der Chat-Agenten zu verbessern und neue Ideen zu entwickeln. Auf diese Weise sind Sie immer \u00fcber die Vorg\u00e4nge im Chat, die R\u00fcckmeldungen der Kunden und ihre Erwartungen an das Unternehmen im Bilde und behalten den \u00dcberblick \u00fcber die h\u00e4ufigsten Probleme, die im Live-Chat auftreten.<\/p>\n\n\n\n<p><strong>Sie sind 24\/7 erreichbar<\/strong><\/p>\n\n\n\n<p>Wenn Sie ein internationaler Verk\u00e4ufer sind, m\u00f6chten Sie, dass Ihr Chat-Service rund um die Uhr verf\u00fcgbar ist, da sich Ihre Kunden von jedem Ort und zu jeder Zeit einloggen k\u00f6nnen. Deshalb sollten Sie sich f\u00fcr ausgelagerte Live-Chat-Agenten entscheiden, die immer verf\u00fcgbar sind, um die Kunden zu beraten und ihre Fragen zu beantworten.<\/p>\n\n\n\n<p><strong>Sie k\u00f6nnen Kunden lesen<\/strong><\/p>\n\n\n\n<p>Der Live-Chat-Agent sollte in der Lage sein, ein bestimmtes Produkt zu verkaufen, indem er es den Kunden empfiehlt und sie auf eine gute Art und Weise dazu bringt, es zu kaufen. Dies kann geschehen, indem er jeden Kundentyp und seine Bed\u00fcrfnisse versteht und Produkte und Dienstleistungen vorschl\u00e4gt, die seinen Bed\u00fcrfnissen entsprechen.<\/p>\n","protected":false},"excerpt":{"rendered":"<p>Live-Chat-Unterst\u00fctzungsdienste Wenn Sie ein E-Commerce-Unternehmen betreiben, das Produkte oder Dienstleistungen online zum Verkauf anbietet, ist der Live-Chat-Support die Unterst\u00fctzung durch eine installierte Software, die das Unternehmen den Kunden bei Fragen oder Anliegen zu diesen Produkten oder Dienstleistungen anbietet. Der Live-Chat-Support ist Teil des Kundendienstes, um die Kommunikation zwischen der Website und den Kunden und den [&hellip;]<\/p>\n","protected":false},"author":2,"featured_media":44717,"parent":59669,"menu_order":17,"comment_status":"closed","ping_status":"closed","template":"","meta":{"_uag_custom_page_level_css":"","_genesis_hide_title":false,"_genesis_hide_breadcrumbs":false,"_genesis_hide_singular_image":false,"_genesis_hide_footer_widgets":false,"_genesis_custom_body_class":"","_genesis_custom_post_class":"","_genesis_layout":"","_themeisle_gutenberg_block_has_review":false,"footnotes":""},"featured_image_src":"https:\/\/invest-in-albania.org\/wp-content\/uploads\/live-chat-support-600x400.png","featured_image_src_square":"https:\/\/invest-in-albania.org\/wp-content\/uploads\/live-chat-support-600x600.png","uagb_featured_image_src":{"full":["https:\/\/invest-in-albania.org\/wp-content\/uploads\/live-chat-support.png",800,800,false],"thumbnail":["https:\/\/invest-in-albania.org\/wp-content\/uploads\/live-chat-support-280x195.png",280,195,true],"medium":["https:\/\/invest-in-albania.org\/wp-content\/uploads\/live-chat-support-300x300.png",300,300,true],"medium_large":["https:\/\/invest-in-albania.org\/wp-content\/uploads\/live-chat-support-768x768.png",768,768,true],"large":["https:\/\/invest-in-albania.org\/wp-content\/uploads\/live-chat-support.png",800,800,false],"1536x1536":["https:\/\/invest-in-albania.org\/wp-content\/uploads\/live-chat-support.png",800,800,false],"2048x2048":["https:\/\/invest-in-albania.org\/wp-content\/uploads\/live-chat-support.png",800,800,false],"single-featured-image":["https:\/\/invest-in-albania.org\/wp-content\/uploads\/live-chat-support-800x385.png",800,385,true],"blog-featured-image":["https:\/\/invest-in-albania.org\/wp-content\/uploads\/live-chat-support-680x290.png",680,290,true],"home-featured":["https:\/\/invest-in-albania.org\/wp-content\/uploads\/live-chat-support-380x570.png",380,570,true],"gb-block-post-grid-landscape":["https:\/\/invest-in-albania.org\/wp-content\/uploads\/live-chat-support-600x400.png",600,400,true],"gb-block-post-grid-square":["https:\/\/invest-in-albania.org\/wp-content\/uploads\/live-chat-support-600x600.png",600,600,true]},"uagb_author_info":{"display_name":"Vjollca Shehu","author_link":"https:\/\/invest-in-albania.org\/de\/author\/iia\/"},"uagb_comment_info":0,"uagb_excerpt":"Live-Chat-Unterst\u00fctzungsdienste Wenn Sie ein E-Commerce-Unternehmen betreiben, das Produkte oder Dienstleistungen online zum Verkauf anbietet, ist der Live-Chat-Support die Unterst\u00fctzung durch eine installierte Software, die das Unternehmen den Kunden bei Fragen oder Anliegen zu diesen Produkten oder Dienstleistungen anbietet. Der Live-Chat-Support ist Teil des Kundendienstes, um die Kommunikation zwischen der Website und den Kunden und den&hellip;","_links":{"self":[{"href":"https:\/\/invest-in-albania.org\/de\/wp-json\/wp\/v2\/pages\/59884"}],"collection":[{"href":"https:\/\/invest-in-albania.org\/de\/wp-json\/wp\/v2\/pages"}],"about":[{"href":"https:\/\/invest-in-albania.org\/de\/wp-json\/wp\/v2\/types\/page"}],"author":[{"embeddable":true,"href":"https:\/\/invest-in-albania.org\/de\/wp-json\/wp\/v2\/users\/2"}],"replies":[{"embeddable":true,"href":"https:\/\/invest-in-albania.org\/de\/wp-json\/wp\/v2\/comments?post=59884"}],"version-history":[{"count":1,"href":"https:\/\/invest-in-albania.org\/de\/wp-json\/wp\/v2\/pages\/59884\/revisions"}],"predecessor-version":[{"id":59885,"href":"https:\/\/invest-in-albania.org\/de\/wp-json\/wp\/v2\/pages\/59884\/revisions\/59885"}],"up":[{"embeddable":true,"href":"https:\/\/invest-in-albania.org\/de\/wp-json\/wp\/v2\/pages\/59669"}],"wp:featuredmedia":[{"embeddable":true,"href":"https:\/\/invest-in-albania.org\/de\/wp-json\/wp\/v2\/media\/44717"}],"wp:attachment":[{"href":"https:\/\/invest-in-albania.org\/de\/wp-json\/wp\/v2\/media?parent=59884"}],"curies":[{"name":"wp","href":"https:\/\/api.w.org\/{rel}","templated":true}]}}