{"id":59879,"date":"2024-04-02T11:15:16","date_gmt":"2024-04-02T09:15:16","guid":{"rendered":"https:\/\/invest-in-albania.org\/?page_id=59879"},"modified":"2024-04-02T11:31:41","modified_gmt":"2024-04-02T09:31:41","slug":"outsourcing-fuer-finanzdienstleistungen","status":"publish","type":"page","link":"https:\/\/invest-in-albania.org\/de\/bpo-uitbestedingsdiensten\/outsourcing-fuer-finanzdienstleistungen\/","title":{"rendered":"Outsourcing f\u00fcr Finanzdienstleistungen"},"content":{"rendered":"\n<figure class=\"wp-block-image size-full\"><img loading=\"lazy\" decoding=\"async\" width=\"800\" height=\"800\" src=\"https:\/\/invest-in-albania.org\/wp-content\/uploads\/financial-services.png\" alt=\"Financial Services Outsourcing\" class=\"wp-image-44723\" srcset=\"https:\/\/invest-in-albania.org\/wp-content\/uploads\/financial-services.png 800w, https:\/\/invest-in-albania.org\/wp-content\/uploads\/financial-services-300x300.png 300w, https:\/\/invest-in-albania.org\/wp-content\/uploads\/financial-services-768x768.png 768w, https:\/\/invest-in-albania.org\/wp-content\/uploads\/financial-services-600x600.png 600w\" sizes=\"(max-width: 800px) 100vw, 800px\" \/><\/figure>\n\n\n\n<h2 class=\"wp-block-heading\"><b>Was sind die Finanzdienstleistungen?<\/b><\/h2>\n\n\n\n<p>Finanzdienstleistungen sind die Dienstleistungen, die von der Finanzindustrie angeboten werden. Diese Branchen umfassen eine Vielzahl von Organisationen, die sich mit der Verwaltung von Geld befassen. Dazu geh\u00f6ren: Zentralbanken, Kreditkartenunternehmen, Versicherungsgesellschaften, Spar- und Darlehenskassen, Maklerfirmen, Investmentgesellschaften, Hypothekenbanken, Kreditgenossenschaften und einige von der Regierung gef\u00f6rderte Organisationen.<\/p>\n\n\n\n<p>Unternehmen und Organisationen in der ganzen Welt greifen zunehmend auf Dritte zur\u00fcck, um Finanzaktivit\u00e4ten durchzuf\u00fchren, die sie normalerweise selbst \u00fcbernommen h\u00e4tten.<\/p>\n\n\n\n<h2 class=\"wp-block-heading\"><b>Vorteile der Auslagerung von Finanzdienstleistungen:<\/b><\/h2>\n\n\n\n<p>Kein zus\u00e4tzliches Geld<\/p>\n\n\n\n<p>Es fallen keine zus\u00e4tzlichen Kosten an. Beim Outsourcing von Finanzfunktionen wie Buchhaltung und Gehaltsabrechnung zahlen Sie f\u00fcr das Ergebnis auf der Grundlage der geleisteten Arbeit. Sie m\u00fcssen nicht f\u00fcr Krankheitstage, Urlaubsgeld, Krankenversicherung oder Rentenleistungen aufkommen. Allein die Reduzierung dieser Leistungen kann sich unmittelbar auf den Gewinn auswirken.<\/p>\n\n\n\n<p>Sie haben das Sagen<\/p>\n\n\n\n<p>Sie zahlen nur f\u00fcr das, was Sie brauchen. Bei der Strukturierung Ihrer Vereinbarung mit dem Outsourcing-Anbieter legen Sie fest, welche Arten von Dienstleistungen Sie ben\u00f6tigen. Ganz gleich, ob diese Dienstleistungen 20 oder 50 Stunden pro Woche in Anspruch nehmen, Ihre Zahlungsbedingungen richten sich nach Ihren spezifischen und einzigartigen Bed\u00fcrfnissen.<\/p>\n\n\n\n<p>Reduzierung der Kosten<\/p>\n\n\n\n<p>Sie reduzieren Ihre Gemeinkosten. Wenn Sie eine Outsourcing-Firma beauftragen, ist der Anbieter nun daf\u00fcr verantwortlich, die Telefone einzuschalten, die Energierechnungen zu bezahlen, die B\u00fcror\u00e4ume einzurichten, die B\u00fcroausstattung zu kaufen und die Miete zu zahlen. Diese Kosten werden zwar an den Kunden weitergegeben, aber sie werden auch auf alle Kunden des Anbieters verteilt, so dass Ihr Anteil viel niedriger bleibt, als wenn Sie diese Kosten selbst tragen w\u00fcrden.<\/p>\n\n\n\n<p>Sie sind Experten auf ihrem Gebiet<\/p>\n\n\n\n<p>Sie haben Zugang zu den Experten, die Sie brauchen. Ein Finanzunternehmen, das Outsourcing anbietet, ist auf eine Sache spezialisiert: Finanzen! Ganz gleich, ob Sie mit einem Buchhaltungsproblem konfrontiert sind oder spezielle Anforderungen an die Buchhaltung haben, Sie finden dort das Fachwissen, das Sie brauchen, um Ihre spezifischen Anforderungen zu erf\u00fcllen.<\/p>\n\n\n\n<p>Sie sind immer auf dem neuesten Stand<\/p>\n\n\n\n<p>Die besten Praktiken werden f\u00fcr Sie eingesetzt. Ein Finanzunternehmen muss \u00fcber die neuesten Finanztrends, Gesch\u00e4ftspraktiken und beh\u00f6rdlichen Anforderungen auf dem Laufenden bleiben. Die Anbieter wissen genau, welche Praktiken am besten funktionieren, um ihre Kunden besser zu bedienen.<\/p>\n\n\n\n<p>Sie verf\u00fcgen \u00fcber die neueste Technologie<\/p>\n\n\n\n<p>Die beste Technologie und Software steht Ihnen zur Verf\u00fcgung. Ein Finanzunternehmen investiert in die beste verf\u00fcgbare Technologie und Software, um auf dem Markt wettbewerbsf\u00e4hig zu sein. Diese Art von Investition ist f\u00fcr das Finanzunternehmen sinnvoll, weil das Finanzgesch\u00e4ft das Kerngesch\u00e4ft ist. F\u00fcr Unternehmen, bei denen das Finanzwesen nicht die Hauptfunktion ist, macht diese Art von Infrastrukturinvestition einfach keinen Sinn.<\/p>\n\n\n\n<p>Sie sind immer verf\u00fcgbar<\/p>\n\n\n\n<p>Ihr gesamtes Team steht Ihnen zur Verf\u00fcgung. Wenn Sie einen Anbieter beauftragen, haben Sie nicht nur einen oder zwei Mitarbeiter, sondern ein ganzes Team, das sich um Ihre Bed\u00fcrfnisse k\u00fcmmert. Wenn jemand in den Urlaub f\u00e4hrt, muss Ihr pers\u00f6nlicher Service nicht eine Woche lang unterbrochen werden, bis er zur\u00fcckkommt. Stattdessen stehen Ihnen Mitarbeiter zur Verf\u00fcgung, wenn Sie sie brauchen.<\/p>\n\n\n\n<p>Sie k\u00f6nnen neue Mitarbeiter f\u00fcr Sie einstellen<\/p>\n\n\n\n<p>Sie haben Skalierbarkeit. Nehmen wir an, es stehen einige zeitlich begrenzte Projekte an, die eine kurzfristige Aufstockung des Personals erfordern. Sie teilen Ihrem Anbieter einfach im Voraus Ihre Anforderungen mit, und der Anbieter kann daf\u00fcr sorgen, dass Sie die Anzahl der Mitarbeiter haben, die Sie f\u00fcr diesen vor\u00fcbergehenden Bedarf ben\u00f6tigen. Und wenn Ihr Unternehmen w\u00e4chst, m\u00fcssen Sie sich nicht mehr die Zeit und M\u00fche machen, neue Mitarbeiter einzustellen. Sie teilen Ihrem externen Anbieter mit, dass sich Ihr Bedarf ge\u00e4ndert hat, und lassen ihn sich schnell und einfach an Ihr neues Arbeitsaufkommen anpassen.<\/p>\n\n\n\n<p>Flexibilit\u00e4t<\/p>\n\n\n\n<p>Sie haben eine flexible Verf\u00fcgbarkeit. Nicht alle Gesch\u00e4fte werden von 8 Uhr morgens bis 17 Uhr abends abgewickelt. Manchmal ben\u00f6tigt Ihr Unternehmen jemanden, der in einer zweiten oder dritten Schicht verf\u00fcgbar ist. Anstatt sich Gedanken \u00fcber die Einstellung zus\u00e4tzlicher Mitarbeiter zu machen und sich Gedanken \u00fcber die Einstellung zus\u00e4tzlicher Vorgesetzter zur Verwaltung der Mitarbeiter zu machen, sorgt Ihr ausgelagerter Anbieter daf\u00fcr, dass Sie Mitarbeiter zu den Zeiten haben, zu denen Sie sie brauchen.<\/p>\n\n\n\n<p>Sie k\u00f6nnen sich auf Ihr Kerngesch\u00e4ft konzentrieren<\/p>\n\n\n\n<p>Nicht zuletzt k\u00f6nnen Sie mit einem ausgelagerten Finanzdienstleister Ihre Zeit auf Ihr Kerngesch\u00e4ft verwenden. Outsourcing bedeutet, dass Sie Ihren Finanzbedarf verhandeln, einen Plan f\u00fcr die Bew\u00e4ltigung der t\u00e4glichen Aufgaben ausarbeiten und sich dann zur\u00fccklehnen, um die finanziellen Aktivit\u00e4ten Ihres Unternehmens dem Anbieter Ihres Vertrauens zu \u00fcberlassen. Das bedeutet, dass Sie Ihre Zeit und Energie auf den Aufbau Ihres Unternehmens oder Ihrer Organisation verwenden k\u00f6nnen.<\/p>\n","protected":false},"excerpt":{"rendered":"<p>Was sind die Finanzdienstleistungen? Finanzdienstleistungen sind die Dienstleistungen, die von der Finanzindustrie angeboten werden. Diese Branchen umfassen eine Vielzahl von Organisationen, die sich mit der Verwaltung von Geld befassen. Dazu geh\u00f6ren: Zentralbanken, Kreditkartenunternehmen, Versicherungsgesellschaften, Spar- und Darlehenskassen, Maklerfirmen, Investmentgesellschaften, Hypothekenbanken, Kreditgenossenschaften und einige von der Regierung gef\u00f6rderte Organisationen. Unternehmen und Organisationen in der ganzen Welt [&hellip;]<\/p>\n","protected":false},"author":2,"featured_media":44725,"parent":59669,"menu_order":16,"comment_status":"closed","ping_status":"closed","template":"","meta":{"_uag_custom_page_level_css":"","_genesis_hide_title":false,"_genesis_hide_breadcrumbs":false,"_genesis_hide_singular_image":false,"_genesis_hide_footer_widgets":false,"_genesis_custom_body_class":"","_genesis_custom_post_class":"","_genesis_layout":"","_themeisle_gutenberg_block_has_review":false,"footnotes":""},"featured_image_src":"https:\/\/invest-in-albania.org\/wp-content\/uploads\/financial-services-600x400.png","featured_image_src_square":"https:\/\/invest-in-albania.org\/wp-content\/uploads\/financial-services-600x600.png","uagb_featured_image_src":{"full":["https:\/\/invest-in-albania.org\/wp-content\/uploads\/financial-services.png",800,800,false],"thumbnail":["https:\/\/invest-in-albania.org\/wp-content\/uploads\/financial-services-280x195.png",280,195,true],"medium":["https:\/\/invest-in-albania.org\/wp-content\/uploads\/financial-services-300x300.png",300,300,true],"medium_large":["https:\/\/invest-in-albania.org\/wp-content\/uploads\/financial-services-768x768.png",768,768,true],"large":["https:\/\/invest-in-albania.org\/wp-content\/uploads\/financial-services.png",800,800,false],"1536x1536":["https:\/\/invest-in-albania.org\/wp-content\/uploads\/financial-services.png",800,800,false],"2048x2048":["https:\/\/invest-in-albania.org\/wp-content\/uploads\/financial-services.png",800,800,false],"single-featured-image":["https:\/\/invest-in-albania.org\/wp-content\/uploads\/financial-services-800x385.png",800,385,true],"blog-featured-image":["https:\/\/invest-in-albania.org\/wp-content\/uploads\/financial-services-680x290.png",680,290,true],"home-featured":["https:\/\/invest-in-albania.org\/wp-content\/uploads\/financial-services-380x570.png",380,570,true],"gb-block-post-grid-landscape":["https:\/\/invest-in-albania.org\/wp-content\/uploads\/financial-services-600x400.png",600,400,true],"gb-block-post-grid-square":["https:\/\/invest-in-albania.org\/wp-content\/uploads\/financial-services-600x600.png",600,600,true]},"uagb_author_info":{"display_name":"Vjollca Shehu","author_link":"https:\/\/invest-in-albania.org\/de\/author\/iia\/"},"uagb_comment_info":0,"uagb_excerpt":"Was sind die Finanzdienstleistungen? Finanzdienstleistungen sind die Dienstleistungen, die von der Finanzindustrie angeboten werden. Diese Branchen umfassen eine Vielzahl von Organisationen, die sich mit der Verwaltung von Geld befassen. Dazu geh\u00f6ren: Zentralbanken, Kreditkartenunternehmen, Versicherungsgesellschaften, Spar- und Darlehenskassen, Maklerfirmen, Investmentgesellschaften, Hypothekenbanken, Kreditgenossenschaften und einige von der Regierung gef\u00f6rderte Organisationen. Unternehmen und Organisationen in der ganzen Welt&hellip;","_links":{"self":[{"href":"https:\/\/invest-in-albania.org\/de\/wp-json\/wp\/v2\/pages\/59879"}],"collection":[{"href":"https:\/\/invest-in-albania.org\/de\/wp-json\/wp\/v2\/pages"}],"about":[{"href":"https:\/\/invest-in-albania.org\/de\/wp-json\/wp\/v2\/types\/page"}],"author":[{"embeddable":true,"href":"https:\/\/invest-in-albania.org\/de\/wp-json\/wp\/v2\/users\/2"}],"replies":[{"embeddable":true,"href":"https:\/\/invest-in-albania.org\/de\/wp-json\/wp\/v2\/comments?post=59879"}],"version-history":[{"count":1,"href":"https:\/\/invest-in-albania.org\/de\/wp-json\/wp\/v2\/pages\/59879\/revisions"}],"predecessor-version":[{"id":59881,"href":"https:\/\/invest-in-albania.org\/de\/wp-json\/wp\/v2\/pages\/59879\/revisions\/59881"}],"up":[{"embeddable":true,"href":"https:\/\/invest-in-albania.org\/de\/wp-json\/wp\/v2\/pages\/59669"}],"wp:featuredmedia":[{"embeddable":true,"href":"https:\/\/invest-in-albania.org\/de\/wp-json\/wp\/v2\/media\/44725"}],"wp:attachment":[{"href":"https:\/\/invest-in-albania.org\/de\/wp-json\/wp\/v2\/media?parent=59879"}],"curies":[{"name":"wp","href":"https:\/\/api.w.org\/{rel}","templated":true}]}}