{"id":59854,"date":"2024-04-01T14:33:55","date_gmt":"2024-04-01T12:33:55","guid":{"rendered":"https:\/\/invest-in-albania.org\/?page_id=59854"},"modified":"2024-04-01T16:01:15","modified_gmt":"2024-04-01T14:01:15","slug":"data-conversion-outsourcing","status":"publish","type":"page","link":"https:\/\/invest-in-albania.org\/de\/bpo-uitbestedingsdiensten\/data-conversion-outsourcing\/","title":{"rendered":"Outsourcing der Datenkonvertierung"},"content":{"rendered":"<p><img loading=\"lazy\" decoding=\"async\" class=\"wp-image-41797 size-medium alignnone\" src=\"http:\/\/new.invest-in-albania.org\/wp-content\/uploads\/data-2-300x221.png\" alt=\"\" width=\"300\" height=\"221\" srcset=\"https:\/\/invest-in-albania.org\/wp-content\/uploads\/data-2-300x221.png 300w, https:\/\/invest-in-albania.org\/wp-content\/uploads\/data-2-1024x753.png 1024w, https:\/\/invest-in-albania.org\/wp-content\/uploads\/data-2-768x565.png 768w, https:\/\/invest-in-albania.org\/wp-content\/uploads\/data-2-580x426.png 580w, https:\/\/invest-in-albania.org\/wp-content\/uploads\/data-2-860x632.png 860w, https:\/\/invest-in-albania.org\/wp-content\/uploads\/data-2-1160x853.png 1160w, https:\/\/invest-in-albania.org\/wp-content\/uploads\/data-2.png 1280w\" sizes=\"(max-width: 300px) 100vw, 300px\" \/><\/p>\n<h2><strong>Was ist Datenkonvertierung?<\/strong><\/h2>\n<p>Datenkonvertierung ist der Prozess der Umwandlung aller manuellen Daten in ein digitales Format. Mit dem Fortschreiten der Entwicklung einer Organisation w\u00e4chst ihre Datenbank mit dem Bestand an immensen und vielf\u00e4ltigen Daten, die sich im Laufe der Jahre angesammelt haben. Sie kann sich nicht von diesen Daten und Informationen trennen, da sie f\u00fcr k\u00fcnftige Referenzen, Audits, Buchhaltung und funktionale Anleitung entscheidend sind.<\/p>\n<p>Sie k\u00f6nnen den Datenkonvertierungsprozess nutzen, um organisatorische Daten zu rationalisieren und ihren Zugang und ihre gemeinsame Nutzung durch eine strukturierte Datenbank zu verbessern. Sie hilft dabei, redundante Daten zu identifizieren und auszusondern. Die Digitalisierung hilft auch bei der Kategorisierung von Daten nach ihrer Bedeutung, dem Jahr, dem Abschnitt oder der Art ihrer Verwendung.<\/p>\n<p>Die Umwandlung von Daten in ein digitales Format verbessert die Speicherm\u00f6glichkeiten und verhindert ihren Verlust. Digitalisierte Daten k\u00f6nnen auf Computern oder Servern gespeichert werden, wodurch der B\u00fcroraum besser genutzt werden kann. Die elektronische Speicherung bietet auch bessere Sicherheitsoptionen durch begrenzten Zugang und effektive Datenverwaltung zu geringen Kosten. Auch hier k\u00f6nnen die Daten einfach und schnell \u00fcber Netzwerkcomputer ausgetauscht werden. Sie verbessert auch die Zug\u00e4nglichkeit. Im Vergleich zu B\u00fcchern und Zeitschriften kann man digitale Daten leicht durchsuchen und darauf zugreifen.<\/p>\n<p>Die Datenkonvertierung bietet die beste M\u00f6glichkeit, die Daten einer Organisation zu verwalten, zu pflegen und zu nutzen. Sie erm\u00f6glicht die Entwicklung von Datenspeicherung und -freigabe bei gleichzeitiger Minimierung des Risikos von Datenverlusten. Die Datenkonvertierung ist einer der Bereiche im Bereich der Dateneingabe, der sich zu einer wachstumsstarken Dienstleistung entwickelt. Die Auslagerung von Datenkonvertierungsdiensten ist f\u00fcr viele globale Unternehmen eine Priorit\u00e4t.<\/p>\n<p>Die Datenkonvertierung kann in diesen digitalen Formaten durchgef\u00fchrt werden:<\/p>\n<p>PDF-Konvertierung<\/p>\n<p>Konvertierung von Dokumenten<\/p>\n<p>Word-Konvertierung<\/p>\n<p>Konvertierung f\u00fcr die elektronische Dokumentenverwaltung (EDM-Konvertierung)<\/p>\n<p>XML-Konvertierung<\/p>\n<p>E-Book-Konvertierung<\/p>\n<p>HTML-Konvertierung<\/p>\n<p>SGML-Konvertierung<\/p>\n<p>Katalog-Konvertierung<\/p>\n<h2><strong>Vorteile der Datenkonvertierung<\/strong><\/h2>\n<p>Die Datenkonvertierung hat viele Vorteile, die vor allem mit der Speicherung von Daten in einem elektronischen Format zusammenh\u00e4ngen.<\/p>\n<p>Konvertierung von Daten aus einem unstrukturierten Format in ein elektronisches Format. Dies ist eine Form der Datenformatkonvertierung. Dies hilft bei der Strukturierung der Daten in koh\u00e4rente und aussagekr\u00e4ftige Informationen.<br \/>\nAggregieren von Daten aus traditionellen Quellen wie Papier und dateibasierten Formaten in digitale Formate. Die Konvertierung der Dateneingabe verhindert somit Datenverluste f\u00fcr jede Organisation.<br \/>\nKonvertierung digitaler Bilder, bei der die Bilder in einem digitalen Format gespeichert werden. Dies wird f\u00fcr die Identifizierung und Erkennung von Personen und deren Aufzeichnungen verwendet.<br \/>\nKonvertierung von PDF-Dokumenten in MS-Word-Formate und umgekehrt. Dies ist eine der Dienstleistungen, die f\u00fcr die Konvertierung von B\u00fcchern angeboten werden, und wird in der Welt des Verlagswesens als gro\u00dfer Vorteil angesehen.<\/p>\n<h2><strong>Warum Datenkonvertierung auslagern?<\/strong><\/h2>\n<p>Die Datenkonvertierung kann an einen Drittanbieter ausgelagert werden, um die Kosten zu senken und eine schnelle Durchlaufzeit zu gew\u00e4hrleisten. Hierf\u00fcr gibt es viele gute Gr\u00fcnde. Einige von ihnen sind:<\/p>\n<p>Kosteneffizienz<\/p>\n<p>Die Auslagerung der Datenkonvertierung hat offensichtliche Kostenvorteile, da hoch qualifizierte Arbeitskr\u00e4fte zu erschwinglichen Preisen zur Verf\u00fcgung stehen.<\/p>\n<p>Leichte Konvertierung aller Dokumente in digitale Formate<\/p>\n<p>Mit Hilfe von Outsourcing-Anbietern k\u00f6nnen Sie Daten aus jedem beliebigen Format einfach und effektiv in ein elektronisches Format konvertieren.<\/p>\n<p>Sparen Sie Ressourcen<\/p>\n<p>Die Auslagerung der Datenkonvertierung erspart Ihnen die Einstellung von ansonsten teuren Ressourcen in Ihrem Heimatland. Dies ist auf das Lohngef\u00e4lle zwischen westlichen L\u00e4ndern und \u00e4rmere L\u00e4ndern zur\u00fcckzuf\u00fchren.<\/p>\n","protected":false},"excerpt":{"rendered":"<p>Was ist Datenkonvertierung? Datenkonvertierung ist der Prozess der Umwandlung aller manuellen Daten in ein digitales Format. Mit dem Fortschreiten der Entwicklung einer Organisation w\u00e4chst ihre Datenbank mit dem Bestand an immensen und vielf\u00e4ltigen Daten, die sich im Laufe der Jahre angesammelt haben. Sie kann sich nicht von diesen Daten und Informationen trennen, da sie f\u00fcr [&hellip;]<\/p>\n","protected":false},"author":2,"featured_media":41799,"parent":59669,"menu_order":13,"comment_status":"closed","ping_status":"closed","template":"","meta":{"_uag_custom_page_level_css":"","_genesis_hide_title":false,"_genesis_hide_breadcrumbs":false,"_genesis_hide_singular_image":false,"_genesis_hide_footer_widgets":false,"_genesis_custom_body_class":"","_genesis_custom_post_class":"","_genesis_layout":"","_themeisle_gutenberg_block_has_review":false,"footnotes":""},"featured_image_src":"https:\/\/invest-in-albania.org\/wp-content\/uploads\/data-2.png","featured_image_src_square":"https:\/\/invest-in-albania.org\/wp-content\/uploads\/data-2.png","uagb_featured_image_src":{"full":["https:\/\/invest-in-albania.org\/wp-content\/uploads\/data-2.png",1280,941,false],"thumbnail":["https:\/\/invest-in-albania.org\/wp-content\/uploads\/data-2-280x195.png",280,195,true],"medium":["https:\/\/invest-in-albania.org\/wp-content\/uploads\/data-2-300x221.png",300,221,true],"medium_large":["https:\/\/invest-in-albania.org\/wp-content\/uploads\/data-2-768x565.png",768,565,true],"large":["https:\/\/invest-in-albania.org\/wp-content\/uploads\/data-2-1024x753.png",1024,753,true],"1536x1536":["https:\/\/invest-in-albania.org\/wp-content\/uploads\/data-2.png",1280,941,false],"2048x2048":["https:\/\/invest-in-albania.org\/wp-content\/uploads\/data-2.png",1280,941,false],"single-featured-image":["https:\/\/invest-in-albania.org\/wp-content\/uploads\/data-2.png",524,385,false],"blog-featured-image":["https:\/\/invest-in-albania.org\/wp-content\/uploads\/data-2.png",394,290,false],"home-featured":["https:\/\/invest-in-albania.org\/wp-content\/uploads\/data-2.png",380,279,false],"gb-block-post-grid-landscape":["https:\/\/invest-in-albania.org\/wp-content\/uploads\/data-2.png",544,400,false],"gb-block-post-grid-square":["https:\/\/invest-in-albania.org\/wp-content\/uploads\/data-2.png",600,441,false]},"uagb_author_info":{"display_name":"Vjollca Shehu","author_link":"https:\/\/invest-in-albania.org\/de\/author\/iia\/"},"uagb_comment_info":0,"uagb_excerpt":"Was ist Datenkonvertierung? Datenkonvertierung ist der Prozess der Umwandlung aller manuellen Daten in ein digitales Format. Mit dem Fortschreiten der Entwicklung einer Organisation w\u00e4chst ihre Datenbank mit dem Bestand an immensen und vielf\u00e4ltigen Daten, die sich im Laufe der Jahre angesammelt haben. Sie kann sich nicht von diesen Daten und Informationen trennen, da sie f\u00fcr&hellip;","_links":{"self":[{"href":"https:\/\/invest-in-albania.org\/de\/wp-json\/wp\/v2\/pages\/59854"}],"collection":[{"href":"https:\/\/invest-in-albania.org\/de\/wp-json\/wp\/v2\/pages"}],"about":[{"href":"https:\/\/invest-in-albania.org\/de\/wp-json\/wp\/v2\/types\/page"}],"author":[{"embeddable":true,"href":"https:\/\/invest-in-albania.org\/de\/wp-json\/wp\/v2\/users\/2"}],"replies":[{"embeddable":true,"href":"https:\/\/invest-in-albania.org\/de\/wp-json\/wp\/v2\/comments?post=59854"}],"version-history":[{"count":3,"href":"https:\/\/invest-in-albania.org\/de\/wp-json\/wp\/v2\/pages\/59854\/revisions"}],"predecessor-version":[{"id":59859,"href":"https:\/\/invest-in-albania.org\/de\/wp-json\/wp\/v2\/pages\/59854\/revisions\/59859"}],"up":[{"embeddable":true,"href":"https:\/\/invest-in-albania.org\/de\/wp-json\/wp\/v2\/pages\/59669"}],"wp:featuredmedia":[{"embeddable":true,"href":"https:\/\/invest-in-albania.org\/de\/wp-json\/wp\/v2\/media\/41799"}],"wp:attachment":[{"href":"https:\/\/invest-in-albania.org\/de\/wp-json\/wp\/v2\/media?parent=59854"}],"curies":[{"name":"wp","href":"https:\/\/api.w.org\/{rel}","templated":true}]}}