{"id":59847,"date":"2024-04-01T13:46:10","date_gmt":"2024-04-01T11:46:10","guid":{"rendered":"https:\/\/invest-in-albania.org\/?page_id=59847"},"modified":"2024-04-22T10:25:13","modified_gmt":"2024-04-22T08:25:13","slug":"outbound-call-center-services","status":"publish","type":"page","link":"https:\/\/invest-in-albania.org\/de\/bpo-uitbestedingsdiensten\/call-center-dienstleistungen-bpo-outsourcing\/outbound-call-center-services\/","title":{"rendered":"Ausgehende Call Center Dienstleistungen"},"content":{"rendered":"<h2><strong>Was ist ein Outbound-Callcente<\/strong><strong>r?<\/strong><\/h2>\n<p>Ein Outbound-Callcenter ist ein Callcenter, in dem Callcenter-Agenten im Namen eines Unternehmens oder Kunden ausgehende Anrufe an potenzielle oder bestehende Kunden t\u00e4tigen. Zu den Anrufen, die von einem Call Center aus get\u00e4tigt werden, k\u00f6nnen Telemarketing-, Verkaufs- oder Spendenaufrufe geh\u00f6ren, aber auch Anrufe zur Aktualisierung von Kontaktlisten, Umfragen oder Verifizierungsdienste.<\/p>\n<p>Ein Call Center kann entweder ausschlie\u00dflich ausgehende oder eingehende Anrufe bearbeiten oder eine Kombination aus beidem. Ein Outbound-Callcenter misst den Erfolg der Agenten anhand verschiedener Kennzahlen, z. B. Kosten pro Anruf, erzielte Einnahmen, Gesamtzahl der Anrufe und erledigte Aufgaben. Ein Inbound-Callcenter verwendet andere Metriken als ein Outbound-Callcenter.<\/p>\n<p>Diese Anrufe tragen dazu bei, den Umsatz zu steigern, unbekannte M\u00e4rkte zu testen und vor allem das Wachstum des Unternehmens zu f\u00f6rdern. In der Regel werden Outbound-Anrufe mit Hilfe moderner Technologie durchgef\u00fchrt, so dass in einer Stunde viele Anrufe get\u00e4tigt werden k\u00f6nnen, um Feedback von vielen Kunden zu erhalten.<\/p>\n<h2><b>Ausgehende Call-Center-Dienste<\/b><\/h2>\n<figure id=\"attachment_29724\" aria-describedby=\"caption-attachment-29724\" style=\"width: 300px\" class=\"wp-caption alignright\"><img loading=\"lazy\" decoding=\"async\" class=\"wp-image-29724 size-medium\" src=\"http:\/\/new.invest-in-albania.org\/wp-content\/uploads\/call-center-image-flick-300x216.jpg\" alt=\"\" width=\"300\" height=\"216\" srcset=\"https:\/\/invest-in-albania.org\/wp-content\/uploads\/call-center-image-flick-300x216.jpg 300w, https:\/\/invest-in-albania.org\/wp-content\/uploads\/call-center-image-flick-768x553.jpg 768w, https:\/\/invest-in-albania.org\/wp-content\/uploads\/call-center-image-flick.jpg 1024w, https:\/\/invest-in-albania.org\/wp-content\/uploads\/call-center-image-flick-580x417.jpg 580w, https:\/\/invest-in-albania.org\/wp-content\/uploads\/call-center-image-flick-860x619.jpg 860w\" sizes=\"(max-width: 300px) 100vw, 300px\" \/><figcaption id=\"caption-attachment-29724\" class=\"wp-caption-text\">Ein Outbound-Callcenter.<\/figcaption><\/figure>\n<p>Neben den oben genannten gibt es noch weitere Outbound-Call-Center-Dienste:<\/p>\n<p>Ein Outbound-Callcenter.<\/p>\n<p>Einf\u00fchrung oder Aktualisierung\/Upgrade eines Produkts oder einer Dienstleistung<\/p>\n<p>Kaltakquise-Kampagnen<\/p>\n<p>Kampagnen f\u00fcr warme Anrufe<\/p>\n<p>Kundenakquise<\/p>\n<p>Willkommensanruf<\/p>\n<p>Kontaktaufnahme mit bestehenden oder potenziellen Kunden<\/p>\n<p>Empfehlungsverkauf<\/p>\n<p>Vereinbarung von Terminen<\/p>\n<p>Produkt-\/Dienstleistungsmarketing<\/p>\n<p>Sammeln von Marktinformationen<\/p>\n<p>Generierung von Hypotheken-Leads<\/p>\n<p>Telefonische Umfragen<\/p>\n<p>Marktforschung und Umfragen<\/p>\n<p>Weiterverfolgung von Direktwerbung<\/p>\n<p>Nachverfolgung von Verkaufsanfragen<\/p>\n<p>Nachfassaktionen zur Servicezufriedenheit<\/p>\n<p>Sammeln n\u00fctzlicher Informationen<\/p>\n<p>Umfragen zur Kundenzufriedenheit<\/p>\n<p>Forderungseinzug, etc.<\/p>\n<h2><strong>4\u00a0 Vorteile der Inanspruchnahme von Outbound-Call-Center-Diensten<\/strong><\/h2>\n<p>Sie haben einen genauen und sorgf\u00e4ltigen Ansatz<\/p>\n<p>Outbound-Callcenter verfolgen einen pr\u00e4zisen Ansatz, um mit bestehenden oder potenziellen Kunden in Kontakt zu treten, ihre Bed\u00fcrfnisse zu verstehen und dann eine L\u00f6sung anzubieten. Im Gegensatz zu anderen Methoden, wie z. B. T\u00fcr-zu-T\u00fcr-Marketing oder E-Mail, k\u00f6nnen Unternehmen auf diese Weise in Echtzeit mit den Kunden in Kontakt treten und so eine L\u00f6sung f\u00fcr ihre Probleme finden.<\/p>\n<p>Leichteres Messen und Testen von Strategien<\/p>\n<p>Outbound-Calling-Teams werden einer strengen Pr\u00fcfung unterzogen, wobei jeder Aspekt des Prozesses regelm\u00e4\u00dfig \u00fcberwacht, gemessen und getestet wird. Angefangen beim Skript, mit dem die Kunden angerufen werden, bis hin zum Tonfall des Anrufers und sogar die Zeit, die f\u00fcr jeden Anruf ben\u00f6tigt wird, wird gr\u00fcndlich gemessen und zu Qualit\u00e4tskontrollzwecken aufgezeichnet. Au\u00dferdem gibt es verschiedene CRM-Tools (Customer Relationship Management), die bei der Verwaltung eines Outbound-Prozesses und der \u00dcberwachung der qualitativen Aspekte des Prozesses helfen.<\/p>\n<p>Schneller als traditionelle Outbound-Verkaufsteams<\/p>\n<p>Traditionelle Outbound-Verkaufsteams gehen von T\u00fcr zu T\u00fcr, um Kundenbefragungen durchzuf\u00fchren oder Produkte einzuf\u00fchren. Aufgrund des physischen Charakters des Prozesses ist die Anzahl der potenziellen Kunden, die an einem Tag erreicht werden k\u00f6nnen, begrenzt, und die geografischen Einschr\u00e4nkungen schr\u00e4nken die Reichweite der Teams weiter ein.<\/p>\n<p>Hinzu kommt, dass T\u00fcr-zu-T\u00fcr-Teams m\u00f6glicherweise nicht immer mit dem endg\u00fcltigen Entscheidungstr\u00e4ger f\u00fcr das Produkt in Kontakt kommen, da die meisten Wohngeb\u00e4ude strenge Richtlinien f\u00fcr das Betreten der R\u00e4umlichkeiten haben. Im Gegensatz dazu k\u00f6nnen Outbound-Callcenter-Teams direkt und in Echtzeit mit dem Zielmarkt in Kontakt treten und so solche Beschr\u00e4nkungen umgehen und eine gr\u00f6\u00dfere Anzahl von Kunden ansprechen als ein traditioneller Vermarkter.<\/p>\n<p><strong>Gr\u00f6\u00dfere Chancen auf einen zufriedenen Kunden<\/strong><\/p>\n<p>Einer der entscheidenden Vorteile, die Outbound-Callcenter-Teams gegen\u00fcber dem digitalen Marketing haben, ist das menschliche Element. Das Ausf\u00fcllen eines Formulars, das Versenden einer E-Mail oder die Extraktion von Informationen aus Umfragen hat zwar seine eigenen quantitativen Vorteile, aber wenn es darum geht, die Probleme eines Kunden zu l\u00f6sen, ist das Gespr\u00e4ch mit einem menschlichen Vertreter effektiver und direkter. Diese Gelegenheiten, bei denen sich Kunden mit Problemen melden, k\u00f6nnen genutzt werden, um das Problem zu l\u00f6sen und es dann in etwas Positives f\u00fcr das Unternehmen zu verwandeln, indem es zeigt, dass es auf die Bed\u00fcrfnisse des Kunden eingeht.<\/p>\n","protected":false},"excerpt":{"rendered":"<p>Was ist ein Outbound-Callcenter? Ein Outbound-Callcenter ist ein Callcenter, in dem Callcenter-Agenten im Namen eines Unternehmens oder Kunden ausgehende Anrufe an potenzielle oder bestehende Kunden t\u00e4tigen. Zu den Anrufen, die von einem Call Center aus get\u00e4tigt werden, k\u00f6nnen Telemarketing-, Verkaufs- oder Spendenaufrufe geh\u00f6ren, aber auch Anrufe zur Aktualisierung von Kontaktlisten, Umfragen oder Verifizierungsdienste. Ein Call [&hellip;]<\/p>\n","protected":false},"author":2,"featured_media":0,"parent":59838,"menu_order":0,"comment_status":"closed","ping_status":"closed","template":"","meta":{"_uag_custom_page_level_css":"","_genesis_hide_title":false,"_genesis_hide_breadcrumbs":false,"_genesis_hide_singular_image":false,"_genesis_hide_footer_widgets":false,"_genesis_custom_body_class":"","_genesis_custom_post_class":"","_genesis_layout":"","_themeisle_gutenberg_block_has_review":false,"footnotes":""},"featured_image_src":null,"featured_image_src_square":null,"uagb_featured_image_src":{"full":false,"thumbnail":false,"medium":false,"medium_large":false,"large":false,"1536x1536":false,"2048x2048":false,"single-featured-image":false,"blog-featured-image":false,"home-featured":false,"gb-block-post-grid-landscape":false,"gb-block-post-grid-square":false},"uagb_author_info":{"display_name":"Vjollca Shehu","author_link":"https:\/\/invest-in-albania.org\/de\/author\/iia\/"},"uagb_comment_info":0,"uagb_excerpt":"Was ist ein Outbound-Callcenter? Ein Outbound-Callcenter ist ein Callcenter, in dem Callcenter-Agenten im Namen eines Unternehmens oder Kunden ausgehende Anrufe an potenzielle oder bestehende Kunden t\u00e4tigen. Zu den Anrufen, die von einem Call Center aus get\u00e4tigt werden, k\u00f6nnen Telemarketing-, Verkaufs- oder Spendenaufrufe geh\u00f6ren, aber auch Anrufe zur Aktualisierung von Kontaktlisten, Umfragen oder Verifizierungsdienste. Ein Call&hellip;","_links":{"self":[{"href":"https:\/\/invest-in-albania.org\/de\/wp-json\/wp\/v2\/pages\/59847"}],"collection":[{"href":"https:\/\/invest-in-albania.org\/de\/wp-json\/wp\/v2\/pages"}],"about":[{"href":"https:\/\/invest-in-albania.org\/de\/wp-json\/wp\/v2\/types\/page"}],"author":[{"embeddable":true,"href":"https:\/\/invest-in-albania.org\/de\/wp-json\/wp\/v2\/users\/2"}],"replies":[{"embeddable":true,"href":"https:\/\/invest-in-albania.org\/de\/wp-json\/wp\/v2\/comments?post=59847"}],"version-history":[{"count":4,"href":"https:\/\/invest-in-albania.org\/de\/wp-json\/wp\/v2\/pages\/59847\/revisions"}],"predecessor-version":[{"id":60190,"href":"https:\/\/invest-in-albania.org\/de\/wp-json\/wp\/v2\/pages\/59847\/revisions\/60190"}],"up":[{"embeddable":true,"href":"https:\/\/invest-in-albania.org\/de\/wp-json\/wp\/v2\/pages\/59838"}],"wp:attachment":[{"href":"https:\/\/invest-in-albania.org\/de\/wp-json\/wp\/v2\/media?parent=59847"}],"curies":[{"name":"wp","href":"https:\/\/api.w.org\/{rel}","templated":true}]}}