{"id":59836,"date":"2024-03-25T23:20:39","date_gmt":"2024-03-25T22:20:39","guid":{"rendered":"https:\/\/invest-in-albania.org\/?page_id=59836"},"modified":"2024-03-25T23:20:45","modified_gmt":"2024-03-25T22:20:45","slug":"podcast-transkriptionsdienste","status":"publish","type":"page","link":"https:\/\/invest-in-albania.org\/de\/bpo-uitbestedingsdiensten\/59820-2\/podcast-transkriptionsdienste\/","title":{"rendered":"Podcast-Transkriptionsdienste"},"content":{"rendered":"\n<h2 class=\"wp-block-heading\"><strong>Was ist eine Podcast-Transkription?<\/strong><\/h2>\n\n\n\n<p>Im digitalen Zeitalter besteht das Hauptziel eines Podcasts darin, so viele H\u00f6rer und Abonnenten (oder Follower) wie m\u00f6glich zu erreichen. Suchmaschinen k\u00f6nnen jedoch Audio-, Video- und andere Mediendateien nicht effektiv in ihre Top-Suchergebnisse aufnehmen (sie verlassen sich haupts\u00e4chlich auf die Metadaten und den Begleittext der Medien). Was w\u00e4re also, wenn Sie alle Ihre Podcasts in transkribierten Text umwandeln w\u00fcrden? Sie er\u00f6ffnen den Suchmaschinen die M\u00f6glichkeit, Sie in ihre Top-Suchergebnisse aufzunehmen, indem Sie Ihren Podcast leicht zug\u00e4nglich machen.<\/p>\n\n\n\n<p>Eine Transkription ist die gedruckte oder schriftliche Form eines Videos, Audios usw. Durch die Transkription des Podcasts f\u00fcgen Sie Ihrem Audio oder Video auch einen Text hinzu, was dazu beitragen kann, ein gr\u00f6\u00dferes Publikum zu erreichen und somit mehr Abonnenten (oder Follower) zu gewinnen. Durch die Transkription eines Podcasts k\u00f6nnen Sie von einer bestimmten Zielgruppe \u00fcber die Suchmaschinen leichter gefunden werden, als wenn Sie nur Audio- oder Videomaterial haben.<\/p>\n\n\n\n<h2 class=\"wp-block-heading\"><strong>Arten von Podcast-Transkriptionsdiensten<\/strong><\/h2>\n\n\n\n<p>Transkription von Webcast-Vorlesungen.<\/p>\n\n\n\n<p>Transkription von Forschungs-Webcasts.<\/p>\n\n\n\n<p>Transkription von Interview-Webcasts.<\/p>\n\n\n\n<p>Transkription von Podcasts Audio \/ Video.<\/p>\n\n\n\n<p>Transkription von Gerichtsverhandlungen.<\/p>\n\n\n\n<p>Transkription von Webcasts mit mehreren Teilnehmern.<\/p>\n\n\n\n<p>Abschnitt 508 Beschwerden Webcast Transkription.<\/p>\n\n\n\n<p>Transkription von Sportereignissen, etc.<\/p>\n\n\n\n<h2 class=\"wp-block-heading\">&nbsp;<\/h2>\n\n\n\n<h2 class=\"wp-block-heading\">Warum ist es wichtig, Ihre Podcast-Dienste zu transkribieren?<\/h2>\n\n\n<div class=\"wp-block-image\">\n<figure class=\"alignright\"><img loading=\"lazy\" decoding=\"async\" width=\"280\" height=\"195\" src=\"http:\/\/new.invest-in-albania.org\/wp-content\/uploads\/podcast-280x195.jpg\" alt=\"\" class=\"wp-image-30091\"\/><\/figure><\/div>\n\n\n<p><strong>Mehr SEO gewinnen<\/strong><\/p>\n\n\n\n<p>Audio- oder Videoinhalte sind in Suchmaschinen schwieriger zu finden als Text. Die Transkription der Podcasts w\u00fcrde bedeuten, dass der Eigent\u00fcmer mehr Besucher auf die Website bringt, da der Text leicht auffindbar ist und somit mehr Besucher erreicht werden. Die Leute werden wahrscheinlich \u00fcber die transkribierten Podcasts stolpern, wenn sie im Internet nach Inhalten suchen, die in den Podcasts enthalten sind. Die Suchmaschinen greifen die Schl\u00fcsselw\u00f6rter auf und machen Ihren Podcast f\u00fcr die Zielgruppe leicht zug\u00e4nglich.<\/p>\n\n\n\n<p><strong>Inhalt<\/strong><\/p>\n\n\n\n<p>Es kann sein, dass der Einzelne nicht in der Lage ist, zu entscheiden, was in den Blog aufgenommen werden soll. Die Transkription kann kopiert und eingef\u00fcgt werden, und schon ist ein Blog entstanden, in dem kein Platz f\u00fcr eigene Gedanken ist. Man kann sein Podcast-Transkript auch f\u00fcr die Erstellung von Newsletter-Inhalten f\u00fcr die Liste oder f\u00fcr zahlreiche kurze Artikel innerhalb eines kurzen Zeitraums verwenden.<\/p>\n\n\n\n<p><strong>Produkte aus Transkripten erstellen<\/strong><\/p>\n\n\n\n<p>Wenn man nur wenige Transkripte hat, ist ein E-Book unerl\u00e4sslich. Es schafft eine gute Menge an Einnahmen f\u00fcr die Person und mehr M\u00f6glichkeiten zur Generierung von Einnahmen aus dem Podcast.<\/p>\n\n\n\n<p><strong>Anziehen eines gro\u00dfen Publikums<\/strong><\/p>\n\n\n\n<p>Obwohl viele Menschen es vorziehen, sich ein Video anzuschauen oder ein Audio zu h\u00f6ren, gibt es immer noch viele, die lieber einen Text lesen. Sie sind vielleicht in Eile oder haben nicht genug Zeit, um sich die ganze Sendung anzuh\u00f6ren. Durch das Lesen von Inhalten l\u00e4sst sich jedoch Zeit einsparen.<\/p>\n\n\n\n<p><strong>Referenz<\/strong><\/p>\n\n\n\n<p>Wenn Sie mehrere Podcasts haben, kann es vorkommen, dass Sie sich an etwas erinnern, aber nicht mehr wissen, welcher Podcast es war. Das kann dazu f\u00fchren, dass die Person einige Stunden damit verbringt, den richtigen Podcast zu finden, damit eine Referenz erstellt werden kann. Mit einem Transkript muss die Person lediglich den Text anhand von Schl\u00fcsselw\u00f6rtern oder Referenzen durchsuchen, was nur eine Minute dauern kann.<\/p>\n\n\n\n<p><strong>Es ist hilfreich f\u00fcr H\u00f6rgesch\u00e4digte<\/strong><\/p>\n\n\n\n<p>Manche Menschen, die schwerh\u00f6rig oder geh\u00f6rlos sind, ziehen es vor, den Text zu lesen. Hier hilft der Transkript-Podcast, der auch f\u00fcr H\u00f6rgesch\u00e4digte zug\u00e4nglich ist, die den Podcast trotzdem nicht verpassen wollen.<\/p>\n","protected":false},"excerpt":{"rendered":"<p>Was ist eine Podcast-Transkription? Im digitalen Zeitalter besteht das Hauptziel eines Podcasts darin, so viele H\u00f6rer und Abonnenten (oder Follower) wie m\u00f6glich zu erreichen. Suchmaschinen k\u00f6nnen jedoch Audio-, Video- und andere Mediendateien nicht effektiv in ihre Top-Suchergebnisse aufnehmen (sie verlassen sich haupts\u00e4chlich auf die Metadaten und den Begleittext der Medien). Was w\u00e4re also, wenn Sie [&hellip;]<\/p>\n","protected":false},"author":2,"featured_media":0,"parent":59820,"menu_order":0,"comment_status":"closed","ping_status":"closed","template":"","meta":{"_uag_custom_page_level_css":"","_genesis_hide_title":false,"_genesis_hide_breadcrumbs":false,"_genesis_hide_singular_image":false,"_genesis_hide_footer_widgets":false,"_genesis_custom_body_class":"","_genesis_custom_post_class":"","_genesis_layout":"","_themeisle_gutenberg_block_has_review":false,"footnotes":""},"featured_image_src":null,"featured_image_src_square":null,"uagb_featured_image_src":{"full":false,"thumbnail":false,"medium":false,"medium_large":false,"large":false,"1536x1536":false,"2048x2048":false,"single-featured-image":false,"blog-featured-image":false,"home-featured":false,"gb-block-post-grid-landscape":false,"gb-block-post-grid-square":false},"uagb_author_info":{"display_name":"Vjollca Shehu","author_link":"https:\/\/invest-in-albania.org\/de\/author\/iia\/"},"uagb_comment_info":0,"uagb_excerpt":"Was ist eine Podcast-Transkription? Im digitalen Zeitalter besteht das Hauptziel eines Podcasts darin, so viele H\u00f6rer und Abonnenten (oder Follower) wie m\u00f6glich zu erreichen. Suchmaschinen k\u00f6nnen jedoch Audio-, Video- und andere Mediendateien nicht effektiv in ihre Top-Suchergebnisse aufnehmen (sie verlassen sich haupts\u00e4chlich auf die Metadaten und den Begleittext der Medien). Was w\u00e4re also, wenn Sie&hellip;","_links":{"self":[{"href":"https:\/\/invest-in-albania.org\/de\/wp-json\/wp\/v2\/pages\/59836"}],"collection":[{"href":"https:\/\/invest-in-albania.org\/de\/wp-json\/wp\/v2\/pages"}],"about":[{"href":"https:\/\/invest-in-albania.org\/de\/wp-json\/wp\/v2\/types\/page"}],"author":[{"embeddable":true,"href":"https:\/\/invest-in-albania.org\/de\/wp-json\/wp\/v2\/users\/2"}],"replies":[{"embeddable":true,"href":"https:\/\/invest-in-albania.org\/de\/wp-json\/wp\/v2\/comments?post=59836"}],"version-history":[{"count":1,"href":"https:\/\/invest-in-albania.org\/de\/wp-json\/wp\/v2\/pages\/59836\/revisions"}],"predecessor-version":[{"id":59837,"href":"https:\/\/invest-in-albania.org\/de\/wp-json\/wp\/v2\/pages\/59836\/revisions\/59837"}],"up":[{"embeddable":true,"href":"https:\/\/invest-in-albania.org\/de\/wp-json\/wp\/v2\/pages\/59820"}],"wp:attachment":[{"href":"https:\/\/invest-in-albania.org\/de\/wp-json\/wp\/v2\/media?parent=59836"}],"curies":[{"name":"wp","href":"https:\/\/api.w.org\/{rel}","templated":true}]}}