{"id":59820,"date":"2024-03-25T10:15:12","date_gmt":"2024-03-25T09:15:12","guid":{"rendered":"https:\/\/invest-in-albania.org\/?page_id=59820"},"modified":"2024-03-25T10:17:49","modified_gmt":"2024-03-25T09:17:49","slug":"59820-2","status":"publish","type":"page","link":"https:\/\/invest-in-albania.org\/de\/bpo-uitbestedingsdiensten\/59820-2\/","title":{"rendered":"Transkriptionsdienste"},"content":{"rendered":"\n<figure class=\"wp-block-image size-full\"><img loading=\"lazy\" decoding=\"async\" width=\"800\" height=\"800\" src=\"https:\/\/invest-in-albania.org\/wp-content\/uploads\/transcription-services.png\" alt=\"\" class=\"wp-image-44708\" srcset=\"https:\/\/invest-in-albania.org\/wp-content\/uploads\/transcription-services.png 800w, https:\/\/invest-in-albania.org\/wp-content\/uploads\/transcription-services-300x300.png 300w, https:\/\/invest-in-albania.org\/wp-content\/uploads\/transcription-services-768x768.png 768w, https:\/\/invest-in-albania.org\/wp-content\/uploads\/transcription-services-600x600.png 600w\" sizes=\"(max-width: 800px) 100vw, 800px\" \/><\/figure>\n\n\n\n<p>Das Outsourcing von Transkriptionsdiensten ist einer der neuesten Trends in der Outsourcing-Branche. Die Definition von Transkriptionsdiensten ist der Prozess, bei dem eine Gruppe professioneller Autoren verschiedene Audio- oder Videomaterialien, die f\u00fcr eine Reihe von rechtlichen, institutionellen oder gesch\u00e4ftsbezogenen Fragen wichtig sind, transkribiert (in schriftliche Form von Audio- oder Videob\u00e4ndern umwandelt). Diese neue Dienstleistung, die von Drittanbieter-Agenturen oder den so genannten Outsourcing-Agenturen angeboten wird, hat viel Terrain gewonnen, denn sie kann einen Gro\u00dfteil der Arbeit in gro\u00dfen Unternehmen, in der Medienbranche, in staatlichen Institutionen und anderen interessierten Unternehmen abnehmen, die keine Zeit oder keinen professionellen Hintergrund haben, um diesen Prozess zu unterst\u00fctzen. Einige sehr wichtige Vorteile dieser Dienstleistung sind:<\/p>\n\n\n\n<ol>\n<li>\u00dcbersetzung der Abschriften aus verschiedenen Sprachen, die nicht ihre Muttersprache sind<br>a) Der Mangel an Sprachfachleuten im Unternehmen kann zu gro\u00dfen Fehlern bei der Erstellung von Abschriften f\u00fchren, vor allem, wenn sie keine Experten auf dem Gebiet sind und gro\u00dfe technische Details in diesem Bereich \u00fcbersehen.<br>b) Verschiedene L\u00e4nder in der Welt haben sich auf das Projekt einer Fremdsprache als Pflichtfach in den Schulen spezialisiert. Diese L\u00e4nder haben auch das Potenzial, die Verantwortung f\u00fcr die Verwaltung von Transkriptionsdiensten zu \u00fcbernehmen, da ihre Arbeitskr\u00e4fte die F\u00e4higkeit haben, die Transkription von Fremdsprachen zu \u00fcbernehmen.<\/li>\n\n\n\n<li>Es kostet Unternehmen oder Verwaltungseinrichtungen viel Zeit und Energie, sich um den Transkriptionsprozess zu k\u00fcmmern. Dar\u00fcber hinaus bieten externe Agenturen eine schnelle Bearbeitung in Echtzeit, so dass der Prozess f\u00fcr das Unternehmen effizient wird.<\/li>\n\n\n\n<li>Die Auslagerung von Transkriptionsdiensten spart Geld und Energie, die innerhalb des Unternehmens f\u00fcr eine Aufgabe aufgewendet werden, die nichts mit der Kernfunktion zu tun hat.<\/li>\n\n\n\n<li>Es kann Unternehmen helfen, die gesamte Belegschaft umzustrukturieren und zus\u00e4tzlichen Nutzen aus ihren Mitarbeitern zu ziehen, anstatt ein ablenkendes Arbeitsumfeld mit multifunktionalen T\u00e4tigkeiten zu schaffen.<\/li>\n\n\n\n<li>Die Bereitstellung von 24\/7-Diensten an 365 Tagen im Jahr ist f\u00fcr Unternehmen nicht leicht zu bewerkstelligen, doch schafft dieser Dienst ein vertrauensvolles Umfeld f\u00fcr die Beziehung zwischen Unternehmen und Kunden.<\/li>\n<\/ol>\n\n\n\n<p>This is a process in which outsourcing companies can offer to their partners.<br><\/p>\n\n\n\n<p>Dies ist ein Prozess, den Outsourcing-Unternehmen ihren Partnern anbieten k\u00f6nnen.<br>Die Merkmale, die zum Outsourcing von Transkriptionsdiensten geh\u00f6ren, sind ebenfalls vielf\u00e4ltig. Vertrauliche Transkription, schnelle Transkription, sichere Transkription, professionelle Transkription sind die wichtigsten in dieser Schicht. Weitere Arten von Transkriptionsdiensten sind Audiotranskription, Videotranskription, Transkription von Untertiteln, gesch\u00e4ftliche Transkription, rechtliche Transkription und spezialisierte Transkription. All dies sind wichtige Ketten verschiedener Wirtschaftszweige, aber wenn sie ausgelagert werden, k\u00f6nnen sie gro\u00dfe Mengen an Gewinn sowie zus\u00e4tzlich gewonnenes Kapital f\u00fcr neue Investitionen in das Unternehmen generieren.<\/p>\n\n\n<div class=\"wp-block-image\">\n<figure class=\"alignright\"><img loading=\"lazy\" decoding=\"async\" width=\"1024\" height=\"707\" src=\"http:\/\/new.invest-in-albania.org\/wp-content\/uploads\/document-1024x707.png\" alt=\"\" class=\"wp-image-40857\" srcset=\"https:\/\/invest-in-albania.org\/wp-content\/uploads\/document-1024x707.png 1024w, https:\/\/invest-in-albania.org\/wp-content\/uploads\/document-300x207.png 300w, https:\/\/invest-in-albania.org\/wp-content\/uploads\/document-768x530.png 768w, https:\/\/invest-in-albania.org\/wp-content\/uploads\/document-580x401.png 580w, https:\/\/invest-in-albania.org\/wp-content\/uploads\/document-860x594.png 860w, https:\/\/invest-in-albania.org\/wp-content\/uploads\/document-1160x801.png 1160w, https:\/\/invest-in-albania.org\/wp-content\/uploads\/document.png 1280w\" sizes=\"(max-width: 1024px) 100vw, 1024px\" \/><\/figure><\/div>\n\n\n<p>Zusammenfassend l\u00e4sst sich sagen, dass das Outsourcing von Transkriptionsdiensten Unternehmen dabei hilft, sich klar auf ihr spezielles Produkt zu konzentrieren und sich bei Drittunternehmen zu positionieren, die all diese wichtigen Merkmale professionell anbieten. Die Zusammenarbeit mit Drittfirmen, die professionelle Transkriptionsdienste auslagern, ist schnell, kosteng\u00fcnstig und wortw\u00f6rtlich-praktisch genau. Es handelt sich um eine der effizientesten Offshore-Kooperationen ohne Barrieren und Schwierigkeiten sowohl f\u00fcr den Anbieter als auch f\u00fcr den Outsourcer.<\/p>\n","protected":false},"excerpt":{"rendered":"<p>Das Outsourcing von Transkriptionsdiensten ist einer der neuesten Trends in der Outsourcing-Branche. Die Definition von Transkriptionsdiensten ist der Prozess, bei dem eine Gruppe professioneller Autoren verschiedene Audio- oder Videomaterialien, die f\u00fcr eine Reihe von rechtlichen, institutionellen oder gesch\u00e4ftsbezogenen Fragen wichtig sind, transkribiert (in schriftliche Form von Audio- oder Videob\u00e4ndern umwandelt). Diese neue Dienstleistung, die von [&hellip;]<\/p>\n","protected":false},"author":2,"featured_media":44710,"parent":59669,"menu_order":11,"comment_status":"closed","ping_status":"closed","template":"","meta":{"_uag_custom_page_level_css":"","_genesis_hide_title":false,"_genesis_hide_breadcrumbs":false,"_genesis_hide_singular_image":false,"_genesis_hide_footer_widgets":false,"_genesis_custom_body_class":"","_genesis_custom_post_class":"","_genesis_layout":"","_themeisle_gutenberg_block_has_review":false,"footnotes":""},"featured_image_src":"https:\/\/invest-in-albania.org\/wp-content\/uploads\/transcription-services-600x400.png","featured_image_src_square":"https:\/\/invest-in-albania.org\/wp-content\/uploads\/transcription-services-600x600.png","uagb_featured_image_src":{"full":["https:\/\/invest-in-albania.org\/wp-content\/uploads\/transcription-services.png",800,800,false],"thumbnail":["https:\/\/invest-in-albania.org\/wp-content\/uploads\/transcription-services-280x195.png",280,195,true],"medium":["https:\/\/invest-in-albania.org\/wp-content\/uploads\/transcription-services-300x300.png",300,300,true],"medium_large":["https:\/\/invest-in-albania.org\/wp-content\/uploads\/transcription-services-768x768.png",768,768,true],"large":["https:\/\/invest-in-albania.org\/wp-content\/uploads\/transcription-services.png",800,800,false],"1536x1536":["https:\/\/invest-in-albania.org\/wp-content\/uploads\/transcription-services.png",800,800,false],"2048x2048":["https:\/\/invest-in-albania.org\/wp-content\/uploads\/transcription-services.png",800,800,false],"single-featured-image":["https:\/\/invest-in-albania.org\/wp-content\/uploads\/transcription-services-800x385.png",800,385,true],"blog-featured-image":["https:\/\/invest-in-albania.org\/wp-content\/uploads\/transcription-services-680x290.png",680,290,true],"home-featured":["https:\/\/invest-in-albania.org\/wp-content\/uploads\/transcription-services-380x570.png",380,570,true],"gb-block-post-grid-landscape":["https:\/\/invest-in-albania.org\/wp-content\/uploads\/transcription-services-600x400.png",600,400,true],"gb-block-post-grid-square":["https:\/\/invest-in-albania.org\/wp-content\/uploads\/transcription-services-600x600.png",600,600,true]},"uagb_author_info":{"display_name":"Vjollca Shehu","author_link":"https:\/\/invest-in-albania.org\/de\/author\/iia\/"},"uagb_comment_info":0,"uagb_excerpt":"Das Outsourcing von Transkriptionsdiensten ist einer der neuesten Trends in der Outsourcing-Branche. Die Definition von Transkriptionsdiensten ist der Prozess, bei dem eine Gruppe professioneller Autoren verschiedene Audio- oder Videomaterialien, die f\u00fcr eine Reihe von rechtlichen, institutionellen oder gesch\u00e4ftsbezogenen Fragen wichtig sind, transkribiert (in schriftliche Form von Audio- oder Videob\u00e4ndern umwandelt). Diese neue Dienstleistung, die von&hellip;","_links":{"self":[{"href":"https:\/\/invest-in-albania.org\/de\/wp-json\/wp\/v2\/pages\/59820"}],"collection":[{"href":"https:\/\/invest-in-albania.org\/de\/wp-json\/wp\/v2\/pages"}],"about":[{"href":"https:\/\/invest-in-albania.org\/de\/wp-json\/wp\/v2\/types\/page"}],"author":[{"embeddable":true,"href":"https:\/\/invest-in-albania.org\/de\/wp-json\/wp\/v2\/users\/2"}],"replies":[{"embeddable":true,"href":"https:\/\/invest-in-albania.org\/de\/wp-json\/wp\/v2\/comments?post=59820"}],"version-history":[{"count":2,"href":"https:\/\/invest-in-albania.org\/de\/wp-json\/wp\/v2\/pages\/59820\/revisions"}],"predecessor-version":[{"id":59824,"href":"https:\/\/invest-in-albania.org\/de\/wp-json\/wp\/v2\/pages\/59820\/revisions\/59824"}],"up":[{"embeddable":true,"href":"https:\/\/invest-in-albania.org\/de\/wp-json\/wp\/v2\/pages\/59669"}],"wp:featuredmedia":[{"embeddable":true,"href":"https:\/\/invest-in-albania.org\/de\/wp-json\/wp\/v2\/media\/44710"}],"wp:attachment":[{"href":"https:\/\/invest-in-albania.org\/de\/wp-json\/wp\/v2\/media?parent=59820"}],"curies":[{"name":"wp","href":"https:\/\/api.w.org\/{rel}","templated":true}]}}