{"id":59815,"date":"2024-03-21T22:37:33","date_gmt":"2024-03-21T21:37:33","guid":{"rendered":"https:\/\/invest-in-albania.org\/?page_id=59815"},"modified":"2024-03-21T22:37:39","modified_gmt":"2024-03-21T21:37:39","slug":"outsourcing-von-humanressourcen","status":"publish","type":"page","link":"https:\/\/invest-in-albania.org\/de\/bpo-uitbestedingsdiensten\/outsourcing-von-humanressourcen\/","title":{"rendered":"Outsourcing von Humanressourcen"},"content":{"rendered":"<div class=\"wp-block-image\">\n<figure class=\"alignright\"><img loading=\"lazy\" decoding=\"async\" width=\"1024\" height=\"683\" src=\"http:\/\/new.invest-in-albania.org\/wp-content\/uploads\/HR-1024x683.jpg\" alt=\"\" class=\"wp-image-40824\" srcset=\"https:\/\/invest-in-albania.org\/wp-content\/uploads\/HR-1024x683.jpg 1024w, https:\/\/invest-in-albania.org\/wp-content\/uploads\/HR-300x200.jpg 300w, https:\/\/invest-in-albania.org\/wp-content\/uploads\/HR-768x512.jpg 768w, https:\/\/invest-in-albania.org\/wp-content\/uploads\/HR-580x387.jpg 580w, https:\/\/invest-in-albania.org\/wp-content\/uploads\/HR-860x574.jpg 860w, https:\/\/invest-in-albania.org\/wp-content\/uploads\/HR-1160x774.jpg 1160w, https:\/\/invest-in-albania.org\/wp-content\/uploads\/HR.jpg 1280w\" sizes=\"(max-width: 1024px) 100vw, 1024px\" \/><\/figure><\/div>\n\n\n<p>Die Personalverwaltung ist eine sehr wichtige Dienstleistung in Unternehmen und Verwaltungseinrichtungen, ohne die eine Reihe von Funktionen im t\u00e4glichen Gesch\u00e4ftsbetrieb unerledigt bleiben. Outsourcing als Prozess hilft der Personalabteilung, viele Aufgaben zu erledigen, die im Unternehmen Zeit und Geld kosten k\u00f6nnen. Kurz- und langfristig gesehen bringt das HR-Outsourcing dem gesamten Unternehmen einen Mehrwert durch neue Projektbereiche und eine aktualisierte Version in ganz neuen rechtlichen Verfahren.<br>Ausgelagerte HR-Dienstleistungen<\/p>\n\n\n\n<h3 class=\"wp-block-heading\">Einige der wichtigsten Managementdienstleistungen in Personalabteilungen, die von Offshore-Unternehmen erbracht werden, sind:<\/h3>\n\n\n\n<p>Einhaltung der Rechtsvorschriften<br>Aktenf\u00fchrung und regelm\u00e4\u00dfige Berichte<br>Ausbildung und Praktikumsentwicklung<br>Gehaltsabrechnungen f\u00fcr Mitarbeiter<br>Dokumente f\u00fcr die Steuererkl\u00e4rung<\/p>\n\n\n\n<p>Risiko- und Kostenreduzierung sind die Schl\u00fcsselfaktoren, die das Outsourcing von HR-Dienstleistungen zum bestm\u00f6glichen Weg f\u00fcr Unternehmen machen, um ihre Verantwortung in allen oben genannten Bereichen zu verringern. Heutzutage bestehen gro\u00dfe Unternehmen, die eine gro\u00dfe Anzahl von Mitarbeitern haben, darauf, ihre eigene administrative Personalabteilung einzurichten, um sicherzustellen, dass alles, was in den Bereichen Rekrutierung, Ausbildung, Vorbereitung von Dokumenten, Gehaltsabrechnung, Steuern und Krankenversicherungen geschieht, leicht von anderen Verwaltungsdirektionen erreicht werden kann.<br>Gr\u00fcnde f\u00fcr das Outsourcing Ihrer HR-Abteilung<\/p>\n\n\n\n<h3 class=\"wp-block-heading\">Die f\u00fcnf wichtigsten Gr\u00fcnde, die das Outsourcing von HR-Dienstleistungen zu einer Win-Win-Situation machen, sind:<\/h3>\n\n\n\n<ul>\n<li>Kosteneffizienz, da keine zus\u00e4tzlichen Arbeitskr\u00e4fte im Unternehmen eingestellt werden m\u00fcssen<\/li>\n\n\n\n<li>Zus\u00e4tzliche Zeit und Raum f\u00fcr den Mitarbeiter, sich auf die Produktentwicklung zu konzentrieren<\/li>\n\n\n\n<li>Sie erhalten professionelle Dienstleistungen ohne vorbereitende Schulungen, Praktika, Spezialisierungen, etc.<\/li>\n\n\n\n<li>Transparenter Prozess der Talentrekrutierung, ohne R\u00fccksicht auf Freundschaften oder famili\u00e4re Bindungen<\/li>\n\n\n\n<li>Aktualisierung von Werkzeugen und Technologien f\u00fcr jedes neue Produkt auf dem Markt<\/li>\n<\/ul>\n\n\n\n<p>Dar\u00fcber hinaus ist Outsourcing ein Prozess, der die Organisation oder das Unternehmen wettbewerbsf\u00e4higer macht und einen Mehrwert f\u00fcr die gesamten angebotenen Dienstleistungen schafft. Nat\u00fcrlich muss dies im Rahmen von sehr sicheren Partnerschaften mit Dritten und mit sehr ernsthaften Interessen erfolgen. Die Personalabteilungen haben einen sehr hohen Anteil an der Outsourcing-Branche, etwa 50 % der gr\u00f6\u00dften Unternehmen der Welt haben sich aus den oben genannten Gr\u00fcnden f\u00fcr das Offshore-Gesch\u00e4ft entschieden. Durch die Erbringung von Outsourcing-Dienstleistungen hat das Unternehmen die M\u00f6glichkeit, nicht fest angestellte Mitarbeiter oder sogar eine ganze Abteilung einzustellen, die auf Stundenbasis und nicht auf Tagesbasis arbeitet. Es ist \u00e4u\u00dferst wichtig f\u00fcr die Entwicklungsphasen dieses Jahrtausends, dass die Unternehmen nach externen Kooperationsm\u00f6glichkeiten suchen und die profitabelsten M\u00f6glichkeiten auf dem Markt nutzen.<br>Dar\u00fcber hinaus ist die Lohn- und Gehaltsabrechnung eine sehr gute Dienstleistung, die sich f\u00fcr gro\u00dfe Unternehmen auslagern l\u00e4sst, und sie f\u00e4llt meist unter die Personalabteilung. Drei Unternehmen sind die wichtigsten Anbieter von Lohn- und Gehaltsabrechnungsdiensten mit gro\u00dfem Outsourcing-Potenzial:<\/p>\n\n\n\n<p>Erstens Payroll Service Provider (&#8222;PSP&#8220;). Ein PSP erstellt die Lohnsteuererkl\u00e4rungen unter Verwendung der Arbeitgeberidentifikationsnummer (EIN).<br>Zweitens: Reporting Agents (RAs). Ein RA bereitet die Lohnsteuererkl\u00e4rungen unter Verwendung der EIN des Arbeitgebers vor, unterzeichnet sie f\u00fcr den Arbeitgeber und reicht sie ein.<br>Drittens gibt es die so genannten professionellen Arbeitgeberorganisationen (&#8222;PEOs&#8220;). Ein PEO bereitet die Lohnsteuererkl\u00e4rungen unter Verwendung seiner EIN vor, unterzeichnet sie und reicht sie ein.<\/p>\n\n\n\n<p>All diese Arten von Dienstleistern garantieren verschiedene Dienstleistungen f\u00fcr die Lohn- und Gehaltsabrechnung, ohne dass Sie zus\u00e4tzliche Mitarbeiter in Ihrem Unternehmen besch\u00e4ftigen oder Zeit und Geld aufwenden m\u00fcssen, um sie von Zeit zu Zeit zu schulen.<\/p>\n\n\n\n<p>Zusammenfassend l\u00e4sst sich sagen, dass das Outsourcing von Personaldienstleistungen einer der bevorzugten Bereiche ist, in denen Unternehmen heutzutage dazu neigen, ins Ausland zu gehen. Es hat Vorteile in Bezug auf Finanzen, Humankapital, Wissensgewinn, Erfahrungsaustausch und berufliche Entwicklung. Es ist jedoch auch ein Punkt der Verantwortung, der nicht vernachl\u00e4ssigt werden kann, da eine starke und verl\u00e4ssliche Partnerschaft der Schl\u00fcssel f\u00fcr beide Seiten ist, um ihre Gewinne in positiven Zahlen zu verteilen. Das Outsourcing von Personaldienstleistungen kann einmal das gesamte Konzept des Unternehmens f\u00fcr immer ver\u00e4ndern und kann auch aufsteigende Reihen bei der Aus\u00fcbung von Gesch\u00e4ften innerhalb oder au\u00dferhalb der Staatsgrenzen, innerhalb oder au\u00dferhalb des Firmengeb\u00e4udes bedeuten.<\/p>\n","protected":false},"excerpt":{"rendered":"<p>Die Personalverwaltung ist eine sehr wichtige Dienstleistung in Unternehmen und Verwaltungseinrichtungen, ohne die eine Reihe von Funktionen im t\u00e4glichen Gesch\u00e4ftsbetrieb unerledigt bleiben. Outsourcing als Prozess hilft der Personalabteilung, viele Aufgaben zu erledigen, die im Unternehmen Zeit und Geld kosten k\u00f6nnen. Kurz- und langfristig gesehen bringt das HR-Outsourcing dem gesamten Unternehmen einen Mehrwert durch neue Projektbereiche [&hellip;]<\/p>\n","protected":false},"author":2,"featured_media":40826,"parent":59669,"menu_order":10,"comment_status":"closed","ping_status":"closed","template":"","meta":{"_uag_custom_page_level_css":"","_genesis_hide_title":false,"_genesis_hide_breadcrumbs":false,"_genesis_hide_singular_image":false,"_genesis_hide_footer_widgets":false,"_genesis_custom_body_class":"","_genesis_custom_post_class":"","_genesis_layout":"","_themeisle_gutenberg_block_has_review":false,"footnotes":""},"featured_image_src":"https:\/\/invest-in-albania.org\/wp-content\/uploads\/HR.jpg","featured_image_src_square":"https:\/\/invest-in-albania.org\/wp-content\/uploads\/HR.jpg","uagb_featured_image_src":{"full":["https:\/\/invest-in-albania.org\/wp-content\/uploads\/HR.jpg",1280,854,false],"thumbnail":["https:\/\/invest-in-albania.org\/wp-content\/uploads\/HR-280x195.jpg",280,195,true],"medium":["https:\/\/invest-in-albania.org\/wp-content\/uploads\/HR-300x200.jpg",300,200,true],"medium_large":["https:\/\/invest-in-albania.org\/wp-content\/uploads\/HR-768x512.jpg",768,512,true],"large":["https:\/\/invest-in-albania.org\/wp-content\/uploads\/HR-1024x683.jpg",1024,683,true],"1536x1536":["https:\/\/invest-in-albania.org\/wp-content\/uploads\/HR.jpg",1280,854,false],"2048x2048":["https:\/\/invest-in-albania.org\/wp-content\/uploads\/HR.jpg",1280,854,false],"single-featured-image":["https:\/\/invest-in-albania.org\/wp-content\/uploads\/HR.jpg",577,385,false],"blog-featured-image":["https:\/\/invest-in-albania.org\/wp-content\/uploads\/HR.jpg",435,290,false],"home-featured":["https:\/\/invest-in-albania.org\/wp-content\/uploads\/HR.jpg",380,254,false],"gb-block-post-grid-landscape":["https:\/\/invest-in-albania.org\/wp-content\/uploads\/HR.jpg",600,400,false],"gb-block-post-grid-square":["https:\/\/invest-in-albania.org\/wp-content\/uploads\/HR.jpg",600,400,false]},"uagb_author_info":{"display_name":"Vjollca Shehu","author_link":"https:\/\/invest-in-albania.org\/de\/author\/iia\/"},"uagb_comment_info":0,"uagb_excerpt":"Die Personalverwaltung ist eine sehr wichtige Dienstleistung in Unternehmen und Verwaltungseinrichtungen, ohne die eine Reihe von Funktionen im t\u00e4glichen Gesch\u00e4ftsbetrieb unerledigt bleiben. Outsourcing als Prozess hilft der Personalabteilung, viele Aufgaben zu erledigen, die im Unternehmen Zeit und Geld kosten k\u00f6nnen. Kurz- und langfristig gesehen bringt das HR-Outsourcing dem gesamten Unternehmen einen Mehrwert durch neue Projektbereiche&hellip;","_links":{"self":[{"href":"https:\/\/invest-in-albania.org\/de\/wp-json\/wp\/v2\/pages\/59815"}],"collection":[{"href":"https:\/\/invest-in-albania.org\/de\/wp-json\/wp\/v2\/pages"}],"about":[{"href":"https:\/\/invest-in-albania.org\/de\/wp-json\/wp\/v2\/types\/page"}],"author":[{"embeddable":true,"href":"https:\/\/invest-in-albania.org\/de\/wp-json\/wp\/v2\/users\/2"}],"replies":[{"embeddable":true,"href":"https:\/\/invest-in-albania.org\/de\/wp-json\/wp\/v2\/comments?post=59815"}],"version-history":[{"count":1,"href":"https:\/\/invest-in-albania.org\/de\/wp-json\/wp\/v2\/pages\/59815\/revisions"}],"predecessor-version":[{"id":59818,"href":"https:\/\/invest-in-albania.org\/de\/wp-json\/wp\/v2\/pages\/59815\/revisions\/59818"}],"up":[{"embeddable":true,"href":"https:\/\/invest-in-albania.org\/de\/wp-json\/wp\/v2\/pages\/59669"}],"wp:featuredmedia":[{"embeddable":true,"href":"https:\/\/invest-in-albania.org\/de\/wp-json\/wp\/v2\/media\/40826"}],"wp:attachment":[{"href":"https:\/\/invest-in-albania.org\/de\/wp-json\/wp\/v2\/media?parent=59815"}],"curies":[{"name":"wp","href":"https:\/\/api.w.org\/{rel}","templated":true}]}}