{"id":59810,"date":"2024-03-21T22:16:28","date_gmt":"2024-03-21T21:16:28","guid":{"rendered":"https:\/\/invest-in-albania.org\/?page_id=59810"},"modified":"2024-03-21T22:16:33","modified_gmt":"2024-03-21T21:16:33","slug":"back-office-auslagerungclick","status":"publish","type":"page","link":"https:\/\/invest-in-albania.org\/de\/bpo-uitbestedingsdiensten\/back-office-auslagerungclick\/","title":{"rendered":"Back Office AuslagerungClick"},"content":{"rendered":"\n<figure class=\"wp-block-image size-full\"><img loading=\"lazy\" decoding=\"async\" width=\"800\" height=\"800\" src=\"https:\/\/invest-in-albania.org\/wp-content\/uploads\/backoffice.png\" alt=\"Backoffice Cover Image\" class=\"wp-image-44736\" srcset=\"https:\/\/invest-in-albania.org\/wp-content\/uploads\/backoffice.png 800w, https:\/\/invest-in-albania.org\/wp-content\/uploads\/backoffice-300x300.png 300w, https:\/\/invest-in-albania.org\/wp-content\/uploads\/backoffice-768x768.png 768w, https:\/\/invest-in-albania.org\/wp-content\/uploads\/backoffice-600x600.png 600w\" sizes=\"(max-width: 800px) 100vw, 800px\" \/><\/figure>\n\n\n\n<h2 class=\"wp-block-heading\"><b>Was ist Backoffice?<\/b><\/h2>\n\n\n\n<p>Das Back-Office ist der Teil eines Unternehmens, der aus Verwaltungs- und Unterst\u00fctzungspersonal besteht, das nicht mit Kunden zu tun hat. Das Back-Office ist das Gegenst\u00fcck zum Front-Office, das direkt mit den Kunden zu tun hat.<\/p>\n\n\n\n<p>Zu den Funktionen k\u00f6nnen geh\u00f6ren: Planung, Bestandsverwaltung, Abrechnungen, Freigaben, Aktenf\u00fchrung, Personalwesen, Buchhaltung, IT-Dienste, Logistik usw.<\/p>\n\n\n\n<p>Eine Firma oder ein Unternehmen ist beispielsweise in drei Bereiche unterteilt: das Front Office (Kundenbetreuung), das Middle Office (Risikomanagement) und das Back Office (Verwaltungs- und Unterst\u00fctzungsdienste).<\/p>\n\n\n\n<p>Das Backoffice ist der Teil des Personals, der keine Einnahmen f\u00fcr das Unternehmen erwirtschaftet (im Gegenteil), sondern die Verwaltungsaufgaben \u00fcbernimmt und gleichzeitig das Frontoffice bei seinen Aufgaben unterst\u00fctzt.<\/p>\n\n\n\n<h2 class=\"wp-block-heading\"><b>Back Office AuslagerungClick<\/b><\/h2>\n\n\n\n<p><span style=\"font-weight: 400;\">Angesichts der wachsenden Nachfrage nach globaler Wettbewerbsf\u00e4higkeit m\u00fcssen die Unternehmen Wege finden, ihre Betriebskosten zu senken. Deshalb nutzen Unternehmen das Back-Office-Outsourcing, indem sie Auftragnehmer und Berater im Ausland einstellen, wo die Arbeitskosten im Vergleich zum eigenen B\u00fcro oder im eigenen Land im Allgemeinen niedriger sind.<\/span><\/p>\n\n\n\n<p><span style=\"font-weight: 400;\">Einige der Back-Office-Aufgaben, die am h\u00e4ufigsten ausgelagert werden, sind:<\/span><\/p>\n\n\n\n<ul>\n<li><span style=\"font-weight: 400;\">Personalwesen<\/span><\/li>\n\n\n\n<li><span style=\"font-weight: 400;\">Buchhaltungs- und Finanzdienstleistungen<\/span><\/li>\n\n\n\n<li><span style=\"font-weight: 400;\">Datenkodierung und Datenverarbeitung<\/span><\/li>\n\n\n\n<li><span style=\"font-weight: 400;\">Unterst\u00fctzungsschalter, etc.<\/span><\/li>\n<\/ul>\n\n\n\n<h2 class=\"wp-block-heading\"><b>Vorteile des Back-Office-Outsourcing<\/b><\/h2>\n\n\n\n<p>Die Entscheidung, Back-Office-Funktionen auszulagern, ist mit einer Reihe von potenziellen Vorteilen verbunden. Wie bereits erw\u00e4hnt, liegt der Hauptgrund in der Kostenreduzierung. Wenn ein externes Unternehmen die administrativen Unterst\u00fctzungsfunktionen \u00fcbernimmt, spart sich das Unternehmen die Kosten f\u00fcr Raum, Ausr\u00fcstung und Personal, die sonst im Unternehmen selbst anfallen w\u00fcrden, aber zu einem hohen Preis.<\/p>\n\n\n\n<p>Dies er\u00f6ffnet dem Unternehmen auch die M\u00f6glichkeit, von diesen externen Firmen Erfahrungen in Aspekten des Gesch\u00e4fts zu sammeln, in denen sie keine Experten sind. Dies ist ein Vorteil, denn nicht jedes Unternehmen kann es sich leisten, fachkundige Buchhalter zu besch\u00e4ftigen, wohl aber die Geb\u00fchren, die ein Back-Office-Outsourcing-Anbieter erheben w\u00fcrde.<\/p>\n\n\n\n<p>Das Back-Office-Outsourcing erm\u00f6glicht es den Eigent\u00fcmern au\u00dferdem, ihre Ressourcen und ihr Hauptaugenmerk auf das interne Management zu richten. Die Produktivit\u00e4t des Unternehmens und das Ressourcenmanagement werden dadurch verbessert, was diese T\u00e4tigkeit sehr rentabel macht.<\/p>\n","protected":false},"excerpt":{"rendered":"<p>Was ist Backoffice? Das Back-Office ist der Teil eines Unternehmens, der aus Verwaltungs- und Unterst\u00fctzungspersonal besteht, das nicht mit Kunden zu tun hat. Das Back-Office ist das Gegenst\u00fcck zum Front-Office, das direkt mit den Kunden zu tun hat. Zu den Funktionen k\u00f6nnen geh\u00f6ren: Planung, Bestandsverwaltung, Abrechnungen, Freigaben, Aktenf\u00fchrung, Personalwesen, Buchhaltung, IT-Dienste, Logistik usw. Eine Firma [&hellip;]<\/p>\n","protected":false},"author":2,"featured_media":44738,"parent":59669,"menu_order":9,"comment_status":"closed","ping_status":"closed","template":"","meta":{"_uag_custom_page_level_css":"","_genesis_hide_title":false,"_genesis_hide_breadcrumbs":false,"_genesis_hide_singular_image":false,"_genesis_hide_footer_widgets":false,"_genesis_custom_body_class":"","_genesis_custom_post_class":"","_genesis_layout":"","_themeisle_gutenberg_block_has_review":false,"footnotes":""},"featured_image_src":"https:\/\/invest-in-albania.org\/wp-content\/uploads\/backoffice-600x400.png","featured_image_src_square":"https:\/\/invest-in-albania.org\/wp-content\/uploads\/backoffice-600x600.png","uagb_featured_image_src":{"full":["https:\/\/invest-in-albania.org\/wp-content\/uploads\/backoffice.png",800,800,false],"thumbnail":["https:\/\/invest-in-albania.org\/wp-content\/uploads\/backoffice-280x195.png",280,195,true],"medium":["https:\/\/invest-in-albania.org\/wp-content\/uploads\/backoffice-300x300.png",300,300,true],"medium_large":["https:\/\/invest-in-albania.org\/wp-content\/uploads\/backoffice-768x768.png",768,768,true],"large":["https:\/\/invest-in-albania.org\/wp-content\/uploads\/backoffice.png",800,800,false],"1536x1536":["https:\/\/invest-in-albania.org\/wp-content\/uploads\/backoffice.png",800,800,false],"2048x2048":["https:\/\/invest-in-albania.org\/wp-content\/uploads\/backoffice.png",800,800,false],"single-featured-image":["https:\/\/invest-in-albania.org\/wp-content\/uploads\/backoffice-800x385.png",800,385,true],"blog-featured-image":["https:\/\/invest-in-albania.org\/wp-content\/uploads\/backoffice-680x290.png",680,290,true],"home-featured":["https:\/\/invest-in-albania.org\/wp-content\/uploads\/backoffice-380x570.png",380,570,true],"gb-block-post-grid-landscape":["https:\/\/invest-in-albania.org\/wp-content\/uploads\/backoffice-600x400.png",600,400,true],"gb-block-post-grid-square":["https:\/\/invest-in-albania.org\/wp-content\/uploads\/backoffice-600x600.png",600,600,true]},"uagb_author_info":{"display_name":"Vjollca Shehu","author_link":"https:\/\/invest-in-albania.org\/de\/author\/iia\/"},"uagb_comment_info":0,"uagb_excerpt":"Was ist Backoffice? Das Back-Office ist der Teil eines Unternehmens, der aus Verwaltungs- und Unterst\u00fctzungspersonal besteht, das nicht mit Kunden zu tun hat. Das Back-Office ist das Gegenst\u00fcck zum Front-Office, das direkt mit den Kunden zu tun hat. Zu den Funktionen k\u00f6nnen geh\u00f6ren: Planung, Bestandsverwaltung, Abrechnungen, Freigaben, Aktenf\u00fchrung, Personalwesen, Buchhaltung, IT-Dienste, Logistik usw. Eine Firma&hellip;","_links":{"self":[{"href":"https:\/\/invest-in-albania.org\/de\/wp-json\/wp\/v2\/pages\/59810"}],"collection":[{"href":"https:\/\/invest-in-albania.org\/de\/wp-json\/wp\/v2\/pages"}],"about":[{"href":"https:\/\/invest-in-albania.org\/de\/wp-json\/wp\/v2\/types\/page"}],"author":[{"embeddable":true,"href":"https:\/\/invest-in-albania.org\/de\/wp-json\/wp\/v2\/users\/2"}],"replies":[{"embeddable":true,"href":"https:\/\/invest-in-albania.org\/de\/wp-json\/wp\/v2\/comments?post=59810"}],"version-history":[{"count":1,"href":"https:\/\/invest-in-albania.org\/de\/wp-json\/wp\/v2\/pages\/59810\/revisions"}],"predecessor-version":[{"id":59811,"href":"https:\/\/invest-in-albania.org\/de\/wp-json\/wp\/v2\/pages\/59810\/revisions\/59811"}],"up":[{"embeddable":true,"href":"https:\/\/invest-in-albania.org\/de\/wp-json\/wp\/v2\/pages\/59669"}],"wp:featuredmedia":[{"embeddable":true,"href":"https:\/\/invest-in-albania.org\/de\/wp-json\/wp\/v2\/media\/44738"}],"wp:attachment":[{"href":"https:\/\/invest-in-albania.org\/de\/wp-json\/wp\/v2\/media?parent=59810"}],"curies":[{"name":"wp","href":"https:\/\/api.w.org\/{rel}","templated":true}]}}