{"id":59805,"date":"2024-03-07T19:15:52","date_gmt":"2024-03-07T18:15:52","guid":{"rendered":"https:\/\/invest-in-albania.org\/?page_id=59805"},"modified":"2024-03-07T19:15:57","modified_gmt":"2024-03-07T18:15:57","slug":"helpdesk-dienste","status":"publish","type":"page","link":"https:\/\/invest-in-albania.org\/de\/bpo-uitbestedingsdiensten\/helpdesk-dienste\/","title":{"rendered":"Helpdesk-Dienste"},"content":{"rendered":"\n<figure class=\"wp-block-image size-full\"><img loading=\"lazy\" decoding=\"async\" width=\"800\" height=\"800\" src=\"https:\/\/invest-in-albania.org\/wp-content\/uploads\/help-desk.png\" alt=\"Help Desk\" class=\"wp-image-44742\" srcset=\"https:\/\/invest-in-albania.org\/wp-content\/uploads\/help-desk.png 800w, https:\/\/invest-in-albania.org\/wp-content\/uploads\/help-desk-300x300.png 300w, https:\/\/invest-in-albania.org\/wp-content\/uploads\/help-desk-768x768.png 768w, https:\/\/invest-in-albania.org\/wp-content\/uploads\/help-desk-600x600.png 600w\" sizes=\"(max-width: 800px) 100vw, 800px\" \/><\/figure>\n\n\n\n<h2 class=\"wp-block-heading\"><strong>Was ist der Helpdesk?<\/strong><\/h2>\n\n\n\n<p>Ein Helpdesk ist eine Ressource, die dem Kunden oder internen Benutzer Informationen und Unterst\u00fctzung in Bezug auf die Prozesse, Produkte und Dienstleistungen eines Unternehmens bieten soll. Der Zweck eines Helpdesks ist die Bereitstellung einer zentralen Ressource zur Beantwortung von Fragen, zur Fehlerbehebung und zur Erleichterung von L\u00f6sungen f\u00fcr bekannte Probleme.<\/p>\n\n\n\n<p>G\u00e4ngige Beispiele f\u00fcr Helpdesks sind: Zentren f\u00fcr technischen Support, Produkt-\/Support-\/Garantiefunktionen, Desks f\u00fcr Mitarbeiterleistungen und Servicezentren f\u00fcr Einrichtungen. Der Helpdesk-Support kann \u00fcber verschiedene Kan\u00e4le bereitgestellt werden, z. B. \u00fcber physische Standorte, geb\u00fchrenfreie Nummern, Websites, Instant Messaging oder E-Mail.<\/p>\n\n\n\n<p>In kleinen Unternehmen besteht ein Helpdesk einfach aus einer Person mit einer Telefonnummer oder einer E-Mail-Adresse, die wei\u00df, wie man mit den eingehenden Problemen umgeht und die Fragen der Kunden zu einem Produkt oder einer Dienstleistung beantwortet. In gr\u00f6\u00dferen Unternehmen kann ein Helpdesk aus einer Gruppe von Experten bestehen, die mit Hilfe von Software den Status von Problemen verfolgen und andere spezielle Software zur Analyse und L\u00f6sung von Problemen einsetzen.<\/p>\n\n\n\n<p>Ein verwandter Begriff ist Call Center, ein Ort, an dem Kunden anrufen, um Bestellungen aufzugeben, Sendungen zu verfolgen, Hilfe zu Produkten oder Dienstleistungen zu erhalten und so weiter. Auch das Internet ist heutzutage ein kosteng\u00fcnstiger und effektiver Weg, den Unternehmen nutzen, um ihren Kunden Hilfe und Unterst\u00fctzung zu bieten.<\/p>\n\n\n\n<h2 class=\"wp-block-heading\"><strong>Arten von Helpdesk-Diensten<\/strong><\/h2>\n\n\n\n<p><strong>Helpdesk f\u00fcr IT-Unterst\u00fctzung<\/strong><\/p>\n\n\n\n<p>Ein IT-Helpdesk sorgt daf\u00fcr, dass die internen Mitarbeiter unterst\u00fctzt und ihre Probleme gel\u00f6st werden, sei es, dass ein Passwort zur\u00fcckgesetzt werden muss oder das gesamte Netzwerk ausf\u00e4llt.<\/p>\n\n\n\n<p><strong>Kundendienst-Helpdesk<\/strong><\/p>\n\n\n\n<p>Ein Helpdesk f\u00fcr den Kundendienst richtet sich an externe Kunden, die Fragen zu den Produkten und Dienstleistungen haben, die sie von Ihrem Unternehmen kaufen.<\/p>\n\n\n\n<p><strong>Helpdesk f\u00fcr Unternehmen<\/strong><\/p>\n\n\n\n<p>Teams au\u00dferhalb der IT-Abteilung wie die Personal-, Finanz- und Rechtsabteilung k\u00f6nnen einen Helpdesk f\u00fcr Unternehmen einrichten. Die Personalabteilung kann den Mitarbeitern helfen, ihre Gehaltsabrechnungen zu \u00e4ndern oder Bescheinigungen \u00fcber die Besch\u00e4ftigung zu erhalten. Die Rechtsabteilung kann auf Anfragen zur Vertragspr\u00fcfung antworten, w\u00e4hrend die Finanzabteilung Fragen zur Kreditorenbuchhaltung oder zu Ausgaben beantworten kann.<\/p>\n\n\n\n<h2 class=\"wp-block-heading\"><strong>4 Gr\u00fcnde, warum Ihr Unternehmen einen Helpdesk-Dienst braucht<\/strong><\/h2>\n\n\n\n<p><strong>Eine E-Mail-Adresse reicht nicht aus, um die Arbeit zu verfolgen<\/strong><\/p>\n\n\n\n<p>Wenn jede Anfrage zu einer Aneinanderreihung von E-Mails wird, wird es f\u00fcr Ihre Mitarbeiter schwierig, Priorit\u00e4ten zu setzen und auf jede Anfrage zu reagieren. Verlagern Sie die Konversation vom Posteingang in organisierte Helpdesk-Warteschlangen.<\/p>\n\n\n\n<p><strong>Kunden k\u00f6nnen sich selbst helfen<\/strong><\/p>\n\n\n\n<p>Ein Helpdesk bietet den Kunden die M\u00f6glichkeit, allgemeine Fragen \u00fcber eine FAQ oder eine Wissensdatenbank selbst zu beantworten.<\/p>\n\n\n\n<p><strong>Priorisieren Sie wichtige Tickets<\/strong><\/p>\n\n\n\n<p>Anstatt Ad-hoc-L\u00f6sungen wie Kalendererinnerungen oder Haftnotizen zu verwenden oder sich auf E-Mails zu verlassen, definiert ein Helpdesk Priorit\u00e4ten f\u00fcr Tickets und Anforderungen an die L\u00f6sungszeiten.<\/p>\n\n\n\n<p><strong>Sie k\u00f6nnen den Kundensupport \u00fcberwachen<\/strong><\/p>\n\n\n\n<p>Ein Helpdesk verfolgt Kennzahlen wie Ticketvolumen, L\u00f6sungszeit, Kundenzufriedenheit und sogar die Leistung einzelner Mitarbeiter.<\/p>\n\n\n\n<h2 class=\"wp-block-heading\"><strong>Was sind die neuesten Trends bei Helpdesk-Diensten?<\/strong><\/h2>\n\n\n\n<p><strong>Die Selbstbedienungsm\u00f6glichkeiten nehmen zu<\/strong><\/p>\n\n\n\n<p>Es wird davon ausgegangen, dass die Selbstbedienungsf\u00e4higkeiten der Nutzer durch Helpdesks, die mit k\u00fcnstlicher Intelligenz ausgestattet sind, in Zukunft zum Alltag geh\u00f6ren werden. Dies wird durch den Einsatz von Technologien wie z. B. virtuellen digitalen Assistenten erreicht werden. Der Self-Service-Support wird sich nicht mehr auf die Suche in Wissensdatenbanken und FAQs beschr\u00e4nken.<\/p>\n\n\n\n<p><strong>Verbesserte Konfiguration durch Machine-Learning-Technologie<\/strong><\/p>\n\n\n\n<p>Die Support-Mitarbeiter werden bald auf eine breite Palette von Datens\u00e4tzen zugreifen k\u00f6nnen, da diese durch den Einsatz von Technologien des maschinellen Lernens in Helpdesks integriert werden. Dies wird zu einer erheblichen Verbesserung der Problemdiagnose und des Problemmanagements f\u00fchren.<\/p>\n\n\n\n<p><strong>Help-Desks werden immer benutzerfreundlicher<\/strong><\/p>\n\n\n\n<p>Da die Helpdesk-Dienste mit immer mehr Funktionen ausgestattet sind, hat sich ihre Bedienung f\u00fcr viele Benutzer als schwierig erwiesen. Es wurden immer komplexere Dashboards entwickelt, was sich auf die Erfahrung der Nutzer auswirkt. Eine solche Entwicklung wird mit neuen Tools, die auf eine Steigerung der Effizienz abzielen, immer weniger sichtbar.<\/p>\n\n\n\n<p><strong>Mehr auf Unternehmen ausgerichtete Helpdesks<\/strong><\/p>\n\n\n\n<p>Businesses&#8216; integration of techThe integration of technology into businesses is changing the orientation of helpdesks towards the business. Help desk agents are seen to sustain digital processes by maintaining user access, addressing data inconsistency and managing workflow issues.nology changes helps desks&#8216; orientation to a business-focused one. Help desk agents are seen to sustain digital processes by maintaining user access, addressing data inconsistency and managing workflow issues.<\/p>\n\n\n\n<p><strong>Das Wachstum des Marktes f\u00fcr Helpdesk-Software<\/strong><\/p>\n\n\n\n<p>Statistiken zeigen, dass die Nutzung des Helpdesk-Softwaremarktes von 2014 bis 2019 um 49,3 % gestiegen ist.<\/p>\n","protected":false},"excerpt":{"rendered":"<p>Was ist der Helpdesk? Ein Helpdesk ist eine Ressource, die dem Kunden oder internen Benutzer Informationen und Unterst\u00fctzung in Bezug auf die Prozesse, Produkte und Dienstleistungen eines Unternehmens bieten soll. Der Zweck eines Helpdesks ist die Bereitstellung einer zentralen Ressource zur Beantwortung von Fragen, zur Fehlerbehebung und zur Erleichterung von L\u00f6sungen f\u00fcr bekannte Probleme. G\u00e4ngige [&hellip;]<\/p>\n","protected":false},"author":2,"featured_media":44744,"parent":59669,"menu_order":8,"comment_status":"closed","ping_status":"closed","template":"","meta":{"_uag_custom_page_level_css":"","_genesis_hide_title":false,"_genesis_hide_breadcrumbs":false,"_genesis_hide_singular_image":false,"_genesis_hide_footer_widgets":false,"_genesis_custom_body_class":"","_genesis_custom_post_class":"","_genesis_layout":"","_themeisle_gutenberg_block_has_review":false,"footnotes":""},"featured_image_src":"https:\/\/invest-in-albania.org\/wp-content\/uploads\/help-desk-600x400.png","featured_image_src_square":"https:\/\/invest-in-albania.org\/wp-content\/uploads\/help-desk-600x600.png","uagb_featured_image_src":{"full":["https:\/\/invest-in-albania.org\/wp-content\/uploads\/help-desk.png",800,800,false],"thumbnail":["https:\/\/invest-in-albania.org\/wp-content\/uploads\/help-desk-280x195.png",280,195,true],"medium":["https:\/\/invest-in-albania.org\/wp-content\/uploads\/help-desk-300x300.png",300,300,true],"medium_large":["https:\/\/invest-in-albania.org\/wp-content\/uploads\/help-desk-768x768.png",768,768,true],"large":["https:\/\/invest-in-albania.org\/wp-content\/uploads\/help-desk.png",800,800,false],"1536x1536":["https:\/\/invest-in-albania.org\/wp-content\/uploads\/help-desk.png",800,800,false],"2048x2048":["https:\/\/invest-in-albania.org\/wp-content\/uploads\/help-desk.png",800,800,false],"single-featured-image":["https:\/\/invest-in-albania.org\/wp-content\/uploads\/help-desk-800x385.png",800,385,true],"blog-featured-image":["https:\/\/invest-in-albania.org\/wp-content\/uploads\/help-desk-680x290.png",680,290,true],"home-featured":["https:\/\/invest-in-albania.org\/wp-content\/uploads\/help-desk-380x570.png",380,570,true],"gb-block-post-grid-landscape":["https:\/\/invest-in-albania.org\/wp-content\/uploads\/help-desk-600x400.png",600,400,true],"gb-block-post-grid-square":["https:\/\/invest-in-albania.org\/wp-content\/uploads\/help-desk-600x600.png",600,600,true]},"uagb_author_info":{"display_name":"Vjollca Shehu","author_link":"https:\/\/invest-in-albania.org\/de\/author\/iia\/"},"uagb_comment_info":0,"uagb_excerpt":"Was ist der Helpdesk? Ein Helpdesk ist eine Ressource, die dem Kunden oder internen Benutzer Informationen und Unterst\u00fctzung in Bezug auf die Prozesse, Produkte und Dienstleistungen eines Unternehmens bieten soll. Der Zweck eines Helpdesks ist die Bereitstellung einer zentralen Ressource zur Beantwortung von Fragen, zur Fehlerbehebung und zur Erleichterung von L\u00f6sungen f\u00fcr bekannte Probleme. G\u00e4ngige&hellip;","_links":{"self":[{"href":"https:\/\/invest-in-albania.org\/de\/wp-json\/wp\/v2\/pages\/59805"}],"collection":[{"href":"https:\/\/invest-in-albania.org\/de\/wp-json\/wp\/v2\/pages"}],"about":[{"href":"https:\/\/invest-in-albania.org\/de\/wp-json\/wp\/v2\/types\/page"}],"author":[{"embeddable":true,"href":"https:\/\/invest-in-albania.org\/de\/wp-json\/wp\/v2\/users\/2"}],"replies":[{"embeddable":true,"href":"https:\/\/invest-in-albania.org\/de\/wp-json\/wp\/v2\/comments?post=59805"}],"version-history":[{"count":1,"href":"https:\/\/invest-in-albania.org\/de\/wp-json\/wp\/v2\/pages\/59805\/revisions"}],"predecessor-version":[{"id":59806,"href":"https:\/\/invest-in-albania.org\/de\/wp-json\/wp\/v2\/pages\/59805\/revisions\/59806"}],"up":[{"embeddable":true,"href":"https:\/\/invest-in-albania.org\/de\/wp-json\/wp\/v2\/pages\/59669"}],"wp:featuredmedia":[{"embeddable":true,"href":"https:\/\/invest-in-albania.org\/de\/wp-json\/wp\/v2\/media\/44744"}],"wp:attachment":[{"href":"https:\/\/invest-in-albania.org\/de\/wp-json\/wp\/v2\/media?parent=59805"}],"curies":[{"name":"wp","href":"https:\/\/api.w.org\/{rel}","templated":true}]}}