{"id":59790,"date":"2024-03-05T13:21:38","date_gmt":"2024-03-05T12:21:38","guid":{"rendered":"https:\/\/invest-in-albania.org\/?page_id=59790"},"modified":"2024-03-05T13:45:40","modified_gmt":"2024-03-05T12:45:40","slug":"immobilien-dateneingabe","status":"publish","type":"page","link":"https:\/\/invest-in-albania.org\/de\/bpo-uitbestedingsdiensten\/dateneingabe-outsourcing\/immobilien-dateneingabe\/","title":{"rendered":"Immobilien Dateneingabe"},"content":{"rendered":"\n<h2 class=\"wp-block-heading\"><strong>Was ist die Datenerfassung im Immobilienbereich?<\/strong><\/h2>\n\n\n\n<p>Die Immobilienbranche ist heutzutage ein florierendes Gesch\u00e4ftsfeld. Diejenigen, die in dieser Branche t\u00e4tig sind, werden sicherlich zustimmen, dass ihre B\u00fcros tagt\u00e4glich mit Daten \u00fcberschwemmt werden, die aus Rechtsdokumenten, Immobilienbewertungsberichten, Verkaufs- und Provisionsinformationen, dem Hinzuf\u00fcgen der neuesten Immobilien, die zum Verkauf oder zur Vermietung stehen, sowie der regelm\u00e4\u00dfigen Aktualisierung der Datenbank und verschiedenen anderen immobilienrelevanten Dokumenten stammen. Diese Daten m\u00fcssen auf die richtige Weise verarbeitet werden, um die Gesch\u00e4ftsabl\u00e4ufe zu unterst\u00fctzen.<\/p>\n\n<h2><img loading=\"lazy\" decoding=\"async\" class=\"alignleft wp-image-40850 size-cmsmasters-project-masonry-thumb\" src=\"http:\/\/new.invest-in-albania.org\/wp-content\/uploads\/real-estate-data-580x326.png\" alt=\"\" width=\"580\" height=\"326\" srcset=\"https:\/\/invest-in-albania.org\/wp-content\/uploads\/real-estate-data-580x326.png 580w, https:\/\/invest-in-albania.org\/wp-content\/uploads\/real-estate-data-300x169.png 300w, https:\/\/invest-in-albania.org\/wp-content\/uploads\/real-estate-data-1024x576.png 1024w, https:\/\/invest-in-albania.org\/wp-content\/uploads\/real-estate-data-768x432.png 768w, https:\/\/invest-in-albania.org\/wp-content\/uploads\/real-estate-data-860x484.png 860w, https:\/\/invest-in-albania.org\/wp-content\/uploads\/real-estate-data-1160x653.png 1160w, https:\/\/invest-in-albania.org\/wp-content\/uploads\/real-estate-data.png 1280w\" sizes=\"(max-width: 580px) 100vw, 580px\" \/><\/h2>\n\n\n\n<h2 class=\"wp-block-heading\"><strong>Dateneingabe f\u00fcr Immobilien<\/strong><\/h2>\n\n\n\n<p>Dateneingabe zur Konsolidierung von K\u00e4ufer-\/Verk\u00e4uferinformationen<\/p>\n\n\n\n<p>Immobilienbezogener Papierkram und Pflege von Rechtsdokumenten<\/p>\n\n\n\n<p>Erstellung von neuen Datenbanken<\/p>\n\n\n\n<p>Vorbereitung von Rechtsdokumenten<\/p>\n\n\n\n<p>Dateneingabe von nicht-gewerblichen und gewerblichen Wertangaben<\/p>\n\n\n\n<p>Datenerfassung von Verkaufsunterlagen<\/p>\n\n\n\n<p>Erfassung versicherungs- und steuerrelevanter Daten<\/p>\n\n\n\n<p>Datenerfassung aus Papierdokumenten<\/p>\n\n\n\n<p>Datenerfassung<\/p>\n\n\n\n<p>Online- und Offline-Datenerfassung<\/p>\n\n\n\n<p>Datenextraktion<\/p>\n\n\n\n<p>Verarbeitung von Daten<\/p>\n\n\n\n<p>Verwaltung von Daten<\/p>\n\n\n\n<h2 class=\"wp-block-heading\">&nbsp;<\/h2>\n\n\n\n<h2 class=\"wp-block-heading\"><strong>Vorteile der Auslagerung der Dateneingabe f\u00fcr Immobilien<\/strong><\/h2>\n\n\n\n<p>Ausgelagerte Agenturen, die sich mit der Dateneingabe von Immobilien befassen, verf\u00fcgen \u00fcber ein hohes Ma\u00df an Fachwissen und k\u00f6nnen sich um Ihre gesamte Unterst\u00fctzungsarbeit k\u00fcmmern, w\u00e4hrend Sie sich auf die wichtigeren Aktivit\u00e4ten konzentrieren, die direkt mit dem Wachstum und der Entwicklung Ihres Unternehmens zusammenh\u00e4ngen. Einige der Vorteile des Outsourcings der Dateneingabe f\u00fcr Immobilien sind:<\/p>\n\n\n\n<p><strong>Einsparungen bei den Betriebskosten<\/strong><\/p>\n\n\n\n<p>Der Immobiliensektor ist sehr vielschichtig, und hochbezahlte F\u00fchrungskr\u00e4fte zu haben, die sich um jeden kleinen Aspekt des Gesch\u00e4fts k\u00fcmmern, kostet Sie ein h\u00fcbsches S\u00fcmmchen. Hinzu kommen enorme Investitionen in Hard- und Software, die erforderlich sind, um den \u00dcberblick \u00fcber das breite Spektrum Ihres Unternehmens zu behalten, und Sie k\u00f6nnen sich ausrechnen, wie viele wiederkehrende Kosten allein f\u00fcr die Aufrechterhaltung des Gesch\u00e4ftsbetriebs anfallen. All diese Kosten k\u00f6nnen Sie zu einem Bruchteil der Ausgaben haben, wenn Sie die Arbeit einfach der Immobilien-Dateneingabe anvertrauen.<\/p>\n\n\n\n<p><strong>Z\u00fcgige Projektumsetzung<\/strong><\/p>\n\n\n\n<p>In der wettbewerbsintensiven Welt des Immobiliengesch\u00e4fts kann jede Verz\u00f6gerung bei der Entscheidungsfindung dazu f\u00fchren, dass Ihre Konkurrenten das \u00fcbernehmen, was eigentlich Ihnen geh\u00f6ren sollte. Das wird definitiv nicht passieren, wenn Sie sich f\u00fcr das Outsourcing entscheiden. Der detaillierte Projektabschluss und alle erforderlichen Informationen liegen schneller auf Ihrem Tisch, als Sie erwarten, vor allem wegen der Zeitzonenunterschiede zwischen Ihrem und dem Standort der ausgelagerten Agentur.<\/p>\n\n\n\n<p><strong>Strenge Sicherheitsma\u00dfnahmen<\/strong><\/p>\n\n\n\n<p>Sie k\u00f6nnen sicher sein, dass alle Ihre Daten und vertraulichen Gesch\u00e4ftsinformationen absolut sicher sind. Diese Agenturen verf\u00fcgen \u00fcber eine Reihe von Sicherheitsma\u00dfnahmen, die die Geheimhaltung garantieren.<\/p>\n\n\n\n<p><strong>Datenerfassungsdienste<\/strong><\/p>\n\n\n\n<p>Alle Informationen im Zusammenhang mit Rechts- und Eigentumsdokumenten, bestehenden und potenziellen Kundendaten, Steuerangelegenheiten und Verkaufshistorie werden systematisch extrahiert und gespeichert. Sie k\u00f6nnen jederzeit auf die Datenbank zur\u00fcckgreifen, um zuk\u00fcnftige Strategien zu planen oder um Ihre vergangenen Transaktionen zu analysieren und zu kennen. Auf diese Weise k\u00f6nnen Sie die Trends, die die Branche durchl\u00e4uft, bewerten und entsprechende Entscheidungen treffen. Die Daten werden erfolgreich extrahiert, unabh\u00e4ngig davon, ob es sich um gescannte Dokumente oder Websites handelt.<\/p>\n\n\n\n<p><strong>Indizierung und Scannen von Dokumenten<\/strong><\/p>\n\n\n\n<p>Angesichts riesiger Datenbanken und unz\u00e4hliger zu bearbeitender Dokumente sind Systeme erforderlich, mit denen selbst kleinste Daten schnell abgerufen werden k\u00f6nnen, um die Entscheidungsfindung zu erleichtern. Zu den wichtigen Dokumenten, die gescannt und indiziert werden k\u00f6nnen, um sie f\u00fcr einen einfachen Zugriff bereitzuhalten, geh\u00f6ren Hypothekenantr\u00e4ge, Kauf- und Verkaufsvertr\u00e4ge sowie Treuhandvereinbarungen.<\/p>\n\n\n\n<p><strong>Bildverarbeitungsdienste<\/strong><\/p>\n\n\n\n<p>Eine der Grundlagen des Immobiliengesch\u00e4fts ist die Werbung f\u00fcr Ihre Projekte. Auff\u00e4llige und beeindruckende Fotos sind der erste Schritt, um die Aufmerksamkeit potenzieller Kunden zu erregen. Die meisten Agenturen f\u00fcr die Dateneingabe in der Immobilienbranche verf\u00fcgen \u00fcber Bildbearbeitungsprogramme, die bei Bedarf schnell geliefert werden k\u00f6nnen.<\/p>\n","protected":false},"excerpt":{"rendered":"<p>Was ist die Datenerfassung im Immobilienbereich? Die Immobilienbranche ist heutzutage ein florierendes Gesch\u00e4ftsfeld. Diejenigen, die in dieser Branche t\u00e4tig sind, werden sicherlich zustimmen, dass ihre B\u00fcros tagt\u00e4glich mit Daten \u00fcberschwemmt werden, die aus Rechtsdokumenten, Immobilienbewertungsberichten, Verkaufs- und Provisionsinformationen, dem Hinzuf\u00fcgen der neuesten Immobilien, die zum Verkauf oder zur Vermietung stehen, sowie der regelm\u00e4\u00dfigen Aktualisierung der [&hellip;]<\/p>\n","protected":false},"author":2,"featured_media":40852,"parent":59772,"menu_order":1,"comment_status":"closed","ping_status":"closed","template":"","meta":{"_uag_custom_page_level_css":"","_genesis_hide_title":false,"_genesis_hide_breadcrumbs":false,"_genesis_hide_singular_image":false,"_genesis_hide_footer_widgets":false,"_genesis_custom_body_class":"","_genesis_custom_post_class":"","_genesis_layout":"","_themeisle_gutenberg_block_has_review":false,"footnotes":""},"featured_image_src":"https:\/\/invest-in-albania.org\/wp-content\/uploads\/real-estate-data.png","featured_image_src_square":"https:\/\/invest-in-albania.org\/wp-content\/uploads\/real-estate-data.png","uagb_featured_image_src":{"full":["https:\/\/invest-in-albania.org\/wp-content\/uploads\/real-estate-data.png",1280,720,false],"thumbnail":["https:\/\/invest-in-albania.org\/wp-content\/uploads\/real-estate-data-280x195.png",280,195,true],"medium":["https:\/\/invest-in-albania.org\/wp-content\/uploads\/real-estate-data-300x169.png",300,169,true],"medium_large":["https:\/\/invest-in-albania.org\/wp-content\/uploads\/real-estate-data-768x432.png",768,432,true],"large":["https:\/\/invest-in-albania.org\/wp-content\/uploads\/real-estate-data-1024x576.png",1024,576,true],"1536x1536":["https:\/\/invest-in-albania.org\/wp-content\/uploads\/real-estate-data.png",1280,720,false],"2048x2048":["https:\/\/invest-in-albania.org\/wp-content\/uploads\/real-estate-data.png",1280,720,false],"single-featured-image":["https:\/\/invest-in-albania.org\/wp-content\/uploads\/real-estate-data.png",684,385,false],"blog-featured-image":["https:\/\/invest-in-albania.org\/wp-content\/uploads\/real-estate-data.png",516,290,false],"home-featured":["https:\/\/invest-in-albania.org\/wp-content\/uploads\/real-estate-data.png",380,214,false],"gb-block-post-grid-landscape":["https:\/\/invest-in-albania.org\/wp-content\/uploads\/real-estate-data.png",600,338,false],"gb-block-post-grid-square":["https:\/\/invest-in-albania.org\/wp-content\/uploads\/real-estate-data.png",600,338,false]},"uagb_author_info":{"display_name":"Vjollca Shehu","author_link":"https:\/\/invest-in-albania.org\/de\/author\/iia\/"},"uagb_comment_info":0,"uagb_excerpt":"Was ist die Datenerfassung im Immobilienbereich? Die Immobilienbranche ist heutzutage ein florierendes Gesch\u00e4ftsfeld. Diejenigen, die in dieser Branche t\u00e4tig sind, werden sicherlich zustimmen, dass ihre B\u00fcros tagt\u00e4glich mit Daten \u00fcberschwemmt werden, die aus Rechtsdokumenten, Immobilienbewertungsberichten, Verkaufs- und Provisionsinformationen, dem Hinzuf\u00fcgen der neuesten Immobilien, die zum Verkauf oder zur Vermietung stehen, sowie der regelm\u00e4\u00dfigen Aktualisierung der&hellip;","_links":{"self":[{"href":"https:\/\/invest-in-albania.org\/de\/wp-json\/wp\/v2\/pages\/59790"}],"collection":[{"href":"https:\/\/invest-in-albania.org\/de\/wp-json\/wp\/v2\/pages"}],"about":[{"href":"https:\/\/invest-in-albania.org\/de\/wp-json\/wp\/v2\/types\/page"}],"author":[{"embeddable":true,"href":"https:\/\/invest-in-albania.org\/de\/wp-json\/wp\/v2\/users\/2"}],"replies":[{"embeddable":true,"href":"https:\/\/invest-in-albania.org\/de\/wp-json\/wp\/v2\/comments?post=59790"}],"version-history":[{"count":2,"href":"https:\/\/invest-in-albania.org\/de\/wp-json\/wp\/v2\/pages\/59790\/revisions"}],"predecessor-version":[{"id":59797,"href":"https:\/\/invest-in-albania.org\/de\/wp-json\/wp\/v2\/pages\/59790\/revisions\/59797"}],"up":[{"embeddable":true,"href":"https:\/\/invest-in-albania.org\/de\/wp-json\/wp\/v2\/pages\/59772"}],"wp:featuredmedia":[{"embeddable":true,"href":"https:\/\/invest-in-albania.org\/de\/wp-json\/wp\/v2\/media\/40852"}],"wp:attachment":[{"href":"https:\/\/invest-in-albania.org\/de\/wp-json\/wp\/v2\/media?parent=59790"}],"curies":[{"name":"wp","href":"https:\/\/api.w.org\/{rel}","templated":true}]}}