{"id":59785,"date":"2024-03-05T12:58:35","date_gmt":"2024-03-05T11:58:35","guid":{"rendered":"https:\/\/invest-in-albania.org\/?page_id=59785"},"modified":"2024-03-05T12:58:39","modified_gmt":"2024-03-05T11:58:39","slug":"outsourcing-der-datenverarbeitung","status":"publish","type":"page","link":"https:\/\/invest-in-albania.org\/de\/bpo-uitbestedingsdiensten\/dateneingabe-outsourcing\/outsourcing-der-datenverarbeitung\/","title":{"rendered":"Outsourcing der Datenverarbeitung"},"content":{"rendered":"\n<h2 class=\"wp-block-heading\"><img loading=\"lazy\" decoding=\"async\" class=\"wp-image-41808 size-cmsmasters-square-thumb alignnone\" src=\"http:\/\/new.invest-in-albania.org\/wp-content\/uploads\/data-processing-360x360.png\" alt=\"\" width=\"360\" height=\"360\" srcset=\"https:\/\/invest-in-albania.org\/wp-content\/uploads\/data-processing-360x360.png 360w, https:\/\/invest-in-albania.org\/wp-content\/uploads\/data-processing-70x70.png 70w, https:\/\/invest-in-albania.org\/wp-content\/uploads\/data-processing-250x250.png 250w\" sizes=\"(max-width: 360px) 100vw, 360px\" \/><\/h2>\n\n\n\n<h2 class=\"wp-block-heading\"><b>Was ist Datenverarbeitung?<\/b><\/h2>\n\n\n\n<p>Datenverarbeitung ist der Prozess der Umwandlung von Rohdaten in aussagekr\u00e4ftige Informationen. Um das Endergebnis, die Gewinnung von Informationen, zu erreichen, durchl\u00e4uft die Datenverarbeitung verschiedene Schritte. Mit anderen Worten: Sie kann als Informationsverarbeitung betrachtet werden.<\/p>\n\n\n\n<p>Die Daten werden manipuliert, um Ergebnisse zu erzielen, die zur L\u00f6sung eines Problems oder zur Verbesserung einer bestehenden Situation f\u00fchren. \u00c4hnlich wie bei einem Produktionsprozess wird ein Zyklus durchlaufen, bei dem der Input (Rohdaten) in einen Prozess (Computersysteme) eingespeist wird, um einen Output (Informationen) zu erzeugen.<\/p>\n\n\n\n<p>Im Allgemeinen setzen Organisationen Computersysteme ein, um eine Reihe von Operationen mit den Daten durchzuf\u00fchren, um Informationen zu pr\u00e4sentieren, zu interpretieren oder zu erhalten. Der Prozess umfasst Aktivit\u00e4ten wie Dateneingabe, Zusammenfassung, Berechnung, Speicherung usw. Eine n\u00fctzliche und informative Ausgabe wird in verschiedenen geeigneten Formen wie Diagrammen, Berichten, Grafiken usw. pr\u00e4sentiert.<\/p>\n\n\n\n<h2 class=\"wp-block-heading\"><b>Die Phasen des Datenverarbeitungszyklus<\/b><\/h2>\n\n\n\n<p>Erhebung<\/p>\n\n\n\n<p><span style=\"font-weight: 400;\">Aufbereitung<\/span><\/p>\n\n\n\n<p><span style=\"font-weight: 400;\">Eingabe<\/span><\/p>\n\n\n\n<p><span style=\"font-weight: 400;\">Verarbeitung<\/span><\/p>\n\n\n\n<p><span style=\"font-weight: 400;\">Ausgabe und Interpretation<\/span><\/p>\n\n\n\n<p><span style=\"font-weight: 400;\">Lagerung<\/span><\/p>\n\n\n\n<h2 class=\"wp-block-heading\">Methoden der elektronischen Datenverarbeitung<\/h2>\n\n\n\n<p><b>Batch-Verarbeitung<\/b><\/p>\n\n\n\n<p>Die Stapelverarbeitung ist eine Methode, bei der die zu organisierenden Informationen in Gruppen sortiert werden, um eine effiziente und sequenzielle Verarbeitung zu erm\u00f6glichen. Online-Verarbeitung ist eine Methode, bei der Internetverbindungen und direkt an einen Computer angeschlossene Ger\u00e4te verwendet werden. Sie wird haupts\u00e4chlich f\u00fcr die Informationserfassung und -recherche eingesetzt.<\/p>\n\n\n\n<p>Die Echtzeitverarbeitung ist eine Technik, die fast sofort auf verschiedene Signale reagieren kann, um Informationen zu erfassen und zu verarbeiten. Die verteilte Verarbeitung wird in der Regel von entfernten Arbeitsstationen genutzt, die mit einer gro\u00dfen zentralen Arbeitsstation oder einem Server verbunden sind. Geldautomaten sind ein gutes Beispiel f\u00fcr diese Art der Datenverarbeitung<\/p>\n\n\n\n<p><b>Online-Verarbeitung<\/b><\/p>\n\n\n\n<p>Hierbei handelt es sich um eine Methode, bei der Internetverbindungen und direkt an einen Computer angeschlossene Ger\u00e4te verwendet werden. Dadurch k\u00f6nnen die Daten an einem Ort gespeichert und an einem ganz anderen Ort verwendet werden. Cloud Computing kann als Beispiel f\u00fcr diese Art der Verarbeitung betrachtet werden. Es wird vor allem f\u00fcr die Informationserfassung und die Forschung verwendet.<\/p>\n\n\n\n<p><b>Real-Time-Verarbeitung<\/b><\/p>\n\n\n\n<p>Diese Technik kann fast sofort auf verschiedene Signale reagieren, um Informationen zu erfassen und zu verarbeiten. Sie ist mit hohen Wartungs- und Vorlaufkosten verbunden, die auf die sehr fortschrittliche Technologie und Rechenleistung zur\u00fcckzuf\u00fchren sind. Die Zeitersparnis ist in diesem Fall am gr\u00f6\u00dften, da das Ergebnis in Echtzeit zu sehen ist. Zum Beispiel bei Bankgesch\u00e4ften<\/p>\n\n\n\n<p><b>Verteilte Verarbeitung<\/b><\/p>\n\n\n\n<p><span style=\"font-weight: 400;\">Diese Methode wird in der Regel von entfernten Arbeitsstationen genutzt, die mit einer gro\u00dfen zentralen Arbeitsstation oder einem Server verbunden sind. Geldautomaten sind ein gutes Beispiel f\u00fcr diese Art der Datenverarbeitung. Alle Endger\u00e4te laufen mit einer festen Software, die sich an einem bestimmten Ort befindet, und verwenden genau dieselben Informationen und Anweisungen.<\/span><\/p>\n\n\n\n<h2 class=\"wp-block-heading\"><b>Vorteile des Outsourcing der Datenverarbeitung<\/b><\/h2>\n\n\n\n<p><b>Es wird die Effizienz des Unternehmens steigern<\/b><\/p>\n\n\n\n<p>Alle Informationen, die aus verschiedenen Datenquellen stammen, m\u00fcssen in eine Vielzahl geeigneter Formate umgewandelt werden, die dann von den Unternehmen genutzt werden k\u00f6nnen. Der Prozess der Datenverarbeitung besteht aus mehreren Schritten, die mit Pr\u00e4zision und Geschick gehandhabt werden m\u00fcssen.<\/p>\n\n\n\n<p><span style=\"font-weight: 400;\">Ein erfahrener Offshoring-Dienstleister ist in der Lage, diese Aufgabe auf effiziente Weise auszuf\u00fchren und jeden Schritt sorgf\u00e4ltig zu kontrollieren. Unabh\u00e4ngig von der Quelle sind sie in der Lage, die Daten in ein individuelles und lesbares gesch\u00e4ftsfreundliches Format zu konvertieren, das speziell auf die Anforderungen Ihres Unternehmens zugeschnitten ist.<\/span><\/p>\n\n\n\n<p><b>Sie k\u00f6nnen sich auf Ihre eigentlichen Gesch\u00e4ftsziele konzentrieren<\/b><\/p>\n\n\n\n<p>Die interne Datenverarbeitung erfordert erhebliche Investitionen in Mittel, Ressourcen, Personal und Ausr\u00fcstung, und diese Investitionen werden zwangsl\u00e4ufig steigen, wenn die Menge der erzeugten Daten zunimmt. Dar\u00fcber hinaus bedeutet es f\u00fcr das Unternehmen einen Verlust, wenn die Datenmenge zu irgendeinem Zeitpunkt reduziert werden muss. Ein weitaus kostenfreundlicherer Ansatz ist es, den Prozess einem Experten anzuvertrauen, der die Datenmenge je nach Bedarf problemlos vergr\u00f6\u00dfern oder verkleinern kann.<\/p>\n\n\n\n<p>Da sie \u00fcber engagierte und kompetente Datenverarbeitungsdienste verf\u00fcgen, werden sie sich um diese Aufgabe k\u00fcmmern, w\u00e4hrend Sie sich auf den \u00fcberw\u00e4ltigenden Wettbewerbsmarkt konzentrieren k\u00f6nnen. Die Auslagerung dieser nicht zum Kerngesch\u00e4ft geh\u00f6renden Aufgabe an einen erfahrenen Datenverarbeitungsdienstleister w\u00fcrde den Unternehmen helfen, das zu tun, was sie eigentlich tun sollten: kritische Entscheidungen zu treffen und die notwendigen Ma\u00dfnahmen zu ergreifen, die das Wachstum eines Unternehmens f\u00f6rdern und zu den Einnahmen beitragen.<\/p>\n\n\n\n<p><b>Daten werden organisiert und sicher gespeichert<\/b><\/p>\n\n\n\n<p><span style=\"font-weight: 400;\">Hochwertige Datenverarbeitungsdienste sorgen daf\u00fcr, dass Ihre Daten organisiert und sicher gespeichert werden. Dadurch wird der Datenverlust verringert und sichergestellt, dass die Daten f\u00fcr die Datenanalyse zug\u00e4nglich sind. Ohne eine ordnungsgem\u00e4\u00dfe Datenverarbeitung k\u00f6nnen unstrukturierte Daten leicht in den Tiefen der Speicherdatenbanken verloren gehen.<\/span><\/p>\n\n\n\n<p>Lesen Sie auch: <a href=\"https:\/\/invest-in-albania.org\/outsourcing\/services\/data-entry\/\" target=\"_blank\" rel=\"noopener\">Data Entry Outsourcing<\/a><br><a href=\"https:\/\/invest-in-albania.org\/outsourcing\/services\/data-entry\/real-estate-data-entry\/\" target=\"_blank\" rel=\"noopener\">Real Estate Data Entry<\/a><br><a href=\"https:\/\/invest-in-albania.org\/outsourcing\/services\/data-conversion-outsourcing\/\" target=\"_blank\" rel=\"noopener\">Data Conversion Outsourcing<\/a><br><a href=\"https:\/\/invest-in-albania.org\/outsourcing\/the-big-role-of-data-and-why-to-outsource-it\/\" target=\"_blank\" rel=\"noopener\">The Big Role of Data and why to Outsource It?<\/a><\/p>\n","protected":false},"excerpt":{"rendered":"<p>Was ist Datenverarbeitung? Datenverarbeitung ist der Prozess der Umwandlung von Rohdaten in aussagekr\u00e4ftige Informationen. Um das Endergebnis, die Gewinnung von Informationen, zu erreichen, durchl\u00e4uft die Datenverarbeitung verschiedene Schritte. Mit anderen Worten: Sie kann als Informationsverarbeitung betrachtet werden. Die Daten werden manipuliert, um Ergebnisse zu erzielen, die zur L\u00f6sung eines Problems oder zur Verbesserung einer bestehenden [&hellip;]<\/p>\n","protected":false},"author":2,"featured_media":41810,"parent":59772,"menu_order":0,"comment_status":"closed","ping_status":"closed","template":"","meta":{"_uag_custom_page_level_css":"","_genesis_hide_title":false,"_genesis_hide_breadcrumbs":false,"_genesis_hide_singular_image":false,"_genesis_hide_footer_widgets":false,"_genesis_custom_body_class":"","_genesis_custom_post_class":"","_genesis_layout":"","_themeisle_gutenberg_block_has_review":false,"footnotes":""},"featured_image_src":"https:\/\/invest-in-albania.org\/wp-content\/uploads\/data-processing.png","featured_image_src_square":"https:\/\/invest-in-albania.org\/wp-content\/uploads\/data-processing.png","uagb_featured_image_src":{"full":["https:\/\/invest-in-albania.org\/wp-content\/uploads\/data-processing.png",1280,1074,false],"thumbnail":["https:\/\/invest-in-albania.org\/wp-content\/uploads\/data-processing-280x195.png",280,195,true],"medium":["https:\/\/invest-in-albania.org\/wp-content\/uploads\/data-processing-300x252.png",300,252,true],"medium_large":["https:\/\/invest-in-albania.org\/wp-content\/uploads\/data-processing-768x644.png",768,644,true],"large":["https:\/\/invest-in-albania.org\/wp-content\/uploads\/data-processing-1024x859.png",1024,859,true],"1536x1536":["https:\/\/invest-in-albania.org\/wp-content\/uploads\/data-processing.png",1280,1074,false],"2048x2048":["https:\/\/invest-in-albania.org\/wp-content\/uploads\/data-processing.png",1280,1074,false],"single-featured-image":["https:\/\/invest-in-albania.org\/wp-content\/uploads\/data-processing.png",459,385,false],"blog-featured-image":["https:\/\/invest-in-albania.org\/wp-content\/uploads\/data-processing.png",346,290,false],"home-featured":["https:\/\/invest-in-albania.org\/wp-content\/uploads\/data-processing.png",380,319,false],"gb-block-post-grid-landscape":["https:\/\/invest-in-albania.org\/wp-content\/uploads\/data-processing.png",477,400,false],"gb-block-post-grid-square":["https:\/\/invest-in-albania.org\/wp-content\/uploads\/data-processing.png",600,503,false]},"uagb_author_info":{"display_name":"Vjollca Shehu","author_link":"https:\/\/invest-in-albania.org\/de\/author\/iia\/"},"uagb_comment_info":0,"uagb_excerpt":"Was ist Datenverarbeitung? Datenverarbeitung ist der Prozess der Umwandlung von Rohdaten in aussagekr\u00e4ftige Informationen. Um das Endergebnis, die Gewinnung von Informationen, zu erreichen, durchl\u00e4uft die Datenverarbeitung verschiedene Schritte. Mit anderen Worten: Sie kann als Informationsverarbeitung betrachtet werden. Die Daten werden manipuliert, um Ergebnisse zu erzielen, die zur L\u00f6sung eines Problems oder zur Verbesserung einer bestehenden&hellip;","_links":{"self":[{"href":"https:\/\/invest-in-albania.org\/de\/wp-json\/wp\/v2\/pages\/59785"}],"collection":[{"href":"https:\/\/invest-in-albania.org\/de\/wp-json\/wp\/v2\/pages"}],"about":[{"href":"https:\/\/invest-in-albania.org\/de\/wp-json\/wp\/v2\/types\/page"}],"author":[{"embeddable":true,"href":"https:\/\/invest-in-albania.org\/de\/wp-json\/wp\/v2\/users\/2"}],"replies":[{"embeddable":true,"href":"https:\/\/invest-in-albania.org\/de\/wp-json\/wp\/v2\/comments?post=59785"}],"version-history":[{"count":1,"href":"https:\/\/invest-in-albania.org\/de\/wp-json\/wp\/v2\/pages\/59785\/revisions"}],"predecessor-version":[{"id":59787,"href":"https:\/\/invest-in-albania.org\/de\/wp-json\/wp\/v2\/pages\/59785\/revisions\/59787"}],"up":[{"embeddable":true,"href":"https:\/\/invest-in-albania.org\/de\/wp-json\/wp\/v2\/pages\/59772"}],"wp:featuredmedia":[{"embeddable":true,"href":"https:\/\/invest-in-albania.org\/de\/wp-json\/wp\/v2\/media\/41810"}],"wp:attachment":[{"href":"https:\/\/invest-in-albania.org\/de\/wp-json\/wp\/v2\/media?parent=59785"}],"curies":[{"name":"wp","href":"https:\/\/api.w.org\/{rel}","templated":true}]}}