{"id":59778,"date":"2024-03-04T09:47:04","date_gmt":"2024-03-04T08:47:04","guid":{"rendered":"https:\/\/invest-in-albania.org\/?page_id=59778"},"modified":"2024-03-04T09:47:09","modified_gmt":"2024-03-04T08:47:09","slug":"online-marketing-outsourcing","status":"publish","type":"page","link":"https:\/\/invest-in-albania.org\/de\/bpo-uitbestedingsdiensten\/online-marketing-outsourcing\/","title":{"rendered":"Online-Marketing-Outsourcing"},"content":{"rendered":"<div class=\"wp-block-image\">\n<figure class=\"alignright\"><img loading=\"lazy\" decoding=\"async\" width=\"1024\" height=\"838\" src=\"http:\/\/new.invest-in-albania.org\/wp-content\/uploads\/online-marketing-1024x838.jpg\" alt=\"\" class=\"wp-image-40929\" srcset=\"https:\/\/invest-in-albania.org\/wp-content\/uploads\/online-marketing-1024x838.jpg 1024w, https:\/\/invest-in-albania.org\/wp-content\/uploads\/online-marketing-300x245.jpg 300w, https:\/\/invest-in-albania.org\/wp-content\/uploads\/online-marketing-768x628.jpg 768w, https:\/\/invest-in-albania.org\/wp-content\/uploads\/online-marketing-580x474.jpg 580w, https:\/\/invest-in-albania.org\/wp-content\/uploads\/online-marketing-860x703.jpg 860w, https:\/\/invest-in-albania.org\/wp-content\/uploads\/online-marketing-1160x949.jpg 1160w, https:\/\/invest-in-albania.org\/wp-content\/uploads\/online-marketing.jpg 1280w\" sizes=\"(max-width: 1024px) 100vw, 1024px\" \/><\/figure><\/div>\n\n\n<p>Marketing ist eine der wichtigsten S\u00e4ulen eines erfolgreichen Gesch\u00e4ftsplans. Es kann ein vielf\u00e4ltiges Umfeld f\u00fcr Produkt-Kunden-Beziehungen und f\u00fcr verschiedene innovative Strategien schaffen. Viele Unternehmen auf dem globalen Markt setzen aus einer Reihe von Gr\u00fcnden auf eine neue \u00c4ra des Outsourcings ihrer Marketingdienstleistungen.<\/p>\n\n\n\n<p><a href=\"https:\/\/hawkemedia.com\/erikhuberman\/\" data-type=\"URL\" data-id=\"https:\/\/hawkemedia.com\/erikhuberman\/\" rel=\"noopener\">Erik Huberman<\/a>, ein erfolgreicher Marketingexperte, erkl\u00e4rt den Trend zum Outsourcing von Marketingdienstleistungen als wichtig, um schnelle Gesch\u00e4ftszyklen zu erreichen. Er betont, dass sich jedes Unternehmen auf das konzentriert, was es am besten kann, und alles, worauf es nicht spezialisiert ist, in die H\u00e4nde der bestm\u00f6glichen Teams legt. Marketing ist heute sehr teuer, es braucht viel Zeit, Energie und spezielles Fachwissen f\u00fcr den Produktbereich. Durch die Auslagerung des Programms an andere spezialisierte Unternehmen sichern wir uns jedoch neue und strategische Partnerschaften mit Agenturen, die professionell mehrere Kan\u00e4le anbieten.<br><\/p>\n\n\n\n<h2 class=\"wp-block-heading\">Schl\u00fcsselfaktoren f\u00fcr das Outsourcing Ihrer Marketingabteilung<\/h2>\n\n\n\n<p>Huberman beleuchtete vier spezifische Vorteile des Outsourcings von Marketingaktivit\u00e4ten an andere Spezialisten:<\/p>\n\n\n\n<p><strong>Finanzielle Kosten<\/strong><br>\u2022 Es ist kosteneffizient, nicht in den Aufbau einer ganzen Marketingabteilung zu investieren, in der es Ihnen als Nicht-Feldspezialist m\u00f6glicherweise an vielen Funktionen mangelt, w\u00e4hrend die Beauftragung einer Outsourcing-Agentur nicht nur die Gehaltskosten Ihrer Mitarbeiter, sondern auch deren Investitionen in den Mehrwert des Humankapitals reduziert.<br><br><strong>Zugang zu<\/strong><br>\u2022 Auch nach der Auslagerung Ihrer Marketingabteilung haben Sie vollen Zugang zu Ihren Daten und Erkenntnissen, ohne dass zus\u00e4tzliche Geb\u00fchren anfallen.<br><br><strong>Zeit<\/strong><br>\u2022 Zeit ist Geld. Indem Sie den Spezialisten die Aufgaben \u00fcbertragen, mit denen sie sich auskennen, ersparen Sie sich die Einstellung eines internen Mitarbeiters.<br><br><strong>Erfahrung<\/strong><br>\u2022 Das Hauptproduktteam wird durch Outsourcing-Agenturen eine Menge Erfahrung sammeln und neue M\u00f6glichkeiten kennenlernen.\nAusgelagerte Marketingaktivit\u00e4ten<\/p>\n\n\n\n<p>Verschiedene Arten von Funktionen im Marketingbereich werden von Outsourcing-Partnern in Offshore-L\u00e4ndern oder anderen lokalen Drittagenturen innerhalb der Staatsgrenzen betreut. Einige dieser Dienstleistungen, die in der renommierten Zeitschrift <a href=\"https:\/\/hbr.org\/magazine\" rel=\"noopener\">Harvard Business School magazine<\/a> sind:<br><br><strong>Betrieb<\/strong><br>\u2022 Verwaltung der Website<br>\u2022 Kontaktzentren oder Callcenter<br>\u2022 Verwaltung von Datenbanken<br>\u2022 Programmverwaltung und E-Mail-Kontrolle<br><br><strong>Entwicklung des Programms<br><\/strong>\u2022 Management von F\u00fchrungskr\u00e4ften<br>\u2022 Kampagne zur Entwicklung von F\u00fchrungskr\u00e4ften<br>\u2022 Integrierte Programmgestaltung<br><strong>Analyse der Daten<br><\/strong>\u2022 Leistungsanalyse<br>\u2022 Marken- und Produktanalyse<br>\u2022 Verbraucherverhalten<br><br><strong>Kundenerfahrung<br><\/strong>\u2022 Unterschiedliches Kundenerlebnismanagement<\/p>\n\n\n\n<p>Die Zeitschrift der Harvard Business School erl\u00e4utert auch die wichtigsten Faktoren des gesamten Prozesses. Sie sagen, dass zwei der wichtigsten Gr\u00fcnde f\u00fcr eine Auslagerung sprechen: Erstens kann man dadurch Geld sparen und die Produktqualit\u00e4t verbessern. Eines der gr\u00f6\u00dften Lieferunternehmen in den USA, American Express, verbesserte seinen Kundenservice und senkte die Kosten f\u00fcr jeden Kunden um bis zu 30 Prozent, indem es seine Call-Center-Aktivit\u00e4ten in Indien abwickelte. Zweitens k\u00f6nnen Unternehmen und Organisationen durch das Outsourcing wesentliche Marketing-Fachkenntnisse der linken Gehirnh\u00e4lfte bereitstellen. Die Verwaltung von Kundendatenbanken und die Analyse des Produktmanagements sind die wichtigsten Merkmale dieses zweiten Aspekts.<\/p>\n\n\n\n<p>Zusammenfassend l\u00e4sst sich sagen, dass die Auslagerung von Marketingdienstleistungen eine wichtige Entscheidung f\u00fcr jedes Unternehmen ist, denn sie kann sich als sehr positiv erweisen, aber sie kann sich auch in ein ernsthaftes Problem verwandeln, wenn Sie mit unprofessionellen Agenturen zusammenarbeiten. Solange Sie fachkundige H\u00e4nde finden, die Teilleistungen f\u00fcr Ihr Unternehmen \u00fcbernehmen, wird es immer Erfolge und Punkte geben. Die Feldforschung ermutigt zum Outsourcing, da es die Einnahmen in den Firmenbudgets erh\u00f6ht, insbesondere wenn es sich um Dienstleistungen handelt, die keine technischen Aspekte als Hauptaufgabe haben.<\/p>\n","protected":false},"excerpt":{"rendered":"<p>Marketing ist eine der wichtigsten S\u00e4ulen eines erfolgreichen Gesch\u00e4ftsplans. Es kann ein vielf\u00e4ltiges Umfeld f\u00fcr Produkt-Kunden-Beziehungen und f\u00fcr verschiedene innovative Strategien schaffen. Viele Unternehmen auf dem globalen Markt setzen aus einer Reihe von Gr\u00fcnden auf eine neue \u00c4ra des Outsourcings ihrer Marketingdienstleistungen. Erik Huberman, ein erfolgreicher Marketingexperte, erkl\u00e4rt den Trend zum Outsourcing von Marketingdienstleistungen als [&hellip;]<\/p>\n","protected":false},"author":2,"featured_media":40931,"parent":59669,"menu_order":7,"comment_status":"closed","ping_status":"closed","template":"","meta":{"_uag_custom_page_level_css":"","_genesis_hide_title":false,"_genesis_hide_breadcrumbs":false,"_genesis_hide_singular_image":false,"_genesis_hide_footer_widgets":false,"_genesis_custom_body_class":"","_genesis_custom_post_class":"","_genesis_layout":"","_themeisle_gutenberg_block_has_review":false,"footnotes":""},"featured_image_src":"https:\/\/invest-in-albania.org\/wp-content\/uploads\/online-marketing.jpg","featured_image_src_square":"https:\/\/invest-in-albania.org\/wp-content\/uploads\/online-marketing.jpg","uagb_featured_image_src":{"full":["https:\/\/invest-in-albania.org\/wp-content\/uploads\/online-marketing.jpg",1280,1047,false],"thumbnail":["https:\/\/invest-in-albania.org\/wp-content\/uploads\/online-marketing-280x195.jpg",280,195,true],"medium":["https:\/\/invest-in-albania.org\/wp-content\/uploads\/online-marketing-300x245.jpg",300,245,true],"medium_large":["https:\/\/invest-in-albania.org\/wp-content\/uploads\/online-marketing-768x628.jpg",768,628,true],"large":["https:\/\/invest-in-albania.org\/wp-content\/uploads\/online-marketing-1024x838.jpg",1024,838,true],"1536x1536":["https:\/\/invest-in-albania.org\/wp-content\/uploads\/online-marketing.jpg",1280,1047,false],"2048x2048":["https:\/\/invest-in-albania.org\/wp-content\/uploads\/online-marketing.jpg",1280,1047,false],"single-featured-image":["https:\/\/invest-in-albania.org\/wp-content\/uploads\/online-marketing.jpg",471,385,false],"blog-featured-image":["https:\/\/invest-in-albania.org\/wp-content\/uploads\/online-marketing.jpg",355,290,false],"home-featured":["https:\/\/invest-in-albania.org\/wp-content\/uploads\/online-marketing.jpg",380,311,false],"gb-block-post-grid-landscape":["https:\/\/invest-in-albania.org\/wp-content\/uploads\/online-marketing.jpg",489,400,false],"gb-block-post-grid-square":["https:\/\/invest-in-albania.org\/wp-content\/uploads\/online-marketing.jpg",600,491,false]},"uagb_author_info":{"display_name":"Vjollca Shehu","author_link":"https:\/\/invest-in-albania.org\/de\/author\/iia\/"},"uagb_comment_info":0,"uagb_excerpt":"Marketing ist eine der wichtigsten S\u00e4ulen eines erfolgreichen Gesch\u00e4ftsplans. Es kann ein vielf\u00e4ltiges Umfeld f\u00fcr Produkt-Kunden-Beziehungen und f\u00fcr verschiedene innovative Strategien schaffen. Viele Unternehmen auf dem globalen Markt setzen aus einer Reihe von Gr\u00fcnden auf eine neue \u00c4ra des Outsourcings ihrer Marketingdienstleistungen. Erik Huberman, ein erfolgreicher Marketingexperte, erkl\u00e4rt den Trend zum Outsourcing von Marketingdienstleistungen als&hellip;","_links":{"self":[{"href":"https:\/\/invest-in-albania.org\/de\/wp-json\/wp\/v2\/pages\/59778"}],"collection":[{"href":"https:\/\/invest-in-albania.org\/de\/wp-json\/wp\/v2\/pages"}],"about":[{"href":"https:\/\/invest-in-albania.org\/de\/wp-json\/wp\/v2\/types\/page"}],"author":[{"embeddable":true,"href":"https:\/\/invest-in-albania.org\/de\/wp-json\/wp\/v2\/users\/2"}],"replies":[{"embeddable":true,"href":"https:\/\/invest-in-albania.org\/de\/wp-json\/wp\/v2\/comments?post=59778"}],"version-history":[{"count":1,"href":"https:\/\/invest-in-albania.org\/de\/wp-json\/wp\/v2\/pages\/59778\/revisions"}],"predecessor-version":[{"id":59779,"href":"https:\/\/invest-in-albania.org\/de\/wp-json\/wp\/v2\/pages\/59778\/revisions\/59779"}],"up":[{"embeddable":true,"href":"https:\/\/invest-in-albania.org\/de\/wp-json\/wp\/v2\/pages\/59669"}],"wp:featuredmedia":[{"embeddable":true,"href":"https:\/\/invest-in-albania.org\/de\/wp-json\/wp\/v2\/media\/40931"}],"wp:attachment":[{"href":"https:\/\/invest-in-albania.org\/de\/wp-json\/wp\/v2\/media?parent=59778"}],"curies":[{"name":"wp","href":"https:\/\/api.w.org\/{rel}","templated":true}]}}