{"id":59772,"date":"2024-03-02T15:48:03","date_gmt":"2024-03-02T14:48:03","guid":{"rendered":"https:\/\/invest-in-albania.org\/?page_id=59772"},"modified":"2024-03-02T15:48:09","modified_gmt":"2024-03-02T14:48:09","slug":"dateneingabe-outsourcing","status":"publish","type":"page","link":"https:\/\/invest-in-albania.org\/de\/bpo-uitbestedingsdiensten\/dateneingabe-outsourcing\/","title":{"rendered":"Dateneingabe-Outsourcing"},"content":{"rendered":"\n<figure class=\"wp-block-image size-full\"><img loading=\"lazy\" decoding=\"async\" width=\"800\" height=\"800\" src=\"https:\/\/invest-in-albania.org\/wp-content\/uploads\/data-entry.png\" alt=\"Data Entry Outsourcing Cover Image\" class=\"wp-image-44748\" srcset=\"https:\/\/invest-in-albania.org\/wp-content\/uploads\/data-entry.png 800w, https:\/\/invest-in-albania.org\/wp-content\/uploads\/data-entry-300x300.png 300w, https:\/\/invest-in-albania.org\/wp-content\/uploads\/data-entry-768x768.png 768w, https:\/\/invest-in-albania.org\/wp-content\/uploads\/data-entry-600x600.png 600w\" sizes=\"(max-width: 800px) 100vw, 800px\" \/><\/figure>\n\n\n\n<h2 class=\"wp-block-heading\">Die Macht der Daten<\/h2>\n\n\n\n<p>Daten sind f\u00fcr den Gesch\u00e4ftsbetrieb unverzichtbar, und jeder erfolgreiche Gesch\u00e4ftsmann wei\u00df das. Selbst ein Ein-Personen-Startup kann wertvolle Daten generieren. Sie helfen nicht nur bei der Durchf\u00fchrung verschiedener Vorg\u00e4nge, sondern auch dabei, M\u00e4rkte und Kunden zu verstehen und Entscheidungen zu treffen. Deshalb m\u00fcssen die Daten pr\u00e4zise und leicht zu beschaffen sein. Jedes Unternehmen, das seit mehr als einem Jahr aktiv ist, das \u00fcber eine Website oder soziale Medien online pr\u00e4sent ist oder \u00fcber Informationen von seinen Kunden verf\u00fcgt, kann die Daten nutzen, um das Unternehmenswachstum zu f\u00f6rdern.<\/p>\n\n\n\n<p>Da es sich um einen Prozess handelt, der f\u00fcr jedes Unternehmen lebenswichtige Unterlagen enth\u00e4lt und deren Pflege f\u00fcr die Durchf\u00fchrung von Transaktionen, die Entscheidungsfindung und die Kundenbetreuung von entscheidender Bedeutung ist, entscheiden sich kleine und gro\u00dfe Unternehmen f\u00fcr eine Partnerschaft mit Unternehmen, die professionelle Dateneingabedienste anbieten.<\/p>\n\n\n\n<h3 class=\"wp-block-heading\"><strong>Zu den Aufgaben der Dateneingabe geh\u00f6ren haupts\u00e4chlich:<\/strong><\/h3>\n\n\n\n<p>\u00dcbertragen von Informationen aus Papierdokumenten wie gescannten Dokumenten, Bildern und Katalogen in Computerdateien oder Datenbanken;<br>Eingeben von Daten, die direkt von Kunden erhoben wurden;<br>Erstellung genauer Tabellen mit einer gro\u00dfen Anzahl von Zahlen<\/p>\n\n\n\n<p>Um all diese Prozesse durch manuelle Eingabe zu erledigen, sind professionelle Arbeitskr\u00e4fte erforderlich. Die Dateneingabe ist ein hervorragender Job f\u00fcr Fernarbeitskr\u00e4fte, w\u00e4hrend Unternehmen, die Arbeitskr\u00e4fte suchen, die \u00fcber die Kapazit\u00e4t einer einzelnen Person hinausgehen, Outsourcing-Unternehmen die beste Option sind.<\/p>\n\n\n\n<h2 class=\"wp-block-heading\">Online- und Offline-Dateneingabe<\/h2>\n\n\n\n<p>Die Dateneingabe wird in zwei Hauptkategorien unterteilt: Online- und Offline-Dateneingabe. Die Internetverbindung ist das Element, das den Unterschied zwischen diesen beiden Kategorien ausmacht. Sie ist notwendig, um auf die Datenbank oder das Archiv zuzugreifen, in dem die Informationen gespeichert sind.<\/p>\n\n\n\n<p>Die Informationen k\u00f6nnen aus Online-Quellen oder Hard-\/Softcopies zusammengestellt und in einer Datenbank oder einem Archiv gespeichert werden, das eine Internetverbindung ben\u00f6tigt, um darauf zugreifen zu k\u00f6nnen. Die in diesen Berufen t\u00e4tigen Personen k\u00f6nnen verschiedene Prozesse wie Tippen, Datenextraktion, Bereinigung, Data Mining und Online-Recherche durchf\u00fchren. In Albanien wird die Online-Dateneingabe haupts\u00e4chlich f\u00fcr das Einf\u00fcgen von Produktinformationen in E-Commerce-Websites, das Ausf\u00fcllen von Online-Formularen, das Kommentieren und Markieren von Daten im Internet, das Markieren von Bildern, das Aktualisieren von CRM usw. verwendet.<\/p>\n\n\n\n<p>Die Online-Datenerfassung wurde erstmals 1960 in den Vereinigten Staaten eingesetzt, haupts\u00e4chlich f\u00fcr staatliche und milit\u00e4rische Zwecke. Die Vorteile der Online-Dateneingabe liegen in den niedrigen Kosten f\u00fcr Unternehmen und Kunden, der leichten Auffindbarkeit von Informationen, der besseren Datenbankverwaltung und der technologiebasierten Arbeitsweise.<\/p>\n\n\n\n<p><strong>Offline-Dateneingabe<\/strong><\/p>\n\n\n\n<p>Offline-Dateneingabe-Dienste sind f\u00fcr jedes Unternehmen erforderlich, das Informationen in Offline-Formularen oder Datenbanken aktualisieren oder Daten aus verschiedenen Quellen wie Formularen, Berichten, verschiedenen Dokumenten erfassen und in Offline-Dateiformate eingeben muss. Zu den h\u00e4ufigsten Offline-Dateneingabediensten geh\u00f6ren:<\/p>\n\n\n\n<ul>\n<li>Visitenkarten Eintrag<\/li>\n\n\n\n<li>Ausf\u00fcllen und Bearbeiten von Formularen<\/li>\n\n\n\n<li>Datenerfassung<\/li>\n\n\n\n<li>Erfassung von Versicherungsanspr\u00fcchen, Etiketten, E-Books<\/li>\n\n\n\n<li>Steuerformulare<\/li>\n\n\n\n<li>Erhebungen<\/li>\n\n\n\n<li>Rechnungen und Quittungen<\/li>\n<\/ul>\n\n\n\n<h3 class=\"wp-block-heading\">Einige der meist ausgelagerten Dienstleistungen im Bereich der Online- und Offline-Dateneingabe sind:<\/h3>\n\n\n\n<ul>\n<li>Medizinische Abrechnung<\/li>\n\n\n\n<li>Excel-Dateneingabe<\/li>\n\n\n\n<li>Erfassung von Versicherungsanspr\u00fcchen<\/li>\n\n\n\n<li>PDF-Dateneingabe<\/li>\n\n\n\n<li>Excel-Dateneingabe<\/li>\n\n\n\n<li>MS Access Eintrag<\/li>\n\n\n\n<li>Eingabe von Umfragedaten<\/li>\n\n\n\n<li>Handschriftlicher Eintrag<\/li>\n\n\n\n<li>Katalogdateneingabe<\/li>\n\n\n\n<li>Auftragsabwicklung<\/li>\n\n\n\n<li>Bilddateneingabe<\/li>\n<\/ul>\n\n\n\n<p>Unternehmen, die viel Papierkram zu erledigen haben, sind gezwungen, einen Teil ihrer Dateneingabe \u00fcber ihre Partner abzuwickeln. Der gesamte Prozess ist zeitaufw\u00e4ndig und arbeitsintensiv, so dass sich die Unternehmen dazu entschlossen haben, die Grenzen ihrer Unternehmensverwaltung zu \u00fcberschreiten und die Verantwortung f\u00fcr die Dateneingabe auf einen bestimmten Sektor zu \u00fcbertragen. Buchhaltung, Wirtschaft, Statistik, Abstraktion und Indexierung, Datenextraktion und Digitalisierung von Dokumenten.<\/p>\n\n\n\n<h2 class=\"wp-block-heading\">Warum Unternehmen sich f\u00fcr die Auslagerung der Dateneingabe entscheiden<\/h2>\n\n\n\n<p>Im Folgenden werden einige der wichtigsten Vorteile des Outsourcing genannt. Nat\u00fcrlich sind das nicht alle Vorteile:<\/p>\n\n\n\n<ul>\n<li>Zugang durch einen gro\u00dfen Pool an qualifizierten Arbeitskr\u00e4ften, Verfahren und Technologien<\/li>\n\n\n\n<li>Reduziert Ihre Kapitalkosten f\u00fcr die Infrastruktur<\/li>\n\n\n\n<li>mehr Zeit f\u00fcr die Konzentration auf Ihr Kerngesch\u00e4ft<\/li>\n\n\n\n<li>Garantie f\u00fcr h\u00f6chste Genauigkeit und hochwertige Dienstleistungen<\/li>\n\n\n\n<li>Schnelle Durchlaufzeit f\u00fcr jede Dateneingabe<\/li>\n\n\n\n<li>Lukratives Preisschema, das die Kosten f\u00fcr Ihr Budget minimiert<\/li>\n\n\n\n<li>Sparen Sie 60 % Ihrer Betriebskosten<\/li>\n\n\n\n<li>Schnelle Vorschriften und Verbraucherzufriedenheit<\/li>\n\n\n\n<li>Back-up und Notfall<\/li>\n\n\n\n<li>Know-how und Unterst\u00fctzung<\/li>\n\n\n\n<li>Genauigkeit<\/li>\n\n\n\n<li>Einsatz von fortschrittlicher Technologie und Software<\/li>\n\n\n\n<li>Sicherheit der Daten<\/li>\n<\/ul>\n\n\n\n<h2 class=\"wp-block-heading\">Outsourcing der Dateneingabe ist nicht \u00fcberall gleich<\/h2>\n\n\n\n<p>Die Auslagerung der Dateneingabe wird nicht f\u00fcr jedes Unternehmen, das Sie offshore beauftragen, gleich sein, weil sie alle unterschiedliche Anweisungen und Tipps f\u00fcr das Prozessmanagement f\u00fcr ihre Arbeit geben. Mit anderen Worten, verschiedene Unternehmen implementieren verschiedene Richtlinien zur Aufrechterhaltung des Verlaufs ihrer Arbeit, sie bieten auch verschiedene Dienstleistungen auf der Grundlage der Kapazit\u00e4t des Unternehmens fragen. Indem Sie den Outsourcing-Firmen Kredit f\u00fcr die Aufteilung einiger der Aufgaben in der Organisation geben, wird es Raum und Produktivit\u00e4t f\u00fcr die gesamte Organisation geben.<\/p>\n\n\n\n<p>In der Realit\u00e4t gibt es keinen Bedarf an Personal und auch keine Notwendigkeit f\u00fcr zus\u00e4tzliche organisierte Abteilungen, die sich jeden Tag um riesige &#8222;Berge&#8220; von Papierkram, Berechnungen und Datenmanagement k\u00fcmmern, sondern stattdessen m\u00fcssen die Unternehmen Experten und engagierte Arbeitskr\u00e4fte auslagern.<\/p>\n\n\n\n<p>Die Dateneingabe ist ein Prozess, der viel Verantwortung und Vertrauen f\u00fcr die Beziehung zwischen Verbraucher und Produkt und umgekehrt erfordert, so dass er unbedingt in die Liste der wichtigen Aufgaben aufgenommen werden muss. Es ist eine wertvolle Gelegenheit, ein hilfreiches Geschenk dieses neuen Jahrtausends f\u00fcr Unternehmen und Organisationen, die M\u00f6glichkeit zu haben, ihre Gruppenarbeiten au\u00dferhalb ihrer Verwaltungsgeb\u00e4ude zu w\u00e4hlen.<\/p>\n\n\n\n<p>Auf diese Weise wird der Weltmarkt in hohem Ma\u00dfe &#8222;drahtlos&#8220; zu den Ressourcen, die Sie zu Ihrem eigenen Nutzen und zum Nutzen der Weltgesellschaft erschlie\u00dfen wollen. Heutzutage ist es kurzsichtig, lokal zu denken und zu handeln, w\u00e4hrend sich die gesamte Gesellschaft globalisiert.<\/p>\n\n\n\n<h2 class=\"wp-block-heading\">Wohin soll die Dateneingabe ausgelagert werden?<\/h2>\n\n\n\n<p>Die Antwort auf diese Frage ist subjektiv, da alles von den spezifischen Bed\u00fcrfnissen des Verk\u00e4ufers abh\u00e4ngt. Standort, Zeitzonen, Kosteneffizienz, Erfahrung des Anbieters, Zertifizierungen, Infrastruktur und Know-how k\u00f6nnen zu den wichtigsten \u00dcberlegungen bei der Suche nach einem professionellen Dateneingabedienstleister geh\u00f6ren. Andererseits sind f\u00fcr diese Dienstleistungen oft keine hochqualifizierten Arbeitskr\u00e4fte erforderlich. Zu den wichtigsten F\u00e4higkeiten eines Datenerfassers geh\u00f6ren grundlegende Softwarekenntnisse, gute schriftliche und kommunikative F\u00e4higkeiten, Geduld und Konzentration sowie gute Tippf\u00e4higkeiten.<\/p>\n\n\n\n<p>Wenn Sie einen zuverl\u00e4ssigen Outsourcing-Partner f\u00fcr Dateneingabedienste suchen, k\u00f6nnen albanische Unternehmen eine optimale Wahl f\u00fcr Sie sein. Sie garantieren qualitativ hochwertige Dienstleistungen zum besten Preis im Vergleich zu anderen L\u00e4ndern in Europa. Wenn Sie weitere Informationen ben\u00f6tigen, f\u00fcllen Sie bitte das untenstehende Formular aus.<\/p>\n\n\n\n<p>Lesen Sie auch: <a href=\"https:\/\/invest-in-albania.org\/outsourcing\/services\/data-entry\/real-estate-data-entry\/\" target=\"_blank\" rel=\"noopener\">Real Estate Data Entry<\/a><br><a href=\"https:\/\/invest-in-albania.org\/outsourcing\/services\/data-conversion-outsourcing\/\" target=\"_blank\" rel=\"noopener\">Data Conversion Outsourcing<\/a><br><a href=\"https:\/\/invest-in-albania.org\/outsourcing\/the-big-role-of-data-and-why-to-outsource-it\/\" target=\"_blank\" rel=\"noopener\">The Big Role of Data and why to Outsource It?<\/a><br><a href=\"https:\/\/invest-in-albania.org\/outsourcing\/services\/data-entry\/data-processing-outsourcing\/\" target=\"_blank\" rel=\"noopener\">Data Processing Outsourcing<\/a><\/p>\n","protected":false},"excerpt":{"rendered":"<p>Die Macht der Daten Daten sind f\u00fcr den Gesch\u00e4ftsbetrieb unverzichtbar, und jeder erfolgreiche Gesch\u00e4ftsmann wei\u00df das. Selbst ein Ein-Personen-Startup kann wertvolle Daten generieren. Sie helfen nicht nur bei der Durchf\u00fchrung verschiedener Vorg\u00e4nge, sondern auch dabei, M\u00e4rkte und Kunden zu verstehen und Entscheidungen zu treffen. Deshalb m\u00fcssen die Daten pr\u00e4zise und leicht zu beschaffen sein. Jedes [&hellip;]<\/p>\n","protected":false},"author":2,"featured_media":44750,"parent":59669,"menu_order":6,"comment_status":"closed","ping_status":"closed","template":"","meta":{"_uag_custom_page_level_css":"","_genesis_hide_title":false,"_genesis_hide_breadcrumbs":false,"_genesis_hide_singular_image":false,"_genesis_hide_footer_widgets":false,"_genesis_custom_body_class":"","_genesis_custom_post_class":"","_genesis_layout":"","_themeisle_gutenberg_block_has_review":false,"footnotes":""},"featured_image_src":"https:\/\/invest-in-albania.org\/wp-content\/uploads\/data-entry-600x400.png","featured_image_src_square":"https:\/\/invest-in-albania.org\/wp-content\/uploads\/data-entry-600x600.png","uagb_featured_image_src":{"full":["https:\/\/invest-in-albania.org\/wp-content\/uploads\/data-entry.png",800,800,false],"thumbnail":["https:\/\/invest-in-albania.org\/wp-content\/uploads\/data-entry-280x195.png",280,195,true],"medium":["https:\/\/invest-in-albania.org\/wp-content\/uploads\/data-entry-300x300.png",300,300,true],"medium_large":["https:\/\/invest-in-albania.org\/wp-content\/uploads\/data-entry-768x768.png",768,768,true],"large":["https:\/\/invest-in-albania.org\/wp-content\/uploads\/data-entry.png",800,800,false],"1536x1536":["https:\/\/invest-in-albania.org\/wp-content\/uploads\/data-entry.png",800,800,false],"2048x2048":["https:\/\/invest-in-albania.org\/wp-content\/uploads\/data-entry.png",800,800,false],"single-featured-image":["https:\/\/invest-in-albania.org\/wp-content\/uploads\/data-entry-800x385.png",800,385,true],"blog-featured-image":["https:\/\/invest-in-albania.org\/wp-content\/uploads\/data-entry-680x290.png",680,290,true],"home-featured":["https:\/\/invest-in-albania.org\/wp-content\/uploads\/data-entry-380x570.png",380,570,true],"gb-block-post-grid-landscape":["https:\/\/invest-in-albania.org\/wp-content\/uploads\/data-entry-600x400.png",600,400,true],"gb-block-post-grid-square":["https:\/\/invest-in-albania.org\/wp-content\/uploads\/data-entry-600x600.png",600,600,true]},"uagb_author_info":{"display_name":"Vjollca Shehu","author_link":"https:\/\/invest-in-albania.org\/de\/author\/iia\/"},"uagb_comment_info":0,"uagb_excerpt":"Die Macht der Daten Daten sind f\u00fcr den Gesch\u00e4ftsbetrieb unverzichtbar, und jeder erfolgreiche Gesch\u00e4ftsmann wei\u00df das. Selbst ein Ein-Personen-Startup kann wertvolle Daten generieren. Sie helfen nicht nur bei der Durchf\u00fchrung verschiedener Vorg\u00e4nge, sondern auch dabei, M\u00e4rkte und Kunden zu verstehen und Entscheidungen zu treffen. Deshalb m\u00fcssen die Daten pr\u00e4zise und leicht zu beschaffen sein. Jedes&hellip;","_links":{"self":[{"href":"https:\/\/invest-in-albania.org\/de\/wp-json\/wp\/v2\/pages\/59772"}],"collection":[{"href":"https:\/\/invest-in-albania.org\/de\/wp-json\/wp\/v2\/pages"}],"about":[{"href":"https:\/\/invest-in-albania.org\/de\/wp-json\/wp\/v2\/types\/page"}],"author":[{"embeddable":true,"href":"https:\/\/invest-in-albania.org\/de\/wp-json\/wp\/v2\/users\/2"}],"replies":[{"embeddable":true,"href":"https:\/\/invest-in-albania.org\/de\/wp-json\/wp\/v2\/comments?post=59772"}],"version-history":[{"count":1,"href":"https:\/\/invest-in-albania.org\/de\/wp-json\/wp\/v2\/pages\/59772\/revisions"}],"predecessor-version":[{"id":59773,"href":"https:\/\/invest-in-albania.org\/de\/wp-json\/wp\/v2\/pages\/59772\/revisions\/59773"}],"up":[{"embeddable":true,"href":"https:\/\/invest-in-albania.org\/de\/wp-json\/wp\/v2\/pages\/59669"}],"wp:featuredmedia":[{"embeddable":true,"href":"https:\/\/invest-in-albania.org\/de\/wp-json\/wp\/v2\/media\/44750"}],"wp:attachment":[{"href":"https:\/\/invest-in-albania.org\/de\/wp-json\/wp\/v2\/media?parent=59772"}],"curies":[{"name":"wp","href":"https:\/\/api.w.org\/{rel}","templated":true}]}}