{"id":59762,"date":"2024-03-02T10:38:50","date_gmt":"2024-03-02T09:38:50","guid":{"rendered":"https:\/\/invest-in-albania.org\/?page_id=59762"},"modified":"2024-03-02T10:44:14","modified_gmt":"2024-03-02T09:44:14","slug":"outsourcing-von-software-und-webentwicklung","status":"publish","type":"page","link":"https:\/\/invest-in-albania.org\/de\/bpo-uitbestedingsdiensten\/outsourcing-von-software-und-webentwicklung\/","title":{"rendered":"Outsourcing von Software- und Webentwicklung"},"content":{"rendered":"\n<p>Einer der neuen wachsenden Trends im Outsourcing sind Web- und Softwareentwicklung. Diese beiden unterschiedlichen Prozesse haben eine neue Perspektive f\u00fcr Outsourcing-Agenturen geschaffen. Spezialisierte Unternehmen, die in verschiedenen Ecken der Welt t\u00e4tig sind, haben ihren Dienstleistungsbereich international entwickelt und ein Netzwerk aufgebaut, in dem zahlreiche interessierte Unternehmen im Bereich der Webentwicklung au\u00dferhalb der Landesgrenzen ihre ben\u00f6tigten Dienstleistungen anbieten. Der Aufbau einer vertrauensvollen Partnerschaft f\u00fcr Dienstleistungen, die einen gro\u00dfen Einfluss auf die Zukunft Ihres Unternehmens haben, ist f\u00fcr jedes Unternehmen von Anfang an die wichtigste Aufgabe. Es muss professionell f\u00fcr drei verschiedene Bereiche recherchiert werden: warum, wo und an wen Sie die Verantwortung f\u00fcr die Dienstleistung geben werden.<\/p>\n\n\n\n<p>Allerdings k\u00f6nnen Dienstleistungen, die nicht lange auf sich warten lassen, wie z.B. Web- und Software-Entwicklung, langfristige, vorteilhafte Beziehungen aufbauen, abh\u00e4ngig von den vertraglich vereinbarten Dienstleistungen. Es gibt wichtige Kooperations-Outsourcing-Vertr\u00e4ge f\u00fcr Web- und Softwareentwicklung:<br>\u2022 St\u00e4ndige Dienstleister, wenn die Vertr\u00e4ge au\u00dferhalb des Unternehmens, aber mit lebenslanger Branchenperspektive geschlossen werden<br>\u2022 Zeitlich befristete Dienstleistungen, wenn die Vertr\u00e4ge je nach Unternehmensportfolio f\u00fcr bestimmte Zeitr\u00e4ume abgeschlossen werden<br>\u2022 Einmalige Erbringung von Dienstleistungen, wenn Vertr\u00e4ge f\u00fcr einmalige und nie wiederkehrende Dienstleistungen geschlossen werden<\/p>\n\n\n\n<p>Die wichtigsten Gr\u00fcnde, diese Dienstleistungen auszulagern, stehen in engem Verh\u00e4ltnis zu den Kapazit\u00e4ten, die die Unternehmen bei der Budgetkontrolle haben. Die Erfahrungen aller Unternehmen, die sich dazu entschlossen haben, die Web- und Softwareentwicklung in L\u00e4nder und Agenturen auszulagern, die sich professionell auf diese spezifischen Sektoren spezialisiert haben, sind extrem gut. Einem Artikel des WallStreet Journals zufolge ist Outsourcing gut f\u00fcr Amerika, da dieser Prozess viele Vorteile mit sich bringt, die der Wirtschaft des Unternehmens Auftrieb geben. Paul Craig Roberts, ein ehemaliger Beamter des Finanzministeriums der Reagan-Regierung und Wirtschaftswissenschaftler auf der Angebotsseite, widerspricht den bekannten Outsourcing-Widersachern, den Herren Roberts und Schumer, indem er die gro\u00dfe Bedeutung dieses Prozesses f\u00fcr die Wirtschaft des US-Bundesstaates hervorhebt, abgesehen von den Problemen, die sie mit den verdr\u00e4ngten Arbeitnehmern haben.<\/p>\n\n\n\n<p>Types of Web and Software development outsourced services.<\/p>\n\n\n\n<p>Einige der am h\u00e4ufigsten ausgelagerten Dienstleistungen in der Web- und Softwareentwicklung sind:<\/p>\n\n\n\n<ul>\n<li>Websites f\u00fcr den elektronischen Handel, einschlie\u00dflich B2C und B2B<\/li>\n\n\n\n<li>CRM-Systeme, die \u00fcber integrierte Webanwendungen und Online-Dienste verf\u00fcgen<\/li>\n\n\n\n<li>Kundenentwicklungsdienste f\u00fcr Online-Anwendungen<\/li>\n\n\n\n<li>Websites und integrierte Buchhaltungssysteme<\/li>\n\n\n\n<li>Organisatorische Funktionen und digitale Medien<\/li>\n\n\n\n<li>Backend- und Frontend-Dienste<\/li>\n\n\n\n<li>Ereignisverwaltung und Kalenderanpassung<\/li>\n\n\n\n<li>EIP (Unternehmens-Informationsportale)<\/li>\n\n\n\n<li>Elektronisches Lernen in Software oder Website<\/li>\n\n\n\n<li>Statistik und Online-Analytik<\/li>\n\n\n\n<li>Technische Schwierigkeiten und Lernschwierigkeiten<\/li>\n\n\n\n<li>Innovation von neuen Technologien<\/li>\n<\/ul>\n\n\n\n<p>Das beste Outsourcing von Web- und Softwareentwicklungsdiensten verbessert die Qualit\u00e4t des Unternehmens, weil es die besten kooperierenden Agenturen auf der ganzen Welt erreicht. Es zeigt dem Kunden auch die besten M\u00f6glichkeiten auf dem Markt. In diesem wettbewerbsf\u00e4higen kapitalistischen System sind Zeit und Geld die beiden wichtigsten Verm\u00f6genswerte auf dem Markt, doch beide werden indirekt von Unternehmen verletzt, die sich nicht im Outsourcing engagieren, insbesondere bei Dienstleistungen, die keine Risiken oder harte Zusammenarbeit erfordern.<\/p>\n","protected":false},"excerpt":{"rendered":"<p>Einer der neuen wachsenden Trends im Outsourcing sind Web- und Softwareentwicklung. Diese beiden unterschiedlichen Prozesse haben eine neue Perspektive f\u00fcr Outsourcing-Agenturen geschaffen. Spezialisierte Unternehmen, die in verschiedenen Ecken der Welt t\u00e4tig sind, haben ihren Dienstleistungsbereich international entwickelt und ein Netzwerk aufgebaut, in dem zahlreiche interessierte Unternehmen im Bereich der Webentwicklung au\u00dferhalb der Landesgrenzen ihre ben\u00f6tigten [&hellip;]<\/p>\n","protected":false},"author":2,"featured_media":0,"parent":59669,"menu_order":5,"comment_status":"closed","ping_status":"closed","template":"","meta":{"_uag_custom_page_level_css":"","_genesis_hide_title":false,"_genesis_hide_breadcrumbs":false,"_genesis_hide_singular_image":false,"_genesis_hide_footer_widgets":false,"_genesis_custom_body_class":"","_genesis_custom_post_class":"","_genesis_layout":"","_themeisle_gutenberg_block_has_review":false,"footnotes":""},"featured_image_src":null,"featured_image_src_square":null,"uagb_featured_image_src":{"full":false,"thumbnail":false,"medium":false,"medium_large":false,"large":false,"1536x1536":false,"2048x2048":false,"single-featured-image":false,"blog-featured-image":false,"home-featured":false,"gb-block-post-grid-landscape":false,"gb-block-post-grid-square":false},"uagb_author_info":{"display_name":"Vjollca Shehu","author_link":"https:\/\/invest-in-albania.org\/de\/author\/iia\/"},"uagb_comment_info":0,"uagb_excerpt":"Einer der neuen wachsenden Trends im Outsourcing sind Web- und Softwareentwicklung. Diese beiden unterschiedlichen Prozesse haben eine neue Perspektive f\u00fcr Outsourcing-Agenturen geschaffen. Spezialisierte Unternehmen, die in verschiedenen Ecken der Welt t\u00e4tig sind, haben ihren Dienstleistungsbereich international entwickelt und ein Netzwerk aufgebaut, in dem zahlreiche interessierte Unternehmen im Bereich der Webentwicklung au\u00dferhalb der Landesgrenzen ihre ben\u00f6tigten&hellip;","_links":{"self":[{"href":"https:\/\/invest-in-albania.org\/de\/wp-json\/wp\/v2\/pages\/59762"}],"collection":[{"href":"https:\/\/invest-in-albania.org\/de\/wp-json\/wp\/v2\/pages"}],"about":[{"href":"https:\/\/invest-in-albania.org\/de\/wp-json\/wp\/v2\/types\/page"}],"author":[{"embeddable":true,"href":"https:\/\/invest-in-albania.org\/de\/wp-json\/wp\/v2\/users\/2"}],"replies":[{"embeddable":true,"href":"https:\/\/invest-in-albania.org\/de\/wp-json\/wp\/v2\/comments?post=59762"}],"version-history":[{"count":2,"href":"https:\/\/invest-in-albania.org\/de\/wp-json\/wp\/v2\/pages\/59762\/revisions"}],"predecessor-version":[{"id":59765,"href":"https:\/\/invest-in-albania.org\/de\/wp-json\/wp\/v2\/pages\/59762\/revisions\/59765"}],"up":[{"embeddable":true,"href":"https:\/\/invest-in-albania.org\/de\/wp-json\/wp\/v2\/pages\/59669"}],"wp:attachment":[{"href":"https:\/\/invest-in-albania.org\/de\/wp-json\/wp\/v2\/media?parent=59762"}],"curies":[{"name":"wp","href":"https:\/\/api.w.org\/{rel}","templated":true}]}}