{"id":59732,"date":"2024-03-01T21:25:39","date_gmt":"2024-03-01T20:25:39","guid":{"rendered":"https:\/\/invest-in-albania.org\/?page_id=59732"},"modified":"2024-03-01T21:33:26","modified_gmt":"2024-03-01T20:33:26","slug":"outsourcing-del-supporto-it","status":"publish","type":"page","link":"https:\/\/invest-in-albania.org\/de\/bpo-uitbestedingsdiensten\/outsourcing-del-supporto-it\/","title":{"rendered":"IT-Unterst\u00fctzung Outsourcing"},"content":{"rendered":"\n<figure class=\"wp-block-image size-full\"><img loading=\"lazy\" decoding=\"async\" width=\"800\" height=\"800\" src=\"https:\/\/invest-in-albania.org\/wp-content\/uploads\/itsupport.png\" alt=\"\" class=\"wp-image-44768\" srcset=\"https:\/\/invest-in-albania.org\/wp-content\/uploads\/itsupport.png 800w, https:\/\/invest-in-albania.org\/wp-content\/uploads\/itsupport-300x300.png 300w, https:\/\/invest-in-albania.org\/wp-content\/uploads\/itsupport-768x768.png 768w, https:\/\/invest-in-albania.org\/wp-content\/uploads\/itsupport-600x600.png 600w\" sizes=\"(max-width: 800px) 100vw, 800px\" \/><\/figure>\n\n\n\n<p>Der harte Wettbewerb in der Wirtschaft erfordert verschiedene Strategien, die einem Unternehmen helfen, sich von anderen abzusetzen. Eine dieser Strategien besteht darin, die bestehenden Kunden zufrieden zu stellen und gleichzeitig neue Kunden zu gewinnen. Ihre Kunden sind das, was Ihre Konkurrenten wollen.<br>Es ist jedoch von entscheidender Bedeutung, dass Sie Ihr Alleinstellungsmerkmal nicht vergessen, indem Sie Ihre ganze Aufmerksamkeit auf den Kundenservice richten.<\/p>\n\n\n\n<p>Das Alleinstellungsmerkmal ist die Zutat, die den Unterschied zwischen einem Unternehmen und seinen Konkurrenten ausmacht. Das Alleinstellungsmerkmal definiert die Position eines Unternehmens, Ihres Unternehmens, auf dem Markt. Zusammen mit anderen wichtigen Funktionen erfordern sie die besondere Aufmerksamkeit des Unternehmensteams. In vielen F\u00e4llen kommt es vor, dass zeitaufw\u00e4ndige Funktionen wie der Kundendienst erhebliche Zeit oder Kosten in Anspruch nehmen, wenn sie intern erledigt werden.<\/p>\n\n\n\n<p>Aus diesen Gr\u00fcnden entscheiden sich gro\u00dfe und kleine Unternehmen auf der ganzen Welt, ihren Kundendienst an ein Partnerunternehmen auszulagern. Diese L\u00f6sung hilft jenen Unternehmen, die es sich nicht leisten k\u00f6nnen, eine eigene Kundendienstabteilung zu unterhalten, die einen gro\u00dfen Kundenstamm zu betreuen haben und die \u00fcber kein Fachwissen in Bereichen wie IT-Support verf\u00fcgen.<\/p>\n\n\n\n<h2 class=\"wp-block-heading\">Warum sollten Sie Ihre IT-Supportdienste auslagern?<\/h2>\n\n\n\n<p>IT-Support ist f\u00fcr viele Unternehmen nicht das Fachgebiet. Selbst wenn dies der Fall ist, ist er mit h\u00f6heren Kosten verbunden. Ein Unternehmen muss Mitarbeiter einstellen, ausbilden und versuchen, sie zu halten. Warum also Zeit und Ressourcen in eine Dienstleistung investieren, die bereits von Spezialisten angeboten wird? Kleine Unternehmen und Neugr\u00fcndungen beginnen oft mit kleinen Budgets. Daher ist in solchen F\u00e4llen das Kostenmanagement ein wesentlicher Bestandteil der Gesch\u00e4ftsstrategie.<\/p>\n\n\n\n<p>Der ausgelagerte IT-Support tr\u00e4gt dazu bei, indem er die Kosten f\u00fcr die Leistungsverwaltung und die Gesundheitsf\u00fcrsorge senkt. Au\u00dferdem erfordert der IT-Helpdesk ein gewisses Ma\u00df an Fachwissen. Dies bedeutet, dass die Mitarbeiter hoch bezahlt werden. Ein weiterer kostenbezogener Vorteil des ausgelagerten IT-Supports besteht darin, dass das Unternehmen keine Zeit mehr f\u00fcr die Einstellung und Schulung neuer Mitarbeiter aufwenden muss.<\/p>\n\n\n\n<h2 class=\"wp-block-heading\">Das Unternehmen konzentriert sich auf seine Position auf dem Markt<\/h2>\n\n\n\n<p>IT-Support wie viele andere ausgelagerte Dienstleistungen erm\u00f6glichen es, dass interne Ressourcen von Aufgaben entlastet werden, die nicht zu ihrem Fachgebiet geh\u00f6ren. Sie konzentrieren sich auf den Bereich, in dem sie wirklich gebraucht werden, w\u00e4hrend sich andere Experten um die ausgelagerten Funktionen k\u00fcmmern.<br>So k\u00f6nnen Sie die Folgen eines Systemausfalls vermeiden.<\/p>\n","protected":false},"excerpt":{"rendered":"<p>Der harte Wettbewerb in der Wirtschaft erfordert verschiedene Strategien, die einem Unternehmen helfen, sich von anderen abzusetzen. Eine dieser Strategien besteht darin, die bestehenden Kunden zufrieden zu stellen und gleichzeitig neue Kunden zu gewinnen. Ihre Kunden sind das, was Ihre Konkurrenten wollen.Es ist jedoch von entscheidender Bedeutung, dass Sie Ihr Alleinstellungsmerkmal nicht vergessen, indem Sie [&hellip;]<\/p>\n","protected":false},"author":2,"featured_media":44770,"parent":59669,"menu_order":4,"comment_status":"closed","ping_status":"closed","template":"","meta":{"_uag_custom_page_level_css":"","_genesis_hide_title":false,"_genesis_hide_breadcrumbs":false,"_genesis_hide_singular_image":false,"_genesis_hide_footer_widgets":false,"_genesis_custom_body_class":"","_genesis_custom_post_class":"","_genesis_layout":"","_themeisle_gutenberg_block_has_review":false,"footnotes":""},"featured_image_src":"https:\/\/invest-in-albania.org\/wp-content\/uploads\/itsupport-600x400.png","featured_image_src_square":"https:\/\/invest-in-albania.org\/wp-content\/uploads\/itsupport-600x600.png","uagb_featured_image_src":{"full":["https:\/\/invest-in-albania.org\/wp-content\/uploads\/itsupport.png",800,800,false],"thumbnail":["https:\/\/invest-in-albania.org\/wp-content\/uploads\/itsupport-280x195.png",280,195,true],"medium":["https:\/\/invest-in-albania.org\/wp-content\/uploads\/itsupport-300x300.png",300,300,true],"medium_large":["https:\/\/invest-in-albania.org\/wp-content\/uploads\/itsupport-768x768.png",768,768,true],"large":["https:\/\/invest-in-albania.org\/wp-content\/uploads\/itsupport.png",800,800,false],"1536x1536":["https:\/\/invest-in-albania.org\/wp-content\/uploads\/itsupport.png",800,800,false],"2048x2048":["https:\/\/invest-in-albania.org\/wp-content\/uploads\/itsupport.png",800,800,false],"single-featured-image":["https:\/\/invest-in-albania.org\/wp-content\/uploads\/itsupport-800x385.png",800,385,true],"blog-featured-image":["https:\/\/invest-in-albania.org\/wp-content\/uploads\/itsupport-680x290.png",680,290,true],"home-featured":["https:\/\/invest-in-albania.org\/wp-content\/uploads\/itsupport-380x570.png",380,570,true],"gb-block-post-grid-landscape":["https:\/\/invest-in-albania.org\/wp-content\/uploads\/itsupport-600x400.png",600,400,true],"gb-block-post-grid-square":["https:\/\/invest-in-albania.org\/wp-content\/uploads\/itsupport-600x600.png",600,600,true]},"uagb_author_info":{"display_name":"Vjollca Shehu","author_link":"https:\/\/invest-in-albania.org\/de\/author\/iia\/"},"uagb_comment_info":0,"uagb_excerpt":"Der harte Wettbewerb in der Wirtschaft erfordert verschiedene Strategien, die einem Unternehmen helfen, sich von anderen abzusetzen. Eine dieser Strategien besteht darin, die bestehenden Kunden zufrieden zu stellen und gleichzeitig neue Kunden zu gewinnen. Ihre Kunden sind das, was Ihre Konkurrenten wollen.Es ist jedoch von entscheidender Bedeutung, dass Sie Ihr Alleinstellungsmerkmal nicht vergessen, indem Sie&hellip;","_links":{"self":[{"href":"https:\/\/invest-in-albania.org\/de\/wp-json\/wp\/v2\/pages\/59732"}],"collection":[{"href":"https:\/\/invest-in-albania.org\/de\/wp-json\/wp\/v2\/pages"}],"about":[{"href":"https:\/\/invest-in-albania.org\/de\/wp-json\/wp\/v2\/types\/page"}],"author":[{"embeddable":true,"href":"https:\/\/invest-in-albania.org\/de\/wp-json\/wp\/v2\/users\/2"}],"replies":[{"embeddable":true,"href":"https:\/\/invest-in-albania.org\/de\/wp-json\/wp\/v2\/comments?post=59732"}],"version-history":[{"count":2,"href":"https:\/\/invest-in-albania.org\/de\/wp-json\/wp\/v2\/pages\/59732\/revisions"}],"predecessor-version":[{"id":59737,"href":"https:\/\/invest-in-albania.org\/de\/wp-json\/wp\/v2\/pages\/59732\/revisions\/59737"}],"up":[{"embeddable":true,"href":"https:\/\/invest-in-albania.org\/de\/wp-json\/wp\/v2\/pages\/59669"}],"wp:featuredmedia":[{"embeddable":true,"href":"https:\/\/invest-in-albania.org\/de\/wp-json\/wp\/v2\/media\/44770"}],"wp:attachment":[{"href":"https:\/\/invest-in-albania.org\/de\/wp-json\/wp\/v2\/media?parent=59732"}],"curies":[{"name":"wp","href":"https:\/\/api.w.org\/{rel}","templated":true}]}}