{"id":59728,"date":"2024-03-01T21:05:24","date_gmt":"2024-03-01T20:05:24","guid":{"rendered":"https:\/\/invest-in-albania.org\/?page_id=59728"},"modified":"2024-03-01T21:05:28","modified_gmt":"2024-03-01T20:05:28","slug":"branchen-die-am-meisten-auslagern","status":"publish","type":"page","link":"https:\/\/invest-in-albania.org\/de\/bpo-uitbestedingsdiensten\/branchen-die-am-meisten-auslagern\/","title":{"rendered":"Branchen, die am meisten auslagern"},"content":{"rendered":"<div class=\"wp-block-image\">\n<figure class=\"aligncenter\"><img loading=\"lazy\" decoding=\"async\" width=\"1024\" height=\"683\" src=\"http:\/\/new.invest-in-albania.org\/wp-content\/uploads\/hotel-1-1024x683.jpg\" alt=\"\" class=\"wp-image-41892\" srcset=\"https:\/\/invest-in-albania.org\/wp-content\/uploads\/hotel-1-1024x683.jpg 1024w, https:\/\/invest-in-albania.org\/wp-content\/uploads\/hotel-1-300x200.jpg 300w, https:\/\/invest-in-albania.org\/wp-content\/uploads\/hotel-1-768x512.jpg 768w, https:\/\/invest-in-albania.org\/wp-content\/uploads\/hotel-1-580x387.jpg 580w, https:\/\/invest-in-albania.org\/wp-content\/uploads\/hotel-1-860x574.jpg 860w, https:\/\/invest-in-albania.org\/wp-content\/uploads\/hotel-1-1160x774.jpg 1160w, https:\/\/invest-in-albania.org\/wp-content\/uploads\/hotel-1.jpg 1280w\" sizes=\"(max-width: 1024px) 100vw, 1024px\" \/><\/figure><\/div>\n\n\n<p>Von Start-ups bis hin zu gro\u00dfen Unternehmen wird das Outsourcing-Modell als eine Methode angewandt, die der Organisation hilft, zu wachsen und zu skalieren. Es gibt jedoch bestimmte Branchen, die bei den globalen Outsourcing-Trends \u00fcberwiegen. Branchen mit gro\u00dfen Investitionsausgaben, gro\u00dfen t\u00e4glichen Transaktionsvolumina und Informationen lagern ihre Gesch\u00e4ftsfunktionen am h\u00e4ufigsten aus.<br>Neben den oben genannten Faktoren haben die Branchen, die ihre Gesch\u00e4ftsprozesse an Partnerunternehmen delegiert haben, daf\u00fcr folgende Gr\u00fcnde:<br>Kosteneffizienz<br>Fehlende organisatorische Kapazit\u00e4ten<br>Fokussierung auf Kernfunktionen<br>Zugang zu Fachwissen und Talent<\/p>\n\n\n\n<p>Die verschiedenen Branchen stellen ihre Berechnungen an und legen fest, welche Abteilung dem Unternehmen sowohl in Bezug auf den Wert als auch auf die Kosteneffizienz mehr bringen w\u00fcrde, wenn sie ausgelagert wird.<\/p>\n\n\n\n<p><strong>IT<\/strong><br>Globale Outsourcing-Trends best\u00e4tigen, dass IT-Dienstleistungen an der Spitze der meist ausgelagerten Unternehmensfunktionen stehen. Heutzutage muss jedes Unternehmen oder jede Organisation technologiegest\u00fctzte F\u00e4higkeiten einbeziehen, um auf hart umk\u00e4mpften M\u00e4rkten zu bestehen.<\/p>\n\n\n\n<p><strong>Gesundheitswesen<\/strong><br>Outsourcing hilft der Gesundheitsbranche, eine hochwertige Patientenversorgung zu gew\u00e4hrleisten. Die Branche steht nicht nur vor aktuellen Herausforderungen, sondern kann auch zuk\u00fcnftigen Problemen vorbeugen. Die Big-Data-Analytik pr\u00e4gt die Gesundheitsbranche. Medizinische Daten werden gesammelt, gespeichert, digitalisiert und zwischen Fachleuten ausgetauscht. PBOs machen es m\u00f6glich, dass gro\u00dfe Datenmengen auf einfache Weise verarbeitet werden k\u00f6nnen. Alle gesammelten Daten und spezifische Algorithmen k\u00f6nnen Vorhersagen \u00fcber den Gesundheitszustand, die Behandlung der Patienten und die Nachsorge treffen.<\/p>\n\n\n\n<p><strong>Das Gastgewerbe und die Reisebranche<\/strong><br>Diese beiden Branchen wachsen aufgrund der Kundennachfrage schnell. Zugleich nimmt der Wettbewerb zu. Das Gesch\u00e4ftsumfeld im Hotel- und Gastst\u00e4ttengewerbe und in der Reisebranche ist heute durch Online-Konnektivit\u00e4t, Unterst\u00fctzung und sofortige Kommunikation gepr\u00e4gt. BPOs helfen den Kunden in verschiedenen Segmenten der Branche, z. B. bei Reservierungen und Buchungen, Best\u00e4tigungen, Beschwerdemanagement, Gep\u00e4ckanfragen und -verfolgung usw.<\/p>\n\n\n\n<p><strong>Finanz- und Rechnungswesen<\/strong><br>BPOs, die diese Prozesse abwickeln, bestehen aus hochqualifizierten Teammitgliedern, die auf Rechnungswesen, Buchhaltung, Audit und andere Finanzfunktionen spezialisiert sind. Die Erfahrung hat gezeigt, dass es f\u00fcr Unternehmen von Vorteil ist, wenn solche Aufgaben nicht intern erledigt werden.<\/p>\n\n\n\n<p><strong>Recht<\/strong><br>Nicht jedes Unternehmen hat den Luxus, sich um ein komplexes Projekt zu k\u00fcmmern, dessen Bearbeitung viel Zeit in Anspruch nimmt. Warum sollte man das tun, wenn es immer die M\u00f6glichkeit gibt, Rechtsdienstleistungen an kleine Firmen zu vergeben, die dies zu geringeren Kosten tun k\u00f6nnen. Juristische Dienstleistungen f\u00fchren zu hohen Kosten, wenn sie intern erledigt werden.<\/p>\n\n\n\n<p><strong>Vertrieb und Marketing<\/strong><br>Diese Branche besteht aus einer Mischung aus Talent, Technologie und bew\u00e4hrten Verkaufspraktiken. Weltweit t\u00e4tige Fachleute k\u00fcmmern sich um die Bed\u00fcrfnisse von Unternehmen und unterst\u00fctzen Organisationen, die ihre Marketingabteilungen neu organisieren oder erweitern. Digitales Marketing, SEO, Werbung, Online-Pr\u00e4senz und Social-Media-Management, Analytik und Datenforschung sind ein Muss im agilen Vertriebs- und Marketingsektor.<\/p>\n\n\n\n<p>Zahlreiche Unternehmen auf der ganzen Welt suchen nach Anbietern, die die oben genannten Aufgaben \u00fcbernehmen. Wie und wo sie suchen, h\u00e4ngt von Anforderungen wie Standort, Nearshore\/Offshore, Zeitzone, kulturelle Affinit\u00e4t, Alter der Arbeitskr\u00e4fte, Erfahrung, rechtlicher Rahmen usw. ab. Wenn Sie auf der Suche nach einem BPO-Standort sind, k\u00f6nnte Albanien eine der besten Optionen sein. Die Branche w\u00e4chst in dem Land, und Ihr Unternehmen k\u00f6nnte davon in vielerlei Hinsicht profitieren.<\/p>\n","protected":false},"excerpt":{"rendered":"<p>Von Start-ups bis hin zu gro\u00dfen Unternehmen wird das Outsourcing-Modell als eine Methode angewandt, die der Organisation hilft, zu wachsen und zu skalieren. Es gibt jedoch bestimmte Branchen, die bei den globalen Outsourcing-Trends \u00fcberwiegen. Branchen mit gro\u00dfen Investitionsausgaben, gro\u00dfen t\u00e4glichen Transaktionsvolumina und Informationen lagern ihre Gesch\u00e4ftsfunktionen am h\u00e4ufigsten aus.Neben den oben genannten Faktoren haben die [&hellip;]<\/p>\n","protected":false},"author":2,"featured_media":41894,"parent":59669,"menu_order":3,"comment_status":"closed","ping_status":"closed","template":"","meta":{"_uag_custom_page_level_css":"","_genesis_hide_title":false,"_genesis_hide_breadcrumbs":false,"_genesis_hide_singular_image":false,"_genesis_hide_footer_widgets":false,"_genesis_custom_body_class":"","_genesis_custom_post_class":"","_genesis_layout":"","_themeisle_gutenberg_block_has_review":false,"footnotes":""},"featured_image_src":"https:\/\/invest-in-albania.org\/wp-content\/uploads\/hotel-1.jpg","featured_image_src_square":"https:\/\/invest-in-albania.org\/wp-content\/uploads\/hotel-1.jpg","uagb_featured_image_src":{"full":["https:\/\/invest-in-albania.org\/wp-content\/uploads\/hotel-1.jpg",1280,854,false],"thumbnail":["https:\/\/invest-in-albania.org\/wp-content\/uploads\/hotel-1-280x195.jpg",280,195,true],"medium":["https:\/\/invest-in-albania.org\/wp-content\/uploads\/hotel-1-300x200.jpg",300,200,true],"medium_large":["https:\/\/invest-in-albania.org\/wp-content\/uploads\/hotel-1-768x512.jpg",768,512,true],"large":["https:\/\/invest-in-albania.org\/wp-content\/uploads\/hotel-1-1024x683.jpg",1024,683,true],"1536x1536":["https:\/\/invest-in-albania.org\/wp-content\/uploads\/hotel-1.jpg",1280,854,false],"2048x2048":["https:\/\/invest-in-albania.org\/wp-content\/uploads\/hotel-1.jpg",1280,854,false],"single-featured-image":["https:\/\/invest-in-albania.org\/wp-content\/uploads\/hotel-1.jpg",577,385,false],"blog-featured-image":["https:\/\/invest-in-albania.org\/wp-content\/uploads\/hotel-1.jpg",435,290,false],"home-featured":["https:\/\/invest-in-albania.org\/wp-content\/uploads\/hotel-1.jpg",380,254,false],"gb-block-post-grid-landscape":["https:\/\/invest-in-albania.org\/wp-content\/uploads\/hotel-1.jpg",600,400,false],"gb-block-post-grid-square":["https:\/\/invest-in-albania.org\/wp-content\/uploads\/hotel-1.jpg",600,400,false]},"uagb_author_info":{"display_name":"Vjollca Shehu","author_link":"https:\/\/invest-in-albania.org\/de\/author\/iia\/"},"uagb_comment_info":0,"uagb_excerpt":"Von Start-ups bis hin zu gro\u00dfen Unternehmen wird das Outsourcing-Modell als eine Methode angewandt, die der Organisation hilft, zu wachsen und zu skalieren. Es gibt jedoch bestimmte Branchen, die bei den globalen Outsourcing-Trends \u00fcberwiegen. Branchen mit gro\u00dfen Investitionsausgaben, gro\u00dfen t\u00e4glichen Transaktionsvolumina und Informationen lagern ihre Gesch\u00e4ftsfunktionen am h\u00e4ufigsten aus.Neben den oben genannten Faktoren haben die&hellip;","_links":{"self":[{"href":"https:\/\/invest-in-albania.org\/de\/wp-json\/wp\/v2\/pages\/59728"}],"collection":[{"href":"https:\/\/invest-in-albania.org\/de\/wp-json\/wp\/v2\/pages"}],"about":[{"href":"https:\/\/invest-in-albania.org\/de\/wp-json\/wp\/v2\/types\/page"}],"author":[{"embeddable":true,"href":"https:\/\/invest-in-albania.org\/de\/wp-json\/wp\/v2\/users\/2"}],"replies":[{"embeddable":true,"href":"https:\/\/invest-in-albania.org\/de\/wp-json\/wp\/v2\/comments?post=59728"}],"version-history":[{"count":1,"href":"https:\/\/invest-in-albania.org\/de\/wp-json\/wp\/v2\/pages\/59728\/revisions"}],"predecessor-version":[{"id":59730,"href":"https:\/\/invest-in-albania.org\/de\/wp-json\/wp\/v2\/pages\/59728\/revisions\/59730"}],"up":[{"embeddable":true,"href":"https:\/\/invest-in-albania.org\/de\/wp-json\/wp\/v2\/pages\/59669"}],"wp:featuredmedia":[{"embeddable":true,"href":"https:\/\/invest-in-albania.org\/de\/wp-json\/wp\/v2\/media\/41894"}],"wp:attachment":[{"href":"https:\/\/invest-in-albania.org\/de\/wp-json\/wp\/v2\/media?parent=59728"}],"curies":[{"name":"wp","href":"https:\/\/api.w.org\/{rel}","templated":true}]}}