{"id":59713,"date":"2024-03-01T20:38:14","date_gmt":"2024-03-01T19:38:14","guid":{"rendered":"https:\/\/invest-in-albania.org\/?page_id=59713"},"modified":"2024-03-01T20:42:55","modified_gmt":"2024-03-01T19:42:55","slug":"outsourcing-des-kundendienstes","status":"publish","type":"page","link":"https:\/\/invest-in-albania.org\/de\/bpo-uitbestedingsdiensten\/outsourcing-des-kundendienstes\/","title":{"rendered":"Outsourcing des Kundendienstes"},"content":{"rendered":"\n<figure class=\"wp-block-image size-full\"><img loading=\"lazy\" decoding=\"async\" width=\"800\" height=\"800\" src=\"https:\/\/invest-in-albania.org\/wp-content\/uploads\/customer-service-1.png\" alt=\"\" class=\"wp-image-44755\" srcset=\"https:\/\/invest-in-albania.org\/wp-content\/uploads\/customer-service-1.png 800w, https:\/\/invest-in-albania.org\/wp-content\/uploads\/customer-service-1-300x300.png 300w, https:\/\/invest-in-albania.org\/wp-content\/uploads\/customer-service-1-768x768.png 768w, https:\/\/invest-in-albania.org\/wp-content\/uploads\/customer-service-1-600x600.png 600w\" sizes=\"(max-width: 800px) 100vw, 800px\" \/><\/figure>\n\n\n\n<h2 class=\"wp-block-heading\">Gr\u00fcnde, warum Sie Outsource Customer Outsourcing in Betracht ziehen sollten<\/h2>\n\n\n\n<p>Jedes wachsende Unternehmen bringt ein wachsendes Volumen an Kunden mit sich. Das ist gro\u00dfartig, aber wenn ein Unternehmen keinen guten Kundenservice bietet, wird es seine Kunden verlieren. Schlechter Kundenservice kann einem Unternehmen in verschiedener Hinsicht schaden, z. B. in Bezug auf seinen Ruf, seine Kundenkontakte, seine Produktivit\u00e4t und seinen Gewinn.<\/p>\n\n\n\n<p>Andererseits ist einer der Faktoren, die einem guten Unternehmen zu Wachstum verhelfen, mit guten Kundenbeziehungen verbunden. Dies hilft dem Unternehmen, die Bed\u00fcrfnisse der Kunden zu verstehen und entsprechend auf sie einzugehen. Dies ist eine Win-Win-Situation, denn sie f\u00fchrt zu zufriedenen Kunden und mehr Gewinn f\u00fcr das Unternehmen.<\/p>\n\n\n\n<p>Denken Sie daran, dass Ihr Kunde Sie unter hundert anderen Unternehmen ausgew\u00e4hlt hat, die dasselbe Produkt oder dieselbe Dienstleistung anbieten. Das bedeutet, dass sie den besten Service erwarten, wenn sie eine Frage haben. Wenn Sie die Erwartungen nicht erf\u00fcllen, werden Sie zumindest eine schlechte Bewertung erhalten. Letzteres hat einen gro\u00dfen Einfluss auf die Kaufentscheidungen der Menschen.<\/p>\n\n\n\n<p>All diese Aspekte zeigen, wie wichtig zufriedene Kunden sowohl f\u00fcr kleine als auch f\u00fcr gro\u00dfe Unternehmen sind. Seit vielen Jahren legen Unternehmen mit einem gro\u00dfen Kundenstamm ihren Kundendienst in die H\u00e4nde von Outsourcing-Partnern. Sie tun dies wegen des qualifizierten Service, den diese Anbieter bieten.<\/p>\n\n\n\n<p>Das Outsourcing des Kundendienstes geh\u00f6rt zu den wichtigsten ausgelagerten Dienstleistungen. Es ist kosteneffizient und setzt gute Sprach- und Computerkenntnisse voraus. Andererseits hilft das Outsourcing dem Verk\u00e4ufer, verschiedene Kosten im Zusammenhang mit der Personalverwaltung, den Sozialleistungen f\u00fcr die Mitarbeiter, der Ausstattung, dem B\u00fcroraum usw. zu senken. Au\u00dferdem schulen Outsourcing-Unternehmen ihre Mitarbeiter und stellen sicher, dass sie \u00fcber alle f\u00fcr die Arbeit erforderlichen F\u00e4higkeiten verf\u00fcgen.<\/p>\n\n\n\n<h2 class=\"wp-block-heading\">Entscheidende F\u00e4higkeiten f\u00fcr einen guten Kundenservice<\/h2>\n\n\n\n<ul>\n<li>Gutes Zuh\u00f6ren<\/li>\n\n\n\n<li>Klare Kommunikation<\/li>\n\n\n\n<li>Eine positive Einstellung<\/li>\n\n\n\n<li>Einf\u00fchlungsverm\u00f6gen<\/li>\n\n\n\n<li>Ein guter Sinn f\u00fcr Humor<\/li>\n\n\n\n<li>Konfliktl\u00f6sung<\/li>\n\n\n\n<li>Geduld<\/li>\n\n\n\n<li>Leichtes Lesen von Menschen<\/li>\n<\/ul>\n\n\n\n<p>Neben dem geschulten Team, das mit den oben genannten F\u00e4higkeiten und vielem mehr ausgestattet ist, bieten Outsourcing-Unternehmen einen weiteren gro\u00dfen Vorteil: regionale oder globale Erweiterungsm\u00f6glichkeiten. Drittanbieter bieten Dienstleistungen in mehr als zwei Sprachen an.<\/p>\n\n\n\n<p>Unternehmen in europ\u00e4ischen Outsourcing-Destinationen bedienen einen gro\u00dfen Markt, der mindestens sechs der n\u00fctzlichsten Gesch\u00e4ftssprachen der Welt spricht. Weitere wichtige Faktoren f\u00fcr die Wahl eines europ\u00e4ischen Outsourcing-Unternehmens sind die gleichen Zeitzonen, kulturelle Affinit\u00e4t, hochqualifizierte Mitarbeiter und viele andere Vorteile.<\/p>\n\n\n\n<p>Das Outsourcing des Kundendienstes ist auch eine Option f\u00fcr saisonale oder andere zeitabh\u00e4ngige Anforderungen.<br>Unternehmen, die im Reisebereich t\u00e4tig sind, haben zu bestimmten Jahreszeiten einen erh\u00f6hten Bedarf an Kundenbetreuung. Viele andere ben\u00f6tigen einen 24-Stunden-Kundendienst \u00fcber mehrere Kan\u00e4le. Outsourcing-Unternehmen machen dies zu geringeren Kosten m\u00f6glich.<\/p>\n","protected":false},"excerpt":{"rendered":"<p>Gr\u00fcnde, warum Sie Outsource Customer Outsourcing in Betracht ziehen sollten Jedes wachsende Unternehmen bringt ein wachsendes Volumen an Kunden mit sich. Das ist gro\u00dfartig, aber wenn ein Unternehmen keinen guten Kundenservice bietet, wird es seine Kunden verlieren. Schlechter Kundenservice kann einem Unternehmen in verschiedener Hinsicht schaden, z. B. in Bezug auf seinen Ruf, seine Kundenkontakte, [&hellip;]<\/p>\n","protected":false},"author":2,"featured_media":44757,"parent":59669,"menu_order":2,"comment_status":"closed","ping_status":"closed","template":"","meta":{"_uag_custom_page_level_css":"","_genesis_hide_title":false,"_genesis_hide_breadcrumbs":false,"_genesis_hide_singular_image":false,"_genesis_hide_footer_widgets":false,"_genesis_custom_body_class":"","_genesis_custom_post_class":"","_genesis_layout":"","_themeisle_gutenberg_block_has_review":false,"footnotes":""},"featured_image_src":"https:\/\/invest-in-albania.org\/wp-content\/uploads\/customer-service-1-600x400.png","featured_image_src_square":"https:\/\/invest-in-albania.org\/wp-content\/uploads\/customer-service-1-600x600.png","uagb_featured_image_src":{"full":["https:\/\/invest-in-albania.org\/wp-content\/uploads\/customer-service-1.png",800,800,false],"thumbnail":["https:\/\/invest-in-albania.org\/wp-content\/uploads\/customer-service-1-280x195.png",280,195,true],"medium":["https:\/\/invest-in-albania.org\/wp-content\/uploads\/customer-service-1-300x300.png",300,300,true],"medium_large":["https:\/\/invest-in-albania.org\/wp-content\/uploads\/customer-service-1-768x768.png",768,768,true],"large":["https:\/\/invest-in-albania.org\/wp-content\/uploads\/customer-service-1.png",800,800,false],"1536x1536":["https:\/\/invest-in-albania.org\/wp-content\/uploads\/customer-service-1.png",800,800,false],"2048x2048":["https:\/\/invest-in-albania.org\/wp-content\/uploads\/customer-service-1.png",800,800,false],"single-featured-image":["https:\/\/invest-in-albania.org\/wp-content\/uploads\/customer-service-1-800x385.png",800,385,true],"blog-featured-image":["https:\/\/invest-in-albania.org\/wp-content\/uploads\/customer-service-1-680x290.png",680,290,true],"home-featured":["https:\/\/invest-in-albania.org\/wp-content\/uploads\/customer-service-1-380x570.png",380,570,true],"gb-block-post-grid-landscape":["https:\/\/invest-in-albania.org\/wp-content\/uploads\/customer-service-1-600x400.png",600,400,true],"gb-block-post-grid-square":["https:\/\/invest-in-albania.org\/wp-content\/uploads\/customer-service-1-600x600.png",600,600,true]},"uagb_author_info":{"display_name":"Vjollca Shehu","author_link":"https:\/\/invest-in-albania.org\/de\/author\/iia\/"},"uagb_comment_info":0,"uagb_excerpt":"Gr\u00fcnde, warum Sie Outsource Customer Outsourcing in Betracht ziehen sollten Jedes wachsende Unternehmen bringt ein wachsendes Volumen an Kunden mit sich. Das ist gro\u00dfartig, aber wenn ein Unternehmen keinen guten Kundenservice bietet, wird es seine Kunden verlieren. Schlechter Kundenservice kann einem Unternehmen in verschiedener Hinsicht schaden, z. B. in Bezug auf seinen Ruf, seine Kundenkontakte,&hellip;","_links":{"self":[{"href":"https:\/\/invest-in-albania.org\/de\/wp-json\/wp\/v2\/pages\/59713"}],"collection":[{"href":"https:\/\/invest-in-albania.org\/de\/wp-json\/wp\/v2\/pages"}],"about":[{"href":"https:\/\/invest-in-albania.org\/de\/wp-json\/wp\/v2\/types\/page"}],"author":[{"embeddable":true,"href":"https:\/\/invest-in-albania.org\/de\/wp-json\/wp\/v2\/users\/2"}],"replies":[{"embeddable":true,"href":"https:\/\/invest-in-albania.org\/de\/wp-json\/wp\/v2\/comments?post=59713"}],"version-history":[{"count":2,"href":"https:\/\/invest-in-albania.org\/de\/wp-json\/wp\/v2\/pages\/59713\/revisions"}],"predecessor-version":[{"id":59717,"href":"https:\/\/invest-in-albania.org\/de\/wp-json\/wp\/v2\/pages\/59713\/revisions\/59717"}],"up":[{"embeddable":true,"href":"https:\/\/invest-in-albania.org\/de\/wp-json\/wp\/v2\/pages\/59669"}],"wp:featuredmedia":[{"embeddable":true,"href":"https:\/\/invest-in-albania.org\/de\/wp-json\/wp\/v2\/media\/44757"}],"wp:attachment":[{"href":"https:\/\/invest-in-albania.org\/de\/wp-json\/wp\/v2\/media?parent=59713"}],"curies":[{"name":"wp","href":"https:\/\/api.w.org\/{rel}","templated":true}]}}