{"id":59678,"date":"2024-02-29T14:59:20","date_gmt":"2024-02-29T13:59:20","guid":{"rendered":"https:\/\/invest-in-albania.org\/?page_id=59678"},"modified":"2024-03-01T20:35:32","modified_gmt":"2024-03-01T19:35:32","slug":"diensten-voor-virtuele-assistenten","status":"publish","type":"page","link":"https:\/\/invest-in-albania.org\/de\/bpo-uitbestedingsdiensten\/diensten-voor-virtuele-assistenten\/","title":{"rendered":"Virtuelle Assistenzdienste"},"content":{"rendered":"\n<figure class=\"wp-block-image size-full\"><img loading=\"lazy\" decoding=\"async\" width=\"885\" height=\"871\" src=\"https:\/\/invest-in-albania.org\/wp-content\/uploads\/VAservices.png\" alt=\"Best Virtual Assistant Services You can Outsource\" class=\"wp-image-44663\" srcset=\"https:\/\/invest-in-albania.org\/wp-content\/uploads\/VAservices.png 885w, https:\/\/invest-in-albania.org\/wp-content\/uploads\/VAservices-300x295.png 300w, https:\/\/invest-in-albania.org\/wp-content\/uploads\/VAservices-768x756.png 768w\" sizes=\"(max-width: 885px) 100vw, 885px\" \/><\/figure>\n\n\n\n<p>In der schnelllebigen Gesch\u00e4ftswelt kann es leicht passieren, dass man mit den t\u00e4glichen Aufgaben, die mit der F\u00fchrung eines Unternehmens verbunden sind, \u00fcberfordert ist. Genau hier kommen virtuelle Assistenten ins Spiel. Ein virtueller Assistent (VA) ist ein Fachmann, der Unternehmen und Unternehmern aus der Ferne administrative Unterst\u00fctzung bietet. Sie sind die Geheimwaffe vieler erfolgreicher Unternehmen und Unternehmer, da sie wertvolle Zeit und Energie freisetzen, die f\u00fcr das Wachstum des Unternehmens genutzt werden k\u00f6nnen &#8211; oder um mehr Zeit zum Genie\u00dfen zu haben.<\/p>\n\n\n\n<h2 class=\"wp-block-heading\">Der &#8222;virtuelle Assistent&#8220; aufgeschl\u00fcsselt<\/h2>\n\n\n\n<p>Frage: Was ist ein virtueller Assistent? W\u00fcrden Sie einen brauchen? Welche Aufgaben k\u00f6nnen Sie an Ihren VA auslagern?<br>Antwort: Sie k\u00f6nnen fast alle Gesch\u00e4ftsvorg\u00e4nge an einen virtuellen Assistenten auslagern, insbesondere solche, die keine gro\u00dfe Erfahrung erfordern.<\/p>\n\n\n\n<p>Wenn Sie nach Antworten suchen, brauchen Sie vielleicht einen.<br>Ein virtueller Assistent hilft Ihnen, Zeit zu sparen und Ihr Gesch\u00e4ft zu erweitern.<\/p>\n\n\n\n<p>Wenn Sie andere Gesch\u00e4ftsleute, die einen virtuellen Assistenten eingestellt haben, nach ihren Erfahrungen fragen, sagen sie meistens: &#8222;Ich bereue, dass ich das nicht fr\u00fcher getan habe.<\/p>\n\n\n\n<p><\/p>\n\n\n\n<h2 class=\"wp-block-heading\">Warum sollten Sie einen einstellen?<\/h2>\n\n\n<div class=\"wp-block-image\">\n<figure class=\"alignright size-large is-resized\"><img loading=\"lazy\" decoding=\"async\" width=\"970\" height=\"1024\" src=\"https:\/\/invest-in-albania.org\/wp-content\/uploads\/virtual-assistant-e1675633419253-970x1024.webp\" alt=\"\" class=\"wp-image-44657\" style=\"width:221px;height:233px\" srcset=\"https:\/\/invest-in-albania.org\/wp-content\/uploads\/virtual-assistant-e1675633419253-970x1024.webp 970w, https:\/\/invest-in-albania.org\/wp-content\/uploads\/virtual-assistant-e1675633419253-284x300.webp 284w, https:\/\/invest-in-albania.org\/wp-content\/uploads\/virtual-assistant-e1675633419253-768x811.webp 768w, https:\/\/invest-in-albania.org\/wp-content\/uploads\/virtual-assistant-e1675633419253.webp 1001w\" sizes=\"(max-width: 970px) 100vw, 970px\" \/><figcaption class=\"wp-element-caption\">A VA can assist you remotely<\/figcaption><\/figure><\/div>\n\n\n<p>Denn es gibt keinen Grund, ein Superheld zu sein, solange man keine Superkr\u00e4fte hat. Jedes Unternehmen ben\u00f6tigt eine breite Palette von F\u00e4higkeiten, die vom Social-Media-Management bis hin zur Buchhaltung und langweiligen finanzbezogenen Aufgaben reichen. Niemand hat die Zeit und das Wissen, um alle Aufgaben zu erledigen. Es ist toll, etwas zu lernen, aber k\u00f6nnen Sie es sich leisten? Manchmal ist es effektiver, jemand anderen mit den F\u00e4higkeiten und Kenntnissen zu beauftragen, die Ihnen fehlen.<\/p>\n\n\n\n<p>Ein virtueller Assistent kann Ihrem Unternehmen helfen zu wachsen, indem er Aufgaben \u00fcbernimmt, die nicht viel Erfahrung oder Fachwissen erfordern. So k\u00f6nnen Sie sich auf die Kernfunktionen Ihres Unternehmens konzentrieren und vermeiden, dass Sie ausbrennen. Viele Unternehmer bedauern, dass sie nicht schon fr\u00fcher einen virtuellen Assistenten eingestellt haben, denn sie sind oft \u00fcberrascht, wie viel ein virtueller Assistent bewirken kann.<\/p>\n\n\n\n<h2 class=\"wp-block-heading\">Welche Dienstleistungen sollten an einen virtuellen Assistenten ausgelagert werden?<\/h2>\n\n\n\n<p>Die Liste der Aufgaben, die an einen VA ausgelagert werden k\u00f6nnen, ist praktisch endlos, und sie kann auf die spezifischen Bed\u00fcrfnisse Ihres Unternehmens zugeschnitten werden. Sie k\u00f6nnen eine Liste von Gesch\u00e4ftsabl\u00e4ufen erstellen, die Aufgaben enthalten, die Sie nicht gerne erledigen oder mit denen Sie sich nicht auskennen, und Ihre eigene Zeit auf die wichtigen Dinge konzentrieren.<\/p>\n\n\n\n<p><strong>Der n\u00e4chste Schritt<\/strong><br>Wenn Sie fertig sind, machen Sie eine weitere Liste mit Dingen, die Sie tun sollten, Dinge, die wirklich den Kernfunktionen Ihres Unternehmens dienen.<br>Wenn Sie sich \u00fcber diese Punkte im Klaren sind, k\u00f6nnen Sie sich auf die Suche nach Ihrem virtuellen Assistenten machen.<\/p>\n\n\n\n<p>Schlagen Sie dem Kampf und dem unternehmerischen Stress ein Schnippchen und nutzen Sie Ihre wertvolle Zeit f\u00fcr Aufgaben, die Sie motivieren und Ihr unternehmerisches Mojo n\u00e4hren. Wenn Sie nicht wissen, welche Aufgabe Sie zuerst auslagern sollen, werfen Sie einen Blick auf diese Liste mit Vorschl\u00e4gen.<\/p>\n\n\n\n<p><strong>Verwaltung sozialer Medien<\/strong><br>Einrichten von Social-Media-Konten, Posten, Planen, Moderieren und Beantworten von Kommentaren, Ansprechen und Vergr\u00f6\u00dfern der Zielgruppe, Planen und Verwalten von Kampagnen, Interaktion mit Followern<\/p>\n\n\n\n<p><strong>Analytik messen<\/strong><br>Definition von Metriken, Datenanalyse und Definition von Metriken, Erstellung von Berichten<\/p>\n\n\n\n<p><strong>Verwalten Sie Ihre Website<\/strong><br>Erstellen oder ver\u00f6ffentlichen Sie Inhalte, moderieren und beantworten Sie Kommentare in Ihrem Blog, teilen Sie Blog-Beitr\u00e4ge in sozialen Medien, bewerben Sie den Blog in Online-Foren<\/p>\n\n\n\n<p><strong>Ihr pers\u00f6nliches Management<\/strong><br>Verwalten von E-Mails, Kalendern, Terminkalendern, Recherchen, Reise-, Hotel- und Flugplanung sowie Arrangements<\/p>\n\n\n\n<p><strong>Organisieren von Daten<\/strong><br>Erstellen von PowerPoint-Pr\u00e4sentationen, Berichten, Dokumenten, Tabellenkalkulationen, PDF<\/p>\n\n\n\n<p><strong>Administrative Aufgaben<\/strong><br>Empfang, Personalbeschaffung, Projektmanagement, Versand von Rechnungen<\/p>\n\n\n\n<p><strong>SEO-Dienste<\/strong><br><\/p>\n\n\n\n<p>Keyword-Recherche<br>On-Page\/Off-Page-Optimierung<br>Erstellung von Landing Pages<br>Linkaufbau<br>Website-Analyse<\/p>\n\n\n\n<p><strong>Dateneingabe<\/strong><\/p>\n\n\n\n<p><strong>Kalenderverwaltung<\/strong><\/p>\n\n\n\n<p><strong>Recherche<\/strong><\/p>\n\n\n\n<p>Hotel- und Flugbuchung<strong><br><\/strong>Lassen Sie Ihren Assistenten die g\u00fcnstigste oder k\u00fcrzeste Route finden und planen Sie Ihre n\u00e4chste Reise.<\/p>\n\n\n\n<p><strong>Korrekturlesen\/\u00dcbersetzungen<\/strong><\/p>\n\n\n\n<p><strong>Entw\u00fcrfe<\/strong><\/p>\n\n\n\n<p><strong>Verwaltung des Inventars<\/strong><\/p>\n\n\n\n<p><strong>Transkriptionen<\/strong><br>Transkribieren von Podcasts, Audio, Video oder Sprachnachrichten<\/p>\n\n\n\n<p><strong>Berichte<\/strong><br>Regelm\u00e4\u00dfige Erstellung und Weitergabe grundlegender Berichte<\/p>\n\n\n\n<p><strong>Pr\u00e4sentationen<\/strong><\/p>\n\n\n\n<p><strong>E-Mail-Verwaltung und -Filterung<\/strong><\/p>\n\n\n\n<p><strong>Personalbeschaffung<\/strong><\/p>\n\n\n\n<p><strong>Blog-Verwaltung<\/strong><\/p>\n\n\n\n<p><strong>Helpdesk \/ Support-Tickets<\/strong><\/p>\n\n\n\n<p><strong>Aufbau von Datenbanken \/ Data Mining<\/strong><\/p>\n\n\n\n<p>z.B. Interessenten f\u00fcr Ihr CRM finden<\/p>\n\n\n\n<p><strong>Grundlegende Buchhaltung &amp; Versenden von Rechnungen<\/strong><\/p>\n\n\n\n<p><strong>Projektverwaltung<\/strong><\/p>\n\n\n\n<p><strong>Verwalten von Social-Media-Konten<\/strong><br>z.B. Verwalten Ihres YouTube-Kanals, Moderation Ihrer Kommentare, \u2026<\/p>\n\n\n\n<p>Spezialisiertere F\u00e4higkeiten wie Grafik- und UI\/UX-Design, Webentwicklung, mobile Entwicklung und viele andere Dienstleistungen k\u00f6nnen ebenfalls an einen VA ausgelagert werden.<\/p>\n\n\n\n<h2 class=\"wp-block-heading\">Die Suche nach dem richtigen virtuellen Assistenten<\/h2>\n\n\n\n<p>Bei der Suche nach einem virtuellen Assistenten ist es wichtig, jemanden mit guten organisatorischen und analytischen F\u00e4higkeiten zu w\u00e4hlen. Ein vielseitiger virtueller Assistent, der eine breite Palette von Aufgaben \u00fcbernehmen kann, ist oft eine gute Wahl, da er Ihnen helfen kann, Zeit und Energie freizusetzen. Erstellen Sie zun\u00e4chst eine Liste der Aufgaben, die Sie nicht gerne erledigen oder von denen Sie nicht wissen, wie sie zu erledigen sind, und setzen Sie dann Priorit\u00e4ten f\u00fcr die wichtigen Aufgaben. Sobald Sie eine klare Vorstellung davon haben, was Sie brauchen, k\u00f6nnen Sie sich auf die Suche nach dem perfekten virtuellen Assistenten machen, der Ihr Unternehmen beim Wachstum unterst\u00fctzt.<\/p>\n\n\n\n<p>Zusammenfassend l\u00e4sst sich sagen, dass virtuelle Assistenten eine wertvolle Ressource f\u00fcr Unternehmen und Unternehmer sind, die Zeit sparen und sich auf das Wachstum ihres Unternehmens konzentrieren m\u00f6chten. Durch die Auslagerung von Aufgaben, die nicht viel Erfahrung oder Fachwissen erfordern, k\u00f6nnen Sie Ihre Zeit sparen und sie optimal nutzen. Mit dem richtigen virtuellen Assistenten k\u00f6nnen Sie die M\u00fchen und den Stress des Unternehmertums \u00fcberwinden oder Ihr Unternehmen ausbauen und Ihr volles Potenzial entfalten.<\/p>\n","protected":false},"excerpt":{"rendered":"<p>In der schnelllebigen Gesch\u00e4ftswelt kann es leicht passieren, dass man mit den t\u00e4glichen Aufgaben, die mit der F\u00fchrung eines Unternehmens verbunden sind, \u00fcberfordert ist. Genau hier kommen virtuelle Assistenten ins Spiel. Ein virtueller Assistent (VA) ist ein Fachmann, der Unternehmen und Unternehmern aus der Ferne administrative Unterst\u00fctzung bietet. Sie sind die Geheimwaffe vieler erfolgreicher Unternehmen [&hellip;]<\/p>\n","protected":false},"author":2,"featured_media":44665,"parent":59669,"menu_order":1,"comment_status":"closed","ping_status":"closed","template":"","meta":{"_uag_custom_page_level_css":"","_genesis_hide_title":false,"_genesis_hide_breadcrumbs":false,"_genesis_hide_singular_image":false,"_genesis_hide_footer_widgets":false,"_genesis_custom_body_class":"","_genesis_custom_post_class":"","_genesis_layout":"","_themeisle_gutenberg_block_has_review":false,"footnotes":""},"featured_image_src":"https:\/\/invest-in-albania.org\/wp-content\/uploads\/VAservices-600x400.png","featured_image_src_square":"https:\/\/invest-in-albania.org\/wp-content\/uploads\/VAservices-600x600.png","uagb_featured_image_src":{"full":["https:\/\/invest-in-albania.org\/wp-content\/uploads\/VAservices.png",885,871,false],"thumbnail":["https:\/\/invest-in-albania.org\/wp-content\/uploads\/VAservices-280x195.png",280,195,true],"medium":["https:\/\/invest-in-albania.org\/wp-content\/uploads\/VAservices-300x295.png",300,295,true],"medium_large":["https:\/\/invest-in-albania.org\/wp-content\/uploads\/VAservices-768x756.png",768,756,true],"large":["https:\/\/invest-in-albania.org\/wp-content\/uploads\/VAservices.png",885,871,false],"1536x1536":["https:\/\/invest-in-albania.org\/wp-content\/uploads\/VAservices.png",885,871,false],"2048x2048":["https:\/\/invest-in-albania.org\/wp-content\/uploads\/VAservices.png",885,871,false],"single-featured-image":["https:\/\/invest-in-albania.org\/wp-content\/uploads\/VAservices-885x385.png",885,385,true],"blog-featured-image":["https:\/\/invest-in-albania.org\/wp-content\/uploads\/VAservices-680x290.png",680,290,true],"home-featured":["https:\/\/invest-in-albania.org\/wp-content\/uploads\/VAservices-380x570.png",380,570,true],"gb-block-post-grid-landscape":["https:\/\/invest-in-albania.org\/wp-content\/uploads\/VAservices-600x400.png",600,400,true],"gb-block-post-grid-square":["https:\/\/invest-in-albania.org\/wp-content\/uploads\/VAservices-600x600.png",600,600,true]},"uagb_author_info":{"display_name":"Vjollca Shehu","author_link":"https:\/\/invest-in-albania.org\/de\/author\/iia\/"},"uagb_comment_info":0,"uagb_excerpt":"In der schnelllebigen Gesch\u00e4ftswelt kann es leicht passieren, dass man mit den t\u00e4glichen Aufgaben, die mit der F\u00fchrung eines Unternehmens verbunden sind, \u00fcberfordert ist. Genau hier kommen virtuelle Assistenten ins Spiel. Ein virtueller Assistent (VA) ist ein Fachmann, der Unternehmen und Unternehmern aus der Ferne administrative Unterst\u00fctzung bietet. Sie sind die Geheimwaffe vieler erfolgreicher Unternehmen&hellip;","_links":{"self":[{"href":"https:\/\/invest-in-albania.org\/de\/wp-json\/wp\/v2\/pages\/59678"}],"collection":[{"href":"https:\/\/invest-in-albania.org\/de\/wp-json\/wp\/v2\/pages"}],"about":[{"href":"https:\/\/invest-in-albania.org\/de\/wp-json\/wp\/v2\/types\/page"}],"author":[{"embeddable":true,"href":"https:\/\/invest-in-albania.org\/de\/wp-json\/wp\/v2\/users\/2"}],"replies":[{"embeddable":true,"href":"https:\/\/invest-in-albania.org\/de\/wp-json\/wp\/v2\/comments?post=59678"}],"version-history":[{"count":6,"href":"https:\/\/invest-in-albania.org\/de\/wp-json\/wp\/v2\/pages\/59678\/revisions"}],"predecessor-version":[{"id":59711,"href":"https:\/\/invest-in-albania.org\/de\/wp-json\/wp\/v2\/pages\/59678\/revisions\/59711"}],"up":[{"embeddable":true,"href":"https:\/\/invest-in-albania.org\/de\/wp-json\/wp\/v2\/pages\/59669"}],"wp:featuredmedia":[{"embeddable":true,"href":"https:\/\/invest-in-albania.org\/de\/wp-json\/wp\/v2\/media\/44665"}],"wp:attachment":[{"href":"https:\/\/invest-in-albania.org\/de\/wp-json\/wp\/v2\/media?parent=59678"}],"curies":[{"name":"wp","href":"https:\/\/api.w.org\/{rel}","templated":true}]}}