{"id":59674,"date":"2024-02-29T00:25:20","date_gmt":"2024-02-28T23:25:20","guid":{"rendered":"https:\/\/invest-in-albania.org\/?page_id=59674"},"modified":"2024-03-01T17:36:11","modified_gmt":"2024-03-01T16:36:11","slug":"it-uitbesteding","status":"publish","type":"page","link":"https:\/\/invest-in-albania.org\/de\/bpo-uitbestedingsdiensten\/it-uitbesteding\/","title":{"rendered":"IT-Outsourcing"},"content":{"rendered":"\n<figure class=\"wp-block-image size-full\"><img loading=\"lazy\" decoding=\"async\" width=\"800\" height=\"800\" src=\"https:\/\/invest-in-albania.org\/wp-content\/uploads\/it-services.png\" alt=\"IT services outsourcing graph\" class=\"wp-image-44774\" srcset=\"https:\/\/invest-in-albania.org\/wp-content\/uploads\/it-services.png 800w, https:\/\/invest-in-albania.org\/wp-content\/uploads\/it-services-300x300.png 300w, https:\/\/invest-in-albania.org\/wp-content\/uploads\/it-services-768x768.png 768w, https:\/\/invest-in-albania.org\/wp-content\/uploads\/it-services-600x600.png 600w\" sizes=\"(max-width: 800px) 100vw, 800px\" \/><\/figure>\n\n\n\n<p>Heutzutage ist es schwierig und unproduktiv, alle Managementstrukturen unter einem einheitlichen Unternehmensdach zu vereinen. Das Outsourcing einiger der wichtigsten Funktionen in Ihrem Unternehmen f\u00fchrt gro\u00dfe Unternehmen in ein neues Spektrum der Effizienz. Ihre Bed\u00fcrfnisse au\u00dferhalb der Grenzen oder in anderen lokalen spezialisierten Unternehmen zu befriedigen, bedeutet nicht, wie der amerikanische Trend zu betonen pflegt, dass die Verantwortung f\u00fcr diesen spezifischen Bereich in einen beiseite gelassenen Bereich geht. Im Gegensatz dazu gibt der Manager, der versucht, das Beste aus seinen Dienstleistungen woanders zu holen und einige Kundenkosten vom Produkt abzuschneiden, dem Unternehmen eine Chance, mit st\u00e4rkeren Geldeinsparungen und Kapitalressourcen zu wachsen.<\/p>\n\n\n\n<p>Das Outsourcing von IT-Dienstleistungen hat im Gesamtbild des gesamten Prozesses gesehen einige direkte Vorteile f\u00fcr Unternehmen und gesch\u00e4ftsorientierte Organisationen:<\/p>\n\n\n\n<h2 class=\"wp-block-heading has-text-align-center\"><strong>1. Kosten der Mitarbeiter<\/strong><\/h2>\n\n\n<div class=\"wp-block-image\">\n<figure class=\"aligncenter\"><img loading=\"lazy\" decoding=\"async\" width=\"300\" height=\"201\" src=\"http:\/\/new.invest-in-albania.org\/wp-content\/uploads\/cost-labor-300x201.jpg\" alt=\"cost\" class=\"wp-image-36574\" srcset=\"https:\/\/invest-in-albania.org\/wp-content\/uploads\/cost-labor-300x201.jpg 300w, https:\/\/invest-in-albania.org\/wp-content\/uploads\/cost-labor-1024x685.jpg 1024w, https:\/\/invest-in-albania.org\/wp-content\/uploads\/cost-labor-768x514.jpg 768w, https:\/\/invest-in-albania.org\/wp-content\/uploads\/cost-labor-1536x1027.jpg 1536w, https:\/\/invest-in-albania.org\/wp-content\/uploads\/cost-labor-580x388.jpg 580w, https:\/\/invest-in-albania.org\/wp-content\/uploads\/cost-labor-860x575.jpg 860w, https:\/\/invest-in-albania.org\/wp-content\/uploads\/cost-labor-1160x776.jpg 1160w, https:\/\/invest-in-albania.org\/wp-content\/uploads\/cost-labor.jpg 1920w\" sizes=\"(max-width: 300px) 100vw, 300px\" \/><\/figure><\/div>\n\n\n<p><br>\u2013 Wenn Sie die Variablen der Fixkosten Ihrer IT-Service-Mitarbeiter in relative Kosten in Abh\u00e4ngigkeit von den verschiedenen Arten von Dienstleistungen umwandeln, k\u00f6nnen Sie dem Unternehmen eine Menge Geld f\u00fcr Ausbildung, Praktika, zus\u00e4tzliche L\u00f6hne, Steuern und Versicherungen, Altersvorsorge usw. sparen.<\/p>\n\n\n\n<h2 class=\"wp-block-heading has-text-align-center\"><strong>2. Konzentration auf die Kernfunktionen<\/strong><\/h2>\n\n\n<div class=\"wp-block-image\">\n<figure class=\"aligncenter\"><img loading=\"lazy\" decoding=\"async\" width=\"300\" height=\"218\" src=\"http:\/\/new.invest-in-albania.org\/wp-content\/uploads\/teamwork-300x218.png\" alt=\"teamwork\" class=\"wp-image-36564\" srcset=\"https:\/\/invest-in-albania.org\/wp-content\/uploads\/teamwork-300x218.png 300w, https:\/\/invest-in-albania.org\/wp-content\/uploads\/teamwork-1024x743.png 1024w, https:\/\/invest-in-albania.org\/wp-content\/uploads\/teamwork-768x557.png 768w, https:\/\/invest-in-albania.org\/wp-content\/uploads\/teamwork-580x421.png 580w, https:\/\/invest-in-albania.org\/wp-content\/uploads\/teamwork-860x624.png 860w, https:\/\/invest-in-albania.org\/wp-content\/uploads\/teamwork-1160x842.png 1160w, https:\/\/invest-in-albania.org\/wp-content\/uploads\/teamwork.png 1280w\" sizes=\"(max-width: 300px) 100vw, 300px\" \/><\/figure><\/div>\n\n\n<p class=\"has-text-align-left\"><br>\u2013 Das Management der Kernfunktionen Ihres Unternehmens und nicht der Versuch, jede einzelne Abteilung in Ihrem Gesch\u00e4ftsplan zu etablieren, ist der Bereich, in dem Outsourcing Ihnen helfen kann, viele schwierige Sektoren aus dem Weg zu r\u00e4umen. Was k\u00f6nnte der Zusammenhang zwischen IT-Dienstleistungen in einem Kaffeeunternehmen, einem Bauunternehmen, einem Pharmaunternehmen, einer Organisation f\u00fcr soziale Bewegungen usw. sein? Es kann nur den Fokus ablenken und die Aufmerksamkeit vom Kern ablenken.<br>\u2013 Bietet Effizienz und direkt damit verbundene Pl\u00e4ne f\u00fcr die k\u00fcnftige Produktoptimierung. Dies bedeutet, dass die Ergebnisse des Unternehmens umso gr\u00f6\u00dfer sind, je st\u00e4rker der Fokus auf einzelne Themen f\u00fcr das Produktwachstum liegt.<\/p>\n\n\n\n<h2 class=\"wp-block-heading has-text-align-center\"><strong>3. Professionelle Outsourcing-Partner<\/strong><\/h2>\n\n\n<div class=\"wp-block-image\">\n<figure class=\"aligncenter size-large is-resized\"><img loading=\"lazy\" decoding=\"async\" width=\"1024\" height=\"683\" src=\"https:\/\/invest-in-albania.org\/wp-content\/uploads\/fa9b57hffnm-1-1024x683.jpg\" alt=\"people sitting on chair in front of computer monitor\" class=\"wp-image-44635\" style=\"width:472px;height:342px\" srcset=\"https:\/\/invest-in-albania.org\/wp-content\/uploads\/fa9b57hffnm-1-1024x683.jpg 1024w, https:\/\/invest-in-albania.org\/wp-content\/uploads\/fa9b57hffnm-1-300x200.jpg 300w, https:\/\/invest-in-albania.org\/wp-content\/uploads\/fa9b57hffnm-1-768x512.jpg 768w, https:\/\/invest-in-albania.org\/wp-content\/uploads\/fa9b57hffnm-1-1536x1024.jpg 1536w, https:\/\/invest-in-albania.org\/wp-content\/uploads\/fa9b57hffnm-1-600x400.jpg 600w, https:\/\/invest-in-albania.org\/wp-content\/uploads\/fa9b57hffnm-1.jpg 1600w\" sizes=\"(max-width: 1024px) 100vw, 1024px\" \/><\/figure><\/div>\n\n\n<p>\u2013 Outsourcing-Dienstleistungen, die nicht zu den Kernfunktionen geh\u00f6ren, haben nicht nur finanzielle Vorteile, sondern auch professionelle Ergebnisse, die von den Spezialisten des Outsourcing-Unternehmens genutzt werden k\u00f6nnen.<br><br>\u2013 Sie bieten schnelle Entwicklungstendenzen und auch sehr aktuelle Formen der Gesch\u00e4ftsausrichtung, da sie nicht nur ausschlie\u00dflich spezialisiert sind, sondern auch von ihren leidenschaftlichen t\u00e4glichen Karriereerwartungen angetrieben werden.<br><br>\u2013 Die Verringerung von riskanten Entscheidungen ist auch einer der wichtigsten Faktoren beim Outsourcing von IT-Dienstleistungen durch die besten Fachleute auf dem Markt. Sie sind die richtigen Personen, die aufgrund ihrer mehrfachen T\u00e4tigkeit wissen, was in den verschiedenen Zeitrahmen Ihrer Zyklen richtig und falsch ist.<\/p>\n\n\n\n<h2 class=\"wp-block-heading has-text-align-center\"><strong>4. Mangel an notwendigen Ressourcen<\/strong><\/h2>\n\n\n<div class=\"wp-block-image\">\n<figure class=\"aligncenter\"><img loading=\"lazy\" decoding=\"async\" width=\"300\" height=\"217\" src=\"http:\/\/new.invest-in-albania.org\/wp-content\/uploads\/talent-300x217.jpg\" alt=\"talent\" class=\"wp-image-36569\" srcset=\"https:\/\/invest-in-albania.org\/wp-content\/uploads\/talent-300x217.jpg 300w, https:\/\/invest-in-albania.org\/wp-content\/uploads\/talent-768x556.jpg 768w, https:\/\/invest-in-albania.org\/wp-content\/uploads\/talent-580x420.jpg 580w, https:\/\/invest-in-albania.org\/wp-content\/uploads\/talent-860x623.jpg 860w, https:\/\/invest-in-albania.org\/wp-content\/uploads\/talent.jpg 910w\" sizes=\"(max-width: 300px) 100vw, 300px\" \/><\/figure><\/div>\n\n\n<p><br>\u2013 Die meisten neuen Unternehmen sehen sich in ihrer Anfangsphase mit einem gro\u00dfen Mangel an guten IT-Dienstleistungen konfrontiert, eine Tatsache, die ihnen keine andere M\u00f6glichkeit l\u00e4sst, als auf die auf IT spezialisierten Gro\u00dfunternehmen auszuweichen.<br><br>\u2013 Wenn man nur wenig Geld hat, um in Logistik und Personal zu investieren, ist es sinnvoll, den Schwerpunkt der ben\u00f6tigten Dienstleistungen auf einen anderen Partner zu verlagern, also das, was man sich nicht leisten kann, \u00fcber ein gut strukturiertes Unternehmen auszulagern.<\/p>\n\n\n\n<h2 class=\"wp-block-heading has-text-align-center\"><strong>5. Kapitalfonds schaffen und f\u00fcr Gro\u00dfprojekte zur Verf\u00fcgung stellen<\/strong><\/h2>\n\n\n<div class=\"wp-block-image\">\n<figure class=\"aligncenter\"><img loading=\"lazy\" decoding=\"async\" width=\"300\" height=\"180\" src=\"http:\/\/new.invest-in-albania.org\/wp-content\/uploads\/cost-300x180.jpg\" alt=\"\" class=\"wp-image-36554\" srcset=\"https:\/\/invest-in-albania.org\/wp-content\/uploads\/cost-300x180.jpg 300w, https:\/\/invest-in-albania.org\/wp-content\/uploads\/cost-1024x614.jpg 1024w, https:\/\/invest-in-albania.org\/wp-content\/uploads\/cost-768x461.jpg 768w, https:\/\/invest-in-albania.org\/wp-content\/uploads\/cost-1536x922.jpg 1536w, https:\/\/invest-in-albania.org\/wp-content\/uploads\/cost-580x348.jpg 580w, https:\/\/invest-in-albania.org\/wp-content\/uploads\/cost-860x516.jpg 860w, https:\/\/invest-in-albania.org\/wp-content\/uploads\/cost-1160x696.jpg 1160w, https:\/\/invest-in-albania.org\/wp-content\/uploads\/cost.jpg 1920w\" sizes=\"(max-width: 300px) 100vw, 300px\" \/><\/figure><\/div>\n\n\n<p><br>\u2013 Nicht zuletzt dieser Punkt hilft den Unternehmern, ihre Ressourcen in neuen Entwicklungsbereichen f\u00fcr ihre Produkte einzusetzen, anstatt Zeit und Energie zu verlieren, um spezifische Abteilungen au\u00dferhalb des Hauptschwerpunkts zu schaffen. Dar\u00fcber hinaus kann Outsourcing eine vorrangige Tatsache des neuen Jahrtausends sein.<\/p>\n\n\n\n<p>Wenn man einen Vergleich mit dem Markt und den wirtschaftlichen Funktionalit\u00e4ten anstellt, ist es wichtig, viele der finanziellen S\u00e4ulen zu ber\u00fccksichtigen, die erfolgreich durch Outsourcing angetrieben werden. Ein paralleles Beispiel, das ich hier anf\u00fchren k\u00f6nnte, steht in engem Zusammenhang mit staatlichen Wirtschaftsorientierungen und Marktordnungen. Dar\u00fcber hinaus gibt es keinen Markt auf der Welt, der \u00fcberleben kann, indem er alle Funktionen selbst macht, auch kein Unternehmen, so dass es zwangsl\u00e4ufig durch harte Zerst\u00f6rung gehen wird. Und warum? Weil in einer stabilen Wirtschaft die Kreisl\u00e4ufe an zentrale spezialisierte Institutionen \u00fcbergeben werden, damit diese das Maximum aus einem einzigen Prozess herausholen k\u00f6nnen. Wenn wir das Problem, alles unter einem Dach zu machen, in der Geschichte zur\u00fcckverfolgen, denken wir an die totalit\u00e4ren Systeme, die in ihrem Wirtschaftswachstum gescheitert sind, weil sie beschlossen haben, alles selbst zu produzieren, die ber\u00fchmte Theorie &#8222;von der Nadel zum Flugzeug&#8220;.<\/p>\n\n\n\n<p>Die meisten Unternehmen wollen ihre Ausgaben in w\u00f6chentlichen oder monatlichen Berichten festhalten, aber nicht alle Aufgaben oder Funktionen in einem Unternehmen haben klar umrissene Ausgaben, viele verbergen unterschiedliche Ausgaben. Outsourcing ist eine Form der Aufrechterhaltung regelm\u00e4\u00dfiger Ausgaben und detaillierter Berichte f\u00fcr diese Unternehmen, die eine strenge Geld- und Steuerpolitik innerhalb des Unternehmens verlangen.<\/p>\n\n\n\n<h2 class=\"wp-block-heading\"><strong>Es gibt auch einige Nachteile, wenn man die Outsourcing-Unternehmen und den gesamten Prozess unter Druck setzt.<\/strong><\/h2>\n\n\n\n<p>1. Einige der spezifischen Funktionen in der IT lassen sich nicht ohne weiteres auslagern<br>\u2013 Detaillierte Funktionen in den IT-Diensten lassen sich nicht ohne weiteres auslagern, da sie unter Umst\u00e4nden t\u00e4glich oder mehrmals t\u00e4glich aktualisiert werden m\u00fcssen.<br>2. Es besteht die Gefahr, die Kontrolle zu verlieren<br>\u2013 Wenn Sie keinen auf IT-Dienstleistungen spezialisierten \u00dcberwachungsmitarbeiter unter demselben Firmendach einstellen, sind Ihre vertraulichen Daten m\u00f6glicherweise gef\u00e4hrdet.<br>3. Andere Besch\u00e4ftigte machen schwere Zeiten durch, wenn sie sehen, dass ihr Arbeitsplatz verlegt wird.<br>\u2013 Dies ist etwas, das die Arbeitnehmer beeinflussen kann, wenn sie ihren Arbeitsplatz weit entfernt sehen<\/p>\n\n\n\n<p>Zusammenfassend l\u00e4sst sich sagen, dass bei der Beantragung des Outsourcings von IT-Dienstleistungen eine Reihe von Schritten ber\u00fccksichtigt werden m\u00fcssen. Der Partner f\u00fcr Onshore- oder Offshore-Dienste ist ein wichtiger Punkt, der von Anfang an besondere Aufmerksamkeit erfordert. Bei der Auswahl eines Drittpartners f\u00fcr die Auslagerung Ihrer IT-Dienstleistungen ist es jedoch am besten, eine zuverl\u00e4ssige Marktrecherche \u00fcber die bestm\u00f6glichen Unternehmen durchzuf\u00fchren, die Ihnen den besten Service und die Chance auf mehr Wettbewerbsf\u00e4higkeit auf dem Markt, auf dem Sie sich positioniert haben, bieten.<\/p>\n\n\n\n<p>Outsourcing ist auch deshalb wichtig, weil es sowohl f\u00fcr kleine als auch f\u00fcr gro\u00dfe Unternehmen gro\u00dfe Chancen bietet. Dar\u00fcber hinaus haben kleine Unternehmen einen gro\u00dfen Vorteil, wenn sie von gr\u00f6\u00dferen, spezialisierten Agenturen f\u00fcr IT-Dienstleistungen profitieren, da sie sich die Kosten f\u00fcr den Aufbau einer neuen IT-Abteilung nicht leisten k\u00f6nnen.<\/p>\n\n\n\n<p>Die Schwierigkeit der Zeitzonen und der problematischen Tag-Nacht-Schichten f\u00fcr Unternehmen, die einen 24\/7-Service f\u00fcr ihre Kunden aufrechterhalten m\u00fcssen, ist ein gro\u00dfer Vorteil f\u00fcr das Offshoring von IT-Dienstleistungen in L\u00e4ndern mit entgegengesetzter Zeitzone, z. B. tags\u00fcber k\u00fcmmern sich Ihre lokalen Mitarbeiter um die Dienstleistungen und nachts werden sie als Outsourcing-Dienstleistung nach Indien oder Europa ausgelagert, je nachdem, wo Sie Ihren Hauptsitz haben.<\/p>\n","protected":false},"excerpt":{"rendered":"<p>Heutzutage ist es schwierig und unproduktiv, alle Managementstrukturen unter einem einheitlichen Unternehmensdach zu vereinen. Das Outsourcing einiger der wichtigsten Funktionen in Ihrem Unternehmen f\u00fchrt gro\u00dfe Unternehmen in ein neues Spektrum der Effizienz. Ihre Bed\u00fcrfnisse au\u00dferhalb der Grenzen oder in anderen lokalen spezialisierten Unternehmen zu befriedigen, bedeutet nicht, wie der amerikanische Trend zu betonen pflegt, dass [&hellip;]<\/p>\n","protected":false},"author":2,"featured_media":44776,"parent":59669,"menu_order":0,"comment_status":"closed","ping_status":"closed","template":"","meta":{"_uag_custom_page_level_css":"","_genesis_hide_title":false,"_genesis_hide_breadcrumbs":false,"_genesis_hide_singular_image":false,"_genesis_hide_footer_widgets":false,"_genesis_custom_body_class":"","_genesis_custom_post_class":"","_genesis_layout":"","_themeisle_gutenberg_block_has_review":false,"footnotes":""},"featured_image_src":"https:\/\/invest-in-albania.org\/wp-content\/uploads\/it-services-600x400.png","featured_image_src_square":"https:\/\/invest-in-albania.org\/wp-content\/uploads\/it-services-600x600.png","uagb_featured_image_src":{"full":["https:\/\/invest-in-albania.org\/wp-content\/uploads\/it-services.png",800,800,false],"thumbnail":["https:\/\/invest-in-albania.org\/wp-content\/uploads\/it-services-280x195.png",280,195,true],"medium":["https:\/\/invest-in-albania.org\/wp-content\/uploads\/it-services-300x300.png",300,300,true],"medium_large":["https:\/\/invest-in-albania.org\/wp-content\/uploads\/it-services-768x768.png",768,768,true],"large":["https:\/\/invest-in-albania.org\/wp-content\/uploads\/it-services.png",800,800,false],"1536x1536":["https:\/\/invest-in-albania.org\/wp-content\/uploads\/it-services.png",800,800,false],"2048x2048":["https:\/\/invest-in-albania.org\/wp-content\/uploads\/it-services.png",800,800,false],"single-featured-image":["https:\/\/invest-in-albania.org\/wp-content\/uploads\/it-services-800x385.png",800,385,true],"blog-featured-image":["https:\/\/invest-in-albania.org\/wp-content\/uploads\/it-services-680x290.png",680,290,true],"home-featured":["https:\/\/invest-in-albania.org\/wp-content\/uploads\/it-services-380x570.png",380,570,true],"gb-block-post-grid-landscape":["https:\/\/invest-in-albania.org\/wp-content\/uploads\/it-services-600x400.png",600,400,true],"gb-block-post-grid-square":["https:\/\/invest-in-albania.org\/wp-content\/uploads\/it-services-600x600.png",600,600,true]},"uagb_author_info":{"display_name":"Vjollca Shehu","author_link":"https:\/\/invest-in-albania.org\/de\/author\/iia\/"},"uagb_comment_info":0,"uagb_excerpt":"Heutzutage ist es schwierig und unproduktiv, alle Managementstrukturen unter einem einheitlichen Unternehmensdach zu vereinen. Das Outsourcing einiger der wichtigsten Funktionen in Ihrem Unternehmen f\u00fchrt gro\u00dfe Unternehmen in ein neues Spektrum der Effizienz. Ihre Bed\u00fcrfnisse au\u00dferhalb der Grenzen oder in anderen lokalen spezialisierten Unternehmen zu befriedigen, bedeutet nicht, wie der amerikanische Trend zu betonen pflegt, dass&hellip;","_links":{"self":[{"href":"https:\/\/invest-in-albania.org\/de\/wp-json\/wp\/v2\/pages\/59674"}],"collection":[{"href":"https:\/\/invest-in-albania.org\/de\/wp-json\/wp\/v2\/pages"}],"about":[{"href":"https:\/\/invest-in-albania.org\/de\/wp-json\/wp\/v2\/types\/page"}],"author":[{"embeddable":true,"href":"https:\/\/invest-in-albania.org\/de\/wp-json\/wp\/v2\/users\/2"}],"replies":[{"embeddable":true,"href":"https:\/\/invest-in-albania.org\/de\/wp-json\/wp\/v2\/comments?post=59674"}],"version-history":[{"count":3,"href":"https:\/\/invest-in-albania.org\/de\/wp-json\/wp\/v2\/pages\/59674\/revisions"}],"predecessor-version":[{"id":59703,"href":"https:\/\/invest-in-albania.org\/de\/wp-json\/wp\/v2\/pages\/59674\/revisions\/59703"}],"up":[{"embeddable":true,"href":"https:\/\/invest-in-albania.org\/de\/wp-json\/wp\/v2\/pages\/59669"}],"wp:featuredmedia":[{"embeddable":true,"href":"https:\/\/invest-in-albania.org\/de\/wp-json\/wp\/v2\/media\/44776"}],"wp:attachment":[{"href":"https:\/\/invest-in-albania.org\/de\/wp-json\/wp\/v2\/media?parent=59674"}],"curies":[{"name":"wp","href":"https:\/\/api.w.org\/{rel}","templated":true}]}}