{"id":59669,"date":"2024-02-28T15:03:14","date_gmt":"2024-02-28T14:03:14","guid":{"rendered":"https:\/\/invest-in-albania.org\/?page_id=59669"},"modified":"2024-03-01T17:16:27","modified_gmt":"2024-03-01T16:16:27","slug":"bpo-uitbestedingsdiensten","status":"publish","type":"page","link":"https:\/\/invest-in-albania.org\/de\/bpo-uitbestedingsdiensten\/","title":{"rendered":"BPO-Outsourcing-Dienstleistungen"},"content":{"rendered":"\n<figure class=\"wp-block-image size-full\"><img loading=\"lazy\" decoding=\"async\" width=\"800\" height=\"800\" src=\"https:\/\/invest-in-albania.org\/wp-content\/uploads\/bpo-outsourcing-services.png\" alt=\"BPO Outsourcing Services Cover Image\" class=\"wp-image-44761\" srcset=\"https:\/\/invest-in-albania.org\/wp-content\/uploads\/bpo-outsourcing-services.png 800w, https:\/\/invest-in-albania.org\/wp-content\/uploads\/bpo-outsourcing-services-300x300.png 300w, https:\/\/invest-in-albania.org\/wp-content\/uploads\/bpo-outsourcing-services-768x768.png 768w, https:\/\/invest-in-albania.org\/wp-content\/uploads\/bpo-outsourcing-services-600x600.png 600w\" sizes=\"(max-width: 800px) 100vw, 800px\" \/><\/figure>\n\n\n\n<h2 class=\"wp-block-heading\">Was ist BPO-Outsourcing?<\/h2>\n\n\n\n<p>Outsourcing ist eine Vereinbarung, bei der ein Unternehmen ein anderes Unternehmen beauftragt, f\u00fcr eine geplante oder bestehende T\u00e4tigkeit, die intern durchgef\u00fchrt wird oder werden kann, verantwortlich zu sein, wobei manchmal Mitarbeiter und Verm\u00f6genswerte von einem Unternehmen zum anderen verlagert werden.<\/p>\n\n\n\n<p>Da Unternehmen weltweit t\u00e4tig sind, ist es notwendig geworden, Dienstleistungen von Fachleuten in Anspruch zu nehmen, die ihre Arbeit von ihrem Standort aus erledigen, das Gesch\u00e4ft ausweiten, mehr Einnahmen erzielen und die Leistung des Unternehmens verbessern k\u00f6nnen. Hier kommen die Outsourcing-Unternehmen ins Spiel: Sie stellen ihr Fachwissen und ihre F\u00e4higkeiten Ihrem Unternehmen zur Verf\u00fcgung, indem sie Dienstleistungen anbieten, die die Arbeit effizienter und einfacher machen.<\/p>\n\n\n\n<p>Outsourcing-Dienstleistungen k\u00f6nnen Onshore (im eigenen Land), Nearshore (in ein Nachbarland) oder Offshore (in ein fernes Land) erfolgen. Viele Unternehmen planen die Auslagerung von Arbeiten an Offshore-Standorte, um Kosten zu sparen. Viele Unternehmen st\u00fctzen ihren Gesch\u00e4ftsplan und ihr Einkommen heute ausschlie\u00dflich auf ihre externen Dienstleister, die manchmal gro\u00dfe Mengen an Arbeit \u00fcbernehmen. Einigen Experten zufolge ist Outsourcing nicht nur ein Weg zur Kostensenkung, sondern auch ein erfolgreiches Gesch\u00e4ftsmodell.<\/p>\n\n\n\n<h2 class=\"wp-block-heading\">Liste aller Dienstleistungen<\/h2>\n\n\n\n<h2 class=\"wp-block-heading\"><a href=\"https:\/\/invest-in-albania.org\/outsourcing\/services\/call-center\/\">Call Center Dienstleistungen<\/a><\/h2>\n\n\n\n<p>Call Center Outsourcing houdt in dat je een extern bedrijf inhuurt om je callcenter provider in het gastland te worden. Het externe bedrijf zal de werknemers opleiden en inhuren die de verschillende klantenservices via de telefoon zullen verlenen (zoals bankverrichtingen, kredietkaarten, tickets kopen, technische helpdesks, enz. Het wordt beschouwd als een van de meest succesvolle outsourcingdiensten wereldwijd.<\/p>\n\n\n\n<h2 class=\"wp-block-heading\"><a href=\"https:\/\/invest-in-albania.org\/outsourcing\/services\/transcription\/\">Uitbesteding van transcriptiediensten<\/a><\/h2>\n\n\n\n<p>Bei der Auslagerung von Humanressourcen beauftragen Unternehmen Unternehmen mit der Verwaltung von Personalfunktionen. Dazu geh\u00f6rt die Verwaltung von Krankenversicherungspl\u00e4nen, Pensionspl\u00e4nen und Arbeiterunfallversicherungen.<\/p>\n\n\n\n<p>Dazu geh\u00f6ren auch die Einstellung, Schulung und juristische Beratung. Kleinere Unternehmen beauftragen sie mit der Verwaltung der Lohn- und Gehaltsabrechnung, der Zahlung der Lohnsteuer und dem Risikomanagement. Die Beauftragung eines externen Personal- oder Arbeitsvermittlungsdienstes mit der Verwaltung der Sozialleistungen f\u00fcr Ihre Mitarbeiter ist ein kluger Weg, da dieser \u00fcber die neuesten Besch\u00e4ftigungsstandards und geltenden Gesetze auf dem Laufenden bleiben muss.<\/p>\n\n\n\n<h2 class=\"wp-block-heading\"><a href=\"https:\/\/invest-in-albania.org\/outsourcing\/services\/human-resources\/\">Uitbesteding van Human Resources<\/a><\/h2>\n\n\n\n<p>Bei der Auslagerung von Humanressourcen beauftragen Unternehmen Unternehmen mit der Verwaltung von Personalfunktionen. Dazu geh\u00f6rt die Verwaltung von Krankenversicherungspl\u00e4nen, Pensionspl\u00e4nen und Arbeiterunfallversicherungen.<\/p>\n\n\n\n<p>Dazu geh\u00f6ren auch die Einstellung, Schulung und juristische Beratung. Kleinere Unternehmen beauftragen sie mit der Verwaltung der Lohn- und Gehaltsabrechnung, der Zahlung der Lohnsteuer und dem Risikomanagement. Die Beauftragung eines externen Personal- oder Arbeitsvermittlungsdienstes mit der Verwaltung der Sozialleistungen f\u00fcr Ihre Mitarbeiter ist ein kluger Weg, da dieser \u00fcber die neuesten Besch\u00e4ftigungsstandards und geltenden Gesetze auf dem Laufenden bleiben muss.<\/p>\n\n\n\n<h2 class=\"wp-block-heading\"><a href=\"https:\/\/invest-in-albania.org\/outsourcing\/services\/online-marketing\/\">Marketing-Outsourcing<\/a><\/h2>\n\n\n\n<p>Die meisten Unternehmen sind so strukturiert, dass sie ihre Produkte und Dienstleistungen anbieten, aber sie sind oft nicht als Herausgeber von Inhalten konzipiert. In diesem Fall ist eine starke Marketingstrategie f\u00fcr ein Unternehmen wichtig, um erfolgreich zu sein. F\u00fcr jemanden, der ein Unternehmen leitet und gleichzeitig Marketingstrategien umsetzen muss, kann dies jedoch eine entmutigende Aufgabe sein. Die Hilfe von Marketing-Outsourcing-Anbietern kann dem Unternehmen dabei helfen, sein Marketingziel zu erreichen. Sie k\u00f6nnen dabei helfen, den besten Marketingplan zu erstellen, der zu einem bestimmten Unternehmen passt, und dabei Fehler vermeiden sowie Zeit und Geld sparen.<\/p>\n\n\n\n<h2 class=\"wp-block-heading\"><a href=\"https:\/\/invest-in-albania.org\/outsourcing\/services\/data-entry\/\">Dateneingabe-Outsourcing<\/a><\/h2>\n\n\n\n<p>Dateneingabeaufgaben (wie Auftragsabwicklung, Katalogisierung, Scannen und Indexierung) eignen sich hervorragend f\u00fcr das Outsourcing. Ein Unternehmen kann problemlos ein externes Team beauftragen, das nahezu alle denkbaren Dateneingabeaufgaben ausf\u00fchrt und die Arbeit auch mit angemessener Genauigkeit erledigt.<\/p>\n\n\n\n<p>Das einzige Mal, dass ein Unternehmen ein wenig z\u00f6gern sollte, wenn es darum geht, seine Dateneingabeprojekte auszulagern, ist, wenn es sich um sensible Informationen handelt. Die Unternehmen sind recht vorsichtig, wenn es um die Weitergabe von Kundendaten wie Ausweisnummern und Kreditkarten an ausgelagerte Teams geht. Ethische Bedenken, wie die Weitergabe vertraulicher Informationen, werden jedoch ber\u00fccksichtigt, bevor sich die Unternehmen f\u00fcr die Auslagerung ihrer Arbeit entscheiden. Sowohl der Verk\u00e4ufer als auch der Anbieter unterzeichnen Vertraulichkeitsvereinbarungen, die sie daran hindern, Informationen an Dritte weiterzugeben.<\/p>\n\n\n\n<h2 class=\"wp-block-heading\"><a href=\"https:\/\/invest-in-albania.org\/outsourcing\/services\/software-and-web-development\/\">Outsourcing von Software- und Webentwicklung<\/a><\/h2>\n\n\n\n<p>Das Outsourcing der Softwareentwicklung beschreibt im Wesentlichen eine Situation, in der sich ein Unternehmen daf\u00fcr entscheidet, einen externen Programmierer zu beauftragen, der Dienstleistungen im Zusammenhang mit der Softwareentwicklung anbietet. Durch die Auslagerung wesentlicher Gesch\u00e4ftsprozesse an einen spezialisierten Dienstleister sind Unternehmen in der Lage, selbst die komplexesten Aufgaben zu bew\u00e4ltigen.<\/p>\n\n\n\n<p>Unter Webentwicklung versteht man eine T\u00e4tigkeit, bei der die Online-Website einer Firma oder eines Unternehmens entwickelt wird. Seit Mitte der 90er Jahre, als die Explosion des World Wide Web (Internet) begann, hat sich die Website-Entwicklung zur am schnellsten wachsenden Branche der Welt entwickelt. F\u00fcr kleine, mittlere und vor allem internationale Gro\u00dfunternehmen wurde es notwendig, ihre Websites zu entwickeln, um rund um die Uhr mit ihren Kunden in Kontakt zu sein, und umgekehrt mit den Kunden, die sich \u00fcber die Informationen und Produkte des Unternehmens auf dem Laufenden halten wollen. Aus diesem Grund ben\u00f6tigen Unternehmen eine Outsourcing-Firma oder Programmierer, die sich um ihre Websites und Software k\u00fcmmern und die Website nicht nur pflegen, sondern auch regelm\u00e4\u00dfig aktualisieren. Das spart Zeit und ist kosteng\u00fcnstig.<\/p>\n\n\n\n<h2 class=\"wp-block-heading\"><a href=\"https:\/\/invest-in-albania.org\/outsourcing\/services\/it\/\">IT-Outsourcing<\/a><\/h2>\n\n\n\n<p>IT-Outsourcing ist ein Begriff, der die Praxis der Beauftragung externer Ressourcen f\u00fcr alle oder einen Teil der IT-Funktionen (Informationstechnologie) eines Unternehmens beschreibt. Ein Unternehmen w\u00fcrde IT-Outsourcing f\u00fcr alle m\u00f6glichen Funktionen nutzen, von der Infrastruktur \u00fcber die Wartung bis hin zum IT-Support. So kann ein Unternehmen beispielsweise sein IT-Management auslagern, weil es billiger ist, einen Dritten zu beauftragen, als ein eigenes IT-Management-Team aufzubauen.<\/p>\n\n\n\n<h2 class=\"wp-block-heading\"><a href=\"https:\/\/invest-in-albania.org\/outsourcing\/services\/it-support\/\">IT-Unterst\u00fctzung Outsourcing<\/a><\/h2>\n\n\n\n<p>Ausgelagerter IT-Support kann eine zeit- und kosteneffiziente L\u00f6sung f\u00fcr den digitalen Bedarf eines Unternehmens sein. Je nach Gr\u00f6\u00dfe des Unternehmens kann der IT-Support teilweise oder vollst\u00e4ndig ausgelagert werden. Kleine Unternehmen profitieren in der Regel am meisten von einer vollst\u00e4ndigen Auslagerung ihres IT-Supports. Dabei wird in der Regel eine externe Agentur mit der Verwaltung der IT-Systeme beauftragt, die daf\u00fcr sorgt, dass alle Aktualisierungen vorgenommen, Sicherheitsma\u00dfnahmen umgesetzt und alle Daten sicher gespeichert und gesichert werden. Unternehmen haben auch die M\u00f6glichkeit eines teilweisen Outsourcings, bei dem ein einzelner Spezialist oder ein kleines Team eingestellt wird, w\u00e4hrend gleichzeitig ein professioneller IT-Supportdienst besch\u00e4ftigt wird. Ein Teil-Outsourcing kann auch in Form einer Aufteilung der IT-Aufgaben erfolgen. Interne Teams werden mit bestimmten Aspekten der Systemwartung betraut, w\u00e4hrend andere Aufgaben an den IT-Supportdienst vergeben werden.<\/p>\n\n\n\n<h2 class=\"wp-block-heading\"><a href=\"https:\/\/invest-in-albania.org\/outsourcing\/services\/virtual-assistant\/\">Outsourcing von virtuellen Assistenten<\/a><\/h2>\n\n\n\n<p>Ein virtueller Assistent (oder VA) ist in der Regel ein Selbst\u00e4ndiger, der von einem Heimb\u00fcro aus administrative, technische oder soziale Unterst\u00fctzung f\u00fcr Kunden leistet. Die Einstellung eines virtuellen Assistenten ist kosteng\u00fcnstig, da es sich um unabh\u00e4ngige Auftragnehmer handelt, die keinen B\u00fcroraum wie ein lokaler Angestellter ben\u00f6tigen, d. h. keine Ausr\u00fcstung oder Materialien. Sie werden nur f\u00fcr ihre produktive Arbeit bezahlt, was die Kosten f\u00fcr die anstellende Firma senkt. Sie k\u00f6nnen so weit arbeiten, wie es die Technologie zul\u00e4sst, solange sie \u00fcber Kommunikationsmittel verf\u00fcgen, um mit ihren Gesch\u00e4ftspartnern in Kontakt zu bleiben, und ihre Aufgaben reichen von Assistenten der Gesch\u00e4ftsleitung f\u00fcr CEOs mit einem sehr vollen Terminkalender bis hin zu juristischen Sekret\u00e4rinnen, B\u00fcroleitern, Vorgesetzten, Immobilienassistenten usw.<\/p>\n\n\n\n<h2 class=\"wp-block-heading\"><a href=\"https:\/\/invest-in-albania.org\/outsourcing\/services\/customer-service\/\">Outsourcing des Kundendienstes<\/a><\/h2>\n\n\n\n<p>Ein wesentlicher Bestandteil des Erfolgs eines Unternehmens sind seine Kunden &#8211; je gr\u00f6\u00dfer die Zahl, desto besser f\u00fcr das Unternehmen. Der Kundendienst (oder Kundensupport) hilft bei der Beantwortung von Fragen oder Anliegen, die ein Kunde zu einem Produkt oder einer Dienstleistung hat, die ein Unternehmen anbietet. Die Betreuung von Kunden braucht Zeit, deshalb kann die Einstellung eines ausgelagerten Kundendienstes einem Unternehmen helfen, zu wachsen und gleichzeitig die Bed\u00fcrfnisse und W\u00fcnsche der wachsenden Zahl von Kunden zu erf\u00fcllen. Wenn Sie versuchen, die Kundenbetreuung selbst zu \u00fcbernehmen, vernachl\u00e4ssigen Sie unter Umst\u00e4nden andere wichtige Bereiche Ihres Unternehmens wie Vertrieb, Marketing und Kernaufgaben. Ein hervorragender Kundendienstanbieter wei\u00df um den Wert einer guten Kunden-Gesch\u00e4ftsbeziehung. Er ist darauf spezialisiert, einen gro\u00dfen Kundenstamm jederzeit und \u00fcber verschiedene Kan\u00e4le zu betreuen.<\/p>\n","protected":false},"excerpt":{"rendered":"<p>Was ist BPO-Outsourcing? Outsourcing ist eine Vereinbarung, bei der ein Unternehmen ein anderes Unternehmen beauftragt, f\u00fcr eine geplante oder bestehende T\u00e4tigkeit, die intern durchgef\u00fchrt wird oder werden kann, verantwortlich zu sein, wobei manchmal Mitarbeiter und Verm\u00f6genswerte von einem Unternehmen zum anderen verlagert werden. Da Unternehmen weltweit t\u00e4tig sind, ist es notwendig geworden, Dienstleistungen von Fachleuten [&hellip;]<\/p>\n","protected":false},"author":2,"featured_media":44763,"parent":0,"menu_order":0,"comment_status":"closed","ping_status":"closed","template":"","meta":{"_uag_custom_page_level_css":"","_genesis_hide_title":false,"_genesis_hide_breadcrumbs":false,"_genesis_hide_singular_image":false,"_genesis_hide_footer_widgets":false,"_genesis_custom_body_class":"","_genesis_custom_post_class":"","_genesis_layout":"","_themeisle_gutenberg_block_has_review":false,"footnotes":""},"featured_image_src":"https:\/\/invest-in-albania.org\/wp-content\/uploads\/bpo-outsourcing-services-600x400.png","featured_image_src_square":"https:\/\/invest-in-albania.org\/wp-content\/uploads\/bpo-outsourcing-services-600x600.png","uagb_featured_image_src":{"full":["https:\/\/invest-in-albania.org\/wp-content\/uploads\/bpo-outsourcing-services.png",800,800,false],"thumbnail":["https:\/\/invest-in-albania.org\/wp-content\/uploads\/bpo-outsourcing-services-280x195.png",280,195,true],"medium":["https:\/\/invest-in-albania.org\/wp-content\/uploads\/bpo-outsourcing-services-300x300.png",300,300,true],"medium_large":["https:\/\/invest-in-albania.org\/wp-content\/uploads\/bpo-outsourcing-services-768x768.png",768,768,true],"large":["https:\/\/invest-in-albania.org\/wp-content\/uploads\/bpo-outsourcing-services.png",800,800,false],"1536x1536":["https:\/\/invest-in-albania.org\/wp-content\/uploads\/bpo-outsourcing-services.png",800,800,false],"2048x2048":["https:\/\/invest-in-albania.org\/wp-content\/uploads\/bpo-outsourcing-services.png",800,800,false],"single-featured-image":["https:\/\/invest-in-albania.org\/wp-content\/uploads\/bpo-outsourcing-services-800x385.png",800,385,true],"blog-featured-image":["https:\/\/invest-in-albania.org\/wp-content\/uploads\/bpo-outsourcing-services-680x290.png",680,290,true],"home-featured":["https:\/\/invest-in-albania.org\/wp-content\/uploads\/bpo-outsourcing-services-380x570.png",380,570,true],"gb-block-post-grid-landscape":["https:\/\/invest-in-albania.org\/wp-content\/uploads\/bpo-outsourcing-services-600x400.png",600,400,true],"gb-block-post-grid-square":["https:\/\/invest-in-albania.org\/wp-content\/uploads\/bpo-outsourcing-services-600x600.png",600,600,true]},"uagb_author_info":{"display_name":"Vjollca Shehu","author_link":"https:\/\/invest-in-albania.org\/de\/author\/iia\/"},"uagb_comment_info":0,"uagb_excerpt":"Was ist BPO-Outsourcing? Outsourcing ist eine Vereinbarung, bei der ein Unternehmen ein anderes Unternehmen beauftragt, f\u00fcr eine geplante oder bestehende T\u00e4tigkeit, die intern durchgef\u00fchrt wird oder werden kann, verantwortlich zu sein, wobei manchmal Mitarbeiter und Verm\u00f6genswerte von einem Unternehmen zum anderen verlagert werden. Da Unternehmen weltweit t\u00e4tig sind, ist es notwendig geworden, Dienstleistungen von Fachleuten&hellip;","_links":{"self":[{"href":"https:\/\/invest-in-albania.org\/de\/wp-json\/wp\/v2\/pages\/59669"}],"collection":[{"href":"https:\/\/invest-in-albania.org\/de\/wp-json\/wp\/v2\/pages"}],"about":[{"href":"https:\/\/invest-in-albania.org\/de\/wp-json\/wp\/v2\/types\/page"}],"author":[{"embeddable":true,"href":"https:\/\/invest-in-albania.org\/de\/wp-json\/wp\/v2\/users\/2"}],"replies":[{"embeddable":true,"href":"https:\/\/invest-in-albania.org\/de\/wp-json\/wp\/v2\/comments?post=59669"}],"version-history":[{"count":5,"href":"https:\/\/invest-in-albania.org\/de\/wp-json\/wp\/v2\/pages\/59669\/revisions"}],"predecessor-version":[{"id":59699,"href":"https:\/\/invest-in-albania.org\/de\/wp-json\/wp\/v2\/pages\/59669\/revisions\/59699"}],"wp:featuredmedia":[{"embeddable":true,"href":"https:\/\/invest-in-albania.org\/de\/wp-json\/wp\/v2\/media\/44763"}],"wp:attachment":[{"href":"https:\/\/invest-in-albania.org\/de\/wp-json\/wp\/v2\/media?parent=59669"}],"curies":[{"name":"wp","href":"https:\/\/api.w.org\/{rel}","templated":true}]}}