{"id":59668,"date":"2024-02-27T18:23:57","date_gmt":"2024-02-27T17:23:57","guid":{"rendered":"https:\/\/invest-in-albania.org\/warum-albanien-als-offshore-destination-fuer-outsourcing-waehlen\/"},"modified":"2024-02-27T18:23:57","modified_gmt":"2024-02-27T17:23:57","slug":"warum-albanien-als-offshore-destination-fuer-outsourcing-waehlen","status":"publish","type":"page","link":"https:\/\/invest-in-albania.org\/de\/warum-albanien-als-offshore-destination-fuer-outsourcing-waehlen\/","title":{"rendered":"Warum Albanien als Offshore-Destination f\u00fcr Outsourcing w\u00e4hlen?"},"content":{"rendered":"<p><img loading=\"lazy\" decoding=\"async\" class=\"size-large wp-image-39504 aligncenter\" src=\"http:\/\/new.invest-in-albania.org\/wp-content\/uploads\/ICT-albania-1-1024x683.jpg\" alt=\"\" width=\"1024\" height=\"683\" srcset=\"https:\/\/invest-in-albania.org\/wp-content\/uploads\/ICT-albania-1-1024x683.jpg 1024w, https:\/\/invest-in-albania.org\/wp-content\/uploads\/ICT-albania-1-300x200.jpg 300w, https:\/\/invest-in-albania.org\/wp-content\/uploads\/ICT-albania-1-768x512.jpg 768w, https:\/\/invest-in-albania.org\/wp-content\/uploads\/ICT-albania-1-1536x1024.jpg 1536w, https:\/\/invest-in-albania.org\/wp-content\/uploads\/ICT-albania-1-580x387.jpg 580w, https:\/\/invest-in-albania.org\/wp-content\/uploads\/ICT-albania-1-860x573.jpg 860w, https:\/\/invest-in-albania.org\/wp-content\/uploads\/ICT-albania-1-1160x773.jpg 1160w, https:\/\/invest-in-albania.org\/wp-content\/uploads\/ICT-albania-1-600x400.jpg 600w, https:\/\/invest-in-albania.org\/wp-content\/uploads\/ICT-albania-1.jpg 1920w\" sizes=\"(max-width: 1024px) 100vw, 1024px\" \/><\/p>\n<p>Albanien wird Ihre Aufmerksamkeit erregen, wenn Sie auf der Suche nach einem Offshore-Outsourcing-Ziel sind.<\/p>\n<p>Albanien, ein aufstrebendes Ziel f\u00fcr Offshore-Outsourcing<\/p>\n<p>Wenn Sie die Auslagerung einiger Dienstleistungen oder Teile Ihres Unternehmens in Betracht ziehen und bereits eine Strategie entwickelt haben, kann Albanien Ihre flexible und kosteneffiziente Business Process Outsourcing-L\u00f6sung sein. BPO ist kein neuer Sektor in der albanischen Wirtschaft.<\/p>\n<p>Diese Praxis setzte sich in den ersten Jahren des Postkommunismus fort, als ausl\u00e4ndische Unternehmen der Bekleidungs- und Schuhindustrie ihre Fabriken in Albanien errichteten und Tausende von Menschen besch\u00e4ftigten. Der Trend zum Outsourcing hat vor allem in den Bereichen der Kunden- und digitalen Dienstleistungen wie Callcenter, Webentwicklung, Design und Copywriting-Unternehmen zugenommen.<\/p>\n<p>Albanien ist als Outsourcing-Zentrum in Europa auf dem Vormarsch und wird immer beliebter. Das Land zieht europ\u00e4ische Firmen und Unternehmen wegen seiner N\u00e4he zu Westeuropa und einigen anderen entscheidenden Gr\u00fcnden an, die Unternehmen suchen, wenn sie ein erfolgreiches Outsourcing-Programm umsetzen wollen. Derzeit z\u00e4hlt Albanien zu den aufstrebenden Zielen in der globalen IT-BPO-Dienstleistungslandschaft.<\/p>\n<p>Die aufstrebende Business Process Outsourcing-Branche des Landes zeigt Anzeichen f\u00fcr das zuk\u00fcnftige Potenzial des Offshore-Outsourcings und zielt darauf ab, in der Region an Bedeutung zu gewinnen. Um dies zu erreichen, ist sie auf wichtige Faktoren angewiesen, w\u00e4hrend ihre Poolgr\u00f6\u00dfe mit der von Bratislava in der Slowakei und Krakau in Polen vergleichbar ist und sie im Vergleich zu Riga, Tallinn und Vilnius gr\u00f6\u00dfer ist. Nach Angaben des albanischen Investitionsrates wird das Gesamtvolumen der Branche auf 120 bis 140 Millionen Dollar gesch\u00e4tzt, und der Sektor besch\u00e4ftigt zwischen 25.000 und 32.000 Fachleute.<\/p>\n<p>&nbsp;<\/p>\n<h3>Warum Outsourcing nach Albanien<\/h3>\n<p>Die St\u00e4rke des Landes liegt in seinen f\u00e4higen, mehrsprachigen und gebildeten jungen Arbeitskr\u00e4ften<br \/>\nAlbaniens Wirtschaft gilt als stabil und z\u00e4hlt zu den am schnellsten wachsenden Volkswirtschaften des Kontinents und Europas.<br \/>\nInvestorenfreundlich<br \/>\nAlbanien geh\u00f6rt zu den f\u00fcnf g\u00fcnstigsten L\u00e4ndern in Europa<br \/>\nFreundliche Visums- und Arbeitserlaubnisbestimmungen<br \/>\nEiner der wirtschaftlichsten Nearshore-BPO-Standorte<br \/>\nAlbanien hat den Status eines EU-Beitrittskandidaten erhalten und wartet auf die Aufnahme von EU-Beitrittsverhandlungen, so dass die Einfuhr von Dienstleistungen f\u00fcr Kunden aus den EU-Mitgliedstaaten kein Problem darstellen d\u00fcrfte.<br \/>\nAlbanien hat eine kulturelle Affinit\u00e4t zu Mittel- und Osteuropa.<br \/>\nDer amerikanische Dollar und der Euro sind in Albanien weit verbreitete W\u00e4hrungen.<br \/>\nImmobilien sind im Vergleich zu den anderen L\u00e4ndern Osteuropas um 40 Prozent billiger<br \/>\nDas Land ist seit April 2009 Mitglied der NATO.<br \/>\nDas SMAC-\u00d6kosystem ist bereit, die Bed\u00fcrfnisse der Kunden zu erf\u00fcllen<br \/>\nUmfangreiche Investitionen in Infrastruktur und Verkehr, neue Stra\u00dfen, zwei geplante Flugh\u00e4fen im S\u00fcden, gro\u00dfe Seeh\u00e4fen an der Adria und am Ionischen Meer.<br \/>\nGut ausgebildete Bev\u00f6lkerung mit j\u00e4hrlich etwa 160.000 Hochschulabsolventen<br \/>\nEin stabiles Bankensystem, das sich \u00fcberwiegend in ausl\u00e4ndischem Besitz befindet.<br \/>\nG\u00fcnstige Arbeitskosten und Steuersystem<br \/>\nAls Entwicklungsland mit einem fragilen Wirtschaftssystem, das sich auf den Dienstleistungssektor und den Tourismus st\u00fctzt, bietet Albanien niedrige Arbeitskosten f\u00fcr Unternehmen, die an der Auslagerung ihrer Dienstleistungen interessiert sind. Auch das Steuersystem ist sehr g\u00fcnstig, da die Gewinnsteuer nur 15 % betr\u00e4gt. Die Verfahren zur Er\u00f6ffnung eines Unternehmens in Albanien sind sehr einfach und kosteng\u00fcnstig.<\/p>\n<p>&nbsp;<\/p>\n<h3>Strategische geografische Lage<\/h3>\n<p>Albanien hat eine sehr strategische Lage. Es liegt im Herzen des Balkans, gegen\u00fcber von Italien, und grenzt an Griechenland, Mazedonien, Kosovo und Montenegro. Fl\u00fcge in andere europ\u00e4ische L\u00e4nder dauern nicht l\u00e4nger als 3 bis 5 Stunden, und das Land er\u00f6ffnet derzeit einen zweiten Flughafen in der n\u00f6rdlichen Stadt Kukes, in der N\u00e4he des Kosovo.<\/p>\n<p>Die wichtigsten vom albanischen Outsourcing-Sektor bedienten Branchen<br \/>\nBanken, Finanzsektor und Versicherungen<br \/>\nTelekommunikation, Medien und Unterhaltung<br \/>\nGesundheitswesen und Pharmazie<br \/>\nReisen, Tourismus und Logistik<br \/>\nEnergie und Versorgungsunternehmen<br \/>\nEinzelhandel und E-Commerce<br \/>\nZahl der Besch\u00e4ftigten in der BPO-Branche<br \/>\nZehn Prozent arbeiten in Unternehmen mit mehr als 100 Arbeitspl\u00e4tzen.<br \/>\n15 Prozent arbeiten in Unternehmen mit 250-1.000 Arbeitspl\u00e4tzen.<br \/>\n30 Prozent arbeiten in Unternehmen mit 100-250 Arbeitspl\u00e4tzen.<br \/>\n45 Prozent arbeiten in Unternehmen mit weniger als 100 Arbeitspl\u00e4tzen.<br \/>\nDas wichtigste Outsourcing-Zentrum des Landes ist die Hauptstadt Tirana, gefolgt von Durres, Vlora, Shkodra, Elbasan, Fier und Korca.<\/p>\n","protected":false},"excerpt":{"rendered":"<p>Albanien wird Ihre Aufmerksamkeit erregen, wenn Sie auf der Suche nach einem Offshore-Outsourcing-Ziel sind. Albanien, ein aufstrebendes Ziel f\u00fcr Offshore-Outsourcing Wenn Sie die Auslagerung einiger Dienstleistungen oder Teile Ihres Unternehmens in Betracht ziehen und bereits eine Strategie entwickelt haben, kann Albanien Ihre flexible und kosteneffiziente Business Process Outsourcing-L\u00f6sung sein. BPO ist kein neuer Sektor in [&hellip;]<\/p>\n","protected":false},"author":2,"featured_media":39506,"parent":0,"menu_order":19,"comment_status":"closed","ping_status":"closed","template":"","meta":{"_uag_custom_page_level_css":"","_genesis_hide_title":false,"_genesis_hide_breadcrumbs":false,"_genesis_hide_singular_image":false,"_genesis_hide_footer_widgets":false,"_genesis_custom_body_class":"","_genesis_custom_post_class":"","_genesis_layout":"","_themeisle_gutenberg_block_has_review":false,"footnotes":""},"featured_image_src":"https:\/\/invest-in-albania.org\/wp-content\/uploads\/ICT-albania-1.jpg","featured_image_src_square":"https:\/\/invest-in-albania.org\/wp-content\/uploads\/ICT-albania-1.jpg","uagb_featured_image_src":{"full":["https:\/\/invest-in-albania.org\/wp-content\/uploads\/ICT-albania-1.jpg",1920,1280,false],"thumbnail":["https:\/\/invest-in-albania.org\/wp-content\/uploads\/ICT-albania-1-280x195.jpg",280,195,true],"medium":["https:\/\/invest-in-albania.org\/wp-content\/uploads\/ICT-albania-1-300x200.jpg",300,200,true],"medium_large":["https:\/\/invest-in-albania.org\/wp-content\/uploads\/ICT-albania-1-768x512.jpg",768,512,true],"large":["https:\/\/invest-in-albania.org\/wp-content\/uploads\/ICT-albania-1-1024x683.jpg",1024,683,true],"1536x1536":["https:\/\/invest-in-albania.org\/wp-content\/uploads\/ICT-albania-1-1536x1024.jpg",1536,1024,true],"2048x2048":["https:\/\/invest-in-albania.org\/wp-content\/uploads\/ICT-albania-1.jpg",1920,1280,false],"single-featured-image":["https:\/\/invest-in-albania.org\/wp-content\/uploads\/ICT-albania-1.jpg",578,385,false],"blog-featured-image":["https:\/\/invest-in-albania.org\/wp-content\/uploads\/ICT-albania-1.jpg",435,290,false],"home-featured":["https:\/\/invest-in-albania.org\/wp-content\/uploads\/ICT-albania-1.jpg",380,253,false],"gb-block-post-grid-landscape":["https:\/\/invest-in-albania.org\/wp-content\/uploads\/ICT-albania-1.jpg",600,400,false],"gb-block-post-grid-square":["https:\/\/invest-in-albania.org\/wp-content\/uploads\/ICT-albania-1.jpg",600,400,false]},"uagb_author_info":{"display_name":"Vjollca Shehu","author_link":"https:\/\/invest-in-albania.org\/de\/author\/iia\/"},"uagb_comment_info":0,"uagb_excerpt":"Albanien wird Ihre Aufmerksamkeit erregen, wenn Sie auf der Suche nach einem Offshore-Outsourcing-Ziel sind. Albanien, ein aufstrebendes Ziel f\u00fcr Offshore-Outsourcing Wenn Sie die Auslagerung einiger Dienstleistungen oder Teile Ihres Unternehmens in Betracht ziehen und bereits eine Strategie entwickelt haben, kann Albanien Ihre flexible und kosteneffiziente Business Process Outsourcing-L\u00f6sung sein. BPO ist kein neuer Sektor in&hellip;","_links":{"self":[{"href":"https:\/\/invest-in-albania.org\/de\/wp-json\/wp\/v2\/pages\/59668"}],"collection":[{"href":"https:\/\/invest-in-albania.org\/de\/wp-json\/wp\/v2\/pages"}],"about":[{"href":"https:\/\/invest-in-albania.org\/de\/wp-json\/wp\/v2\/types\/page"}],"author":[{"embeddable":true,"href":"https:\/\/invest-in-albania.org\/de\/wp-json\/wp\/v2\/users\/2"}],"replies":[{"embeddable":true,"href":"https:\/\/invest-in-albania.org\/de\/wp-json\/wp\/v2\/comments?post=59668"}],"version-history":[{"count":0,"href":"https:\/\/invest-in-albania.org\/de\/wp-json\/wp\/v2\/pages\/59668\/revisions"}],"wp:featuredmedia":[{"embeddable":true,"href":"https:\/\/invest-in-albania.org\/de\/wp-json\/wp\/v2\/media\/39506"}],"wp:attachment":[{"href":"https:\/\/invest-in-albania.org\/de\/wp-json\/wp\/v2\/media?parent=59668"}],"curies":[{"name":"wp","href":"https:\/\/api.w.org\/{rel}","templated":true}]}}