{"id":59664,"date":"2024-02-27T18:23:52","date_gmt":"2024-02-27T17:23:52","guid":{"rendered":"https:\/\/invest-in-albania.org\/investieren-in-albanien-wirtschaftsagentur-nachrichten\/"},"modified":"2024-02-29T16:52:41","modified_gmt":"2024-02-29T15:52:41","slug":"investieren-in-albanien-wirtschaftsagentur-nachrichten","status":"publish","type":"page","link":"https:\/\/invest-in-albania.org\/de\/","title":{"rendered":"Albanien Investments, Reisen, News und mehr"},"content":{"rendered":"\n<div class=\"wp-block-columns alignwide has-2-columns is-layout-flex wp-container-core-columns-is-layout-1 wp-block-columns-is-layout-flex\">\n<div class=\"wp-block-column authority-text-align is-layout-flow wp-block-column-is-layout-flow\">\n<h1 class=\"wp-block-heading bold-heading-text\">Albanien entdecken: Gesch\u00e4ftsm\u00f6glichkeiten und Naturwunder warten<\/h1>\n\n\n\n<p class=\"block-content-indent\">Entdecken Sie mit unseren Ressourcen, was Albanien zu bieten hat. Von Reisen, Gesch\u00e4ftsm\u00f6glichkeiten und Outsourcing-Diensten bis hin zu gef\u00fchrten Ausfl\u00fcgen und verborgenen Strandparadiesen. Erleben Sie, wie Albanien f\u00fcr Investoren und Abenteurer gleicherma\u00dfen zum idealen Ziel wird. Informieren Sie sich \u00fcber Visa-Richtlinien, entdecken Sie Lebensm\u00f6glichkeiten f\u00fcr Digital Nomads oder Rentner und navigieren Sie durch das Land mit unseren detaillierten Reisef\u00fchrern.<\/p>\n<\/div>\n\n\n\n<div class=\"wp-block-column is-layout-flow wp-block-column-is-layout-flow\">\n<div class=\"wp-block-genesis-blocks-gb-columns gb-layout-columns-2 gb-2-col-equal\"><div class=\"gb-layout-column-wrap gb-block-layout-column-gap-2 gb-is-responsive-column\">\n<div class=\"wp-block-genesis-blocks-gb-column gb-block-layout-column\"><div class=\"gb-block-layout-column-inner\">\n<figure class=\"wp-block-image size-large\"><a href=\"https:\/\/invest-in-albania.org\/investment-tips-2\/\"><img loading=\"lazy\" decoding=\"async\" width=\"1024\" height=\"683\" src=\"http:\/\/new.invest-in-albania.org\/wp-content\/uploads\/dylan-gillis-KdeqA3aTnBY-unsplash1-1024x683.jpg\" alt=\"\" class=\"wp-image-44584\" srcset=\"https:\/\/invest-in-albania.org\/wp-content\/uploads\/dylan-gillis-KdeqA3aTnBY-unsplash1-1024x683.jpg 1024w, https:\/\/invest-in-albania.org\/wp-content\/uploads\/dylan-gillis-KdeqA3aTnBY-unsplash1-300x200.jpg 300w, https:\/\/invest-in-albania.org\/wp-content\/uploads\/dylan-gillis-KdeqA3aTnBY-unsplash1-768x512.jpg 768w, https:\/\/invest-in-albania.org\/wp-content\/uploads\/dylan-gillis-KdeqA3aTnBY-unsplash1-1536x1024.jpg 1536w, https:\/\/invest-in-albania.org\/wp-content\/uploads\/dylan-gillis-KdeqA3aTnBY-unsplash1-600x400.jpg 600w, https:\/\/invest-in-albania.org\/wp-content\/uploads\/dylan-gillis-KdeqA3aTnBY-unsplash1.jpg 1920w\" sizes=\"(max-width: 1024px) 100vw, 1024px\" \/><\/a><figcaption class=\"wp-element-caption\">Investitionsm\u00f6glichkeiten<\/figcaption><\/figure>\n<\/div><\/div>\n\n\n\n<div class=\"wp-block-genesis-blocks-gb-column gb-block-layout-column\"><div class=\"gb-block-layout-column-inner\">\n<figure class=\"wp-block-image size-large\"><a href=\"https:\/\/invest-in-albania.org\/investment-tips-2\/albanian-products\/\"><img loading=\"lazy\" decoding=\"async\" width=\"1024\" height=\"683\" src=\"http:\/\/new.invest-in-albania.org\/wp-content\/uploads\/lavender-1024x683.jpg\" alt=\"\" class=\"wp-image-28639\" srcset=\"https:\/\/invest-in-albania.org\/wp-content\/uploads\/lavender-1024x683.jpg 1024w, https:\/\/invest-in-albania.org\/wp-content\/uploads\/lavender-300x200.jpg 300w, https:\/\/invest-in-albania.org\/wp-content\/uploads\/lavender-768x512.jpg 768w, https:\/\/invest-in-albania.org\/wp-content\/uploads\/lavender-580x387.jpg 580w, https:\/\/invest-in-albania.org\/wp-content\/uploads\/lavender-860x573.jpg 860w, https:\/\/invest-in-albania.org\/wp-content\/uploads\/lavender.jpg 1050w\" sizes=\"(max-width: 1024px) 100vw, 1024px\" \/><\/a><figcaption class=\"wp-element-caption\">Hergestellt in Albanien  <\/figcaption><\/figure>\n<\/div><\/div>\n<\/div><\/div>\n\n\n\n<div class=\"wp-block-genesis-blocks-gb-columns gb-layout-columns-5 five-column\"><div class=\"gb-layout-column-wrap gb-block-layout-column-gap-2 gb-is-responsive-column\">\n<div class=\"wp-block-genesis-blocks-gb-column gb-block-layout-column\"><div class=\"gb-block-layout-column-inner\">\n<p><\/p>\n<\/div><\/div>\n\n\n\n<div class=\"wp-block-genesis-blocks-gb-column gb-block-layout-column\"><div class=\"gb-block-layout-column-inner\">\n<p><\/p>\n<\/div><\/div>\n\n\n\n<div class=\"wp-block-genesis-blocks-gb-column gb-block-layout-column\"><div class=\"gb-block-layout-column-inner\"><\/div><\/div>\n\n\n\n<div class=\"wp-block-genesis-blocks-gb-column gb-block-layout-column\"><div class=\"gb-block-layout-column-inner\">\n<p><\/p>\n<\/div><\/div>\n\n\n\n<div class=\"wp-block-genesis-blocks-gb-column gb-block-layout-column\"><div class=\"gb-block-layout-column-inner\">\n<p><\/p>\n<\/div><\/div>\n<\/div><\/div>\n<\/div>\n<\/div>\n\n\n\n<div style=\"color:#ddd\" class=\"wp-block-genesis-blocks-gb-spacer gb-block-spacer gb-divider-solid gb-divider-size-1\"><hr style=\"height:30px\"\/><\/div>\n\n\n\n<div style=\"padding-left:8%;padding-right:8%\" class=\"wp-block-genesis-blocks-gb-container gb-block-container alignfull\"><div class=\"gb-container-inside\"><div class=\"gb-container-content\" style=\"max-width:1200px\">\n<h2 class=\"wp-block-heading\">Neuigkeiten<\/h2>\n<\/div><\/div><\/div>\n\n\n\n<div style=\"padding-left:8%;padding-right:8%\" class=\"wp-block-genesis-blocks-gb-container gb-block-container alignfull\"><div class=\"gb-container-inside\"><div class=\"gb-container-content\" style=\"max-width:1140px\">\n\n\n<div class=\"wp-block-buttons is-content-justification-right is-layout-flex wp-container-core-buttons-is-layout-1 wp-block-buttons-is-layout-flex\">\n<div class=\"wp-block-button is-style-outline\"><a class=\"wp-block-button__link wp-element-button\" href=\"https:\/\/invest-in-albania.org\/category\/news\/\">weitere Nachrichten  <\/a><\/div>\n<\/div>\n<\/div><\/div><\/div>\n\n\n\n<div style=\"color:#ddd\" class=\"wp-block-genesis-blocks-gb-spacer gb-block-spacer gb-divider-solid gb-divider-size-1\"><hr style=\"height:29px\"\/><\/div>\n\n\n\n<h2 class=\"wp-block-heading has-text-align-center\">Outsourcing nach Albanien<\/h2>\n\n\n\n<div class=\"wp-block-media-text alignwide has-media-on-the-right is-stacked-on-mobile is-vertically-aligned-top\" style=\"grid-template-columns:auto 39%\"><div class=\"wp-block-media-text__content\">\n<p class=\"authority-subtitle\">Outsourcing von Gesch\u00e4ftsprozessen<\/p>\n\n\n\n<h2 class=\"wp-block-heading entry-title\"><a href=\"https:\/\/invest-in-albania.org\/outsourcing\/\" data-type=\"URL\" data-id=\"https:\/\/invest-in-albania.org\/outsourcing\/\">Outsourcing-Dienstleistungen<\/a><\/h2>\n\n\n\n<p class=\"block-content-indent\">Durchsuchen Sie unsere Liste an Dienstleistungen, die Sie nach Albanien auslagern k\u00f6nnen<\/p>\n\n\n\n<div class=\"wp-block-buttons is-layout-flex wp-block-buttons-is-layout-flex\">\n<div class=\"wp-block-button block-content-indent\"><a class=\"wp-block-button__link wp-element-button\" href=\"https:\/\/invest-in-albania.org\/outsourcing\/\">Outsourcing Liste<\/a><\/div>\n<\/div>\n<\/div><figure class=\"wp-block-media-text__media\"><a href=\"https:\/\/invest-in-albania.org\/outsourcing\/\"><img loading=\"lazy\" decoding=\"async\" width=\"1024\" height=\"644\" src=\"http:\/\/new.invest-in-albania.org\/wp-content\/uploads\/assistant-1024x644.png\" alt=\"\" class=\"wp-image-40753 size-full\" srcset=\"https:\/\/invest-in-albania.org\/wp-content\/uploads\/assistant-1024x644.png 1024w, https:\/\/invest-in-albania.org\/wp-content\/uploads\/assistant-300x189.png 300w, https:\/\/invest-in-albania.org\/wp-content\/uploads\/assistant-768x483.png 768w, https:\/\/invest-in-albania.org\/wp-content\/uploads\/assistant-580x365.png 580w, https:\/\/invest-in-albania.org\/wp-content\/uploads\/assistant-860x541.png 860w, https:\/\/invest-in-albania.org\/wp-content\/uploads\/assistant-1160x730.png 1160w, https:\/\/invest-in-albania.org\/wp-content\/uploads\/assistant.png 1280w\" sizes=\"(max-width: 1024px) 100vw, 1024px\" \/><\/a><\/figure><\/div>\n\n\n\n<h2 class=\"wp-block-heading has-text-align-center\">Reisen und Tours in Albanien<\/h2>\n\n\n\n<div style=\"color:#ddd\" class=\"wp-block-genesis-blocks-gb-spacer gb-block-spacer gb-divider-solid gb-divider-size-1\"><hr style=\"height:22px\"\/><\/div>\n\n\n\n<div class=\"wp-block-media-text alignwide is-stacked-on-mobile\" style=\"grid-template-columns:39% auto\"><figure class=\"wp-block-media-text__media\"><a href=\"https:\/\/invest-in-albania.org\/tourism-tips-2\/\"><img loading=\"lazy\" decoding=\"async\" width=\"1024\" height=\"674\" src=\"http:\/\/new.invest-in-albania.org\/wp-content\/uploads\/Ksamil-Albania-2-1024x674.jpg\" alt=\"Sunset of Ksamil\" class=\"wp-image-16466 size-full\" srcset=\"https:\/\/invest-in-albania.org\/wp-content\/uploads\/Ksamil-Albania-2-1024x674.jpg 1024w, https:\/\/invest-in-albania.org\/wp-content\/uploads\/Ksamil-Albania-2-300x197.jpg 300w, https:\/\/invest-in-albania.org\/wp-content\/uploads\/Ksamil-Albania-2-768x505.jpg 768w, https:\/\/invest-in-albania.org\/wp-content\/uploads\/Ksamil-Albania-2-580x381.jpg 580w, https:\/\/invest-in-albania.org\/wp-content\/uploads\/Ksamil-Albania-2-860x566.jpg 860w, https:\/\/invest-in-albania.org\/wp-content\/uploads\/Ksamil-Albania-2-1160x763.jpg 1160w, https:\/\/invest-in-albania.org\/wp-content\/uploads\/Ksamil-Albania-2.jpg 2048w\" sizes=\"(max-width: 1024px) 100vw, 1024px\" \/><\/a><\/figure><div class=\"wp-block-media-text__content\">\n<p class=\"authority-subtitle\">Erstaunliche Orte f\u00fcr sparsame Budgets<\/p>\n\n\n\n<h2 class=\"wp-block-heading entry-title\"><a href=\"https:\/\/invest-in-albania.org\/tourism-tips-2\/\">Reisef\u00fchrer<\/a><\/h2>\n\n\n\n<p class=\"block-content-indent\">Albanien war 50 Jahre lang einsam, jetzt steht es auf Lonely Planet&#8217;s Top Best Value Travel  <\/p>\n\n\n\n<div class=\"wp-block-buttons is-layout-flex wp-block-buttons-is-layout-flex\">\n<div class=\"wp-block-button block-content-indent\"><a class=\"wp-block-button__link wp-element-button\" href=\"https:\/\/invest-in-albania.org\/tourism-tips-2\/\">Leitfaden lesen<\/a><\/div>\n<\/div>\n<\/div><\/div>\n\n\n\n<div class=\"wp-block-media-text alignwide has-media-on-the-right is-stacked-on-mobile\" style=\"grid-template-columns:auto 31%\"><div class=\"wp-block-media-text__content\">\n<p class=\"authority-subtitle\">Gef\u00fchrte Ausfl\u00fcge und Aktivit\u00e4ten  <\/p>\n\n\n\n<h2 class=\"wp-block-heading entry-title\"><a href=\"https:\/\/invest-in-albania.org\/tourism-tips-2\/tours-albania-pick-guide-albanian-trip\/\" data-type=\"URL\">Touren &amp; Aktivit\u00e4ten<\/a><\/h2>\n\n\n\n<p class=\"block-content-indent\">Erfahren Sie mehr \u00fcber verschiedene beliebte Aktivit\u00e4ten f\u00fcr Touristen wie <a href=\"https:\/\/zbulo.org\" target=\"_blank\" data-type=\"URL\" data-id=\"https:\/\/zbulo.org\" rel=\"noreferrer noopener\">Wandern<\/a>, Radfahren und Orte, die Sie bei Ihrem n\u00e4chsten Besuch nicht verpassen sollten!  <\/p>\n\n\n\n<div class=\"wp-block-buttons is-layout-flex wp-block-buttons-is-layout-flex\">\n<div class=\"wp-block-button block-content-indent\"><a class=\"wp-block-button__link wp-element-button\" href=\"https:\/\/invest-in-albania.org\/tourism-tips-2\/tours-albania-pick-guide-albanian-trip\/\">Reisef\u00fchrer lesen<\/a><\/div>\n<\/div>\n<\/div><figure class=\"wp-block-media-text__media\"><a href=\"https:\/\/invest-in-albania.org\/tourism-tips-2\/tours-albania-pick-guide-albanian-trip\/\"><img loading=\"lazy\" decoding=\"async\" width=\"768\" height=\"1024\" src=\"http:\/\/new.invest-in-albania.org\/wp-content\/uploads\/qeparo-1-768x1024.jpg\" alt=\"Qeparo Albania\" class=\"wp-image-21091 size-full\" srcset=\"https:\/\/invest-in-albania.org\/wp-content\/uploads\/qeparo-1-768x1024.jpg 768w, https:\/\/invest-in-albania.org\/wp-content\/uploads\/qeparo-1-225x300.jpg 225w, https:\/\/invest-in-albania.org\/wp-content\/uploads\/qeparo-1-580x773.jpg 580w, https:\/\/invest-in-albania.org\/wp-content\/uploads\/qeparo-1-860x1147.jpg 860w, https:\/\/invest-in-albania.org\/wp-content\/uploads\/qeparo-1.jpg 960w\" sizes=\"(max-width: 768px) 100vw, 768px\" \/><\/a><\/figure><\/div>\n\n\n\n<div class=\"wp-block-media-text alignwide is-stacked-on-mobile\" style=\"grid-template-columns:34% auto\"><figure class=\"wp-block-media-text__media\"><a href=\"https:\/\/invest-in-albania.org\/tourism-tips-2\/blue-tourism-2\/\"><img loading=\"lazy\" decoding=\"async\" width=\"1024\" height=\"768\" src=\"http:\/\/new.invest-in-albania.org\/wp-content\/uploads\/filip-bartos-gXEouENXX10-unsplash-1024x768.jpg\" alt=\"\" class=\"wp-image-44548 size-full\" srcset=\"https:\/\/invest-in-albania.org\/wp-content\/uploads\/filip-bartos-gXEouENXX10-unsplash-1024x768.jpg 1024w, https:\/\/invest-in-albania.org\/wp-content\/uploads\/filip-bartos-gXEouENXX10-unsplash-300x225.jpg 300w, https:\/\/invest-in-albania.org\/wp-content\/uploads\/filip-bartos-gXEouENXX10-unsplash-768x576.jpg 768w, https:\/\/invest-in-albania.org\/wp-content\/uploads\/filip-bartos-gXEouENXX10-unsplash-1536x1152.jpg 1536w, https:\/\/invest-in-albania.org\/wp-content\/uploads\/filip-bartos-gXEouENXX10-unsplash.jpg 1920w\" sizes=\"(max-width: 1024px) 100vw, 1024px\" \/><\/a><\/figure><div class=\"wp-block-media-text__content\">\n<p class=\"authority-subtitle\">Adriatisches und Ionisches Meer<\/p>\n\n\n\n<h2 class=\"wp-block-heading entry-title\"><a href=\"https:\/\/invest-in-albania.org\/tourism-tips-2\/blue-tourism-2\/\" data-type=\"URL\" data-id=\"https:\/\/invest-in-albania.org\/tourism-tips-2\/blue-tourism-2\/\">Str\u00e4nde<\/a><\/h2>\n\n\n\n<p class=\"block-content-indent\">Lesen Sie die Liste mit den besten Str\u00e4nden Albaniens  <\/p>\n\n\n\n<div class=\"wp-block-buttons is-layout-flex wp-block-buttons-is-layout-flex\">\n<div class=\"wp-block-button block-content-indent\"><a class=\"wp-block-button__link wp-element-button\" href=\"https:\/\/invest-in-albania.org\/tourism-tips-2\/blue-tourism-2\/\">Liste lesen<\/a><\/div>\n<\/div>\n<\/div><\/div>\n","protected":false},"excerpt":{"rendered":"<p>Albanien entdecken: Gesch\u00e4ftsm\u00f6glichkeiten und Naturwunder warten Entdecken Sie mit unseren Ressourcen, was Albanien zu bieten hat. Von Reisen, Gesch\u00e4ftsm\u00f6glichkeiten und Outsourcing-Diensten bis hin zu gef\u00fchrten Ausfl\u00fcgen und verborgenen Strandparadiesen. Erleben Sie, wie Albanien f\u00fcr Investoren und Abenteurer gleicherma\u00dfen zum idealen Ziel wird. Informieren Sie sich \u00fcber Visa-Richtlinien, entdecken Sie Lebensm\u00f6glichkeiten f\u00fcr Digital Nomads oder Rentner [&hellip;]<\/p>\n","protected":false},"author":2,"featured_media":0,"parent":0,"menu_order":0,"comment_status":"closed","ping_status":"closed","template":"page-templates\/blocks.php","meta":{"_uag_custom_page_level_css":"","_genesis_hide_title":false,"_genesis_hide_breadcrumbs":false,"_genesis_hide_singular_image":false,"_genesis_hide_footer_widgets":false,"_genesis_custom_body_class":"","_genesis_custom_post_class":"","_genesis_layout":"","_themeisle_gutenberg_block_has_review":false,"footnotes":""},"featured_image_src":null,"featured_image_src_square":null,"uagb_featured_image_src":{"full":false,"thumbnail":false,"medium":false,"medium_large":false,"large":false,"1536x1536":false,"2048x2048":false,"single-featured-image":false,"blog-featured-image":false,"home-featured":false,"gb-block-post-grid-landscape":false,"gb-block-post-grid-square":false},"uagb_author_info":{"display_name":"Vjollca Shehu","author_link":"https:\/\/invest-in-albania.org\/de\/author\/iia\/"},"uagb_comment_info":0,"uagb_excerpt":"Albanien entdecken: Gesch\u00e4ftsm\u00f6glichkeiten und Naturwunder warten Entdecken Sie mit unseren Ressourcen, was Albanien zu bieten hat. Von Reisen, Gesch\u00e4ftsm\u00f6glichkeiten und Outsourcing-Diensten bis hin zu gef\u00fchrten Ausfl\u00fcgen und verborgenen Strandparadiesen. Erleben Sie, wie Albanien f\u00fcr Investoren und Abenteurer gleicherma\u00dfen zum idealen Ziel wird. Informieren Sie sich \u00fcber Visa-Richtlinien, entdecken Sie Lebensm\u00f6glichkeiten f\u00fcr Digital Nomads oder Rentner&hellip;","_links":{"self":[{"href":"https:\/\/invest-in-albania.org\/de\/wp-json\/wp\/v2\/pages\/59664"}],"collection":[{"href":"https:\/\/invest-in-albania.org\/de\/wp-json\/wp\/v2\/pages"}],"about":[{"href":"https:\/\/invest-in-albania.org\/de\/wp-json\/wp\/v2\/types\/page"}],"author":[{"embeddable":true,"href":"https:\/\/invest-in-albania.org\/de\/wp-json\/wp\/v2\/users\/2"}],"replies":[{"embeddable":true,"href":"https:\/\/invest-in-albania.org\/de\/wp-json\/wp\/v2\/comments?post=59664"}],"version-history":[{"count":6,"href":"https:\/\/invest-in-albania.org\/de\/wp-json\/wp\/v2\/pages\/59664\/revisions"}],"predecessor-version":[{"id":59688,"href":"https:\/\/invest-in-albania.org\/de\/wp-json\/wp\/v2\/pages\/59664\/revisions\/59688"}],"wp:attachment":[{"href":"https:\/\/invest-in-albania.org\/de\/wp-json\/wp\/v2\/media?parent=59664"}],"curies":[{"name":"wp","href":"https:\/\/api.w.org\/{rel}","templated":true}]}}