{"id":26339,"date":"2019-04-07T23:04:26","date_gmt":"2019-04-07T22:04:26","guid":{"rendered":"https:\/\/new.invest-in-albania.org\/immobilien-in-albanien\/"},"modified":"2019-04-07T23:06:26","modified_gmt":"2019-04-07T22:06:26","slug":"immobilien-in-albanien","status":"publish","type":"page","link":"https:\/\/invest-in-albania.org\/de\/immobilien-in-albanien\/","title":{"rendered":"Immobilien in Albanien"},"content":{"rendered":"<p>Der Hauskauf ist eine der wichtigsten Entscheidungen f\u00fcr jeden. Es ist eine wichtige langfristige Investition, die f\u00fcr sichere Lebensbedingungen oder als Anlage, f\u00fcr m\u00f6gliche Gewinne in der Zukunft sorgt.<\/p>\n<p>Nach Angaben der staatlichen Bank von Albanien (BoA) werden die meisten Investitionen in Immobilien in Albanien durch Kredite get\u00e4tigt, so dass Zins\u00e4nderungen Auswirkungen auf den gesamten Bausektor haben k\u00f6nnen.<\/p>\n<p>Die albanische Wirtschaft durchlief in den letzten Jahrzehnten verschiedene Phasen, als sie von einer zentralisierten Wirtschaft zu einer Marktwirtschaft \u00fcberging. Die Bauwirtschaft und der Wohnungsmarkt leisteten in diesem Zeitraum einen wesentlichen Beitrag zum Wirtschaftswachstum.<\/p>\n<p>Der Wohnungsmarkt sowie die Preise f\u00fcr Immobilien zeigten in den Jahren 2000-2007 ein deutliches Wachstum und durchliefen nach 2008 eine Phase der Stagnation.<\/p>\n<p>Die Faktoren, die die Bauwirtschaft beeinflussten:<\/p>\n<ul>\n<li>Grundst\u00fcck von Wohnr\u00e4umen<\/li>\n<li>Innenqualit\u00e4t von Bestandsgeb\u00e4uden<\/li>\n<li>\u00c4nderungen bei der Familiengr\u00fcndung und -struktur<\/li>\n<li>Demographische Faktoren<\/li>\n<li>H\u00f6here Wohnungsnachfrage von Migranten<\/li>\n<li>Die Konsolidierung des Bankensystems<\/li>\n<p>.<\/p>\n<li>W\u00e4hrungskurse<\/li>\n<\/ul>\n<h2>Entwicklung der Immobilien in Tirana<\/h2>\n<p>Immobilienmakler best\u00e4tigen einen aktuellen Trend <em>(Umfrage &#8211; April, 2019)<\/em> zum Kauf von Immobilien in den Vororten von Tirana wegen der g\u00fcnstigen Preise und des st\u00e4tigen Wachstums der Hauptstadt. Die Kosten f\u00fcr eine Wohnung in den Vororten der Hauptstadt variieren zwischen 35.000 Euro f\u00fcr eine kleine Wohnung (70m2) und 80.000 Euro. Die albanische Regierung hat Anfang 2017 die neuen Referenzpreise f\u00fcr den Wohnungsbau f\u00fcr die 32 Katastergebiete von Tirana beschlossen.<\/p>\n<h2>Steigendes Interesse an Immobilien in K\u00fcstengebieten<\/h2>\n<p>Wenn Sie an einer Wohnung am Meer interessiert sind, k\u00f6nnen Sie diese in Saranda f\u00fcr ca. 750 Euro pro Quadratmeter kaufen. Saranda ist das beste Beispiel f\u00fcr den Boom der Bauwirtschaft an der K\u00fcste. Zun\u00e4chst begannen noch Albanische Zweitwohnsitzk\u00e4ufer, Immobilien im Golem-Gebiet in Durres zu kaufen. Inzwischen zieht die gesamte K\u00fcste mehr K\u00e4ufer an, sowohl albanische als auch ausl\u00e4ndische.<\/p>\n<h2>Touristen kaufen mehr Wohnungen an der albanischen K\u00fcste<\/h2>\n<p>Mit 476 km K\u00fcstenlinie von der Adria bis zum Ionischen Meer und mehr als 310 Sonnentagen im Jahr lockt Albanien ausl\u00e4ndische Immobilienk\u00e4ufer. Derzeit gelten sie als die wichtigsten Teilnehmer, die den Wohnungsmarkt in Bewegung halten. Die meisten K\u00e4ufer kommen aus den L\u00e4ndern der Balkan- und S\u00fcdosteuropa-Region und insbesondere aus Binnenl\u00e4ndern. Inzwischen investieren auch Albaner aus der Diaspora in den Wohnungsmarkt in den K\u00fcstengebieten. Die Lage der Immobilie ist einer der Schl\u00fcsselfaktoren, die den Preis bestimmen. Die K\u00e4ufer mit einem begrenzten Budget suchen meist nach Immobilien in Durresi oder Shengjini, w\u00e4hrend andere nach teureren Optionen in S\u00fcdalbanien suchen.<br \/>\nItalienische, franz\u00f6sische und deutsche Rentner finden ihr Florida in Albanien.<\/p>\n<p>In den letzten Jahren hat sich der Trend ausl\u00e4ndischer Rentner, in St\u00e4dten wie Durres, Saranda oder Vlore zu leben, verst\u00e4rkt. Sie sagen, dass die Lebenshaltungskosten in Albanien im Vergleich zu ihrem Heimatland viel niedriger sind. Ein Beispiel ist Roberto Mazzuca, ein erfolgreicher junger italienischer Immobilienmakler, der Immobilienl\u00f6sungen f\u00fcr italienische B\u00fcrger anbietet, die daran interessiert sind, eine Immobilie in Albanien zu mieten. Lesen Sie mehr dazu: Franz\u00f6sisch in der Liebe mit Qeparo Village<\/p>\n<p>Die albanische K\u00fcste ist die billigere Alternative f\u00fcr Immobilieninvestoren und Menschen, die eine Immobilie am Meer suchen. Aber auch in der Lalzit-Bucht sind Luxusimmobilien erh\u00e4ltlich oder in Palasa, Dhermi, im Bau. Die gute Nachricht f\u00fcr Touristen, die eine Wohnung oder Villa in Albanien kaufen m\u00f6chte, ist, dass es keine Einschr\u00e4nkungen beim dem Kauf und Besitz gibt f\u00fcr andere Staatsangeh\u00f6rige ist.<\/p>\n<h2>Was ist der beste Ort, um in Immobilien in Albanien zu investieren?<\/h2>\n<p>Wenn Sie ein Land suchen in dem Sie Ihre Investitionen in Immobilien maximieren k\u00f6nnen, ist Albanien eine gute Wahl. Es hat eine gute geografische Lage, eine lange K\u00fcste an dem Adriatischen, sowie dem Ionischen Meer. Ein Flug aus Deutschland aus hat eine kurze Flugstrecke  (2 Stunden), nicht weit entfernt von den wichtigsten europ\u00e4ischen Hauptst\u00e4dten. All dies und vieles mehr macht es zu einer guten Option f\u00fcr Investitionen in Immobilien in Vorst\u00e4dten, Altst\u00e4dten, historischen Zentren und l\u00e4ndlichen Gebieten.<\/p>\n<p>Heute sind Wohnimmobilien in Albanien im Vergleich zu den kommenden Jahren g\u00fcnstiger. Kurz gesagt, der beste Zeitpunkt, um in Immobilien in Albanien eine Wohnung, Villa oder ein Grundst\u00fcck zu investieren, ist jetzt. Bevor Sie als Tourist eine Immobilie in Albanien kaufen, gibt es einige Dinge, die Sie \u00fcber den Immobilienmarkt und im Land der Skipetaren, wie Karl-May sie nannte, im Allgemeinen wissen m\u00fcssen.<\/p>\n<figure id=\"attachment_26340\" aria-describedby=\"caption-attachment-26340\" style=\"width: 960px\" class=\"wp-caption aligncenter\"><img loading=\"lazy\" decoding=\"async\" class=\"wp-image-13727 size-full\" src=\"http:\/\/new.invest-in-albania.org\/wp-content\/uploads\/qeparo.jpg\" alt=\"Sicht von Qeparo\" width=\"960\" height=\"429\" srcset=\"https:\/\/invest-in-albania.org\/wp-content\/uploads\/qeparo.jpg 960w, https:\/\/invest-in-albania.org\/wp-content\/uploads\/qeparo-300x134.jpg 300w, https:\/\/invest-in-albania.org\/wp-content\/uploads\/qeparo-768x343.jpg 768w, https:\/\/invest-in-albania.org\/wp-content\/uploads\/qeparo-580x259.jpg 580w, https:\/\/invest-in-albania.org\/wp-content\/uploads\/qeparo-860x384.jpg 860w\" sizes=\"(max-width: 960px) 100vw, 960px\" \/><figcaption id=\"caption-attachment-26340\" class=\"wp-caption-text\">Qeparo (old-town)<\/figcaption><\/figure>\n<p>Der albanische Immobilienmarkt richtet sich mit Ausnahme einiger K\u00fcstenst\u00e4dte und -d\u00f6rfer, vor allem an der s\u00fcdlichen Riviera, an albanische B\u00fcrger und Albaner, die in anderen L\u00e4ndern leben. In der Hauptstadt Tirana ist der ausl\u00e4ndische Appetit auf Wohneigentum noch nicht sp\u00fcrbar. Auch die ausl\u00e4ndischen B\u00fcrger, die nach Gewerbeimmobilien suchen, neigen dazu, zu mieten statt zu kaufen.<\/p>\n<p>Lesen Sie mehr dazu: <a href=\"https:\/\/invest-in-albania.org\/albania-is-stand-out-tourism-and-foreign-property-destination\/\" target=\"_blank\" rel=\"noopener noreferrer\">Albanie is standing out as a tourism and foreign property Destination<\/a>.<\/p>\n<p>Das Gute am Immobilienmarkt in Orten wie Saranda, Vlora, Gjirokastra, Qeparo, Borsh, Himara, Vuno und anderen K\u00fcstend\u00f6rfern ist, dass sie nicht so teuer sind wie die Immobilien an anderen K\u00fcsten des Ionischen oder Adriatischen Meeres. Im Vergleich zu Italien, wo sich nur wohlhabende ausl\u00e4ndische K\u00e4ufer eine Immobilie in einer sehr begehrten Gegend wie der Cinque Terre oder dem Comer See leisten k\u00f6nnen, bietet Albanien ausgezeichnete Immobilien zu einem Bruchteil des Preises im Vergleich zu anderen L\u00e4ndern des Mittelmeerraums.<\/p>\n<p>Die Kategorien von Menschen mit dem gr\u00f6\u00dften Interesse an Immobilien in Gro\u00dfst\u00e4dten wie Tirana, <a class=\"ilgen\" href=\"https:\/\/invest-in-albania.org\/albanian-cities\/durres-county\/\">Durres<\/a>, Elbasan, Shkodra, Gjirokastra und Korca sind Studenten und Ausl\u00e4nder die in Albanien arbeiten. Die Mehrheit der albanischen B\u00fcrger sind Hausbesitzer. K\u00fcrzlich bemerkten Makler einen zunehmenden Trend von Zweitwohnsitzk\u00e4ufern. Sie investieren in Immobilien und geben sie zur Miete. Andere nutzen Ihre Immobilie teils selber und vermieten Sie den Rest der Zeit auf Airbnb.<\/p>\n<h2>Was kann potenzielle ausl\u00e4ndische K\u00e4ufer abschrecken?<\/h2>\n<p>Das Gesetz \u00fcber Auslandsinvestitionen gew\u00e4hrt Anlegern einen besonderen Schutz bei Streitigkeiten f\u00fcr Immobilien. In Albanien ist es in manchen Gegenden noch schwierig herauszufinden, wer der rechtm\u00e4\u00dfige Eigent\u00fcmer einer bestimmten Immobilie ist. Deswegen ist es enorm wichtig, einen Anwalt und Notar beim Kauf hinzuzunehmen.<\/p>\n<p>Wenn Sie planen, in Immobilien in Albanien zu investieren, zielen Sie entweder auf Tirana oder Touristenziele. In beiden F\u00e4llen k\u00f6nnen Sie Ihre Immobilie f\u00fcr die Zeit des Jahres, in dem Sie sie nicht nutzen, auf Airbnb.com stellen. Diese Gebiete und Wirtschaftszentren haben j\u00e4hrlich steigende Anfragen und noch immer viel Potential.<\/p>\n<h2>Arten von Immobilien in Albanien<\/h2>\n<p>&gt;.<br \/>\nVon der Hauptstadt Tirana aus sind charmante und historische Geb\u00e4ude in jeden Winkel  zu finden. Alte H\u00e4user in traditioneller Architektur finden sich zu erschwinglichen Preisen, wenn viel Umbauarbeit geleistet werden muss. Andererseits k\u00f6nnen sie vor allem in den UNESCO-Weltkulturerbe-St\u00e4tten in Berat und im historischen Gebiet von Gjirokastra relativ teuer sein. Andere zu ber\u00fccksichtigende St\u00e4dte sind Kruja, Shkodra, Durres, Korca, die n\u00f6rdlichen Gebiete von Kelmend, Theth und Valbona, Permet, Konispol und K\u00fcstend\u00f6rfer an der S\u00fcdriviera. Alte H\u00e4user sind weniger effizient als neue H\u00e4user, was beim Kauf in Betracht gezogen werden sollte. <\/p>\n<figure id=\"attachment_26345\" aria-describedby=\"caption-attachment-26345\" style=\"width: 1024px\" class=\"wp-caption aligncenter\"><img loading=\"lazy\" decoding=\"async\" class=\"wp-image-12325 size-large\" src=\"http:\/\/new.invest-in-albania.org\/wp-content\/uploads\/\/Gjirokastra-1-1024x576.jpg\" alt=\"Gjirokastra Albaniien\" width=\"1024\" height=\"576\" srcset=\"https:\/\/invest-in-albania.org\/wp-content\/uploads\/Gjirokastra-1-1024x576.jpg 1024w, https:\/\/invest-in-albania.org\/wp-content\/uploads\/Gjirokastra-1-300x169.jpg 300w, https:\/\/invest-in-albania.org\/wp-content\/uploads\/Gjirokastra-1-768x432.jpg 768w, https:\/\/invest-in-albania.org\/wp-content\/uploads\/Gjirokastra-1-580x326.jpg 580w, https:\/\/invest-in-albania.org\/wp-content\/uploads\/Gjirokastra-1-860x484.jpg 860w, https:\/\/invest-in-albania.org\/wp-content\/uploads\/Gjirokastra-1-1160x653.jpg 1160w, https:\/\/invest-in-albania.org\/wp-content\/uploads\/Gjirokastra-1.jpg 2048w\" sizes=\"(max-width: 1024px) 100vw, 1024px\" \/><figcaption id=\"caption-attachment-26345\" class=\"wp-caption-text\">Gjirokastra<\/figcaption><\/figure>\n<p>Landgrundst\u00fccke sind gro\u00dfartige M\u00f6glichkeiten und sie k\u00f6nnen auch Zitrusplantagen, Olivenhaine und sogar Weinberge beinhalten. Die albanischen Beh\u00f6rden haben k\u00fcrzlich <a href=\"https:\/\/invest-in-albania.org\/100-villages-part-rural-development-program\/\" target=\"_blank\" rel=\"noopener noreferrer\">die 100 Dorfinitiative<\/a> gestartet. Es beeinhalt eine Liste von allen D\u00f6rfern, die man in Betracht ziehen kann, wenn man auf der Suche nach einer Landschaft ist.<\/p>\n<figure id=\"attachment_26350\" aria-describedby=\"caption-attachment-26350\" style=\"width: 960px\" class=\"wp-caption aligncenter\"><img loading=\"lazy\" decoding=\"async\" class=\"wp-image-19950 size-full\" src=\"http:\/\/new.invest-in-albania.org\/wp-content\/uploads\/lukova-4-1.jpg\" alt=\"Lukova Albanien\" width=\"960\" height=\"540\" srcset=\"https:\/\/invest-in-albania.org\/wp-content\/uploads\/lukova-4-1.jpg 960w, https:\/\/invest-in-albania.org\/wp-content\/uploads\/lukova-4-1-300x169.jpg 300w, https:\/\/invest-in-albania.org\/wp-content\/uploads\/lukova-4-1-768x432.jpg 768w, https:\/\/invest-in-albania.org\/wp-content\/uploads\/lukova-4-1-580x326.jpg 580w, https:\/\/invest-in-albania.org\/wp-content\/uploads\/lukova-4-1-860x484.jpg 860w\" sizes=\"(max-width: 960px) 100vw, 960px\" \/><figcaption id=\"caption-attachment-26350\" class=\"wp-caption-text\">Oliven im Dorf von Lukova<\/figcaption><\/figure>\n<h2>Gr\u00fcndst\u00fccke am Meer<\/h2>\n<p>Wenn es am Wasser liegt, befindet es sich mit hoher Wahrscheinlichkeit an einem Touristengebiet. Eines der Gebiete mit den g\u00fcnstigsten Immobilien am Wasser ist in der Stadt Durres. Es ist die albanische Version von Florida oder Bari, Italien, da viele \u00e4ltere italienische Staatsangeh\u00f6rige sich f\u00fcr einen Ruhestand in entscheiden. Sie m\u00f6gen das warme Wetter, g\u00fcnstige Preise und freundliche Menschen. Saranda im S\u00fcden ist die Stadt, die die meisten ausl\u00e4ndischen K\u00e4ufer anzieht. Diese Entwicklung wird durch die hohe Besucher- und Touristenzahl und die im Vergleich zu den anderen L\u00e4ndern der Region wettbewerbsf\u00e4higen Preise beeinflusst.<\/p>\n<p>Laut dem Monitor Magazine ist die K\u00fcste von Durres in drei Bereiche unterteilt. Lalzi&#8217;t Bay ist das teuerste Gebiet, wo der Quadratmeterpreis zwischen 900 und 1.100 Euro liegt.<\/p>\n<p>Das zweite Gebiet liegt von Plepa bis Golem, wo das Angebot an Immobilien steigt. Die billigsten H\u00e4user befinden sich in den Geb\u00e4uden hinter der Bahn, wo der durchschnittliche Preis 300 Euro pro Quadratmeter betr\u00e4gt. Inzwischen schwankt der Preis f\u00fcr die in Strandn\u00e4he gelegenen H\u00e4user zwischen 700 und 750 Euro.<\/p>\n<p>Der dritte Bereich ist der Strand Golem &#8211; Qerreti, wo die Appartementpreise zwischen 800 und 850 Euro liegen.<\/p>\n<figure id=\"attachment_26355\" aria-describedby=\"caption-attachment-26355\" style=\"width: 960px\" class=\"wp-caption aligncenter\"><img loading=\"lazy\" decoding=\"async\" class=\"wp-image-19272 size-full\" src=\"http:\/\/new.invest-in-albania.org\/wp-content\/uploads\/Durres-1.jpg\" alt=\"Strand von Durres\" width=\"960\" height=\"720\" srcset=\"https:\/\/invest-in-albania.org\/wp-content\/uploads\/Durres-1.jpg 960w, https:\/\/invest-in-albania.org\/wp-content\/uploads\/Durres-1-300x225.jpg 300w, https:\/\/invest-in-albania.org\/wp-content\/uploads\/Durres-1-768x576.jpg 768w, https:\/\/invest-in-albania.org\/wp-content\/uploads\/Durres-1-580x435.jpg 580w, https:\/\/invest-in-albania.org\/wp-content\/uploads\/Durres-1-860x645.jpg 860w\" sizes=\"(max-width: 960px) 100vw, 960px\" \/><figcaption id=\"caption-attachment-26355\" class=\"wp-caption-text\">Quelle: https:\/\/www.instagram.com\/adisshera\/<\/figcaption><\/figure>\n<p>Die Unterbringung an der S\u00fcdk\u00fcste und vor allem an der Riviera ist im Vergleich zu den anderen Teilen des Landes weitaus teurer. Radhima und Orikum bieten im Vergleich zu den weiter s\u00fcdlich gelegenen K\u00fcstend\u00f6rfern noch g\u00fcnstigere Wohnm\u00f6glichkeiten mit grandiosem Blick und glaskarem Wasser im Ionischen Meer. Basierend auf den in Radhima aufgef\u00fchrten Angeboten liegen die durchschnittlichen Wohnungskosten bei 700 Euro pro Quadratmeter. Inzwischen liegen die Preise in Orikum zwischen 450 und 500 Euro, je nach Entfernung zum Strand. Borsch ist ein Geheimtip, wo noch immer Kilometerlange, unbebaute K\u00fcsten sich befinden.<\/p>\n<p>Der Durchschnittspreis f\u00fcr einen Quadratmeter in Dhermi 1.200 Euro und ist einer der teuersten. <\/p>\n<h2>Immobilien in Saranda<\/h2>\n<p>&gt;<br \/>\nNach Angaben der gro\u00dfen Immobilienagenturen und insbesondere derjenigen, die sich auf die K\u00fcstengebiete konzentrieren, ist die Stadt Saranda eine der attraktivsten f\u00fcr ausl\u00e4ndische K\u00e4ufer. Sie besuchen die Stadt w\u00e4hrend der Sommersaison, und sie kommen im folgenden Jahr wieder, um ein Haus zu kaufen. Saranda bleibt aufgrund der N\u00e4he zum Flughafen Korfu Island die erste Wahl f\u00fcr K\u00e4ufer aus Nordeuropa und den skandinavischen L\u00e4ndern. Der Durchschnittspreis pro Quadratmeter in Saranda betr\u00e4gt 900 Euro.<\/p>\n<p>Ein Vorteil von Saranda ist, dass es n\u00e4her an Griechenland liegt. Von Korfu aus dauert die F\u00e4hre nur wenige 30 Minuten mit dem Hydro-Boot oder 1:30 Stunden mit der normalen F\u00e4hre. Viele Besucher kommen direkt \u00fcber Korfu vom Flughafen bevor Sie die F\u00e4hre nehmen. Saranda teilt zudem zwei grenz\u00fcberschreitende Landpunkte in Kakavija und QafeBotan. <\/p>\n<p>Yachtbesitzer k\u00f6nnen ihre Boote im Hafen der Stadt ankern.<br \/>\nNeben den zahlreichen Str\u00e4nden zieht Saranda mit seinem kulturellen und historischen Erbe an. Butrint, UNESCO-Weltkulturerbe und die meistbesuchte Touristenattraktion Albaniens, ist 18 km von Saranda entfernt, w\u00e4hrend es in der s\u00fcdlichen Region zahlreiche Orte zu entdecken gibt. Die Preise f\u00fcr kleine Wohnungen in Saranda und anderen K\u00fcstend\u00f6rfern im S\u00fcden variieren zwischen 30.000-45.000 Euro.<\/p>\n<figure id=\"attachment_26360\" aria-describedby=\"caption-attachment-26360\" style=\"width: 640px\" class=\"wp-caption aligncenter\"><img loading=\"lazy\" decoding=\"async\" class=\"wp-image-5003 size-full\" src=\"http:\/\/new.invest-in-albania.org\/wp-content\/uploads\/6514794887_1c23ca28f5_z.jpg\" alt=\"Ksamil, Saranda\" width=\"640\" height=\"429\" srcset=\"https:\/\/invest-in-albania.org\/wp-content\/uploads\/6514794887_1c23ca28f5_z.jpg 640w, https:\/\/invest-in-albania.org\/wp-content\/uploads\/6514794887_1c23ca28f5_z-300x201.jpg 300w, https:\/\/invest-in-albania.org\/wp-content\/uploads\/6514794887_1c23ca28f5_z-580x389.jpg 580w\" sizes=\"(max-width: 640px) 100vw, 640px\" \/><figcaption id=\"caption-attachment-26360\" class=\"wp-caption-text\">Ksamil, Saranda<\/figcaption><\/figure>\n<p>Die Liste der besten K\u00fcstengebiete, in denen man eine Immobilie kaufen kann, umfasst Orikum, Radhima, Spille, Qerret, Golem, Lalzit Bay, Rodoni Kape, Shengjin und Velipoja, Borsch (Borsh), Vlora, Ksamil und Saranda. Die Preise beginnen bei 300 Euro in Durres und enden bei 1.000 Euro in Saranda.<\/p>\n<p><strong>Wenn Sie eine Immobilie in Albanien suchen, k\u00f6nnen Sie hier eine kurze Liste von Immobilien-Webseiten finden.<\/strong><\/p>\n<p>Bitte kontaktieren Sie uns, wenn Sie spezielle Hilfe ben\u00f6tigen oder jemanden, der Ihnen bei der Suche nach einer geeigneten Immobilie hilft.<\/p>\n<h2>Immobilien Webseiten in Albanien<\/h2>\n<p><a href=\"https:\/\/www.realestate.al\/\" target=\"_blank\" rel=\"nofollow noopener noreferrer\">Albanian Real Estate<\/a><br \/>\n<a href=\"http:\/\/www.albania-estate.com\/en\/\" target=\"_blank\" rel=\"nofollow noopener noreferrer\">Albania Estate<\/a><br \/>\n<a href=\"https:\/\/www.devinf.com\/\" target=\"_blank\" rel=\"nofollow noopener noreferrer\">Devinf<\/a><br \/>\n<a href=\"http:\/\/albaniapropertygroup.com\/en\/\" target=\"_blank\" rel=\"nofollow noopener noreferrer\">Property in Albania <\/a><br \/>\n<a href=\"http:\/\/www.balkimo.com\/\" target=\"_blank\" rel=\"nofollow noopener noreferrer\">Albania Real Estate<\/a><br \/>\n<a href=\"https:\/\/www.albaniaprestige.com\/\" target=\"_blank\" rel=\"nofollow noopener noreferrer\">Albania Prestige<\/a><br \/>\n<a href=\"https:\/\/www.remax-albania.com\/\" target=\"_blank\" rel=\"nofollow noopener noreferrer\">Remax Albania<\/a><br \/>\n<a href=\"http:\/\/www.tiranarealestate-al.com\/en\" target=\"_blank\" rel=\"nofollow noopener noreferrer\">Tirana Real Estate<\/a><br \/>\n<a href=\"http:\/\/albaniaone.com\/\" target=\"_blank\" rel=\"nofollow noopener noreferrer\">Albania One Real Estate <\/a><br \/>\n<a href=\"http:\/\/www.rainbow.al\/\" target=\"_blank\" rel=\"nofollow noopener noreferrer\">Rainbow Real Estate<\/a><br \/>\n<a href=\"http:\/\/www.century21albania.com\/engb\" target=\"_blank\" rel=\"nofollow noopener noreferrer\">Century 21 Albania <\/a><br \/>\n<a href=\"http:\/\/smart.com.al\/\" target=\"_blank\" rel=\"nofollow noopener noreferrer\">Smart Imobiliare<\/a><br \/>\n<a href=\"http:\/\/realdeal.al\/\" target=\"_blank\" rel=\"nofollow noopener noreferrer\">Real Deal Properties<\/a><\/p>\n\n","protected":false},"excerpt":{"rendered":"<p>Der Hauskauf ist eine der wichtigsten Entscheidungen f\u00fcr jeden. Es ist eine wichtige langfristige Investition, die f\u00fcr sichere Lebensbedingungen oder als Anlage, f\u00fcr m\u00f6gliche Gewinne in der Zukunft sorgt. Nach Angaben der staatlichen Bank von Albanien (BoA) werden die meisten Investitionen in Immobilien in Albanien durch Kredite get\u00e4tigt, so dass Zins\u00e4nderungen Auswirkungen auf den gesamten [&hellip;]<\/p>\n","protected":false},"author":2,"featured_media":35690,"parent":0,"menu_order":10,"comment_status":"closed","ping_status":"closed","template":"","meta":{"_uag_custom_page_level_css":"","_genesis_hide_title":false,"_genesis_hide_breadcrumbs":false,"_genesis_hide_singular_image":false,"_genesis_hide_footer_widgets":false,"_genesis_custom_body_class":"","_genesis_custom_post_class":"","_genesis_layout":"","_themeisle_gutenberg_block_has_review":false,"footnotes":""},"featured_image_src":"https:\/\/invest-in-albania.org\/wp-content\/uploads\/saranda-house.jpg","featured_image_src_square":"https:\/\/invest-in-albania.org\/wp-content\/uploads\/saranda-house.jpg","uagb_featured_image_src":{"full":["https:\/\/invest-in-albania.org\/wp-content\/uploads\/saranda-house.jpg",1050,700,false],"thumbnail":["https:\/\/invest-in-albania.org\/wp-content\/uploads\/saranda-house-280x195.jpg",280,195,true],"medium":["https:\/\/invest-in-albania.org\/wp-content\/uploads\/saranda-house-300x200.jpg",300,200,true],"medium_large":["https:\/\/invest-in-albania.org\/wp-content\/uploads\/saranda-house-768x512.jpg",768,512,true],"large":["https:\/\/invest-in-albania.org\/wp-content\/uploads\/saranda-house-1024x683.jpg",1024,683,true],"1536x1536":["https:\/\/invest-in-albania.org\/wp-content\/uploads\/saranda-house.jpg",1050,700,false],"2048x2048":["https:\/\/invest-in-albania.org\/wp-content\/uploads\/saranda-house.jpg",1050,700,false],"single-featured-image":["https:\/\/invest-in-albania.org\/wp-content\/uploads\/saranda-house.jpg",578,385,false],"blog-featured-image":["https:\/\/invest-in-albania.org\/wp-content\/uploads\/saranda-house.jpg",435,290,false],"home-featured":["https:\/\/invest-in-albania.org\/wp-content\/uploads\/saranda-house.jpg",380,253,false],"gb-block-post-grid-landscape":["https:\/\/invest-in-albania.org\/wp-content\/uploads\/saranda-house.jpg",600,400,false],"gb-block-post-grid-square":["https:\/\/invest-in-albania.org\/wp-content\/uploads\/saranda-house.jpg",600,400,false]},"uagb_author_info":{"display_name":"Vjollca Shehu","author_link":"https:\/\/invest-in-albania.org\/de\/author\/iia\/"},"uagb_comment_info":0,"uagb_excerpt":"Der Hauskauf ist eine der wichtigsten Entscheidungen f\u00fcr jeden. Es ist eine wichtige langfristige Investition, die f\u00fcr sichere Lebensbedingungen oder als Anlage, f\u00fcr m\u00f6gliche Gewinne in der Zukunft sorgt. Nach Angaben der staatlichen Bank von Albanien (BoA) werden die meisten Investitionen in Immobilien in Albanien durch Kredite get\u00e4tigt, so dass Zins\u00e4nderungen Auswirkungen auf den gesamten&hellip;","_links":{"self":[{"href":"https:\/\/invest-in-albania.org\/de\/wp-json\/wp\/v2\/pages\/26339"}],"collection":[{"href":"https:\/\/invest-in-albania.org\/de\/wp-json\/wp\/v2\/pages"}],"about":[{"href":"https:\/\/invest-in-albania.org\/de\/wp-json\/wp\/v2\/types\/page"}],"author":[{"embeddable":true,"href":"https:\/\/invest-in-albania.org\/de\/wp-json\/wp\/v2\/users\/2"}],"replies":[{"embeddable":true,"href":"https:\/\/invest-in-albania.org\/de\/wp-json\/wp\/v2\/comments?post=26339"}],"version-history":[{"count":0,"href":"https:\/\/invest-in-albania.org\/de\/wp-json\/wp\/v2\/pages\/26339\/revisions"}],"wp:featuredmedia":[{"embeddable":true,"href":"https:\/\/invest-in-albania.org\/de\/wp-json\/wp\/v2\/media\/35690"}],"wp:attachment":[{"href":"https:\/\/invest-in-albania.org\/de\/wp-json\/wp\/v2\/media?parent=26339"}],"curies":[{"name":"wp","href":"https:\/\/api.w.org\/{rel}","templated":true}]}}